{"id":483,"date":"2018-03-09T08:48:22","date_gmt":"2018-03-09T08:48:22","guid":{"rendered":"https:\/\/scubamoraira.com\/?page_id=483"},"modified":"2024-03-08T09:22:54","modified_gmt":"2024-03-08T09:22:54","slug":"snorkling-trips","status":"publish","type":"page","link":"https:\/\/scubamoraira.com\/fr\/snorkling-trips\/","title":{"rendered":"Snorkeling Trips"},"content":{"rendered":"<p>[et_pb_section fb_built=\u00bb1&#8243; fullwidth=\u00bbon\u00bb _builder_version=\u00bb4.16&#8243; background_color=\u00bb#e2242e\u00bb global_colors_info=\u00bb{}\u00bb][et_pb_fullwidth_header title=\u00bbExcursions  Snorkeling\u00bb _builder_version=\u00bb4.24.0&#8243; title_font=\u00bbStardos Stencil||||||||\u00bb background_color=\u00bbrgba(255, 255, 255, 0)\u00bb background_size=\u00bbinitial\u00bb background_position=\u00bbtop_left\u00bb background_repeat=\u00bbrepeat\u00bb hover_enabled=\u00bb0&#8243; title_text_shadow_style=\u00bbpreset1&#8243; title_text_shadow_color=\u00bb#000000&#8243; global_colors_info=\u00bb{}\u00bb button_one_text_size__hover_enabled=\u00bboff\u00bb button_two_text_size__hover_enabled=\u00bboff\u00bb button_one_text_color__hover_enabled=\u00bboff\u00bb button_two_text_color__hover_enabled=\u00bboff\u00bb button_one_border_width__hover_enabled=\u00bboff\u00bb button_two_border_width__hover_enabled=\u00bboff\u00bb button_one_border_color__hover_enabled=\u00bboff\u00bb button_two_border_color__hover_enabled=\u00bboff\u00bb button_one_border_radius__hover_enabled=\u00bboff\u00bb button_two_border_radius__hover_enabled=\u00bboff\u00bb button_one_letter_spacing__hover_enabled=\u00bboff\u00bb button_two_letter_spacing__hover_enabled=\u00bboff\u00bb button_one_bg_color__hover_enabled=\u00bboff\u00bb button_two_bg_color__hover_enabled=\u00bboff\u00bb sticky_enabled=\u00bb0&#8243;][\/et_pb_fullwidth_header][\/et_pb_section][et_pb_section fb_built=\u00bb1&#8243; _builder_version=\u00bb4.16&#8243; background_color=\u00bb#f2f2f2&#8243; global_colors_info=\u00bb{}\u00bb][et_pb_row column_structure=\u00bb1_2,1_2&#8243; _builder_version=\u00bb4.16&#8243; background_size=\u00bbinitial\u00bb background_position=\u00bbtop_left\u00bb background_repeat=\u00bbrepeat\u00bb global_colors_info=\u00bb{}\u00bb][et_pb_column type=\u00bb1_2&#8243; _builder_version=\u00bb4.16&#8243; custom_padding=\u00bb|||\u00bb global_colors_info=\u00bb{}\u00bb custom_padding__hover=\u00bb|||\u00bb][et_pb_text _builder_version=\u00bb4.24.0&#8243; header_text_color=\u00bb#2f3a8f\u00bb animation_style=\u00bbzoom\u00bb hover_enabled=\u00bb0&#8243; global_colors_info=\u00bb{}\u00bb sticky_enabled=\u00bb0&#8243;]<\/p>\n<p>Passez quelques heures \u00e0 d\u00e9couvrir notre magnifique littoral. Sautez dans l&#8217;eau cristalline de l&#8217;une de nos criques pour explorer le monde sous-marin de la M\u00e9diterran\u00e9e.<\/p>\n<p>Notre bateau, Tammy, peut accueillir jusqu&#8217;\u00e0 10 personnes.<\/p>\n<p>[\/et_pb_text][et_pb_blurb _builder_version=\u00bb4.24.0&#8243; header_level=\u00bbh2&#8243; header_text_align=\u00bbleft\u00bb header_text_color=\u00bb#ffffff\u00bb body_text_align=\u00bbleft\u00bb background_color=\u00bb#649ecc\u00bb background_layout=\u00bbdark\u00bb custom_padding=\u00bb20px|20px|20px|20px\u00bb hover_enabled=\u00bb0&#8243; border_radii=\u00bbon|16px|16px|16px|16px\u00bb box_shadow_style=\u00bbpreset1&#8243; box_shadow_color=\u00bb#000000&#8243; global_colors_info=\u00bb{}\u00bb sticky_enabled=\u00bb0&#8243;]<\/p>\n<p>45\u20ac par personne, cela comprend:<\/p>\n<ul>\n<li>L&#8217;utilisation d&#8217;un masque, d&#8217;un tuba et de palmes.<\/li>\n<li>Un shorty si vous le souhaitez<\/li>\n<li>Eau potable sur le bateau<\/li>\n<li>\u00c2ge minimum 6 ans ou \u00e0 la discr\u00e9tion des parents<\/li>\n<\/ul>\n<p>[\/et_pb_blurb][et_pb_text _builder_version=\u00bb4.24.0&#8243; header_text_color=\u00bb#2f3a8f\u00bb animation_style=\u00bbzoom\u00bb hover_enabled=\u00bb0&#8243; global_colors_info=\u00bb{}\u00bb sticky_enabled=\u00bb0&#8243;]<\/p>\n<h1 style=\"font-weight: 400;\"><strong>Nous avons plusieurs excursions par semaine, contactez-nous pour en conna\u00eetre les disponibilit\u00e9s !<\/strong><\/h1>\n<p>[\/et_pb_text][\/et_pb_column][et_pb_column type=\u00bb1_2&#8243; _builder_version=\u00bb4.16&#8243; custom_padding=\u00bb|||\u00bb global_colors_info=\u00bb{}\u00bb custom_padding__hover=\u00bb|||\u00bb][et_pb_image src=\u00bbhttps:\/\/scubamoraira.com\/fr\/wp-content\/uploads\/Snorkel-Diver.jpg\u00bb title_text=\u00bbSnorkel Diver\u00bb align_tablet=\u00bbcenter\u00bb align_phone=\u00bb\u00bb align_last_edited=\u00bbon|desktop\u00bb _builder_version=\u00bb4.24.0&#8243; max_height_tablet=\u00bb\u00bb max_height_phone=\u00bb\u00bb max_height_last_edited=\u00bbon|desktop\u00bb animation_style=\u00bbzoom\u00bb hover_enabled=\u00bb0&#8243; border_radii=\u00bbon|16px|16px|16px|16px\u00bb box_shadow_style=\u00bbpreset1&#8243; box_shadow_color=\u00bb#000000&#8243; always_center_on_mobile=\u00bbon\u00bb global_colors_info=\u00bb{}\u00bb height__hover_enabled=\u00bbon|desktop\u00bb sticky_enabled=\u00bb0&#8243;][\/et_pb_image][\/et_pb_column][\/et_pb_row][\/et_pb_section]<\/p>\n","protected":false},"excerpt":{"rendered":"<p>Passez quelques heures \u00e0 d\u00e9couvrir notre magnifique littoral. Sautez dans l&#8217;eau cristalline de l&#8217;une de nos criques pour explorer le monde sous-marin de la M\u00e9diterran\u00e9e. Notre bateau, Tammy, peut accueillir jusqu&#8217;\u00e0 10 personnes.45\u20ac par personne, cela comprend: L&#8217;utilisation d&#8217;un masque, d&#8217;un tuba et de palmes. Un shorty si vous le souhaitez Eau potable sur le [&hellip;]<\/p>\n","protected":false},"author":3,"featured_media":0,"parent":0,"menu_order":0,"comment_status":"closed","ping_status":"closed","template":"","meta":{"_et_pb_use_builder":"on","_et_pb_old_content":"","_et_gb_content_width":"","footnotes":""},"class_list":["post-483","page","type-page","status-publish","hentry"],"yoast_head":"<!-- This site is optimized with the Yoast SEO plugin v27.3 - https:\/\/yoast.com\/product\/yoast-seo-wordpress\/ -->\n<title>Snorkeling Trips &#8226; Scuba Moraira<\/title>\n<meta name=\"robots\" content=\"index, follow, max-snippet:-1, max-image-preview:large, max-video-preview:-1\" \/>\n<link rel=\"canonical\" href=\"https:\/\/scubamoraira.com\/fr\/snorkling-trips\/\" \/>\n<meta property=\"og:locale\" content=\"es_ES\" \/>\n<meta property=\"og:type\" content=\"article\" \/>\n<meta property=\"og:title\" content=\"Snorkeling Trips &#8226; Scuba Moraira\" \/>\n<meta property=\"og:description\" content=\"Passez quelques heures \u00e0 d\u00e9couvrir notre magnifique littoral. Sautez dans l&#039;eau cristalline de l&#039;une de nos criques pour explorer le monde sous-marin de la M\u00e9diterran\u00e9e. Notre bateau, Tammy, peut accueillir jusqu&#039;\u00e0 10 personnes.45\u20ac par personne, cela comprend: L&#039;utilisation d&#039;un masque, d&#039;un tuba et de palmes. Un shorty si vous le souhaitez Eau potable sur le [&hellip;]\" \/>\n<meta property=\"og:url\" content=\"https:\/\/scubamoraira.com\/fr\/snorkling-trips\/\" \/>\n<meta property=\"og:site_name\" content=\"Scuba Moraira\" \/>\n<meta property=\"article:modified_time\" content=\"2024-03-08T09:22:54+00:00\" \/>\n<meta name=\"twitter:card\" content=\"summary_large_image\" \/>\n<meta name=\"twitter:label1\" content=\"Tiempo de lectura\" \/>\n\t<meta name=\"twitter:data1\" content=\"1 minuto\" \/>\n<script type=\"application\/ld+json\" class=\"yoast-schema-graph\">{\"@context\":\"https:\\\/\\\/schema.org\",\"@graph\":[{\"@type\":\"WebPage\",\"@id\":\"https:\\\/\\\/scubamoraira.com\\\/fr\\\/snorkling-trips\\\/\",\"url\":\"https:\\\/\\\/scubamoraira.com\\\/fr\\\/snorkling-trips\\\/\",\"name\":\"Snorkeling Trips &#8226; Scuba Moraira\",\"isPartOf\":{\"@id\":\"https:\\\/\\\/scubamoraira.com\\\/fr\\\/#website\"},\"datePublished\":\"2018-03-09T08:48:22+00:00\",\"dateModified\":\"2024-03-08T09:22:54+00:00\",\"breadcrumb\":{\"@id\":\"https:\\\/\\\/scubamoraira.com\\\/fr\\\/snorkling-trips\\\/#breadcrumb\"},\"inLanguage\":\"es\",\"potentialAction\":[{\"@type\":\"ReadAction\",\"target\":[\"https:\\\/\\\/scubamoraira.com\\\/fr\\\/snorkling-trips\\\/\"]}]},{\"@type\":\"BreadcrumbList\",\"@id\":\"https:\\\/\\\/scubamoraira.com\\\/fr\\\/snorkling-trips\\\/#breadcrumb\",\"itemListElement\":[{\"@type\":\"ListItem\",\"position\":1,\"name\":\"Portada\",\"item\":\"https:\\\/\\\/scubamoraira.com\\\/fr\\\/\"},{\"@type\":\"ListItem\",\"position\":2,\"name\":\"Snorkeling Trips\"}]},{\"@type\":\"WebSite\",\"@id\":\"https:\\\/\\\/scubamoraira.com\\\/fr\\\/#website\",\"url\":\"https:\\\/\\\/scubamoraira.com\\\/fr\\\/\",\"name\":\"Scuba Moraira\",\"description\":\"\",\"potentialAction\":[{\"@type\":\"SearchAction\",\"target\":{\"@type\":\"EntryPoint\",\"urlTemplate\":\"https:\\\/\\\/scubamoraira.com\\\/fr\\\/?s={search_term_string}\"},\"query-input\":{\"@type\":\"PropertyValueSpecification\",\"valueRequired\":true,\"valueName\":\"search_term_string\"}}],\"inLanguage\":\"es\"}]}<\/script>\n<!-- \/ Yoast SEO plugin. -->","yoast_head_json":{"title":"Snorkeling Trips &#8226; Scuba Moraira","robots":{"index":"index","follow":"follow","max-snippet":"max-snippet:-1","max-image-preview":"max-image-preview:large","max-video-preview":"max-video-preview:-1"},"canonical":"https:\/\/scubamoraira.com\/fr\/snorkling-trips\/","og_locale":"es_ES","og_type":"article","og_title":"Snorkeling Trips &#8226; Scuba Moraira","og_description":"Passez quelques heures \u00e0 d\u00e9couvrir notre magnifique littoral. Sautez dans l'eau cristalline de l'une de nos criques pour explorer le monde sous-marin de la M\u00e9diterran\u00e9e. Notre bateau, Tammy, peut accueillir jusqu'\u00e0 10 personnes.45\u20ac par personne, cela comprend: L'utilisation d'un masque, d'un tuba et de palmes. Un shorty si vous le souhaitez Eau potable sur le [&hellip;]","og_url":"https:\/\/scubamoraira.com\/fr\/snorkling-trips\/","og_site_name":"Scuba Moraira","article_modified_time":"2024-03-08T09:22:54+00:00","twitter_card":"summary_large_image","twitter_misc":{"Tiempo de lectura":"1 minuto"},"schema":{"@context":"https:\/\/schema.org","@graph":[{"@type":"WebPage","@id":"https:\/\/scubamoraira.com\/fr\/snorkling-trips\/","url":"https:\/\/scubamoraira.com\/fr\/snorkling-trips\/","name":"Snorkeling Trips &#8226; Scuba Moraira","isPartOf":{"@id":"https:\/\/scubamoraira.com\/fr\/#website"},"datePublished":"2018-03-09T08:48:22+00:00","dateModified":"2024-03-08T09:22:54+00:00","breadcrumb":{"@id":"https:\/\/scubamoraira.com\/fr\/snorkling-trips\/#breadcrumb"},"inLanguage":"es","potentialAction":[{"@type":"ReadAction","target":["https:\/\/scubamoraira.com\/fr\/snorkling-trips\/"]}]},{"@type":"BreadcrumbList","@id":"https:\/\/scubamoraira.com\/fr\/snorkling-trips\/#breadcrumb","itemListElement":[{"@type":"ListItem","position":1,"name":"Portada","item":"https:\/\/scubamoraira.com\/fr\/"},{"@type":"ListItem","position":2,"name":"Snorkeling Trips"}]},{"@type":"WebSite","@id":"https:\/\/scubamoraira.com\/fr\/#website","url":"https:\/\/scubamoraira.com\/fr\/","name":"Scuba Moraira","description":"","potentialAction":[{"@type":"SearchAction","target":{"@type":"EntryPoint","urlTemplate":"https:\/\/scubamoraira.com\/fr\/?s={search_term_string}"},"query-input":{"@type":"PropertyValueSpecification","valueRequired":true,"valueName":"search_term_string"}}],"inLanguage":"es"}]}},"_links":{"self":[{"href":"https:\/\/scubamoraira.com\/fr\/wp-json\/wp\/v2\/pages\/483","targetHints":{"allow":["GET"]}}],"collection":[{"href":"https:\/\/scubamoraira.com\/fr\/wp-json\/wp\/v2\/pages"}],"about":[{"href":"https:\/\/scubamoraira.com\/fr\/wp-json\/wp\/v2\/types\/page"}],"author":[{"embeddable":true,"href":"https:\/\/scubamoraira.com\/fr\/wp-json\/wp\/v2\/users\/3"}],"replies":[{"embeddable":true,"href":"https:\/\/scubamoraira.com\/fr\/wp-json\/wp\/v2\/comments?post=483"}],"version-history":[{"count":14,"href":"https:\/\/scubamoraira.com\/fr\/wp-json\/wp\/v2\/pages\/483\/revisions"}],"predecessor-version":[{"id":2527,"href":"https:\/\/scubamoraira.com\/fr\/wp-json\/wp\/v2\/pages\/483\/revisions\/2527"}],"wp:attachment":[{"href":"https:\/\/scubamoraira.com\/fr\/wp-json\/wp\/v2\/media?parent=483"}],"curies":[{"name":"wp","href":"https:\/\/api.w.org\/{rel}","templated":true}]}}