{"id":458,"date":"2018-03-08T12:31:36","date_gmt":"2018-03-08T12:31:36","guid":{"rendered":"https:\/\/scubamoraira.com\/?page_id=458"},"modified":"2026-03-20T15:17:28","modified_gmt":"2026-03-20T15:17:28","slug":"ssi-advanced-adventurer-diver","status":"publish","type":"page","link":"https:\/\/scubamoraira.com\/fr\/ssi-advanced-adventurer-diver\/","title":{"rendered":"SSI Advanced Adventurer Diver"},"content":{"rendered":"<p>[et_pb_section fb_built=\u00bb1&#8243; fullwidth=\u00bbon\u00bb _builder_version=\u00bb4.16&#8243; background_color=\u00bb#e2242e\u00bb global_colors_info=\u00bb{}\u00bb][et_pb_fullwidth_header title=\u00bbAdvanced Adventurer \u00bb _builder_version=\u00bb4.24.0&#8243; title_font=\u00bbStardos Stencil|700||on|||||\u00bb background_color=\u00bbrgba(255, 255, 255, 0)\u00bb animation_style=\u00bbbounce\u00bb title_text_shadow_style=\u00bbpreset5&#8243; title_text_shadow_color=\u00bb#000000&#8243; text_shadow_style=\u00bbpreset4&#8243; global_colors_info=\u00bb{}\u00bb button_one_text_size__hover_enabled=\u00bboff\u00bb button_two_text_size__hover_enabled=\u00bboff\u00bb button_one_text_color__hover_enabled=\u00bboff\u00bb button_two_text_color__hover_enabled=\u00bboff\u00bb button_one_border_width__hover_enabled=\u00bboff\u00bb button_two_border_width__hover_enabled=\u00bboff\u00bb button_one_border_color__hover_enabled=\u00bboff\u00bb button_two_border_color__hover_enabled=\u00bboff\u00bb button_one_border_radius__hover_enabled=\u00bboff\u00bb button_two_border_radius__hover_enabled=\u00bboff\u00bb button_one_letter_spacing__hover_enabled=\u00bboff\u00bb button_two_letter_spacing__hover_enabled=\u00bboff\u00bb button_one_bg_color__hover_enabled=\u00bboff\u00bb button_two_bg_color__hover_enabled=\u00bboff\u00bb][\/et_pb_fullwidth_header][\/et_pb_section][et_pb_section fb_built=\u00bb1&#8243; _builder_version=\u00bb4.16&#8243; background_color=\u00bb#f2f2f2&#8243; global_colors_info=\u00bb{}\u00bb][et_pb_row _builder_version=\u00bb4.21.0&#8243; _module_preset=\u00bbdefault\u00bb animation_style=\u00bbslide\u00bb global_colors_info=\u00bb{}\u00bb][et_pb_column type=\u00bb4_4&#8243; _builder_version=\u00bb4.16&#8243; _module_preset=\u00bbdefault\u00bb global_colors_info=\u00bb{}\u00bb][et_pb_image src=\u00bbhttps:\/\/scubamoraira.com\/fr\/wp-content\/uploads\/Presentation-Advanced-Adventurer.jpg\u00bb title_text=\u00bbPresentation-Advanced Adventurer\u00bb _builder_version=\u00bb4.24.0&#8243; _module_preset=\u00bbdefault\u00bb animation_style=\u00bbbounce\u00bb border_radii=\u00bbon|16px|16px|16px|16px\u00bb box_shadow_style=\u00bbpreset1&#8243; box_shadow_color=\u00bb#000000&#8243; global_colors_info=\u00bb{}\u00bb][\/et_pb_image][et_pb_text _builder_version=\u00bb4.24.0&#8243; text_font=\u00bbStardos Stencil||||||||\u00bb header_font=\u00bb||||||||\u00bb header_text_color=\u00bb#2f3a8f\u00bb header_font_size=\u00bb20px\u00bb animation_style=\u00bbbounce\u00bb global_colors_info=\u00bb{}\u00bb]<\/p>\n<h3>Continuez \u00e0 explorer les oc\u00e9ans, prolongez vos temps de plong\u00e9e, r\u00e9duisez votre consommation d&#8217;air et bien plus encore avec le programme Advanced Adventurer de SSI. Essayez 5 sp\u00e9cialit\u00e9s de plong\u00e9e diff\u00e9rentes sans vous engager dans un programme de plong\u00e9e complet et d\u00e9couvrez la plong\u00e9e que vous aimez. C&#8217;est la meilleure fa\u00e7on de poursuivre votre formation pour devenir un plongeur avanc\u00e9 confiant, s\u00fbr et \u00e0 l&#8217;aise.<\/h3>\n<div class=\"text\">\n<h3>Ce programme vous permet d&#8217;essayer une vari\u00e9t\u00e9 de sp\u00e9cialit\u00e9s avant de vous engager dans des programmes de sp\u00e9cialit\u00e9 complets. C&#8217;est un excellent moyen de d\u00e9couvrir ce qu&#8217;est la formation avanc\u00e9e des plongeurs et \u00e0 quel point elle peut \u00eatre utile \u00e0 vos aventures de plong\u00e9e.<\/h3>\n<h3>Au cours du programme Advanced Adventurer, vous testerez 5 sp\u00e9cialit\u00e9s diff\u00e9rentes. Vous effectuerez une plong\u00e9e d&#8217;entra\u00eenement en milieu naturel, apr\u00e8s un briefing complet avec votre instructeur SSI.<\/h3>\n<h3>Avec ce programme d&#8217;essai de plong\u00e9e sp\u00e9cialis\u00e9e, vous serez totalement libre d&#8217;explorer. Vous pouvez suivre les programmes de sp\u00e9cialit\u00e9 complets \u00e0 tout moment dans le futur et cr\u00e9diter votre formation Advanced Adventurer pour ces programmes.<\/h3>\n<\/div>\n<h3><\/h3>\n<p>[\/et_pb_text][et_pb_blurb title=\u00bbConditions Pr\u00e9alables\u00bb use_icon=\u00bbon\u00bb font_icon=\u00bb&#x52;||divi||400&#8243; icon_color=\u00bb#FFFFFF\u00bb image_icon_width=\u00bb40px\u00bb _builder_version=\u00bb4.24.0&#8243; header_level=\u00bbh2&#8243; header_text_align=\u00bbcenter\u00bb header_text_color=\u00bb#ffffff\u00bb background_color=\u00bb#599ecd\u00bb background_layout=\u00bbdark\u00bb animation_style=\u00bbbounce\u00bb border_radii=\u00bbon|16px|16px|16px|16px\u00bb box_shadow_style=\u00bbpreset1&#8243; box_shadow_color=\u00bb#000000&#8243; icon_font_size=\u00bb40px\u00bb global_colors_info=\u00bb{}\u00bb]<\/p>\n<p>&nbsp;<\/p>\n<ul>\n<li>Certificat m\u00e9dical datant de moins de 12 mois.<\/li>\n<li>\u00c2GE MINIMUM : 12 ans.<\/li>\n<li>Pour suivre ce cours, vous devez \u00eatre<\/li>\n<li>SSI Open Water Diver (ou une certification \u00e9quivalente d&#8217;un autre organisme de formation)<\/li>\n<li>15 ans (12 ans pour le Junior Advanced Adventurer)<\/li>\n<\/ul>\n<p>&nbsp;<\/p>\n<p>&nbsp;<\/p>\n<p>[\/et_pb_blurb][\/et_pb_column][\/et_pb_row][\/et_pb_section][et_pb_section fb_built=\u00bb1&#8243; _builder_version=\u00bb4.16&#8243; background_color=\u00bbRGBA(0,0,0,0)\u00bb background_enable_image=\u00bboff\u00bb background_size=\u00bbcontain\u00bb global_colors_info=\u00bb{}\u00bb][et_pb_row _builder_version=\u00bb4.16&#8243; _module_preset=\u00bbdefault\u00bb background_color=\u00bbRGBA(0,0,0,0)\u00bb global_colors_info=\u00bb{}\u00bb][et_pb_column type=\u00bb4_4&#8243; _builder_version=\u00bb4.16&#8243; _module_preset=\u00bbdefault\u00bb global_colors_info=\u00bb{}\u00bb][et_pb_tabs active_tab_background_color=\u00bb#2f3a8f\u00bb inactive_tab_background_color=\u00bb#939393&#8243; _builder_version=\u00bb4.27.4&#8243; tab_text_color=\u00bb#2f3a8f\u00bb animation_style=\u00bbbounce\u00bb hover_enabled=\u00bb0&#8243; global_colors_info=\u00bb{}\u00bb sticky_enabled=\u00bb0&#8243;][et_pb_tab title=\u00bbLa Partie Amusante : Votre Choix\u00bb _builder_version=\u00bb4.24.0&#8243; body_font=\u00bbStardos Stencil||||||||\u00bb body_text_align=\u00bbjustify\u00bb tab_font=\u00bbStardos Stencil||||||||\u00bb tab_text_color=\u00bb#ffffff\u00bb tab_font_size=\u00bb18&#8243; tab_font_size_tablet=\u00bb18&#8243; tab_font_size_phone=\u00bb18&#8243; global_colors_info=\u00bb{}\u00bb]<\/p>\n<p><span style=\"color: #333333;\"><span style=\"font-family: 'Gill Sans MT', sans-serif;\"><span style=\"font-size: medium;\">L&#8217;une des raisons pour lesquelles vous aimerez le cours SSI Advanced Adventurer est que vous et votre instructeur choisissez parmi 15 types de plong\u00e9es aventure pour compl\u00e9ter votre cours. Vous pouvez vous essayer \u00e0 la photographie num\u00e9rique sous-marine, \u00e0 la plong\u00e9e de nuit, \u00e0 la recherche et \u00e0 la r\u00e9cup\u00e9ration et bien plus encore.<\/span><\/span><\/span><\/p>\n<p>[\/et_pb_tab][et_pb_tab title=\u00bbCe Que Vous Apprendrez\u00bb _builder_version=\u00bb4.24.0&#8243; body_text_align=\u00bbjustify\u00bb tab_text_color=\u00bb#ffffff\u00bb tab_font_size=\u00bb18&#8243; tab_font_size_tablet=\u00bb18&#8243; tab_font_size_phone=\u00bb18&#8243; global_colors_info=\u00bb{}\u00bb]<\/p>\n<p>Les connaissances et les comp\u00e9tences acquises dans le cadre du cours SSI Advanced Adventurer Diver varient en fonction de vos int\u00e9r\u00eats et des aventures que vous vivezAspects pratiques de la plong\u00e9e profonde<br \/>&#8211; Effets physiologiques de la plong\u00e9e profonde.<br \/>&#8211; Plus de fa\u00e7ons d&#8217;utiliser votre boussole sous-marine<br \/>&#8211; Comment naviguer en utilisant les kick-cycles, les rep\u00e8res visuels et le temps.<br \/>&#8211; Comment mieux utiliser votre ordinateur de plong\u00e9e<br \/>&#8211; Et bien d&#8217;autres choses encore, en fonction des plong\u00e9es aventure que vous choisissez.<\/p>\n<p>[\/et_pb_tab][et_pb_tab title=\u00bbPrix &#038; dur\u00e9e\u00bb _builder_version=\u00bb4.27.4&#8243; body_text_align=\u00bbjustify\u00bb tab_text_color=\u00bb#ffffff\u00bb tab_font_size=\u00bb18&#8243; hover_enabled=\u00bb0&#8243; tab_font_size_tablet=\u00bb18&#8243; tab_font_size_phone=\u00bb18&#8243; global_colors_info=\u00bb{}\u00bb sticky_enabled=\u00bb0&#8243;]<\/p>\n<p><strong>\u20ac495 \/ 3 \u00e0 5 jours<br \/><\/strong><\/p>\n<p>[\/et_pb_tab][\/et_pb_tabs][\/et_pb_column][\/et_pb_row][\/et_pb_section][et_pb_section fb_built=\u00bb1&#8243; _builder_version=\u00bb4.21.0&#8243; background_image=\u00bbhttps:\/\/scubamoraira.com\/wp-content\/uploads\/cta_scuba.jpg\u00bb animation_style=\u00bbbounce\u00bb global_colors_info=\u00bb{}\u00bb][et_pb_row column_structure=\u00bb1_3,2_3&#8243; _builder_version=\u00bb4.16&#8243; background_size=\u00bbinitial\u00bb background_position=\u00bbtop_left\u00bb background_repeat=\u00bbrepeat\u00bb global_colors_info=\u00bb{}\u00bb][et_pb_column type=\u00bb1_3&#8243; _builder_version=\u00bb4.16&#8243; custom_padding=\u00bb|||\u00bb global_colors_info=\u00bb{}\u00bb custom_padding__hover=\u00bb|||\u00bb][\/et_pb_column][et_pb_column type=\u00bb2_3&#8243; _builder_version=\u00bb4.16&#8243; custom_padding=\u00bb|||\u00bb global_colors_info=\u00bb{}\u00bb custom_padding__hover=\u00bb|||\u00bb][et_pb_text _builder_version=\u00bb4.24.0&#8243; text_font_size=\u00bb18px\u00bb header_font=\u00bbStardos Stencil||||||||\u00bb header_font_size=\u00bb35px\u00bb background_layout=\u00bbdark\u00bb animation_style=\u00bbslide\u00bb animation_direction=\u00bbtop\u00bb global_colors_info=\u00bb{}\u00bb]<\/p>\n<h1>Votre prochaine aventure!<\/h1>\n<p>Apr\u00e8s avoir essay\u00e9 des sp\u00e9cialit\u00e9s dans le cours Advanced Adventurer Diver, vous voudrez probablement suivre le Cours de Sp\u00e9cialit\u00e9 complete pour en savoir plus.<br \/>Pour plus d&#8217;informations sur ce cours ou d&#8217;autres cours SSI, discutez avec l&#8217;un des membres de l&#8217;\u00e9quipe SCUBA MORAIRA.<\/p>\n<p>[\/et_pb_text][et_pb_button button_url=\u00bbhttps:\/\/scubamoraira.com\/fr\/courses\/%20&#8243; button_text=\u00bbAutres Cours!\u00bb button_alignment=\u00bbleft\u00bb _builder_version=\u00bb4.24.0&#8243; custom_button=\u00bbon\u00bb button_text_size=\u00bb18&#8243; button_text_color=\u00bb#ffffff\u00bb button_bg_color=\u00bb#2f3a8f\u00bb button_border_width=\u00bb1&#8243; button_border_color=\u00bb#2f3a8f\u00bb button_icon=\u00bb&#x4e;||divi||400&#8243; button_icon_color=\u00bb#ffffff\u00bb button_text_color_hover=\u00bb#ffffff\u00bb button_border_color_hover=\u00bb#e2242e\u00bb button_bg_color_hover=\u00bb#e2242e\u00bb global_colors_info=\u00bb{}\u00bb button_text_size__hover_enabled=\u00bboff\u00bb button_one_text_size__hover_enabled=\u00bboff\u00bb button_two_text_size__hover_enabled=\u00bboff\u00bb button_text_color__hover_enabled=\u00bbon\u00bb button_text_color__hover=\u00bb#ffffff\u00bb button_one_text_color__hover_enabled=\u00bboff\u00bb button_two_text_color__hover_enabled=\u00bboff\u00bb button_border_width__hover_enabled=\u00bboff\u00bb button_one_border_width__hover_enabled=\u00bboff\u00bb button_two_border_width__hover_enabled=\u00bboff\u00bb button_border_color__hover_enabled=\u00bbon\u00bb button_border_color__hover=\u00bb#e2242e\u00bb button_one_border_color__hover_enabled=\u00bboff\u00bb button_two_border_color__hover_enabled=\u00bboff\u00bb button_border_radius__hover_enabled=\u00bboff\u00bb button_one_border_radius__hover_enabled=\u00bboff\u00bb button_two_border_radius__hover_enabled=\u00bboff\u00bb button_letter_spacing__hover_enabled=\u00bboff\u00bb button_one_letter_spacing__hover_enabled=\u00bboff\u00bb button_two_letter_spacing__hover_enabled=\u00bboff\u00bb button_bg_color__hover_enabled=\u00bbon\u00bb button_bg_color__hover=\u00bb#e2242e\u00bb button_one_bg_color__hover_enabled=\u00bboff\u00bb button_two_bg_color__hover_enabled=\u00bboff\u00bb][\/et_pb_button][\/et_pb_column][\/et_pb_row][\/et_pb_section]<\/p>\n","protected":false},"excerpt":{"rendered":"<p>Continuez \u00e0 explorer les oc\u00e9ans, prolongez vos temps de plong\u00e9e, r\u00e9duisez votre consommation d&#8217;air et bien plus encore avec le programme Advanced Adventurer de SSI. Essayez 5 sp\u00e9cialit\u00e9s de plong\u00e9e diff\u00e9rentes sans vous engager dans un programme de plong\u00e9e complet et d\u00e9couvrez la plong\u00e9e que vous aimez. C&#8217;est la meilleure fa\u00e7on de poursuivre votre formation [&hellip;]<\/p>\n","protected":false},"author":3,"featured_media":0,"parent":0,"menu_order":0,"comment_status":"closed","ping_status":"closed","template":"","meta":{"_et_pb_use_builder":"on","_et_pb_old_content":"","_et_gb_content_width":"","footnotes":""},"class_list":["post-458","page","type-page","status-publish","hentry"],"yoast_head":"<!-- This site is optimized with the Yoast SEO plugin v27.4 - https:\/\/yoast.com\/product\/yoast-seo-wordpress\/ -->\n<title>SSI Advanced Adventurer Diver &#8226; Scuba Moraira<\/title>\n<meta name=\"robots\" content=\"index, follow, max-snippet:-1, max-image-preview:large, max-video-preview:-1\" \/>\n<link rel=\"canonical\" href=\"https:\/\/scubamoraira.com\/fr\/ssi-advanced-adventurer-diver\/\" \/>\n<meta property=\"og:locale\" content=\"es_ES\" \/>\n<meta property=\"og:type\" content=\"article\" \/>\n<meta property=\"og:title\" content=\"SSI Advanced Adventurer Diver &#8226; Scuba Moraira\" \/>\n<meta property=\"og:description\" content=\"Continuez \u00e0 explorer les oc\u00e9ans, prolongez vos temps de plong\u00e9e, r\u00e9duisez votre consommation d&#039;air et bien plus encore avec le programme Advanced Adventurer de SSI. Essayez 5 sp\u00e9cialit\u00e9s de plong\u00e9e diff\u00e9rentes sans vous engager dans un programme de plong\u00e9e complet et d\u00e9couvrez la plong\u00e9e que vous aimez. C&#039;est la meilleure fa\u00e7on de poursuivre votre formation [&hellip;]\" \/>\n<meta property=\"og:url\" content=\"https:\/\/scubamoraira.com\/fr\/ssi-advanced-adventurer-diver\/\" \/>\n<meta property=\"og:site_name\" content=\"Scuba Moraira\" \/>\n<meta property=\"article:modified_time\" content=\"2026-03-20T15:17:28+00:00\" \/>\n<meta name=\"twitter:card\" content=\"summary_large_image\" \/>\n<meta name=\"twitter:label1\" content=\"Tiempo de lectura\" \/>\n\t<meta name=\"twitter:data1\" content=\"3 minutos\" \/>\n<script type=\"application\/ld+json\" class=\"yoast-schema-graph\">{\"@context\":\"https:\\\/\\\/schema.org\",\"@graph\":[{\"@type\":\"WebPage\",\"@id\":\"https:\\\/\\\/scubamoraira.com\\\/fr\\\/ssi-advanced-adventurer-diver\\\/\",\"url\":\"https:\\\/\\\/scubamoraira.com\\\/fr\\\/ssi-advanced-adventurer-diver\\\/\",\"name\":\"SSI Advanced Adventurer Diver &#8226; Scuba Moraira\",\"isPartOf\":{\"@id\":\"https:\\\/\\\/scubamoraira.com\\\/fr\\\/#website\"},\"datePublished\":\"2018-03-08T12:31:36+00:00\",\"dateModified\":\"2026-03-20T15:17:28+00:00\",\"breadcrumb\":{\"@id\":\"https:\\\/\\\/scubamoraira.com\\\/fr\\\/ssi-advanced-adventurer-diver\\\/#breadcrumb\"},\"inLanguage\":\"es\",\"potentialAction\":[{\"@type\":\"ReadAction\",\"target\":[\"https:\\\/\\\/scubamoraira.com\\\/fr\\\/ssi-advanced-adventurer-diver\\\/\"]}]},{\"@type\":\"BreadcrumbList\",\"@id\":\"https:\\\/\\\/scubamoraira.com\\\/fr\\\/ssi-advanced-adventurer-diver\\\/#breadcrumb\",\"itemListElement\":[{\"@type\":\"ListItem\",\"position\":1,\"name\":\"Portada\",\"item\":\"https:\\\/\\\/scubamoraira.com\\\/fr\\\/\"},{\"@type\":\"ListItem\",\"position\":2,\"name\":\"SSI Advanced Adventurer Diver\"}]},{\"@type\":\"WebSite\",\"@id\":\"https:\\\/\\\/scubamoraira.com\\\/fr\\\/#website\",\"url\":\"https:\\\/\\\/scubamoraira.com\\\/fr\\\/\",\"name\":\"Scuba Moraira\",\"description\":\"\",\"potentialAction\":[{\"@type\":\"SearchAction\",\"target\":{\"@type\":\"EntryPoint\",\"urlTemplate\":\"https:\\\/\\\/scubamoraira.com\\\/fr\\\/?s={search_term_string}\"},\"query-input\":{\"@type\":\"PropertyValueSpecification\",\"valueRequired\":true,\"valueName\":\"search_term_string\"}}],\"inLanguage\":\"es\"}]}<\/script>\n<!-- \/ Yoast SEO plugin. -->","yoast_head_json":{"title":"SSI Advanced Adventurer Diver &#8226; Scuba Moraira","robots":{"index":"index","follow":"follow","max-snippet":"max-snippet:-1","max-image-preview":"max-image-preview:large","max-video-preview":"max-video-preview:-1"},"canonical":"https:\/\/scubamoraira.com\/fr\/ssi-advanced-adventurer-diver\/","og_locale":"es_ES","og_type":"article","og_title":"SSI Advanced Adventurer Diver &#8226; Scuba Moraira","og_description":"Continuez \u00e0 explorer les oc\u00e9ans, prolongez vos temps de plong\u00e9e, r\u00e9duisez votre consommation d'air et bien plus encore avec le programme Advanced Adventurer de SSI. Essayez 5 sp\u00e9cialit\u00e9s de plong\u00e9e diff\u00e9rentes sans vous engager dans un programme de plong\u00e9e complet et d\u00e9couvrez la plong\u00e9e que vous aimez. C'est la meilleure fa\u00e7on de poursuivre votre formation [&hellip;]","og_url":"https:\/\/scubamoraira.com\/fr\/ssi-advanced-adventurer-diver\/","og_site_name":"Scuba Moraira","article_modified_time":"2026-03-20T15:17:28+00:00","twitter_card":"summary_large_image","twitter_misc":{"Tiempo de lectura":"3 minutos"},"schema":{"@context":"https:\/\/schema.org","@graph":[{"@type":"WebPage","@id":"https:\/\/scubamoraira.com\/fr\/ssi-advanced-adventurer-diver\/","url":"https:\/\/scubamoraira.com\/fr\/ssi-advanced-adventurer-diver\/","name":"SSI Advanced Adventurer Diver &#8226; Scuba Moraira","isPartOf":{"@id":"https:\/\/scubamoraira.com\/fr\/#website"},"datePublished":"2018-03-08T12:31:36+00:00","dateModified":"2026-03-20T15:17:28+00:00","breadcrumb":{"@id":"https:\/\/scubamoraira.com\/fr\/ssi-advanced-adventurer-diver\/#breadcrumb"},"inLanguage":"es","potentialAction":[{"@type":"ReadAction","target":["https:\/\/scubamoraira.com\/fr\/ssi-advanced-adventurer-diver\/"]}]},{"@type":"BreadcrumbList","@id":"https:\/\/scubamoraira.com\/fr\/ssi-advanced-adventurer-diver\/#breadcrumb","itemListElement":[{"@type":"ListItem","position":1,"name":"Portada","item":"https:\/\/scubamoraira.com\/fr\/"},{"@type":"ListItem","position":2,"name":"SSI Advanced Adventurer Diver"}]},{"@type":"WebSite","@id":"https:\/\/scubamoraira.com\/fr\/#website","url":"https:\/\/scubamoraira.com\/fr\/","name":"Scuba Moraira","description":"","potentialAction":[{"@type":"SearchAction","target":{"@type":"EntryPoint","urlTemplate":"https:\/\/scubamoraira.com\/fr\/?s={search_term_string}"},"query-input":{"@type":"PropertyValueSpecification","valueRequired":true,"valueName":"search_term_string"}}],"inLanguage":"es"}]}},"_links":{"self":[{"href":"https:\/\/scubamoraira.com\/fr\/wp-json\/wp\/v2\/pages\/458","targetHints":{"allow":["GET"]}}],"collection":[{"href":"https:\/\/scubamoraira.com\/fr\/wp-json\/wp\/v2\/pages"}],"about":[{"href":"https:\/\/scubamoraira.com\/fr\/wp-json\/wp\/v2\/types\/page"}],"author":[{"embeddable":true,"href":"https:\/\/scubamoraira.com\/fr\/wp-json\/wp\/v2\/users\/3"}],"replies":[{"embeddable":true,"href":"https:\/\/scubamoraira.com\/fr\/wp-json\/wp\/v2\/comments?post=458"}],"version-history":[{"count":50,"href":"https:\/\/scubamoraira.com\/fr\/wp-json\/wp\/v2\/pages\/458\/revisions"}],"predecessor-version":[{"id":2871,"href":"https:\/\/scubamoraira.com\/fr\/wp-json\/wp\/v2\/pages\/458\/revisions\/2871"}],"wp:attachment":[{"href":"https:\/\/scubamoraira.com\/fr\/wp-json\/wp\/v2\/media?parent=458"}],"curies":[{"name":"wp","href":"https:\/\/api.w.org\/{rel}","templated":true}]}}