{"id":437,"date":"2018-03-08T09:54:39","date_gmt":"2018-03-08T09:54:39","guid":{"rendered":"https:\/\/scubamoraira.com\/?page_id=437"},"modified":"2026-03-20T15:24:46","modified_gmt":"2026-03-20T15:24:46","slug":"self-reliant-diver-speciality-course","status":"publish","type":"page","link":"https:\/\/scubamoraira.com\/fr\/self-reliant-diver-speciality-course\/","title":{"rendered":"SSI Independent Diver Speciality Course"},"content":{"rendered":"<p>[et_pb_section fb_built=\u00bb1&#8243; fullwidth=\u00bbon\u00bb _builder_version=\u00bb4.16&#8243; background_color=\u00bb#e2242e\u00bb global_colors_info=\u00bb{}\u00bb][et_pb_fullwidth_header title=\u00bbSSI Independent Diving \u00bb _builder_version=\u00bb4.24.0&#8243; title_font=\u00bbStardos Stencil||||||||\u00bb background_color=\u00bbrgba(255, 255, 255, 0)\u00bb title_text_shadow_style=\u00bbpreset1&#8243; title_text_shadow_color=\u00bb#000000&#8243; global_colors_info=\u00bb{}\u00bb button_one_text_size__hover_enabled=\u00bboff\u00bb button_two_text_size__hover_enabled=\u00bboff\u00bb button_one_text_color__hover_enabled=\u00bboff\u00bb button_two_text_color__hover_enabled=\u00bboff\u00bb button_one_border_width__hover_enabled=\u00bboff\u00bb button_two_border_width__hover_enabled=\u00bboff\u00bb button_one_border_color__hover_enabled=\u00bboff\u00bb button_two_border_color__hover_enabled=\u00bboff\u00bb button_one_border_radius__hover_enabled=\u00bboff\u00bb button_two_border_radius__hover_enabled=\u00bboff\u00bb button_one_letter_spacing__hover_enabled=\u00bboff\u00bb button_two_letter_spacing__hover_enabled=\u00bboff\u00bb button_one_bg_color__hover_enabled=\u00bboff\u00bb button_two_bg_color__hover_enabled=\u00bboff\u00bb][\/et_pb_fullwidth_header][\/et_pb_section][et_pb_section fb_built=\u00bb1&#8243; _builder_version=\u00bb4.16&#8243; background_color=\u00bb#f2f2f2&#8243; global_colors_info=\u00bb{}\u00bb][et_pb_row column_structure=\u00bb1_2,1_2&#8243; _builder_version=\u00bb4.21.0&#8243; background_size=\u00bbinitial\u00bb background_position=\u00bbtop_left\u00bb background_repeat=\u00bbrepeat\u00bb global_colors_info=\u00bb{}\u00bb][et_pb_column type=\u00bb1_2&#8243; _builder_version=\u00bb4.16&#8243; custom_padding=\u00bb|||\u00bb global_colors_info=\u00bb{}\u00bb custom_padding__hover=\u00bb|||\u00bb][et_pb_text _builder_version=\u00bb4.24.0&#8243; header_text_color=\u00bb#2f3a8f\u00bb animation_style=\u00bbzoom\u00bb global_colors_info=\u00bb{}\u00bb]<\/p>\n<h3><strong>Le cours de sp\u00e9cialit\u00e9 \u00abPlongeur ind\u00e9pendant\u00bb a pour but de reconna\u00eetre et d&#8217;accepter le r\u00f4le du bin\u00f4me et sa contribution \u00e0 la s\u00e9curit\u00e9 du plongeur, tout en identifiant et en d\u00e9veloppant l&#8217;autonomie et l&#8217;ind\u00e9pendance lors de la plong\u00e9e. La plong\u00e9e autonome aide les \u00e9l\u00e8ves plongeurs exp\u00e9riment\u00e9s \u00e0 d\u00e9velopper les comp\u00e9tences, les connaissances et les techniques n\u00e9cessaires pour compter d&#8217;abord sur eux-m\u00eames, qu&#8217;ils plongent ou non avec un partenaire.<\/strong><\/h3>\n<p>[\/et_pb_text][et_pb_image src=\u00bbhttps:\/\/scubamoraira.com\/fr\/wp-content\/uploads\/Presentation-Independent-Diving.jpg\u00bb title_text=\u00bbPresentation-Independent Diving\u00bb _builder_version=\u00bb4.21.0&#8243; _module_preset=\u00bbdefault\u00bb border_radii=\u00bbon|16px|16px|16px|16px\u00bb box_shadow_style=\u00bbpreset1&#8243; box_shadow_color=\u00bb#000000&#8243; global_colors_info=\u00bb{}\u00bb][\/et_pb_image][\/et_pb_column][et_pb_column type=\u00bb1_2&#8243; _builder_version=\u00bb4.16&#8243; custom_padding=\u00bb|||\u00bb global_colors_info=\u00bb{}\u00bb custom_padding__hover=\u00bb|||\u00bb][\/et_pb_column][\/et_pb_row][\/et_pb_section][et_pb_section fb_built=\u00bb1&#8243; _builder_version=\u00bb4.16&#8243; global_colors_info=\u00bb{}\u00bb][et_pb_row column_structure=\u00bb3_4,1_4&#8243; _builder_version=\u00bb4.16&#8243; border_radii=\u00bbon|10px|10px|10px|10px\u00bb border_color_all=\u00bb#f2f2f2&#8243; global_colors_info=\u00bb{}\u00bb][et_pb_column type=\u00bb3_4&#8243; _builder_version=\u00bb4.16&#8243; custom_padding=\u00bb|||\u00bb global_colors_info=\u00bb{}\u00bb custom_padding__hover=\u00bb|||\u00bb][et_pb_tabs active_tab_background_color=\u00bb#2f3a8f\u00bb inactive_tab_background_color=\u00bb#939393&#8243; _builder_version=\u00bb4.27.4&#8243; tab_text_color=\u00bb#2f3a8f\u00bb animation_style=\u00bbzoom\u00bb hover_enabled=\u00bb0&#8243; global_colors_info=\u00bb{}\u00bb sticky_enabled=\u00bb0&#8243;][et_pb_tab title=\u00bbProgrammes de Plong\u00e9e Ind\u00e9pendantes\u00bb _builder_version=\u00bb4.24.0&#8243; body_text_align=\u00bbjustify\u00bb tab_text_color=\u00bb#ffffff\u00bb tab_font_size=\u00bb18&#8243; tab_font_size_tablet=\u00bb18&#8243; tab_font_size_phone=\u00bb18&#8243; global_colors_info=\u00bb{}\u00bb]<\/p>\n<ul>\n<li>D\u00e9velopper les comp\u00e9tences de planification et d&#8217;ex\u00e9cution des plong\u00e9es sans partenaire lorsque cela est pr\u00e9f\u00e9rable ou n\u00e9cessaire.<\/li>\n<li>Aiguiser les comp\u00e9tences d&#8217;autonomie en plong\u00e9e, faisant du plongeur un partenaire plus fort au sein d&#8217;un bin\u00f4me ou d&#8217;une \u00e9quipe de plong\u00e9e.<\/li>\n<li>La valeur et l&#8217;application du syst\u00e8me de bin\u00f4me.<\/li>\n<li>La philosophie et la d\u00e9cision de plonger sans partenaire.<\/li>\n<li>Les risques potentiels de la plong\u00e9e autonome, et comment g\u00e9rer ces risques.<\/li>\n<li>La valeur de la redondance de l&#8217;\u00e9quipement et l&#8217;\u00e9quipement de secours n\u00e9cessaire.<\/li>\n<li>Planification de la plong\u00e9e et gestion des gaz<\/li>\n<\/ul>\n<p>[\/et_pb_tab][et_pb_tab title=\u00bbCe Que Vous Apprendrez\u00bb _builder_version=\u00bb4.24.0&#8243; body_text_align=\u00bbjustify\u00bb tab_text_color=\u00bb#ffffff\u00bb tab_font_size=\u00bb18&#8243; tab_font_size_tablet=\u00bb18&#8243; tab_font_size_phone=\u00bb18&#8243; global_colors_info=\u00bb{}\u00bb]<\/p>\n<p>En plus de d\u00e9couvrir les nombreux avantages de la plong\u00e9e en configuration autonome, vous apprendrez, au cours de 4 plong\u00e9es, \u00e0:<\/p>\n<ul>\n<li>Formuler un plan de plong\u00e9e pour une plong\u00e9e sans partenaire<\/li>\n<li>D\u00e9montrer votre capacit\u00e9 \u00e0 planifier une plong\u00e9e en fonction des conditions environnementales locales<\/li>\n<li>\u00c9tablir le taux de consommation d&#8217;air de surface (SAC) en utilisant les donn\u00e9es de consommation de gaz d&#8217;une plong\u00e9e.<\/li>\n<li>Calculer la consommation de gaz pour une profondeur et un temps donn\u00e9s<\/li>\n<li>D\u00e9montrer la capacit\u00e9 \u00e0 passer \u00e0 une alimentation d&#8217;air redondante.<\/li>\n<li>D\u00e9ployer un parachute de secours ou un DSMB depuis le fond.<\/li>\n<li>Naviguer jusqu&#8217;\u00e0 un endroit pr\u00e9d\u00e9termin\u00e9 et revenir \u00e0 moins de 15 m\u00e8tres du point de d\u00e9part en utilisant des r\u00e9f\u00e9rences naturelles.<\/li>\n<\/ul>\n<p>[\/et_pb_tab][et_pb_tab title=\u00bbPrix &#038; Dur\u00e9e\u00bb _builder_version=\u00bb4.27.4&#8243; body_text_align=\u00bbjustify\u00bb tab_text_color=\u00bb#ffffff\u00bb tab_font_size=\u00bb18&#8243; hover_enabled=\u00bb0&#8243; tab_font_size_tablet=\u00bb18&#8243; tab_font_size_phone=\u00bb18&#8243; global_colors_info=\u00bb{}\u00bb sticky_enabled=\u00bb0&#8243;]<\/p>\n<p>\u20ac495 \/ 2 \u00e0 3 jours &#8211; 4 plong\u00e9es<\/p>\n<p>[\/et_pb_tab][\/et_pb_tabs][\/et_pb_column][et_pb_column type=\u00bb1_4&#8243; _builder_version=\u00bb4.16&#8243; background_color=\u00bb#599ecd\u00bb custom_padding=\u00bb30px|30px|30px|30px\u00bb global_colors_info=\u00bb{}\u00bb custom_padding__hover=\u00bb|||\u00bb][et_pb_blurb title=\u00bbConditions Pr\u00e9alables\u00bb use_icon=\u00bbon\u00bb font_icon=\u00bb&#x52;||divi||400&#8243; icon_color=\u00bb#ffffff\u00bb image_icon_width=\u00bb40px\u00bb _builder_version=\u00bb4.24.0&#8243; header_level=\u00bbh2&#8243; header_text_align=\u00bbcenter\u00bb header_text_color=\u00bb#ffffff\u00bb background_layout=\u00bbdark\u00bb icon_font_size=\u00bb40px\u00bb use_circle=\u00bboff\u00bb use_circle_border=\u00bboff\u00bb global_colors_info=\u00bb{}\u00bb]<\/p>\n<p style=\"text-align: center;\">\u00catre certifi\u00e9 en tant que plongeur profond, plongeur de navigation, plongeur de nuit et \u00e0 visibilit\u00e9 r\u00e9duite et plongeur d&#8217;urgence et de sauvetage, ou \u00e9quivalent, par n&#8217;importe quelle f\u00e9d\u00e9ration.<\/p>\n<p style=\"text-align: center;\">Avoir un minimum de 75 plong\u00e9es enregistr\u00e9es.<\/p>\n<p style=\"text-align: center;\">Certification m\u00e9dicale dans les 12 mois.<\/p>\n<p style=\"text-align: center;\">\u00c2GE MINIMUM : 18 ans.<\/p>\n<p>[\/et_pb_blurb][\/et_pb_column][\/et_pb_row][\/et_pb_section][et_pb_section fb_built=\u00bb1&#8243; _builder_version=\u00bb4.16&#8243; background_image=\u00bbhttps:\/\/scubamoraira.com\/wp-content\/uploads\/cta_scuba.jpg\u00bb global_colors_info=\u00bb{}\u00bb][et_pb_row column_structure=\u00bb1_3,2_3&#8243; _builder_version=\u00bb4.16&#8243; background_size=\u00bbinitial\u00bb background_position=\u00bbtop_left\u00bb background_repeat=\u00bbrepeat\u00bb global_colors_info=\u00bb{}\u00bb][et_pb_column type=\u00bb1_3&#8243; _builder_version=\u00bb4.16&#8243; custom_padding=\u00bb|||\u00bb global_colors_info=\u00bb{}\u00bb custom_padding__hover=\u00bb|||\u00bb][\/et_pb_column][et_pb_column type=\u00bb2_3&#8243; _builder_version=\u00bb4.16&#8243; custom_padding=\u00bb|||\u00bb global_colors_info=\u00bb{}\u00bb custom_padding__hover=\u00bb|||\u00bb][et_pb_text _builder_version=\u00bb4.24.0&#8243; text_font_size=\u00bb18px\u00bb header_font=\u00bbStardos Stencil||||||||\u00bb header_font_size=\u00bb35px\u00bb background_layout=\u00bbdark\u00bb animation_style=\u00bbslide\u00bb animation_direction=\u00bbtop\u00bb global_colors_info=\u00bb{}\u00bb]<\/p>\n<h1 class=\"blue\">La Prochaine Aventure !<\/h1>\n<p>Vous pouvez facilement combiner la plong\u00e9e autonome avec la sp\u00e9cialit\u00e9 Sidemount Diver. Contactez SCUBA MORAIRA pour vous inscrire au cours de plongeur ind\u00e9pendant SSI d\u00e8s aujourd&#8217;hui !<\/p>\n<p>[\/et_pb_text][et_pb_button button_url=\u00bbhttps:\/\/scubamoraira.com\/fr\/courses\/\u00bb button_text=\u00bbAutres Cours!\u00bb button_alignment=\u00bbleft\u00bb _builder_version=\u00bb4.24.0&#8243; custom_button=\u00bbon\u00bb button_text_size=\u00bb18&#8243; button_text_color=\u00bb#ffffff\u00bb button_bg_color=\u00bb#2f3a8f\u00bb button_border_width=\u00bb1&#8243; button_border_color=\u00bb#2f3a8f\u00bb button_icon=\u00bb&#x4e;||divi||400&#8243; button_icon_color=\u00bb#ffffff\u00bb button_text_color_hover=\u00bb#ffffff\u00bb button_border_color_hover=\u00bb#e2242e\u00bb button_bg_color_hover=\u00bb#e2242e\u00bb global_colors_info=\u00bb{}\u00bb button_text_size__hover_enabled=\u00bboff\u00bb button_one_text_size__hover_enabled=\u00bboff\u00bb button_two_text_size__hover_enabled=\u00bboff\u00bb button_text_color__hover_enabled=\u00bbon\u00bb button_text_color__hover=\u00bb#ffffff\u00bb button_one_text_color__hover_enabled=\u00bboff\u00bb button_two_text_color__hover_enabled=\u00bboff\u00bb button_border_width__hover_enabled=\u00bboff\u00bb button_one_border_width__hover_enabled=\u00bboff\u00bb button_two_border_width__hover_enabled=\u00bboff\u00bb button_border_color__hover_enabled=\u00bbon\u00bb button_border_color__hover=\u00bb#e2242e\u00bb button_one_border_color__hover_enabled=\u00bboff\u00bb button_two_border_color__hover_enabled=\u00bboff\u00bb button_border_radius__hover_enabled=\u00bboff\u00bb button_one_border_radius__hover_enabled=\u00bboff\u00bb button_two_border_radius__hover_enabled=\u00bboff\u00bb button_letter_spacing__hover_enabled=\u00bboff\u00bb button_one_letter_spacing__hover_enabled=\u00bboff\u00bb button_two_letter_spacing__hover_enabled=\u00bboff\u00bb button_bg_color__hover_enabled=\u00bbon\u00bb button_bg_color__hover=\u00bb#e2242e\u00bb button_one_bg_color__hover_enabled=\u00bboff\u00bb button_two_bg_color__hover_enabled=\u00bboff\u00bb][\/et_pb_button][\/et_pb_column][\/et_pb_row][\/et_pb_section]<\/p>\n","protected":false},"excerpt":{"rendered":"<p>Le cours de sp\u00e9cialit\u00e9 \u00abPlongeur ind\u00e9pendant\u00bb a pour but de reconna\u00eetre et d&#8217;accepter le r\u00f4le du bin\u00f4me et sa contribution \u00e0 la s\u00e9curit\u00e9 du plongeur, tout en identifiant et en d\u00e9veloppant l&#8217;autonomie et l&#8217;ind\u00e9pendance lors de la plong\u00e9e. La plong\u00e9e autonome aide les \u00e9l\u00e8ves plongeurs exp\u00e9riment\u00e9s \u00e0 d\u00e9velopper les comp\u00e9tences, les connaissances et les techniques [&hellip;]<\/p>\n","protected":false},"author":3,"featured_media":0,"parent":0,"menu_order":0,"comment_status":"closed","ping_status":"closed","template":"","meta":{"_et_pb_use_builder":"on","_et_pb_old_content":"","_et_gb_content_width":"","footnotes":""},"class_list":["post-437","page","type-page","status-publish","hentry"],"yoast_head":"<!-- This site is optimized with the Yoast SEO plugin v27.3 - https:\/\/yoast.com\/product\/yoast-seo-wordpress\/ -->\n<title>SSI Independent Diver Speciality Course &#8226; Scuba Moraira<\/title>\n<meta name=\"robots\" content=\"index, follow, max-snippet:-1, max-image-preview:large, max-video-preview:-1\" \/>\n<link rel=\"canonical\" href=\"https:\/\/scubamoraira.com\/fr\/self-reliant-diver-speciality-course\/\" \/>\n<meta property=\"og:locale\" content=\"es_ES\" \/>\n<meta property=\"og:type\" content=\"article\" \/>\n<meta property=\"og:title\" content=\"SSI Independent Diver Speciality Course &#8226; Scuba Moraira\" \/>\n<meta property=\"og:description\" content=\"Le cours de sp\u00e9cialit\u00e9 &quot;Plongeur ind\u00e9pendant&quot; a pour but de reconna\u00eetre et d&#039;accepter le r\u00f4le du bin\u00f4me et sa contribution \u00e0 la s\u00e9curit\u00e9 du plongeur, tout en identifiant et en d\u00e9veloppant l&#039;autonomie et l&#039;ind\u00e9pendance lors de la plong\u00e9e. La plong\u00e9e autonome aide les \u00e9l\u00e8ves plongeurs exp\u00e9riment\u00e9s \u00e0 d\u00e9velopper les comp\u00e9tences, les connaissances et les techniques [&hellip;]\" \/>\n<meta property=\"og:url\" content=\"https:\/\/scubamoraira.com\/fr\/self-reliant-diver-speciality-course\/\" \/>\n<meta property=\"og:site_name\" content=\"Scuba Moraira\" \/>\n<meta property=\"article:modified_time\" content=\"2026-03-20T15:24:46+00:00\" \/>\n<meta name=\"twitter:card\" content=\"summary_large_image\" \/>\n<meta name=\"twitter:label1\" content=\"Tiempo de lectura\" \/>\n\t<meta name=\"twitter:data1\" content=\"2 minutos\" \/>\n<script type=\"application\/ld+json\" class=\"yoast-schema-graph\">{\"@context\":\"https:\\\/\\\/schema.org\",\"@graph\":[{\"@type\":\"WebPage\",\"@id\":\"https:\\\/\\\/scubamoraira.com\\\/fr\\\/self-reliant-diver-speciality-course\\\/\",\"url\":\"https:\\\/\\\/scubamoraira.com\\\/fr\\\/self-reliant-diver-speciality-course\\\/\",\"name\":\"SSI Independent Diver Speciality Course &#8226; Scuba Moraira\",\"isPartOf\":{\"@id\":\"https:\\\/\\\/scubamoraira.com\\\/fr\\\/#website\"},\"datePublished\":\"2018-03-08T09:54:39+00:00\",\"dateModified\":\"2026-03-20T15:24:46+00:00\",\"breadcrumb\":{\"@id\":\"https:\\\/\\\/scubamoraira.com\\\/fr\\\/self-reliant-diver-speciality-course\\\/#breadcrumb\"},\"inLanguage\":\"es\",\"potentialAction\":[{\"@type\":\"ReadAction\",\"target\":[\"https:\\\/\\\/scubamoraira.com\\\/fr\\\/self-reliant-diver-speciality-course\\\/\"]}]},{\"@type\":\"BreadcrumbList\",\"@id\":\"https:\\\/\\\/scubamoraira.com\\\/fr\\\/self-reliant-diver-speciality-course\\\/#breadcrumb\",\"itemListElement\":[{\"@type\":\"ListItem\",\"position\":1,\"name\":\"Portada\",\"item\":\"https:\\\/\\\/scubamoraira.com\\\/fr\\\/\"},{\"@type\":\"ListItem\",\"position\":2,\"name\":\"SSI Independent Diver Speciality Course\"}]},{\"@type\":\"WebSite\",\"@id\":\"https:\\\/\\\/scubamoraira.com\\\/fr\\\/#website\",\"url\":\"https:\\\/\\\/scubamoraira.com\\\/fr\\\/\",\"name\":\"Scuba Moraira\",\"description\":\"\",\"potentialAction\":[{\"@type\":\"SearchAction\",\"target\":{\"@type\":\"EntryPoint\",\"urlTemplate\":\"https:\\\/\\\/scubamoraira.com\\\/fr\\\/?s={search_term_string}\"},\"query-input\":{\"@type\":\"PropertyValueSpecification\",\"valueRequired\":true,\"valueName\":\"search_term_string\"}}],\"inLanguage\":\"es\"}]}<\/script>\n<!-- \/ Yoast SEO plugin. -->","yoast_head_json":{"title":"SSI Independent Diver Speciality Course &#8226; Scuba Moraira","robots":{"index":"index","follow":"follow","max-snippet":"max-snippet:-1","max-image-preview":"max-image-preview:large","max-video-preview":"max-video-preview:-1"},"canonical":"https:\/\/scubamoraira.com\/fr\/self-reliant-diver-speciality-course\/","og_locale":"es_ES","og_type":"article","og_title":"SSI Independent Diver Speciality Course &#8226; Scuba Moraira","og_description":"Le cours de sp\u00e9cialit\u00e9 \"Plongeur ind\u00e9pendant\" a pour but de reconna\u00eetre et d'accepter le r\u00f4le du bin\u00f4me et sa contribution \u00e0 la s\u00e9curit\u00e9 du plongeur, tout en identifiant et en d\u00e9veloppant l'autonomie et l'ind\u00e9pendance lors de la plong\u00e9e. La plong\u00e9e autonome aide les \u00e9l\u00e8ves plongeurs exp\u00e9riment\u00e9s \u00e0 d\u00e9velopper les comp\u00e9tences, les connaissances et les techniques [&hellip;]","og_url":"https:\/\/scubamoraira.com\/fr\/self-reliant-diver-speciality-course\/","og_site_name":"Scuba Moraira","article_modified_time":"2026-03-20T15:24:46+00:00","twitter_card":"summary_large_image","twitter_misc":{"Tiempo de lectura":"2 minutos"},"schema":{"@context":"https:\/\/schema.org","@graph":[{"@type":"WebPage","@id":"https:\/\/scubamoraira.com\/fr\/self-reliant-diver-speciality-course\/","url":"https:\/\/scubamoraira.com\/fr\/self-reliant-diver-speciality-course\/","name":"SSI Independent Diver Speciality Course &#8226; Scuba Moraira","isPartOf":{"@id":"https:\/\/scubamoraira.com\/fr\/#website"},"datePublished":"2018-03-08T09:54:39+00:00","dateModified":"2026-03-20T15:24:46+00:00","breadcrumb":{"@id":"https:\/\/scubamoraira.com\/fr\/self-reliant-diver-speciality-course\/#breadcrumb"},"inLanguage":"es","potentialAction":[{"@type":"ReadAction","target":["https:\/\/scubamoraira.com\/fr\/self-reliant-diver-speciality-course\/"]}]},{"@type":"BreadcrumbList","@id":"https:\/\/scubamoraira.com\/fr\/self-reliant-diver-speciality-course\/#breadcrumb","itemListElement":[{"@type":"ListItem","position":1,"name":"Portada","item":"https:\/\/scubamoraira.com\/fr\/"},{"@type":"ListItem","position":2,"name":"SSI Independent Diver Speciality Course"}]},{"@type":"WebSite","@id":"https:\/\/scubamoraira.com\/fr\/#website","url":"https:\/\/scubamoraira.com\/fr\/","name":"Scuba Moraira","description":"","potentialAction":[{"@type":"SearchAction","target":{"@type":"EntryPoint","urlTemplate":"https:\/\/scubamoraira.com\/fr\/?s={search_term_string}"},"query-input":{"@type":"PropertyValueSpecification","valueRequired":true,"valueName":"search_term_string"}}],"inLanguage":"es"}]}},"_links":{"self":[{"href":"https:\/\/scubamoraira.com\/fr\/wp-json\/wp\/v2\/pages\/437","targetHints":{"allow":["GET"]}}],"collection":[{"href":"https:\/\/scubamoraira.com\/fr\/wp-json\/wp\/v2\/pages"}],"about":[{"href":"https:\/\/scubamoraira.com\/fr\/wp-json\/wp\/v2\/types\/page"}],"author":[{"embeddable":true,"href":"https:\/\/scubamoraira.com\/fr\/wp-json\/wp\/v2\/users\/3"}],"replies":[{"embeddable":true,"href":"https:\/\/scubamoraira.com\/fr\/wp-json\/wp\/v2\/comments?post=437"}],"version-history":[{"count":18,"href":"https:\/\/scubamoraira.com\/fr\/wp-json\/wp\/v2\/pages\/437\/revisions"}],"predecessor-version":[{"id":2888,"href":"https:\/\/scubamoraira.com\/fr\/wp-json\/wp\/v2\/pages\/437\/revisions\/2888"}],"wp:attachment":[{"href":"https:\/\/scubamoraira.com\/fr\/wp-json\/wp\/v2\/media?parent=437"}],"curies":[{"name":"wp","href":"https:\/\/api.w.org\/{rel}","templated":true}]}}