{"id":337,"date":"2018-01-30T12:42:07","date_gmt":"2018-01-30T12:42:07","guid":{"rendered":"https:\/\/scubamoraira.com\/?page_id=337"},"modified":"2024-04-17T06:30:46","modified_gmt":"2024-04-17T06:30:46","slug":"moraira","status":"publish","type":"page","link":"https:\/\/scubamoraira.com\/fr\/moraira\/","title":{"rendered":"Moraira"},"content":{"rendered":"<p>[et_pb_section fb_built=\u00bb1&#8243; _builder_version=\u00bb4.16&#8243; background_image=\u00bbhttps:\/\/scubamoraira.com\/wp-content\/uploads\/moraira_beach.jpg\u00bb global_colors_info=\u00bb{}\u00bb][et_pb_row _builder_version=\u00bb4.24.0&#8243; background_color=\u00bbrgba(47,58,143,0.5)\u00bb custom_padding=\u00bb|50px||50px\u00bb animation_style=\u00bbzoom\u00bb border_radii=\u00bbon|16px|16px|16px|16px\u00bb border_width_all=\u00bb1px\u00bb border_color_all=\u00bbrgba(47,58,143,0.5)\u00bb box_shadow_style=\u00bbpreset1&#8243; box_shadow_color=\u00bb#FFFFFF\u00bb global_colors_info=\u00bb{}\u00bb][et_pb_column type=\u00bb4_4&#8243; _builder_version=\u00bb4.16&#8243; custom_padding=\u00bb|||\u00bb global_colors_info=\u00bb{}\u00bb custom_padding__hover=\u00bb|||\u00bb][et_pb_text _builder_version=\u00bb4.24.0&#8243; header_text_color=\u00bb#ffffff\u00bb background_layout=\u00bbdark\u00bb animation_style=\u00bbzoom\u00bb global_colors_info=\u00bb{}\u00bb]<\/p>\n<h1>Les Magnifiques Plages de Moraira<\/h1>\n<p>Le long des 8 kilom\u00e8tres de plages magnifiques, r\u00e9compens\u00e9es par le drapeau bleu de l&#8217;Union europ\u00e9enne et ayant re\u00e7u le certificat de syst\u00e8mes de qualit\u00e9 <strong>ISO9001<\/strong> et de gestion environnementale <strong>ISO140001<\/strong>, se distinguent par leur propret\u00e9, la qualit\u00e9 imbattable de l&#8217;eau, les services et activit\u00e9s vari\u00e9s qui y sont propos\u00e9s.<\/p>\n<p>[\/et_pb_text][\/et_pb_column][\/et_pb_row][\/et_pb_section][et_pb_section fb_built=\u00bb1&#8243; _builder_version=\u00bb4.16&#8243; global_colors_info=\u00bb{}\u00bb][et_pb_row column_structure=\u00bb1_3,1_3,1_3&#8243; _builder_version=\u00bb4.16&#8243; animation_style=\u00bbzoom\u00bb border_radii=\u00bbon|10px|10px|10px|10px\u00bb border_color_all=\u00bb#f2f2f2&#8243; global_colors_info=\u00bb{}\u00bb][et_pb_column type=\u00bb1_3&#8243; _builder_version=\u00bb4.16&#8243; background_color=\u00bb#f2f2f2&#8243; custom_padding=\u00bb30px|30px|30px|30px\u00bb global_colors_info=\u00bb{}\u00bb custom_padding__hover=\u00bb|||\u00bb][et_pb_text _builder_version=\u00bb4.16&#8243; header_text_color=\u00bb#2f3a8f\u00bb global_colors_info=\u00bb{}\u00bb]<\/p>\n<h1>El Portet<\/h1>\n<p>[\/et_pb_text][et_pb_divider show_divider=\u00bboff\u00bb _builder_version=\u00bb4.16&#8243; max_width=\u00bb20%\u00bb height=\u00bb10px\u00bb custom_margin=\u00bb-10px|||\u00bb global_colors_info=\u00bb{}\u00bb][\/et_pb_divider][et_pb_image src=\u00bbhttps:\/\/scubamoraira.com\/wp-content\/uploads\/El-Portet-Beach.jpg\u00bb align_tablet=\u00bbcenter\u00bb align_phone=\u00bb\u00bb align_last_edited=\u00bbon|desktop\u00bb _builder_version=\u00bb4.24.0&#8243; animation_style=\u00bbslide\u00bb animation_direction=\u00bbtop\u00bb border_radii=\u00bbon|16px|16px|16px|16px\u00bb box_shadow_style=\u00bbpreset1&#8243; box_shadow_color=\u00bb#000000&#8243; always_center_on_mobile=\u00bbon\u00bb global_colors_info=\u00bb{}\u00bb][\/et_pb_image][et_pb_text _builder_version=\u00bb4.24.0&#8243; header_text_align=\u00bbjustify\u00bb header_font_size=\u00bb16px\u00bb header_line_height=\u00bb1.3em\u00bb text_orientation=\u00bbjustified\u00bb global_colors_info=\u00bb{}\u00bb]<\/p>\n<h1>La p\u00e9ninsule du Cap d&#8217;Or garde l&#8217;entr\u00e9e et la plage du Portet, avec son sable fin et ses eaux cristallines. Sa petite taille et sa forme de coquillage en font un endroit magnifique pour une baignade tranquille ou pour suivre une exploration sous-marine.<\/h1>\n<h1>Installations pendant l&#8217;\u00e9t\u00e9 :<\/h1>\n<h1>ma\u00eetre-nageur, surveillance, douches, WC, promenades, parking, restaurants.<\/h1>\n<p>[\/et_pb_text][\/et_pb_column][et_pb_column type=\u00bb1_3&#8243; _builder_version=\u00bb4.16&#8243; background_color=\u00bb#f2f2f2&#8243; custom_padding=\u00bb30px|30px|30px|30px\u00bb global_colors_info=\u00bb{}\u00bb custom_padding__hover=\u00bb|||\u00bb][et_pb_text _builder_version=\u00bb4.24.0&#8243; header_text_color=\u00bb#2f3a8f\u00bb global_colors_info=\u00bb{}\u00bb]<\/p>\n<h1>La Crique de Portixol<\/h1>\n<p>[\/et_pb_text][et_pb_divider show_divider=\u00bboff\u00bb _builder_version=\u00bb4.16&#8243; max_width=\u00bb20%\u00bb height=\u00bb10px\u00bb custom_margin=\u00bb-10px|||\u00bb global_colors_info=\u00bb{}\u00bb][\/et_pb_divider][et_pb_image src=\u00bbhttps:\/\/scubamoraira.com\/wp-content\/uploads\/Portichol-Cove.jpg\u00bb align_tablet=\u00bbcenter\u00bb align_phone=\u00bb\u00bb align_last_edited=\u00bbon|desktop\u00bb _builder_version=\u00bb4.24.0&#8243; animation_style=\u00bbslide\u00bb animation_direction=\u00bbtop\u00bb border_radii=\u00bbon|16px|16px|16px|16px\u00bb box_shadow_style=\u00bbpreset1&#8243; box_shadow_color=\u00bb#000000&#8243; always_center_on_mobile=\u00bbon\u00bb global_colors_info=\u00bb{}\u00bb][\/et_pb_image][et_pb_text _builder_version=\u00bb4.24.0&#8243; header_text_align=\u00bbjustify\u00bb header_font_size=\u00bb16px\u00bb header_line_height=\u00bb1.3em\u00bb text_orientation=\u00bbjustified\u00bb global_colors_info=\u00bb{}\u00bb]<\/p>\n<h1>Sur la route de Moraira \u00e0 la plage d&#8217;El Portet, et pr\u00e8s de l&#8217;entr\u00e9e du Club Na\u00fatico, on trouve la crique isol\u00e9e de Portixol, id\u00e9ale pour la plong\u00e9e.<\/h1>\n<p>[\/et_pb_text][\/et_pb_column][et_pb_column type=\u00bb1_3&#8243; _builder_version=\u00bb4.16&#8243; background_color=\u00bb#f2f2f2&#8243; custom_padding=\u00bb30px|30px|30px|30px\u00bb global_colors_info=\u00bb{}\u00bb custom_padding__hover=\u00bb|||\u00bb][et_pb_text _builder_version=\u00bb4.16&#8243; header_text_color=\u00bb#2f3a8f\u00bb global_colors_info=\u00bb{}\u00bb]<\/p>\n<h1>L\u2019Ampolla<\/h1>\n<p>[\/et_pb_text][et_pb_divider show_divider=\u00bboff\u00bb _builder_version=\u00bb4.16&#8243; max_width=\u00bb20%\u00bb height=\u00bb10px\u00bb custom_margin=\u00bb-10px|||\u00bb global_colors_info=\u00bb{}\u00bb][\/et_pb_divider][et_pb_image src=\u00bbhttps:\/\/scubamoraira.com\/wp-content\/uploads\/Lampola-Beach.jpg\u00bb align_tablet=\u00bbcenter\u00bb align_phone=\u00bb\u00bb align_last_edited=\u00bbon|desktop\u00bb _builder_version=\u00bb4.24.0&#8243; animation_style=\u00bbslide\u00bb animation_direction=\u00bbtop\u00bb border_radii=\u00bbon|16px|16px|16px|16px\u00bb box_shadow_style=\u00bbpreset1&#8243; box_shadow_color=\u00bb#000000&#8243; always_center_on_mobile=\u00bbon\u00bb global_colors_info=\u00bb{}\u00bb][\/et_pb_image][et_pb_text _builder_version=\u00bb4.24.0&#8243; header_text_align=\u00bbjustify\u00bb header_font_size=\u00bb16px\u00bb header_line_height=\u00bb1.3em\u00bb text_orientation=\u00bbjustified\u00bb global_colors_info=\u00bb{}\u00bb]<\/p>\n<h1>Au pied du Castillo se trouve l&#8217;Ampolla, la plus anim\u00e9e, la plus urbaine et la plus grande des plages de sable fin et dor\u00e9 de la ville. Installations pendant l&#8217;\u00e9t\u00e9 : sauvetage, surveillance, douches pour les pieds, WC, promenades, chaises longues et parasols, p\u00e9dalos, restaurant et aire de jeux pour les enfants. Plage accessible : am\u00e9nagements sp\u00e9ciaux pour les personnes \u00e0 mobilit\u00e9 r\u00e9duite : fauteuils amphibies, passerelles sp\u00e9ciales jusqu&#8217;au bord de l&#8217;eau, vestiaires, toilettes&#8230;<\/h1>\n<p>[\/et_pb_text][\/et_pb_column][\/et_pb_row][et_pb_row column_structure=\u00bb1_3,1_3,1_3&#8243; _builder_version=\u00bb4.16&#8243; animation_style=\u00bbzoom\u00bb border_radii=\u00bbon|10px|10px|10px|10px\u00bb border_color_all=\u00bb#f2f2f2&#8243; global_colors_info=\u00bb{}\u00bb][et_pb_column type=\u00bb1_3&#8243; _builder_version=\u00bb4.16&#8243; background_color=\u00bb#f2f2f2&#8243; custom_padding=\u00bb30px|30px|30px|30px\u00bb global_colors_info=\u00bb{}\u00bb custom_padding__hover=\u00bb|||\u00bb][et_pb_text _builder_version=\u00bb4.24.0&#8243; header_text_color=\u00bb#2f3a8f\u00bb global_colors_info=\u00bb{}\u00bb]<\/p>\n<h1>Platgetes<\/h1>\n<p>[\/et_pb_text][et_pb_divider show_divider=\u00bboff\u00bb _builder_version=\u00bb4.16&#8243; max_width=\u00bb20%\u00bb height=\u00bb10px\u00bb custom_margin=\u00bb-10px|||\u00bb global_colors_info=\u00bb{}\u00bb][\/et_pb_divider][et_pb_image src=\u00bbhttps:\/\/scubamoraira.com\/wp-content\/uploads\/Platgetes-Beach.jpg\u00bb align_tablet=\u00bbcenter\u00bb align_phone=\u00bb\u00bb align_last_edited=\u00bbon|desktop\u00bb _builder_version=\u00bb4.24.0&#8243; animation_style=\u00bbslide\u00bb animation_direction=\u00bbtop\u00bb border_radii=\u00bbon|16px|16px|16px|16px\u00bb box_shadow_style=\u00bbpreset1&#8243; box_shadow_color=\u00bb#000000&#8243; always_center_on_mobile=\u00bbon\u00bb global_colors_info=\u00bb{}\u00bb][\/et_pb_image][et_pb_text _builder_version=\u00bb4.16&#8243; header_text_align=\u00bbjustify\u00bb header_font_size=\u00bb16px\u00bb header_line_height=\u00bb1.3em\u00bb text_orientation=\u00bbjustified\u00bb global_colors_info=\u00bb{}\u00bb]<\/p>\n<h1>Two small coves of clear waters that combine sandy and rocky areas with an attractive promenade-viewpoint with gardens and car park. Facilities during the summer: lifesaving, vigilance, foot showers, WC, boardwalks, promenade-viewpoint.<\/h1>\n<p>[\/et_pb_text][\/et_pb_column][et_pb_column type=\u00bb1_3&#8243; _builder_version=\u00bb4.16&#8243; background_color=\u00bb#f2f2f2&#8243; custom_padding=\u00bb30px|30px|30px|30px\u00bb global_colors_info=\u00bb{}\u00bb custom_padding__hover=\u00bb|||\u00bb][et_pb_text _builder_version=\u00bb4.24.0&#8243; header_text_color=\u00bb#2f3a8f\u00bb global_colors_info=\u00bb{}\u00bb]<\/p>\n<h1>La Crique de L&#8217;Andrago<\/h1>\n<p>[\/et_pb_text][et_pb_divider show_divider=\u00bboff\u00bb _builder_version=\u00bb4.16&#8243; max_width=\u00bb20%\u00bb height=\u00bb10px\u00bb custom_margin=\u00bb-10px|||\u00bb global_colors_info=\u00bb{}\u00bb][\/et_pb_divider][et_pb_image src=\u00bbhttps:\/\/scubamoraira.com\/wp-content\/uploads\/Andrago-Beach.jpg\u00bb align_tablet=\u00bbcenter\u00bb align_phone=\u00bb\u00bb align_last_edited=\u00bbon|desktop\u00bb _builder_version=\u00bb4.24.0&#8243; animation_style=\u00bbslide\u00bb animation_direction=\u00bbtop\u00bb border_radii=\u00bbon|16px|16px|16px|16px\u00bb box_shadow_style=\u00bbpreset1&#8243; box_shadow_color=\u00bb#000000&#8243; always_center_on_mobile=\u00bbon\u00bb global_colors_info=\u00bb{}\u00bb][\/et_pb_image][et_pb_text _builder_version=\u00bb4.24.0&#8243; header_text_align=\u00bbjustify\u00bb header_font_size=\u00bb16px\u00bb header_line_height=\u00bb1.3em\u00bb text_orientation=\u00bbjustified\u00bb global_colors_info=\u00bb{}\u00bb]<\/p>\n<h1>Les rochers et la profondeur de ses eaux transparentes sont id\u00e9aux pour la plong\u00e9e. Un joli mirador domine la crique et offre l&#8217;une des vues les plus photographi\u00e9es de la c\u00f4te.<\/h1>\n<p>[\/et_pb_text][\/et_pb_column][et_pb_column type=\u00bb1_3&#8243; _builder_version=\u00bb4.16&#8243; background_color=\u00bb#f2f2f2&#8243; custom_padding=\u00bb30px|30px|30px|30px\u00bb global_colors_info=\u00bb{}\u00bb custom_padding__hover=\u00bb|||\u00bb][et_pb_text _builder_version=\u00bb4.24.0&#8243; header_text_color=\u00bb#2f3a8f\u00bb global_colors_info=\u00bb{}\u00bb]<\/p>\n<h1>La Crique du Cap Blanc<\/h1>\n<p>[\/et_pb_text][et_pb_divider show_divider=\u00bboff\u00bb _builder_version=\u00bb4.16&#8243; max_width=\u00bb20%\u00bb height=\u00bb10px\u00bb custom_margin=\u00bb-10px|||\u00bb global_colors_info=\u00bb{}\u00bb][\/et_pb_divider][et_pb_image src=\u00bbhttps:\/\/scubamoraira.com\/wp-content\/uploads\/Cap-Blanc-Cove.jpg\u00bb align_tablet=\u00bbcenter\u00bb align_phone=\u00bb\u00bb align_last_edited=\u00bbon|desktop\u00bb _builder_version=\u00bb4.16&#8243; animation_style=\u00bbslide\u00bb animation_direction=\u00bbtop\u00bb always_center_on_mobile=\u00bbon\u00bb global_colors_info=\u00bb{}\u00bb][\/et_pb_image][et_pb_text _builder_version=\u00bb4.24.0&#8243; header_text_align=\u00bbjustify\u00bb header_font_size=\u00bb16px\u00bb header_line_height=\u00bb1.3em\u00bb text_orientation=\u00bbjustified\u00bb global_colors_info=\u00bb{}\u00bb]<\/p>\n<h1>Sa tranquillit\u00e9 et sa beaut\u00e9 offrent des avantages incomparables pour la plong\u00e9e et la p\u00eache, ainsi que pour les bains de soleil ou les baignades. Ses eaux, parfois agit\u00e9es, mettent en valeur la beaut\u00e9 des rochers continuellement polis par le mouvement des eaux.<\/h1>\n<p>[\/et_pb_text][\/et_pb_column][\/et_pb_row][\/et_pb_section]<\/p>\n","protected":false},"excerpt":{"rendered":"<p>Les Magnifiques Plages de Moraira Le long des 8 kilom\u00e8tres de plages magnifiques, r\u00e9compens\u00e9es par le drapeau bleu de l&#8217;Union europ\u00e9enne et ayant re\u00e7u le certificat de syst\u00e8mes de qualit\u00e9 ISO9001 et de gestion environnementale ISO140001, se distinguent par leur propret\u00e9, la qualit\u00e9 imbattable de l&#8217;eau, les services et activit\u00e9s vari\u00e9s qui y sont propos\u00e9s.El [&hellip;]<\/p>\n","protected":false},"author":3,"featured_media":0,"parent":0,"menu_order":0,"comment_status":"closed","ping_status":"closed","template":"","meta":{"_et_pb_use_builder":"on","_et_pb_old_content":"","_et_gb_content_width":"","footnotes":""},"class_list":["post-337","page","type-page","status-publish","hentry"],"yoast_head":"<!-- This site is optimized with the Yoast SEO plugin v27.3 - https:\/\/yoast.com\/product\/yoast-seo-wordpress\/ -->\n<title>Moraira &#8226; Scuba Moraira<\/title>\n<meta name=\"robots\" content=\"index, follow, max-snippet:-1, max-image-preview:large, max-video-preview:-1\" \/>\n<link rel=\"canonical\" href=\"https:\/\/scubamoraira.com\/fr\/moraira\/\" \/>\n<meta property=\"og:locale\" content=\"es_ES\" \/>\n<meta property=\"og:type\" content=\"article\" \/>\n<meta property=\"og:title\" content=\"Moraira &#8226; Scuba Moraira\" \/>\n<meta property=\"og:description\" content=\"Les Magnifiques Plages de Moraira Le long des 8 kilom\u00e8tres de plages magnifiques, r\u00e9compens\u00e9es par le drapeau bleu de l&#039;Union europ\u00e9enne et ayant re\u00e7u le certificat de syst\u00e8mes de qualit\u00e9 ISO9001 et de gestion environnementale ISO140001, se distinguent par leur propret\u00e9, la qualit\u00e9 imbattable de l&#039;eau, les services et activit\u00e9s vari\u00e9s qui y sont propos\u00e9s.El [&hellip;]\" \/>\n<meta property=\"og:url\" content=\"https:\/\/scubamoraira.com\/fr\/moraira\/\" \/>\n<meta property=\"og:site_name\" content=\"Scuba Moraira\" \/>\n<meta property=\"article:modified_time\" content=\"2024-04-17T06:30:46+00:00\" \/>\n<meta name=\"twitter:card\" content=\"summary_large_image\" \/>\n<meta name=\"twitter:label1\" content=\"Tiempo de lectura\" \/>\n\t<meta name=\"twitter:data1\" content=\"3 minutos\" \/>\n<script type=\"application\/ld+json\" class=\"yoast-schema-graph\">{\"@context\":\"https:\\\/\\\/schema.org\",\"@graph\":[{\"@type\":\"WebPage\",\"@id\":\"https:\\\/\\\/scubamoraira.com\\\/fr\\\/moraira\\\/\",\"url\":\"https:\\\/\\\/scubamoraira.com\\\/fr\\\/moraira\\\/\",\"name\":\"Moraira &#8226; Scuba Moraira\",\"isPartOf\":{\"@id\":\"https:\\\/\\\/scubamoraira.com\\\/fr\\\/#website\"},\"datePublished\":\"2018-01-30T12:42:07+00:00\",\"dateModified\":\"2024-04-17T06:30:46+00:00\",\"breadcrumb\":{\"@id\":\"https:\\\/\\\/scubamoraira.com\\\/fr\\\/moraira\\\/#breadcrumb\"},\"inLanguage\":\"es\",\"potentialAction\":[{\"@type\":\"ReadAction\",\"target\":[\"https:\\\/\\\/scubamoraira.com\\\/fr\\\/moraira\\\/\"]}]},{\"@type\":\"BreadcrumbList\",\"@id\":\"https:\\\/\\\/scubamoraira.com\\\/fr\\\/moraira\\\/#breadcrumb\",\"itemListElement\":[{\"@type\":\"ListItem\",\"position\":1,\"name\":\"Portada\",\"item\":\"https:\\\/\\\/scubamoraira.com\\\/fr\\\/\"},{\"@type\":\"ListItem\",\"position\":2,\"name\":\"Moraira\"}]},{\"@type\":\"WebSite\",\"@id\":\"https:\\\/\\\/scubamoraira.com\\\/fr\\\/#website\",\"url\":\"https:\\\/\\\/scubamoraira.com\\\/fr\\\/\",\"name\":\"Scuba Moraira\",\"description\":\"\",\"potentialAction\":[{\"@type\":\"SearchAction\",\"target\":{\"@type\":\"EntryPoint\",\"urlTemplate\":\"https:\\\/\\\/scubamoraira.com\\\/fr\\\/?s={search_term_string}\"},\"query-input\":{\"@type\":\"PropertyValueSpecification\",\"valueRequired\":true,\"valueName\":\"search_term_string\"}}],\"inLanguage\":\"es\"}]}<\/script>\n<!-- \/ Yoast SEO plugin. -->","yoast_head_json":{"title":"Moraira &#8226; Scuba Moraira","robots":{"index":"index","follow":"follow","max-snippet":"max-snippet:-1","max-image-preview":"max-image-preview:large","max-video-preview":"max-video-preview:-1"},"canonical":"https:\/\/scubamoraira.com\/fr\/moraira\/","og_locale":"es_ES","og_type":"article","og_title":"Moraira &#8226; Scuba Moraira","og_description":"Les Magnifiques Plages de Moraira Le long des 8 kilom\u00e8tres de plages magnifiques, r\u00e9compens\u00e9es par le drapeau bleu de l'Union europ\u00e9enne et ayant re\u00e7u le certificat de syst\u00e8mes de qualit\u00e9 ISO9001 et de gestion environnementale ISO140001, se distinguent par leur propret\u00e9, la qualit\u00e9 imbattable de l'eau, les services et activit\u00e9s vari\u00e9s qui y sont propos\u00e9s.El [&hellip;]","og_url":"https:\/\/scubamoraira.com\/fr\/moraira\/","og_site_name":"Scuba Moraira","article_modified_time":"2024-04-17T06:30:46+00:00","twitter_card":"summary_large_image","twitter_misc":{"Tiempo de lectura":"3 minutos"},"schema":{"@context":"https:\/\/schema.org","@graph":[{"@type":"WebPage","@id":"https:\/\/scubamoraira.com\/fr\/moraira\/","url":"https:\/\/scubamoraira.com\/fr\/moraira\/","name":"Moraira &#8226; Scuba Moraira","isPartOf":{"@id":"https:\/\/scubamoraira.com\/fr\/#website"},"datePublished":"2018-01-30T12:42:07+00:00","dateModified":"2024-04-17T06:30:46+00:00","breadcrumb":{"@id":"https:\/\/scubamoraira.com\/fr\/moraira\/#breadcrumb"},"inLanguage":"es","potentialAction":[{"@type":"ReadAction","target":["https:\/\/scubamoraira.com\/fr\/moraira\/"]}]},{"@type":"BreadcrumbList","@id":"https:\/\/scubamoraira.com\/fr\/moraira\/#breadcrumb","itemListElement":[{"@type":"ListItem","position":1,"name":"Portada","item":"https:\/\/scubamoraira.com\/fr\/"},{"@type":"ListItem","position":2,"name":"Moraira"}]},{"@type":"WebSite","@id":"https:\/\/scubamoraira.com\/fr\/#website","url":"https:\/\/scubamoraira.com\/fr\/","name":"Scuba Moraira","description":"","potentialAction":[{"@type":"SearchAction","target":{"@type":"EntryPoint","urlTemplate":"https:\/\/scubamoraira.com\/fr\/?s={search_term_string}"},"query-input":{"@type":"PropertyValueSpecification","valueRequired":true,"valueName":"search_term_string"}}],"inLanguage":"es"}]}},"_links":{"self":[{"href":"https:\/\/scubamoraira.com\/fr\/wp-json\/wp\/v2\/pages\/337","targetHints":{"allow":["GET"]}}],"collection":[{"href":"https:\/\/scubamoraira.com\/fr\/wp-json\/wp\/v2\/pages"}],"about":[{"href":"https:\/\/scubamoraira.com\/fr\/wp-json\/wp\/v2\/types\/page"}],"author":[{"embeddable":true,"href":"https:\/\/scubamoraira.com\/fr\/wp-json\/wp\/v2\/users\/3"}],"replies":[{"embeddable":true,"href":"https:\/\/scubamoraira.com\/fr\/wp-json\/wp\/v2\/comments?post=337"}],"version-history":[{"count":8,"href":"https:\/\/scubamoraira.com\/fr\/wp-json\/wp\/v2\/pages\/337\/revisions"}],"predecessor-version":[{"id":2496,"href":"https:\/\/scubamoraira.com\/fr\/wp-json\/wp\/v2\/pages\/337\/revisions\/2496"}],"wp:attachment":[{"href":"https:\/\/scubamoraira.com\/fr\/wp-json\/wp\/v2\/media?parent=337"}],"curies":[{"name":"wp","href":"https:\/\/api.w.org\/{rel}","templated":true}]}}