{"id":2336,"date":"2024-01-26T09:38:53","date_gmt":"2024-01-26T09:38:53","guid":{"rendered":"https:\/\/scubamoraira.com\/fr\/?page_id=2336"},"modified":"2026-03-20T15:21:42","modified_gmt":"2026-03-20T15:21:42","slug":"ssi-divemaster-course","status":"publish","type":"page","link":"https:\/\/scubamoraira.com\/fr\/ssi-divemaster-course\/","title":{"rendered":"SSI Divemaster Course"},"content":{"rendered":"<p>[et_pb_section fb_built=\u00bb1&#8243; fullwidth=\u00bbon\u00bb _builder_version=\u00bb4.16&#8243; background_color=\u00bb#e2242e\u00bb global_colors_info=\u00bb{}\u00bb][et_pb_fullwidth_header title=\u00bbSSI Divemaster \u00bb _builder_version=\u00bb4.24.0&#8243; title_font=\u00bbStardos Stencil||||||||\u00bb background_color=\u00bbrgba(255, 255, 255, 0)\u00bb animation_style=\u00bbbounce\u00bb title_text_shadow_style=\u00bbpreset1&#8243; title_text_shadow_color=\u00bb#000000&#8243; global_colors_info=\u00bb{}\u00bb button_one_text_size__hover_enabled=\u00bboff\u00bb button_two_text_size__hover_enabled=\u00bboff\u00bb button_one_text_color__hover_enabled=\u00bboff\u00bb button_two_text_color__hover_enabled=\u00bboff\u00bb button_one_border_width__hover_enabled=\u00bboff\u00bb button_two_border_width__hover_enabled=\u00bboff\u00bb button_one_border_color__hover_enabled=\u00bboff\u00bb button_two_border_color__hover_enabled=\u00bboff\u00bb button_one_border_radius__hover_enabled=\u00bboff\u00bb button_two_border_radius__hover_enabled=\u00bboff\u00bb button_one_letter_spacing__hover_enabled=\u00bboff\u00bb button_two_letter_spacing__hover_enabled=\u00bboff\u00bb button_one_bg_color__hover_enabled=\u00bboff\u00bb button_two_bg_color__hover_enabled=\u00bboff\u00bb][\/et_pb_fullwidth_header][\/et_pb_section][et_pb_section fb_built=\u00bb1&#8243; _builder_version=\u00bb4.16&#8243; background_color=\u00bb#f2f2f2&#8243; custom_padding=\u00bb90px||90px|||\u00bb global_colors_info=\u00bb{}\u00bb][et_pb_row column_structure=\u00bb1_3,1_3,1_3&#8243; _builder_version=\u00bb4.16&#8243; background_size=\u00bbinitial\u00bb background_position=\u00bbtop_left\u00bb background_repeat=\u00bbrepeat\u00bb module_alignment=\u00bbcenter\u00bb custom_margin=\u00bb1px|auto||auto||\u00bb custom_padding=\u00bb|0px||||\u00bb global_colors_info=\u00bb{}\u00bb][et_pb_column type=\u00bb1_3&#8243; _builder_version=\u00bb4.16&#8243; _module_preset=\u00bbdefault\u00bb global_colors_info=\u00bb{}\u00bb][et_pb_image src=\u00bbhttps:\/\/scubamoraira.com\/fr\/wp-content\/uploads\/Presentation-Divemaster.jpg\u00bb title_text=\u00bbPresentation-Divemaster\u00bb _builder_version=\u00bb4.21.0&#8243; _module_preset=\u00bbdefault\u00bb animation_style=\u00bbbounce\u00bb border_radii=\u00bbon|16px|16px|16px|16px\u00bb box_shadow_style=\u00bbpreset1&#8243; box_shadow_color=\u00bb#000000&#8243; global_colors_info=\u00bb{}\u00bb][\/et_pb_image][\/et_pb_column][et_pb_column type=\u00bb1_3&#8243; _builder_version=\u00bb4.16&#8243; custom_padding=\u00bb|||\u00bb global_colors_info=\u00bb{}\u00bb custom_padding__hover=\u00bb|||\u00bb][et_pb_text _builder_version=\u00bb4.24.0&#8243; text_font_size=\u00bb20px\u00bb header_text_color=\u00bb#2f3a8f\u00bb animation_style=\u00bbzoom\u00bb global_colors_info=\u00bb{}\u00bb]<\/p>\n<p><strong><span style=\"color: #000000;\">En tant que Divemaster SSI, votre mission sera d&#8217;inspirer et d&#8217;influencer les autres plongeurs, d&#8217;accro\u00eetre vos propres connaissances, comp\u00e9tences et exp\u00e9rience en planifiant et en dirigeant des plong\u00e9es. Comme il existe une forte demande dans l&#8217;industrie de la plong\u00e9e r\u00e9cr\u00e9ative pour des individus qui peuvent partager leur amour du sport et du monde sous-marin avec les autres, le programme Divemaster vous formera pour \u00eatre un professionnel de la plong\u00e9e bien pr\u00e9par\u00e9, polyvalent et attractif. C&#8217;est \u00e9galement la premi\u00e8re \u00e9tape pour devenir instructeur SSI Open Water. Ce cours est con\u00e7u pour \u00eatre une exp\u00e9rience d&#8217;apprentissage amusante et stimulante o\u00f9 vous devrez poser des questions et jouer un r\u00f4le actif dans le processus de formation. Vos comp\u00e9tences de base seront affin\u00e9es et test\u00e9es au fur et \u00e0 mesure que vous deviendrez un chef de plong\u00e9e comp\u00e9tent et professionnel.<\/span><\/strong><\/p>\n<p>&nbsp;<\/p>\n<p>&nbsp;<\/p>\n<p>[\/et_pb_text][\/et_pb_column][et_pb_column type=\u00bb1_3&#8243; _builder_version=\u00bb4.16&#8243; custom_padding=\u00bb|||\u00bb global_colors_info=\u00bb{}\u00bb custom_padding__hover=\u00bb|||\u00bb][et_pb_blurb title=\u00bbConditions Pr\u00e9alables\u00bb use_icon=\u00bbon\u00bb font_icon=\u00bb&#x52;||divi||400&#8243; icon_color=\u00bb#FFFFFF\u00bb image_icon_width=\u00bb40px\u00bb _builder_version=\u00bb4.24.0&#8243; header_level=\u00bbh2&#8243; header_text_align=\u00bbcenter\u00bb header_text_color=\u00bb#ffffff\u00bb background_color=\u00bb#599ecd\u00bb text_orientation=\u00bbcenter\u00bb background_layout=\u00bbdark\u00bb custom_margin=\u00bb0px||||false|false\u00bb animation_style=\u00bbzoom\u00bb border_radii=\u00bbon|16px|16px|16px|16px\u00bb box_shadow_style=\u00bbpreset1&#8243; box_shadow_color=\u00bb#000000&#8243; icon_font_size=\u00bb40px\u00bb global_colors_info=\u00bb{}\u00bb]<\/p>\n<p>18 ans ou plus<\/p>\n<p>Guide de plong\u00e9e professionnel SSI (aucune \u00e9quivalence autoris\u00e9e)<\/p>\n<p>SSI Science of Diving (pas d&#8217;\u00e9quivalence autoris\u00e9e)<\/p>\n<p>60 plong\u00e9es homologu\u00e9es<\/p>\n<p style=\"padding-left: 40px; text-align: center;\">\n<p style=\"padding-left: 40px; text-align: center;\"><span style=\"color: #ffffff;\"><\/span><\/p>\n<p><span style=\"color: #ffffff;\"><\/span><\/p>\n<p>[\/et_pb_blurb][\/et_pb_column][\/et_pb_row][\/et_pb_section][et_pb_section fb_built=\u00bb1&#8243; _builder_version=\u00bb4.16&#8243; global_colors_info=\u00bb{}\u00bb][et_pb_row _builder_version=\u00bb4.16&#8243; border_radii=\u00bbon|10px|10px|10px|10px\u00bb border_color_all=\u00bb#f2f2f2&#8243; global_colors_info=\u00bb{}\u00bb][et_pb_column type=\u00bb4_4&#8243; _builder_version=\u00bb4.16&#8243; custom_padding=\u00bb|||\u00bb global_colors_info=\u00bb{}\u00bb custom_padding__hover=\u00bb|||\u00bb][et_pb_tabs active_tab_background_color=\u00bb#2f3a8f\u00bb inactive_tab_background_color=\u00bb#939393&#8243; _builder_version=\u00bb4.27.4&#8243; tab_text_color=\u00bb#2f3a8f\u00bb animation_style=\u00bbzoom\u00bb hover_enabled=\u00bb0&#8243; global_colors_info=\u00bb{}\u00bb sticky_enabled=\u00bb0&#8243;][et_pb_tab title=\u00bbComment cela fonctionne-t-il ?\u00bb _builder_version=\u00bb4.24.0&#8243; body_text_align=\u00bbjustify\u00bb tab_text_color=\u00bb#ffffff\u00bb tab_font_size=\u00bb18&#8243; tab_font_size_tablet=\u00bb18&#8243; tab_font_size_phone=\u00bb18&#8243; global_colors_info=\u00bb{}\u00bb]<\/p>\n<p>Apr\u00e8s avoir t\u00e9l\u00e9charg\u00e9 l&#8217;application MySSI, vous devrez vous inscrire au cours de Divemaster, puis vous obtiendrez le mat\u00e9riel d&#8217;apprentissage num\u00e9rique avec des pr\u00e9sentations interactives comprenant des vid\u00e9os, du son, des graphiques et de la lecture. De courts quiz vous permettent d&#8217;\u00e9valuer vos progr\u00e8s, de revoir et de corriger tout ce que vous pourriez manquer. Cela vous permet d&#8217;avancer dans le programme efficacement et \u00e0 votre propre rythme.<\/p>\n<p>[\/et_pb_tab][et_pb_tab title=\u00bbAvantages\u00bb _builder_version=\u00bb4.24.0&#8243; _module_preset=\u00bbdefault\u00bb body_text_color=\u00bb#FFFFFF\u00bb tab_text_color=\u00bb#FFFFFF\u00bb tab_font_size=\u00bb18px\u00bb global_colors_info=\u00bb{}\u00bb]<\/p>\n<p>Apr\u00e8s ce cours, vous serez capable de :<\/p>\n<ul>\n<li>Guider des plongeurs certifi\u00e9s lors de plong\u00e9es r\u00e9cr\u00e9atives.<\/li>\n<li>Enseigner, superviser et d\u00e9livrer des cartes de reconnaissance pour le cours SSI Snorkel Diver.<\/li>\n<li>Assister pendant les plong\u00e9es d&#8217;entra\u00eenement Open Water en emmenant pas plus de 2 \u00e9tudiants \u00e0 la fois pour des plong\u00e9es d&#8217;excursion.<\/li>\n<li>Se qualifier en tant que sp\u00e9cialiste de la formation pour tous les programmes d&#8217;\u00e9cologie SSI.<\/li>\n<li>S&#8217;inscrire \u00e0 un cours de formation d&#8217;instructeur SSI.<\/li>\n<\/ul>\n<p>[\/et_pb_tab][et_pb_tab title=\u00bbPrix &#038; Dur\u00e9e\u00bb _builder_version=\u00bb4.27.4&#8243; body_text_align=\u00bbjustify\u00bb tab_text_color=\u00bb#ffffff\u00bb tab_font_size=\u00bb18&#8243; hover_enabled=\u00bb0&#8243; tab_font_size_tablet=\u00bb18&#8243; tab_font_size_phone=\u00bb18&#8243; global_colors_info=\u00bb{}\u00bb sticky_enabled=\u00bb0&#8243;]<\/p>\n<p>\u20ac1295 \/ Minimum 20 plong\u00e9es.<\/p>\n<p>[\/et_pb_tab][\/et_pb_tabs][\/et_pb_column][\/et_pb_row][\/et_pb_section][et_pb_section fb_built=\u00bb1&#8243; _builder_version=\u00bb4.16&#8243; background_image=\u00bbhttps:\/\/scubamoraira.com\/wp-content\/uploads\/cta_scuba.jpg\u00bb global_colors_info=\u00bb{}\u00bb][et_pb_row column_structure=\u00bb1_3,2_3&#8243; _builder_version=\u00bb4.16&#8243; background_size=\u00bbinitial\u00bb background_position=\u00bbtop_left\u00bb background_repeat=\u00bbrepeat\u00bb global_colors_info=\u00bb{}\u00bb][et_pb_column type=\u00bb1_3&#8243; _builder_version=\u00bb4.16&#8243; custom_padding=\u00bb|||\u00bb global_colors_info=\u00bb{}\u00bb custom_padding__hover=\u00bb|||\u00bb][\/et_pb_column][et_pb_column type=\u00bb2_3&#8243; _builder_version=\u00bb4.16&#8243; custom_padding=\u00bb|||\u00bb global_colors_info=\u00bb{}\u00bb custom_padding__hover=\u00bb|||\u00bb][et_pb_text _builder_version=\u00bb4.24.0&#8243; text_font_size=\u00bb18px\u00bb header_font=\u00bbStardos Stencil||||||||\u00bb header_font_size=\u00bb35px\u00bb background_layout=\u00bbdark\u00bb animation_style=\u00bbslide\u00bb animation_direction=\u00bbtop\u00bb global_colors_info=\u00bb{}\u00bb]<\/p>\n<h1 class=\"blue\">La Prochaine Aventure!<\/h1>\n<p>Le cours de Divemaster SSI peut \u00eatre combin\u00e9 avec toutes les sp\u00e9cialit\u00e9s de la plong\u00e9e r\u00e9cr\u00e9ative et les cours d&#8217;Assistant Instructeur SSI !<\/p>\n<p>[\/et_pb_text][et_pb_button button_url=\u00bbhttps:\/\/scubamoraira.com\/fr\/courses\/%20&#8243; button_text=\u00bbAutres Cours!\u00bb button_alignment=\u00bbleft\u00bb _builder_version=\u00bb4.24.0&#8243; custom_button=\u00bbon\u00bb button_text_size=\u00bb18&#8243; button_text_color=\u00bb#ffffff\u00bb button_bg_color=\u00bb#2f3a8f\u00bb button_border_width=\u00bb1&#8243; button_border_color=\u00bb#2f3a8f\u00bb button_icon=\u00bb&#x4e;||divi||400&#8243; button_icon_color=\u00bb#ffffff\u00bb button_text_color_hover=\u00bb#ffffff\u00bb button_border_color_hover=\u00bb#e2242e\u00bb button_bg_color_hover=\u00bb#e2242e\u00bb global_colors_info=\u00bb{}\u00bb button_text_size__hover_enabled=\u00bboff\u00bb button_one_text_size__hover_enabled=\u00bboff\u00bb button_two_text_size__hover_enabled=\u00bboff\u00bb button_text_color__hover_enabled=\u00bbon\u00bb button_text_color__hover=\u00bb#ffffff\u00bb button_one_text_color__hover_enabled=\u00bboff\u00bb button_two_text_color__hover_enabled=\u00bboff\u00bb button_border_width__hover_enabled=\u00bboff\u00bb button_one_border_width__hover_enabled=\u00bboff\u00bb button_two_border_width__hover_enabled=\u00bboff\u00bb button_border_color__hover_enabled=\u00bbon\u00bb button_border_color__hover=\u00bb#e2242e\u00bb button_one_border_color__hover_enabled=\u00bboff\u00bb button_two_border_color__hover_enabled=\u00bboff\u00bb button_border_radius__hover_enabled=\u00bboff\u00bb button_one_border_radius__hover_enabled=\u00bboff\u00bb button_two_border_radius__hover_enabled=\u00bboff\u00bb button_letter_spacing__hover_enabled=\u00bboff\u00bb button_one_letter_spacing__hover_enabled=\u00bboff\u00bb button_two_letter_spacing__hover_enabled=\u00bboff\u00bb button_bg_color__hover_enabled=\u00bbon\u00bb button_bg_color__hover=\u00bb#e2242e\u00bb button_one_bg_color__hover_enabled=\u00bboff\u00bb button_two_bg_color__hover_enabled=\u00bboff\u00bb][\/et_pb_button][\/et_pb_column][\/et_pb_row][\/et_pb_section]<\/p>\n","protected":false},"excerpt":{"rendered":"<p>En tant que Divemaster SSI, votre mission sera d&#8217;inspirer et d&#8217;influencer les autres plongeurs, d&#8217;accro\u00eetre vos propres connaissances, comp\u00e9tences et exp\u00e9rience en planifiant et en dirigeant des plong\u00e9es. Comme il existe une forte demande dans l&#8217;industrie de la plong\u00e9e r\u00e9cr\u00e9ative pour des individus qui peuvent partager leur amour du sport et du monde sous-marin avec [&hellip;]<\/p>\n","protected":false},"author":2,"featured_media":0,"parent":0,"menu_order":0,"comment_status":"closed","ping_status":"closed","template":"","meta":{"_et_pb_use_builder":"on","_et_pb_old_content":"","_et_gb_content_width":"","footnotes":""},"class_list":["post-2336","page","type-page","status-publish","hentry"],"yoast_head":"<!-- This site is optimized with the Yoast SEO plugin v27.4 - https:\/\/yoast.com\/product\/yoast-seo-wordpress\/ -->\n<title>SSI Divemaster Course &#8226; Scuba Moraira<\/title>\n<meta name=\"robots\" content=\"index, follow, max-snippet:-1, max-image-preview:large, max-video-preview:-1\" \/>\n<link rel=\"canonical\" href=\"https:\/\/scubamoraira.com\/fr\/ssi-divemaster-course\/\" \/>\n<meta property=\"og:locale\" content=\"es_ES\" \/>\n<meta property=\"og:type\" content=\"article\" \/>\n<meta property=\"og:title\" content=\"SSI Divemaster Course &#8226; Scuba Moraira\" \/>\n<meta property=\"og:description\" content=\"En tant que Divemaster SSI, votre mission sera d&#039;inspirer et d&#039;influencer les autres plongeurs, d&#039;accro\u00eetre vos propres connaissances, comp\u00e9tences et exp\u00e9rience en planifiant et en dirigeant des plong\u00e9es. Comme il existe une forte demande dans l&#039;industrie de la plong\u00e9e r\u00e9cr\u00e9ative pour des individus qui peuvent partager leur amour du sport et du monde sous-marin avec [&hellip;]\" \/>\n<meta property=\"og:url\" content=\"https:\/\/scubamoraira.com\/fr\/ssi-divemaster-course\/\" \/>\n<meta property=\"og:site_name\" content=\"Scuba Moraira\" \/>\n<meta property=\"article:modified_time\" content=\"2026-03-20T15:21:42+00:00\" \/>\n<meta name=\"twitter:card\" content=\"summary_large_image\" \/>\n<meta name=\"twitter:label1\" content=\"Tiempo de lectura\" \/>\n\t<meta name=\"twitter:data1\" content=\"2 minutos\" \/>\n<script type=\"application\/ld+json\" class=\"yoast-schema-graph\">{\"@context\":\"https:\\\/\\\/schema.org\",\"@graph\":[{\"@type\":\"WebPage\",\"@id\":\"https:\\\/\\\/scubamoraira.com\\\/fr\\\/ssi-divemaster-course\\\/\",\"url\":\"https:\\\/\\\/scubamoraira.com\\\/fr\\\/ssi-divemaster-course\\\/\",\"name\":\"SSI Divemaster Course &#8226; Scuba Moraira\",\"isPartOf\":{\"@id\":\"https:\\\/\\\/scubamoraira.com\\\/fr\\\/#website\"},\"datePublished\":\"2024-01-26T09:38:53+00:00\",\"dateModified\":\"2026-03-20T15:21:42+00:00\",\"breadcrumb\":{\"@id\":\"https:\\\/\\\/scubamoraira.com\\\/fr\\\/ssi-divemaster-course\\\/#breadcrumb\"},\"inLanguage\":\"es\",\"potentialAction\":[{\"@type\":\"ReadAction\",\"target\":[\"https:\\\/\\\/scubamoraira.com\\\/fr\\\/ssi-divemaster-course\\\/\"]}]},{\"@type\":\"BreadcrumbList\",\"@id\":\"https:\\\/\\\/scubamoraira.com\\\/fr\\\/ssi-divemaster-course\\\/#breadcrumb\",\"itemListElement\":[{\"@type\":\"ListItem\",\"position\":1,\"name\":\"Portada\",\"item\":\"https:\\\/\\\/scubamoraira.com\\\/fr\\\/\"},{\"@type\":\"ListItem\",\"position\":2,\"name\":\"SSI Divemaster Course\"}]},{\"@type\":\"WebSite\",\"@id\":\"https:\\\/\\\/scubamoraira.com\\\/fr\\\/#website\",\"url\":\"https:\\\/\\\/scubamoraira.com\\\/fr\\\/\",\"name\":\"Scuba Moraira\",\"description\":\"\",\"potentialAction\":[{\"@type\":\"SearchAction\",\"target\":{\"@type\":\"EntryPoint\",\"urlTemplate\":\"https:\\\/\\\/scubamoraira.com\\\/fr\\\/?s={search_term_string}\"},\"query-input\":{\"@type\":\"PropertyValueSpecification\",\"valueRequired\":true,\"valueName\":\"search_term_string\"}}],\"inLanguage\":\"es\"}]}<\/script>\n<!-- \/ Yoast SEO plugin. -->","yoast_head_json":{"title":"SSI Divemaster Course &#8226; Scuba Moraira","robots":{"index":"index","follow":"follow","max-snippet":"max-snippet:-1","max-image-preview":"max-image-preview:large","max-video-preview":"max-video-preview:-1"},"canonical":"https:\/\/scubamoraira.com\/fr\/ssi-divemaster-course\/","og_locale":"es_ES","og_type":"article","og_title":"SSI Divemaster Course &#8226; Scuba Moraira","og_description":"En tant que Divemaster SSI, votre mission sera d'inspirer et d'influencer les autres plongeurs, d'accro\u00eetre vos propres connaissances, comp\u00e9tences et exp\u00e9rience en planifiant et en dirigeant des plong\u00e9es. Comme il existe une forte demande dans l'industrie de la plong\u00e9e r\u00e9cr\u00e9ative pour des individus qui peuvent partager leur amour du sport et du monde sous-marin avec [&hellip;]","og_url":"https:\/\/scubamoraira.com\/fr\/ssi-divemaster-course\/","og_site_name":"Scuba Moraira","article_modified_time":"2026-03-20T15:21:42+00:00","twitter_card":"summary_large_image","twitter_misc":{"Tiempo de lectura":"2 minutos"},"schema":{"@context":"https:\/\/schema.org","@graph":[{"@type":"WebPage","@id":"https:\/\/scubamoraira.com\/fr\/ssi-divemaster-course\/","url":"https:\/\/scubamoraira.com\/fr\/ssi-divemaster-course\/","name":"SSI Divemaster Course &#8226; Scuba Moraira","isPartOf":{"@id":"https:\/\/scubamoraira.com\/fr\/#website"},"datePublished":"2024-01-26T09:38:53+00:00","dateModified":"2026-03-20T15:21:42+00:00","breadcrumb":{"@id":"https:\/\/scubamoraira.com\/fr\/ssi-divemaster-course\/#breadcrumb"},"inLanguage":"es","potentialAction":[{"@type":"ReadAction","target":["https:\/\/scubamoraira.com\/fr\/ssi-divemaster-course\/"]}]},{"@type":"BreadcrumbList","@id":"https:\/\/scubamoraira.com\/fr\/ssi-divemaster-course\/#breadcrumb","itemListElement":[{"@type":"ListItem","position":1,"name":"Portada","item":"https:\/\/scubamoraira.com\/fr\/"},{"@type":"ListItem","position":2,"name":"SSI Divemaster Course"}]},{"@type":"WebSite","@id":"https:\/\/scubamoraira.com\/fr\/#website","url":"https:\/\/scubamoraira.com\/fr\/","name":"Scuba Moraira","description":"","potentialAction":[{"@type":"SearchAction","target":{"@type":"EntryPoint","urlTemplate":"https:\/\/scubamoraira.com\/fr\/?s={search_term_string}"},"query-input":{"@type":"PropertyValueSpecification","valueRequired":true,"valueName":"search_term_string"}}],"inLanguage":"es"}]}},"_links":{"self":[{"href":"https:\/\/scubamoraira.com\/fr\/wp-json\/wp\/v2\/pages\/2336","targetHints":{"allow":["GET"]}}],"collection":[{"href":"https:\/\/scubamoraira.com\/fr\/wp-json\/wp\/v2\/pages"}],"about":[{"href":"https:\/\/scubamoraira.com\/fr\/wp-json\/wp\/v2\/types\/page"}],"author":[{"embeddable":true,"href":"https:\/\/scubamoraira.com\/fr\/wp-json\/wp\/v2\/users\/2"}],"replies":[{"embeddable":true,"href":"https:\/\/scubamoraira.com\/fr\/wp-json\/wp\/v2\/comments?post=2336"}],"version-history":[{"count":7,"href":"https:\/\/scubamoraira.com\/fr\/wp-json\/wp\/v2\/pages\/2336\/revisions"}],"predecessor-version":[{"id":2881,"href":"https:\/\/scubamoraira.com\/fr\/wp-json\/wp\/v2\/pages\/2336\/revisions\/2881"}],"wp:attachment":[{"href":"https:\/\/scubamoraira.com\/fr\/wp-json\/wp\/v2\/media?parent=2336"}],"curies":[{"name":"wp","href":"https:\/\/api.w.org\/{rel}","templated":true}]}}