{"id":2292,"date":"2024-01-22T11:55:18","date_gmt":"2024-01-22T11:55:18","guid":{"rendered":"https:\/\/scubamoraira.com\/fr\/?page_id=2292"},"modified":"2026-03-20T15:34:02","modified_gmt":"2026-03-20T15:34:02","slug":"ssi-xr-extended-range-course","status":"publish","type":"page","link":"https:\/\/scubamoraira.com\/fr\/ssi-xr-extended-range-course\/","title":{"rendered":"SSI XR Extended Range Course"},"content":{"rendered":"<p>[et_pb_section fb_built=\u00bb1&#8243; fullwidth=\u00bbon\u00bb _builder_version=\u00bb4.16&#8243; background_color=\u00bb#e2242e\u00bb global_colors_info=\u00bb{}\u00bb][et_pb_fullwidth_header title=\u00bbSSI XR Extended Range \u00bb _builder_version=\u00bb4.24.0&#8243; title_font=\u00bbStardos Stencil||||||||\u00bb background_color=\u00bbrgba(255, 255, 255, 0)\u00bb animation_style=\u00bbbounce\u00bb title_text_shadow_style=\u00bbpreset1&#8243; title_text_shadow_color=\u00bb#000000&#8243; global_colors_info=\u00bb{}\u00bb button_one_text_size__hover_enabled=\u00bboff\u00bb button_two_text_size__hover_enabled=\u00bboff\u00bb button_one_text_color__hover_enabled=\u00bboff\u00bb button_two_text_color__hover_enabled=\u00bboff\u00bb button_one_border_width__hover_enabled=\u00bboff\u00bb button_two_border_width__hover_enabled=\u00bboff\u00bb button_one_border_color__hover_enabled=\u00bboff\u00bb button_two_border_color__hover_enabled=\u00bboff\u00bb button_one_border_radius__hover_enabled=\u00bboff\u00bb button_two_border_radius__hover_enabled=\u00bboff\u00bb button_one_letter_spacing__hover_enabled=\u00bboff\u00bb button_two_letter_spacing__hover_enabled=\u00bboff\u00bb button_one_bg_color__hover_enabled=\u00bboff\u00bb button_two_bg_color__hover_enabled=\u00bboff\u00bb][\/et_pb_fullwidth_header][\/et_pb_section][et_pb_section fb_built=\u00bb1&#8243; _builder_version=\u00bb4.16&#8243; background_color=\u00bb#f2f2f2&#8243; custom_padding=\u00bb90px||90px|||\u00bb global_colors_info=\u00bb{}\u00bb][et_pb_row column_structure=\u00bb1_3,1_3,1_3&#8243; _builder_version=\u00bb4.16&#8243; background_size=\u00bbinitial\u00bb background_position=\u00bbtop_left\u00bb background_repeat=\u00bbrepeat\u00bb module_alignment=\u00bbcenter\u00bb custom_margin=\u00bb1px|auto||auto||\u00bb custom_padding=\u00bb|0px||||\u00bb global_colors_info=\u00bb{}\u00bb][et_pb_column type=\u00bb1_3&#8243; _builder_version=\u00bb4.16&#8243; _module_preset=\u00bbdefault\u00bb global_colors_info=\u00bb{}\u00bb][et_pb_image src=\u00bbhttps:\/\/scubamoraira.com\/fr\/wp-content\/uploads\/Presentation-Extended-Range.jpg\u00bb title_text=\u00bbPresentation-Extended Range\u00bb _builder_version=\u00bb4.21.0&#8243; _module_preset=\u00bbdefault\u00bb animation_style=\u00bbbounce\u00bb border_radii=\u00bbon|16px|16px|16px|16px\u00bb box_shadow_style=\u00bbpreset1&#8243; box_shadow_color=\u00bb#000000&#8243; global_colors_info=\u00bb{}\u00bb][\/et_pb_image][\/et_pb_column][et_pb_column type=\u00bb1_3&#8243; _builder_version=\u00bb4.16&#8243; custom_padding=\u00bb|||\u00bb global_colors_info=\u00bb{}\u00bb custom_padding__hover=\u00bb|||\u00bb][et_pb_text _builder_version=\u00bb4.24.0&#8243; header_text_color=\u00bb#2f3a8f\u00bb animation_style=\u00bbzoom\u00bb global_colors_info=\u00bb{}\u00bb]<\/p>\n<h3>La fronti\u00e8re entre la plong\u00e9e r\u00e9cr\u00e9ative et la plong\u00e9e technique est parfois difficile \u00e0 d\u00e9terminer.<\/h3>\n<h3>Un plongeur qui descend le long d&#8217;un tombant corallien dans une eau claire et chaude ne trouvera pas de panneau de signalisation affich\u00e9 \u00e0 40 m\u00e8tres.<\/h3>\n<h3>Tout comme les plongeurs r\u00e9cr\u00e9atifs qui ont franchi la fronti\u00e8re du \u00a8Tech\u00a8, il arrive souvent que les conditions de la plong\u00e9e technique existent \u00e0 l&#8217;int\u00e9rieur des limites de la plong\u00e9e r\u00e9cr\u00e9ative: une plong\u00e9e \u00e0 36 m\u00e8tres sur une \u00e9pave qui se d\u00e9t\u00e9riore, avec une faible visibilit\u00e9, de l&#8217;eau froide et un fort courant, met certainement \u00e0 l&#8217;\u00e9preuve la d\u00e9finition classique d&#8217;une plong\u00e9e r\u00e9cr\u00e9ative !<\/h3>\n<h3>Les programmes SSI XR ont \u00e9t\u00e9 con\u00e7us pour r\u00e9pondre \u00e0 deux objectifs distincts.<\/h3>\n<h3>Tout d&#8217;abord, ils permettront \u00e0 tous les plongeurs d&#8217;acqu\u00e9rir les connaissances, les comp\u00e9tences, la familiarization avec l&#8217;\u00e9quipement et l&#8217;exp\u00e9rience n\u00e9cessaires pour minimiser les risques, augmenter la confiance et prendre plus de plaisir dans des conditions XR difficiles.<\/h3>\n<h3>Deuxi\u00e8mement, ils fourniront une base solide aux plongeurs qui souhaitent participer \u00e0 des formations techniques plus avanc\u00e9es et \u00e9tendre leur champ d&#8217;action.<\/h3>\n<p>&nbsp;<\/p>\n<p>[\/et_pb_text][\/et_pb_column][et_pb_column type=\u00bb1_3&#8243; _builder_version=\u00bb4.16&#8243; custom_padding=\u00bb|||\u00bb global_colors_info=\u00bb{}\u00bb custom_padding__hover=\u00bb|||\u00bb][et_pb_blurb title=\u00bbConditions Pr\u00e9alables\u00bb use_icon=\u00bbon\u00bb font_icon=\u00bb&#x52;||divi||400&#8243; icon_color=\u00bb#FFFFFF\u00bb image_icon_width=\u00bb40px\u00bb _builder_version=\u00bb4.24.0&#8243; header_level=\u00bbh2&#8243; header_text_align=\u00bbcenter\u00bb header_text_color=\u00bb#ffffff\u00bb background_color=\u00bb#599ecd\u00bb text_orientation=\u00bbcenter\u00bb background_layout=\u00bbdark\u00bb custom_margin=\u00bb0px||||false|false\u00bb animation_style=\u00bbzoom\u00bb border_radii=\u00bbon|16px|16px|16px|16px\u00bb box_shadow_style=\u00bbpreset1&#8243; box_shadow_color=\u00bb#000000&#8243; icon_font_size=\u00bb40px\u00bb global_colors_info=\u00bb{}\u00bb]<\/p>\n<p style=\"padding-left: 40px; text-align: center;\"><span style=\"color: #ffffff;\">18 ans minimum<br \/>SSI Open Water Diver ou \u00e9quivalent ISO24801-2<br \/>Sp\u00e9cialit\u00e9 plong\u00e9e profonde SSI<br \/>Sp\u00e9cialit\u00e9 SSI EAN 40<br \/>50 plong\u00e9es <\/span><\/p>\n<p style=\"padding-left: 40px; text-align: center;\">\n<p style=\"padding-left: 40px; text-align: center;\"><span style=\"color: #ffffff;\"><\/span><\/p>\n<p><span style=\"color: #ffffff;\"><\/span><\/p>\n<p>[\/et_pb_blurb][\/et_pb_column][\/et_pb_row][\/et_pb_section][et_pb_section fb_built=\u00bb1&#8243; _builder_version=\u00bb4.16&#8243; global_colors_info=\u00bb{}\u00bb][et_pb_row _builder_version=\u00bb4.16&#8243; border_radii=\u00bbon|10px|10px|10px|10px\u00bb border_color_all=\u00bb#f2f2f2&#8243; global_colors_info=\u00bb{}\u00bb][et_pb_column type=\u00bb4_4&#8243; _builder_version=\u00bb4.16&#8243; custom_padding=\u00bb|||\u00bb global_colors_info=\u00bb{}\u00bb custom_padding__hover=\u00bb|||\u00bb][et_pb_tabs active_tab_background_color=\u00bb#2f3a8f\u00bb inactive_tab_background_color=\u00bb#939393&#8243; _builder_version=\u00bb4.27.4&#8243; tab_text_color=\u00bb#2f3a8f\u00bb animation_style=\u00bbzoom\u00bb hover_enabled=\u00bb0&#8243; global_colors_info=\u00bb{}\u00bb sticky_enabled=\u00bb0&#8243;][et_pb_tab title=\u00bbComment cela fonctionne-t-il ?\u00bb _builder_version=\u00bb4.24.0&#8243; body_text_align=\u00bbjustify\u00bb tab_text_color=\u00bb#ffffff\u00bb tab_font_size=\u00bb18&#8243; tab_font_size_tablet=\u00bb18&#8243; tab_font_size_phone=\u00bb18&#8243; global_colors_info=\u00bb{}\u00bb]<\/p>\n<p>Apr\u00e8s avoir t\u00e9l\u00e9charg\u00e9 l&#8217;application MySSI, vous devrez vous inscrire au cours de plong\u00e9e XR Nitrox, puis vous obtiendrez le mat\u00e9riel p\u00e9dagogique num\u00e9rique avec des pr\u00e9sentations interactives comprenant des vid\u00e9os, de l&#8217;audio, des graphiques et de la lecture. De courts quiz vous permettent d&#8217;\u00e9valuer vos progr\u00e8s, de revoir et de corriger tout ce que vous pourriez manquer. Cela vous permet d&#8217;avancer dans le programme efficacement et \u00e0 votre propre rythme.<\/p>\n<p>[\/et_pb_tab][et_pb_tab title=\u00bbAvantages\u00bb _builder_version=\u00bb4.24.0&#8243; _module_preset=\u00bbdefault\u00bb body_text_color=\u00bb#FFFFFF\u00bb tab_text_color=\u00bb#FFFFFF\u00bb tab_font_size=\u00bb18px\u00bb global_colors_info=\u00bb{}\u00bb]<\/p>\n<p>Apr\u00e8s ce cours, vous serez capable de :<\/p>\n<ul>\n<li>Planifier et conduire de mani\u00e8re ind\u00e9pendante des plong\u00e9es avec d\u00e9compression avec <strong>1<\/strong> changement de bouteille.<\/li>\n<li>Avec un syst\u00e8me de plong\u00e9e Twinset ou XR Sidemount.<\/li>\n<li>Jusqu&#8217;\u00e0 un maximum de <strong>45<\/strong> m\u00e8tres<\/li>\n<li>Utiliser<strong> une<\/strong> bouteille de d\u00e9compression avec des m\u00e9langes de gaz de d\u00e9compression jusqu&#8217;\u00e0 100% d&#8217;oxyg\u00e8ne<\/li>\n<li>Pour un temps de d\u00e9compression cumul\u00e9 maximum de <strong>25<\/strong> minutes<\/li>\n<li>Avec un compagnon de plong\u00e9e tout aussi qualifi\u00e9 ou plus.<\/li>\n<\/ul>\n<ul><\/ul>\n<p>[\/et_pb_tab][et_pb_tab title=\u00bbPrix &#038; Dur\u00e9e\u00bb _builder_version=\u00bb4.27.4&#8243; body_text_align=\u00bbjustify\u00bb tab_text_color=\u00bb#ffffff\u00bb tab_font_size=\u00bb18&#8243; hover_enabled=\u00bb0&#8243; tab_font_size_tablet=\u00bb18&#8243; tab_font_size_phone=\u00bb18&#8243; global_colors_info=\u00bb{}\u00bb sticky_enabled=\u00bb0&#8243;]<\/p>\n<p>\u20ac950 \/ 7 plong\u00e9es.<\/p>\n<p>[\/et_pb_tab][\/et_pb_tabs][\/et_pb_column][\/et_pb_row][\/et_pb_section][et_pb_section fb_built=\u00bb1&#8243; _builder_version=\u00bb4.16&#8243; background_image=\u00bbhttps:\/\/scubamoraira.com\/wp-content\/uploads\/cta_scuba.jpg\u00bb global_colors_info=\u00bb{}\u00bb][et_pb_row column_structure=\u00bb1_3,2_3&#8243; _builder_version=\u00bb4.16&#8243; background_size=\u00bbinitial\u00bb background_position=\u00bbtop_left\u00bb background_repeat=\u00bbrepeat\u00bb global_colors_info=\u00bb{}\u00bb][et_pb_column type=\u00bb1_3&#8243; _builder_version=\u00bb4.16&#8243; custom_padding=\u00bb|||\u00bb global_colors_info=\u00bb{}\u00bb custom_padding__hover=\u00bb|||\u00bb][\/et_pb_column][et_pb_column type=\u00bb2_3&#8243; _builder_version=\u00bb4.16&#8243; custom_padding=\u00bb|||\u00bb global_colors_info=\u00bb{}\u00bb custom_padding__hover=\u00bb|||\u00bb][et_pb_text _builder_version=\u00bb4.24.0&#8243; text_font_size=\u00bb18px\u00bb header_font=\u00bbStardos Stencil||||||||\u00bb header_font_size=\u00bb35px\u00bb background_layout=\u00bbdark\u00bb animation_style=\u00bbslide\u00bb animation_direction=\u00bbtop\u00bb global_colors_info=\u00bb{}\u00bb]<\/p>\n<h1>Votre prochaine aventure !<\/h1>\n<p>Le cours de plong\u00e9e XR Extended Range peut \u00eatre combin\u00e9 avec d&#8217;autres cours XR Extended Range !<\/p>\n<p>[\/et_pb_text][et_pb_button button_url=\u00bb\/courses\u00bb button_text=\u00bbAutres Cours !\u00bb button_alignment=\u00bbleft\u00bb _builder_version=\u00bb4.24.0&#8243; custom_button=\u00bbon\u00bb button_text_size=\u00bb18&#8243; button_text_color=\u00bb#ffffff\u00bb button_bg_color=\u00bb#2f3a8f\u00bb button_border_width=\u00bb1&#8243; button_border_color=\u00bb#2f3a8f\u00bb button_icon=\u00bb&#x4e;||divi||400&#8243; button_icon_color=\u00bb#ffffff\u00bb button_text_color_hover=\u00bb#ffffff\u00bb button_border_color_hover=\u00bb#e2242e\u00bb button_bg_color_hover=\u00bb#e2242e\u00bb global_colors_info=\u00bb{}\u00bb button_text_size__hover_enabled=\u00bboff\u00bb button_one_text_size__hover_enabled=\u00bboff\u00bb button_two_text_size__hover_enabled=\u00bboff\u00bb button_text_color__hover_enabled=\u00bbon\u00bb button_text_color__hover=\u00bb#ffffff\u00bb button_one_text_color__hover_enabled=\u00bboff\u00bb button_two_text_color__hover_enabled=\u00bboff\u00bb button_border_width__hover_enabled=\u00bboff\u00bb button_one_border_width__hover_enabled=\u00bboff\u00bb button_two_border_width__hover_enabled=\u00bboff\u00bb button_border_color__hover_enabled=\u00bbon\u00bb button_border_color__hover=\u00bb#e2242e\u00bb button_one_border_color__hover_enabled=\u00bboff\u00bb button_two_border_color__hover_enabled=\u00bboff\u00bb button_border_radius__hover_enabled=\u00bboff\u00bb button_one_border_radius__hover_enabled=\u00bboff\u00bb button_two_border_radius__hover_enabled=\u00bboff\u00bb button_letter_spacing__hover_enabled=\u00bboff\u00bb button_one_letter_spacing__hover_enabled=\u00bboff\u00bb button_two_letter_spacing__hover_enabled=\u00bboff\u00bb button_bg_color__hover_enabled=\u00bbon\u00bb button_bg_color__hover=\u00bb#e2242e\u00bb button_one_bg_color__hover_enabled=\u00bboff\u00bb button_two_bg_color__hover_enabled=\u00bboff\u00bb][\/et_pb_button][\/et_pb_column][\/et_pb_row][\/et_pb_section]<\/p>\n","protected":false},"excerpt":{"rendered":"<p>La fronti\u00e8re entre la plong\u00e9e r\u00e9cr\u00e9ative et la plong\u00e9e technique est parfois difficile \u00e0 d\u00e9terminer. Un plongeur qui descend le long d&#8217;un tombant corallien dans une eau claire et chaude ne trouvera pas de panneau de signalisation affich\u00e9 \u00e0 40 m\u00e8tres. Tout comme les plongeurs r\u00e9cr\u00e9atifs qui ont franchi la fronti\u00e8re du \u00a8Tech\u00a8, il arrive [&hellip;]<\/p>\n","protected":false},"author":2,"featured_media":0,"parent":0,"menu_order":0,"comment_status":"closed","ping_status":"closed","template":"","meta":{"_et_pb_use_builder":"on","_et_pb_old_content":"","_et_gb_content_width":"","footnotes":""},"class_list":["post-2292","page","type-page","status-publish","hentry"],"yoast_head":"<!-- This site is optimized with the Yoast SEO plugin v27.4 - https:\/\/yoast.com\/product\/yoast-seo-wordpress\/ -->\n<title>SSI XR Extended Range Course &#8226; Scuba Moraira<\/title>\n<meta name=\"robots\" content=\"index, follow, max-snippet:-1, max-image-preview:large, max-video-preview:-1\" \/>\n<link rel=\"canonical\" href=\"https:\/\/scubamoraira.com\/fr\/ssi-xr-extended-range-course\/\" \/>\n<meta property=\"og:locale\" content=\"es_ES\" \/>\n<meta property=\"og:type\" content=\"article\" \/>\n<meta property=\"og:title\" content=\"SSI XR Extended Range Course &#8226; Scuba Moraira\" \/>\n<meta property=\"og:description\" content=\"La fronti\u00e8re entre la plong\u00e9e r\u00e9cr\u00e9ative et la plong\u00e9e technique est parfois difficile \u00e0 d\u00e9terminer. Un plongeur qui descend le long d&#039;un tombant corallien dans une eau claire et chaude ne trouvera pas de panneau de signalisation affich\u00e9 \u00e0 40 m\u00e8tres. Tout comme les plongeurs r\u00e9cr\u00e9atifs qui ont franchi la fronti\u00e8re du \u00a8Tech\u00a8, il arrive [&hellip;]\" \/>\n<meta property=\"og:url\" content=\"https:\/\/scubamoraira.com\/fr\/ssi-xr-extended-range-course\/\" \/>\n<meta property=\"og:site_name\" content=\"Scuba Moraira\" \/>\n<meta property=\"article:modified_time\" content=\"2026-03-20T15:34:02+00:00\" \/>\n<meta name=\"twitter:card\" content=\"summary_large_image\" \/>\n<meta name=\"twitter:label1\" content=\"Tiempo de lectura\" \/>\n\t<meta name=\"twitter:data1\" content=\"2 minutos\" \/>\n<script type=\"application\/ld+json\" class=\"yoast-schema-graph\">{\"@context\":\"https:\\\/\\\/schema.org\",\"@graph\":[{\"@type\":\"WebPage\",\"@id\":\"https:\\\/\\\/scubamoraira.com\\\/fr\\\/ssi-xr-extended-range-course\\\/\",\"url\":\"https:\\\/\\\/scubamoraira.com\\\/fr\\\/ssi-xr-extended-range-course\\\/\",\"name\":\"SSI XR Extended Range Course &#8226; Scuba Moraira\",\"isPartOf\":{\"@id\":\"https:\\\/\\\/scubamoraira.com\\\/fr\\\/#website\"},\"datePublished\":\"2024-01-22T11:55:18+00:00\",\"dateModified\":\"2026-03-20T15:34:02+00:00\",\"breadcrumb\":{\"@id\":\"https:\\\/\\\/scubamoraira.com\\\/fr\\\/ssi-xr-extended-range-course\\\/#breadcrumb\"},\"inLanguage\":\"es\",\"potentialAction\":[{\"@type\":\"ReadAction\",\"target\":[\"https:\\\/\\\/scubamoraira.com\\\/fr\\\/ssi-xr-extended-range-course\\\/\"]}]},{\"@type\":\"BreadcrumbList\",\"@id\":\"https:\\\/\\\/scubamoraira.com\\\/fr\\\/ssi-xr-extended-range-course\\\/#breadcrumb\",\"itemListElement\":[{\"@type\":\"ListItem\",\"position\":1,\"name\":\"Portada\",\"item\":\"https:\\\/\\\/scubamoraira.com\\\/fr\\\/\"},{\"@type\":\"ListItem\",\"position\":2,\"name\":\"SSI XR Extended Range Course\"}]},{\"@type\":\"WebSite\",\"@id\":\"https:\\\/\\\/scubamoraira.com\\\/fr\\\/#website\",\"url\":\"https:\\\/\\\/scubamoraira.com\\\/fr\\\/\",\"name\":\"Scuba Moraira\",\"description\":\"\",\"potentialAction\":[{\"@type\":\"SearchAction\",\"target\":{\"@type\":\"EntryPoint\",\"urlTemplate\":\"https:\\\/\\\/scubamoraira.com\\\/fr\\\/?s={search_term_string}\"},\"query-input\":{\"@type\":\"PropertyValueSpecification\",\"valueRequired\":true,\"valueName\":\"search_term_string\"}}],\"inLanguage\":\"es\"}]}<\/script>\n<!-- \/ Yoast SEO plugin. -->","yoast_head_json":{"title":"SSI XR Extended Range Course &#8226; Scuba Moraira","robots":{"index":"index","follow":"follow","max-snippet":"max-snippet:-1","max-image-preview":"max-image-preview:large","max-video-preview":"max-video-preview:-1"},"canonical":"https:\/\/scubamoraira.com\/fr\/ssi-xr-extended-range-course\/","og_locale":"es_ES","og_type":"article","og_title":"SSI XR Extended Range Course &#8226; Scuba Moraira","og_description":"La fronti\u00e8re entre la plong\u00e9e r\u00e9cr\u00e9ative et la plong\u00e9e technique est parfois difficile \u00e0 d\u00e9terminer. Un plongeur qui descend le long d'un tombant corallien dans une eau claire et chaude ne trouvera pas de panneau de signalisation affich\u00e9 \u00e0 40 m\u00e8tres. Tout comme les plongeurs r\u00e9cr\u00e9atifs qui ont franchi la fronti\u00e8re du \u00a8Tech\u00a8, il arrive [&hellip;]","og_url":"https:\/\/scubamoraira.com\/fr\/ssi-xr-extended-range-course\/","og_site_name":"Scuba Moraira","article_modified_time":"2026-03-20T15:34:02+00:00","twitter_card":"summary_large_image","twitter_misc":{"Tiempo de lectura":"2 minutos"},"schema":{"@context":"https:\/\/schema.org","@graph":[{"@type":"WebPage","@id":"https:\/\/scubamoraira.com\/fr\/ssi-xr-extended-range-course\/","url":"https:\/\/scubamoraira.com\/fr\/ssi-xr-extended-range-course\/","name":"SSI XR Extended Range Course &#8226; Scuba Moraira","isPartOf":{"@id":"https:\/\/scubamoraira.com\/fr\/#website"},"datePublished":"2024-01-22T11:55:18+00:00","dateModified":"2026-03-20T15:34:02+00:00","breadcrumb":{"@id":"https:\/\/scubamoraira.com\/fr\/ssi-xr-extended-range-course\/#breadcrumb"},"inLanguage":"es","potentialAction":[{"@type":"ReadAction","target":["https:\/\/scubamoraira.com\/fr\/ssi-xr-extended-range-course\/"]}]},{"@type":"BreadcrumbList","@id":"https:\/\/scubamoraira.com\/fr\/ssi-xr-extended-range-course\/#breadcrumb","itemListElement":[{"@type":"ListItem","position":1,"name":"Portada","item":"https:\/\/scubamoraira.com\/fr\/"},{"@type":"ListItem","position":2,"name":"SSI XR Extended Range Course"}]},{"@type":"WebSite","@id":"https:\/\/scubamoraira.com\/fr\/#website","url":"https:\/\/scubamoraira.com\/fr\/","name":"Scuba Moraira","description":"","potentialAction":[{"@type":"SearchAction","target":{"@type":"EntryPoint","urlTemplate":"https:\/\/scubamoraira.com\/fr\/?s={search_term_string}"},"query-input":{"@type":"PropertyValueSpecification","valueRequired":true,"valueName":"search_term_string"}}],"inLanguage":"es"}]}},"_links":{"self":[{"href":"https:\/\/scubamoraira.com\/fr\/wp-json\/wp\/v2\/pages\/2292","targetHints":{"allow":["GET"]}}],"collection":[{"href":"https:\/\/scubamoraira.com\/fr\/wp-json\/wp\/v2\/pages"}],"about":[{"href":"https:\/\/scubamoraira.com\/fr\/wp-json\/wp\/v2\/types\/page"}],"author":[{"embeddable":true,"href":"https:\/\/scubamoraira.com\/fr\/wp-json\/wp\/v2\/users\/2"}],"replies":[{"embeddable":true,"href":"https:\/\/scubamoraira.com\/fr\/wp-json\/wp\/v2\/comments?post=2292"}],"version-history":[{"count":9,"href":"https:\/\/scubamoraira.com\/fr\/wp-json\/wp\/v2\/pages\/2292\/revisions"}],"predecessor-version":[{"id":2910,"href":"https:\/\/scubamoraira.com\/fr\/wp-json\/wp\/v2\/pages\/2292\/revisions\/2910"}],"wp:attachment":[{"href":"https:\/\/scubamoraira.com\/fr\/wp-json\/wp\/v2\/media?parent=2292"}],"curies":[{"name":"wp","href":"https:\/\/api.w.org\/{rel}","templated":true}]}}