{"id":201,"date":"2018-01-11T09:29:17","date_gmt":"2018-01-11T09:29:17","guid":{"rendered":"https:\/\/scubamoraira.com\/?page_id=201"},"modified":"2024-04-21T13:06:04","modified_gmt":"2024-04-21T13:06:04","slug":"dive-sites","status":"publish","type":"page","link":"https:\/\/scubamoraira.com\/fr\/dive-sites\/","title":{"rendered":"Dive Sites"},"content":{"rendered":"<p>[et_pb_section fb_built=\u00bb1&#8243; _builder_version=\u00bb4.16&#8243; background_image=\u00bbhttps:\/\/scubamoraira.com\/wp-content\/uploads\/banner-1.jpg\u00bb parallax=\u00bbon\u00bb parallax_method=\u00bboff\u00bb global_colors_info=\u00bb{}\u00bb][et_pb_row _builder_version=\u00bb4.16&#8243; background_size=\u00bbinitial\u00bb background_position=\u00bbtop_left\u00bb background_repeat=\u00bbrepeat\u00bb global_colors_info=\u00bb{}\u00bb][et_pb_column type=\u00bb4_4&#8243; _builder_version=\u00bb4.16&#8243; custom_padding=\u00bb|||\u00bb global_colors_info=\u00bb{}\u00bb custom_padding__hover=\u00bb|||\u00bb][et_pb_text _builder_version=\u00bb4.24.0&#8243; text_font=\u00bbStardos Stencil||on||||||\u00bb text_text_color=\u00bb#ffffff\u00bb text_font_size=\u00bb30px\u00bb header_font=\u00bbStardos Stencil||||||||\u00bb header_text_align=\u00bbcenter\u00bb header_text_color=\u00bb#ffffff\u00bb header_font_size=\u00bb50px\u00bb text_orientation=\u00bbcenter\u00bb background_layout=\u00bbdark\u00bb animation_style=\u00bbbounce\u00bb animation_direction=\u00bbbottom\u00bb global_colors_info=\u00bb{}\u00bb]<\/p>\n<h1 class=\"blue\" style=\"text-align: center;\">D\u00e9couvrez nos sites de plong\u00e9e<\/h1>\n<p style=\"text-align: center;\">\u00a0L&#8217;ensemble du littoral de la Costa Blanca est r\u00e9put\u00e9 pour sa richesse en poissons, gr\u00e2ce aux courants provenant des profondeurs de la mer et \u00e0 l&#8217;\u00e9coulement de mati\u00e8res organiques des rivi\u00e8res, ce qui permet \u00e0 l&#8217;environnement marin de prosp\u00e9rer.<\/p>\n<p>[\/et_pb_text][\/et_pb_column][\/et_pb_row][\/et_pb_section][et_pb_section fb_built=\u00bb1&#8243; _builder_version=\u00bb4.16&#8243; global_colors_info=\u00bb{}\u00bb][et_pb_row _builder_version=\u00bb4.16&#8243; background_size=\u00bbinitial\u00bb background_position=\u00bbtop_left\u00bb background_repeat=\u00bbrepeat\u00bb global_colors_info=\u00bb{}\u00bb][et_pb_column type=\u00bb4_4&#8243; _builder_version=\u00bb4.16&#8243; custom_padding=\u00bb|||\u00bb global_colors_info=\u00bb{}\u00bb custom_padding__hover=\u00bb|||\u00bb][et_pb_text _builder_version=\u00bb4.24.0&#8243; header_text_align=\u00bbcenter\u00bb header_text_color=\u00bb#2f3a8f\u00bb header_line_height=\u00bb1.2em\u00bb animation_style=\u00bbslide\u00bb animation_direction=\u00bbtop\u00bb global_colors_info=\u00bb{}\u00bb]<\/p>\n<h1>La plong\u00e9e dans cette r\u00e9gion de la M\u00e9diterran\u00e9e permet de d\u00e9couvrir d&#8217;impressionnantes formations rocheuses avec des pics, des pitons, des grottes sous-marines et des \u00e9boulements de blocs massifs qui se sont effondr\u00e9s en amas sur le fond marin. Chacun de ces environnements est un monde en soi, avec des organismes qui y vivent toute leur vie.<\/h1>\n<p>[\/et_pb_text][\/et_pb_column][\/et_pb_row][\/et_pb_section][et_pb_section fb_built=\u00bb1&#8243; _builder_version=\u00bb4.16&#8243; background_image=\u00bbhttps:\/\/scubamoraira.com\/wp-content\/uploads\/banner-1.jpg\u00bb parallax=\u00bbon\u00bb parallax_method=\u00bboff\u00bb global_colors_info=\u00bb{}\u00bb][et_pb_row _builder_version=\u00bb4.16&#8243; background_size=\u00bbinitial\u00bb background_position=\u00bbtop_left\u00bb background_repeat=\u00bbrepeat\u00bb global_colors_info=\u00bb{}\u00bb][\/et_pb_row][\/et_pb_section][et_pb_section fb_built=\u00bb1&#8243; _builder_version=\u00bb4.16&#8243; global_colors_info=\u00bb{}\u00bb][et_pb_row column_structure=\u00bb1_2,1_2&#8243; _builder_version=\u00bb4.16&#8243; background_size=\u00bbinitial\u00bb background_position=\u00bbtop_left\u00bb background_repeat=\u00bbrepeat\u00bb global_colors_info=\u00bb{}\u00bb][et_pb_column type=\u00bb1_2&#8243; _builder_version=\u00bb4.16&#8243; custom_padding=\u00bb|||\u00bb global_colors_info=\u00bb{}\u00bb custom_padding__hover=\u00bb|||\u00bb][et_pb_text _builder_version=\u00bb4.24.0&#8243; global_colors_info=\u00bb{}\u00bb]<\/p>\n<p>La visibilit\u00e9 sous l&#8217;eau varie en fonction des conditions m\u00e9t\u00e9orologiques, avec une moyenne de 10 \u00e0 30 m\u00e8tres. La temp\u00e9rature de l&#8217;eau est assez confortable, allant de 12\u00ba \u00e0 29\u00ba Celsius.<\/p>\n<p>\u00c0 Moraira, nous avons la chance d&#8217;\u00eatre au centre de l&#8217;une des meilleures zones de plong\u00e9e de la Costa Blanca.<\/p>\n<p>[\/et_pb_text][\/et_pb_column][et_pb_column type=\u00bb1_2&#8243; _builder_version=\u00bb4.16&#8243; custom_padding=\u00bb|||\u00bb global_colors_info=\u00bb{}\u00bb custom_padding__hover=\u00bb|||\u00bb][et_pb_text _builder_version=\u00bb4.24.0&#8243; global_colors_info=\u00bb{}\u00bb]<\/p>\n<p>Sur le pas de la porte de Moraira, on trouve des parois en escalier et des anciens \u00e9boulements, avec des sites tels que Cap D\u00f3r, le Labyrinthe et les 3 Amigos.<\/p>\n<p>Il y a aussi les cavernes d&#8217;eau douce de la grotte de Moraig.<\/p>\n<p>En continuant le long de la c\u00f4te, nous avons le royaume aquatique diversifi\u00e9 de Javea avec des tours sous-marines comme la Montagne engloutie et des \u00eeles isol\u00e9es comme la Cath\u00e9drale, Descrubidor et Portichol. Au sud, Calpe et les falaises abruptes du Penon de Ifac.<\/p>\n<p>[\/et_pb_text][\/et_pb_column][\/et_pb_row][et_pb_row column_structure=\u00bb1_2,1_2&#8243; _builder_version=\u00bb4.16&#8243; background_size=\u00bbinitial\u00bb background_position=\u00bbtop_left\u00bb background_repeat=\u00bbrepeat\u00bb global_colors_info=\u00bb{}\u00bb][et_pb_column type=\u00bb1_2&#8243; _builder_version=\u00bb4.16&#8243; custom_padding=\u00bb|||\u00bb global_colors_info=\u00bb{}\u00bb custom_padding__hover=\u00bb|||\u00bb][et_pb_blurb title=\u00bbSites de Plong\u00e9e de Moraira\u00bb url=\u00bbhttps:\/\/scubamoraira.com\/fr\/moraira-dive-sites\/\u00bb icon_placement=\u00bbleft\u00bb _builder_version=\u00bb4.24.0&#8243; header_level=\u00bbh1&#8243; header_text_align=\u00bbcenter\u00bb header_text_color=\u00bb#ffffff\u00bb background_color=\u00bb#4a9ece\u00bb text_orientation=\u00bbcenter\u00bb background_layout=\u00bbdark\u00bb custom_padding=\u00bb30px||30px|\u00bb animation_style=\u00bbbounce\u00bb animation_direction=\u00bbtop\u00bb animation=\u00bbbottom\u00bb hover_enabled=\u00bb0&#8243; header_text_shadow_style=\u00bbpreset1&#8243; border_radii=\u00bbon|16px|16px|16px|16px\u00bb border_width_all=\u00bb1px\u00bb border_color_all=\u00bb#4a9ece\u00bb box_shadow_style=\u00bbpreset1&#8243; box_shadow_color=\u00bb#000000&#8243; icon_font_size=\u00bb60px\u00bb use_circle=\u00bboff\u00bb use_circle_border=\u00bboff\u00bb global_colors_info=\u00bb{}\u00bb sticky_enabled=\u00bb0&#8243;]<\/p>\n<p><img loading=\"lazy\" decoding=\"async\" class=\"alignnone size-full wp-image-208\" src=\"https:\/\/scubamoraira.com\/wp-content\/uploads\/morairadivesites.jpg\" alt=\"\" width=\"660\" height=\"271\" srcset=\"https:\/\/scubamoraira.com\/fr\/wp-content\/uploads\/morairadivesites.jpg 660w, https:\/\/scubamoraira.com\/fr\/wp-content\/uploads\/morairadivesites-300x123.jpg 300w\" sizes=\"(max-width: 660px) 100vw, 660px\" \/><\/p>\n<p>[\/et_pb_blurb][et_pb_blurb title=\u00bbSites de Plong\u00e9e de Javea\u00bb url=\u00bbhttps:\/\/scubamoraira.com\/fr\/javea-dive-sites\/\u00bb icon_placement=\u00bbleft\u00bb _builder_version=\u00bb4.24.0&#8243; header_level=\u00bbh1&#8243; header_text_align=\u00bbcenter\u00bb header_text_color=\u00bb#ffffff\u00bb background_color=\u00bb#4a9ece\u00bb text_orientation=\u00bbcenter\u00bb background_layout=\u00bbdark\u00bb custom_padding=\u00bb30px||30px|\u00bb animation_style=\u00bbbounce\u00bb animation_direction=\u00bbtop\u00bb animation=\u00bbbottom\u00bb hover_enabled=\u00bb0&#8243; header_text_shadow_style=\u00bbpreset1&#8243; border_radii=\u00bbon|16px|16px|16px|16px\u00bb border_width_all=\u00bb1px\u00bb border_color_all=\u00bb#4a9ece\u00bb box_shadow_style=\u00bbpreset1&#8243; box_shadow_color=\u00bb#000000&#8243; icon_font_size=\u00bb60px\u00bb use_circle=\u00bboff\u00bb use_circle_border=\u00bboff\u00bb global_colors_info=\u00bb{}\u00bb sticky_enabled=\u00bb0&#8243;]<\/p>\n<p><img loading=\"lazy\" decoding=\"async\" class=\"alignnone size-full wp-image-210\" src=\"https:\/\/scubamoraira.com\/wp-content\/uploads\/javeadivesites.jpg\" alt=\"\" width=\"660\" height=\"365\" srcset=\"https:\/\/scubamoraira.com\/fr\/wp-content\/uploads\/javeadivesites.jpg 660w, https:\/\/scubamoraira.com\/fr\/wp-content\/uploads\/javeadivesites-300x166.jpg 300w\" sizes=\"(max-width: 660px) 100vw, 660px\" \/><\/p>\n<p>[\/et_pb_blurb][\/et_pb_column][et_pb_column type=\u00bb1_2&#8243; _builder_version=\u00bb4.16&#8243; custom_padding=\u00bb|||\u00bb global_colors_info=\u00bb{}\u00bb custom_padding__hover=\u00bb|||\u00bb][et_pb_blurb title=\u00bbSites de Plong\u00e9e de Benitachell\u00bb url=\u00bbhttps:\/\/scubamoraira.com\/fr\/benitachell-dive-sites\/\u00bb icon_placement=\u00bbleft\u00bb _builder_version=\u00bb4.24.0&#8243; header_level=\u00bbh1&#8243; header_text_align=\u00bbcenter\u00bb header_text_color=\u00bb#ffffff\u00bb background_color=\u00bb#4a9ece\u00bb text_orientation=\u00bbcenter\u00bb background_layout=\u00bbdark\u00bb custom_padding=\u00bb30px||30px|\u00bb animation_style=\u00bbbounce\u00bb animation_direction=\u00bbtop\u00bb animation=\u00bbbottom\u00bb hover_enabled=\u00bb0&#8243; header_text_shadow_style=\u00bbpreset1&#8243; border_radii=\u00bbon|16px|16px|16px|16px\u00bb border_width_all=\u00bb1px\u00bb border_color_all=\u00bb#4a9ece\u00bb box_shadow_style=\u00bbpreset1&#8243; box_shadow_color=\u00bb#000000&#8243; icon_font_size=\u00bb60px\u00bb use_circle=\u00bboff\u00bb use_circle_border=\u00bboff\u00bb global_colors_info=\u00bb{}\u00bb sticky_enabled=\u00bb0&#8243;]<\/p>\n<p><img loading=\"lazy\" decoding=\"async\" class=\"alignnone size-full wp-image-209\" src=\"https:\/\/scubamoraira.com\/wp-content\/uploads\/benitachelldivesites.jpg\" alt=\"\" width=\"660\" height=\"259\" srcset=\"https:\/\/scubamoraira.com\/fr\/wp-content\/uploads\/benitachelldivesites.jpg 660w, https:\/\/scubamoraira.com\/fr\/wp-content\/uploads\/benitachelldivesites-300x118.jpg 300w\" sizes=\"(max-width: 660px) 100vw, 660px\" \/><\/p>\n<p>[\/et_pb_blurb][et_pb_blurb title=\u00bbSites de Plong\u00e9e de Calpe \u00bb url=\u00bbhttps:\/\/scubamoraira.com\/fr\/calpe-dive-sites\/\u00bb icon_placement=\u00bbleft\u00bb _builder_version=\u00bb4.24.0&#8243; header_level=\u00bbh1&#8243; header_text_align=\u00bbcenter\u00bb header_text_color=\u00bb#ffffff\u00bb background_color=\u00bb#4a9ece\u00bb text_orientation=\u00bbcenter\u00bb background_layout=\u00bbdark\u00bb custom_padding=\u00bb30px||30px|\u00bb animation_style=\u00bbbounce\u00bb animation_direction=\u00bbtop\u00bb animation=\u00bbbottom\u00bb hover_enabled=\u00bb0&#8243; header_text_shadow_style=\u00bbpreset1&#8243; border_radii=\u00bbon|16px|16px|16px|16px\u00bb border_width_all=\u00bb1px\u00bb border_color_all=\u00bb#4a9ece\u00bb box_shadow_style=\u00bbpreset1&#8243; box_shadow_color=\u00bb#000000&#8243; icon_font_size=\u00bb60px\u00bb use_circle=\u00bboff\u00bb use_circle_border=\u00bboff\u00bb global_colors_info=\u00bb{}\u00bb sticky_enabled=\u00bb0&#8243;]<\/p>\n<p><img loading=\"lazy\" decoding=\"async\" class=\"alignnone size-full wp-image-211\" src=\"https:\/\/scubamoraira.com\/wp-content\/uploads\/calpedivesites.jpg\" alt=\"\" width=\"790\" height=\"369\" srcset=\"https:\/\/scubamoraira.com\/fr\/wp-content\/uploads\/calpedivesites.jpg 790w, https:\/\/scubamoraira.com\/fr\/wp-content\/uploads\/calpedivesites-300x140.jpg 300w, https:\/\/scubamoraira.com\/fr\/wp-content\/uploads\/calpedivesites-768x359.jpg 768w\" sizes=\"(max-width: 790px) 100vw, 790px\" \/><\/p>\n<p>[\/et_pb_blurb][\/et_pb_column][\/et_pb_row][\/et_pb_section]<\/p>\n","protected":false},"excerpt":{"rendered":"<p>D\u00e9couvrez nos sites de plong\u00e9e \u00a0L&#8217;ensemble du littoral de la Costa Blanca est r\u00e9put\u00e9 pour sa richesse en poissons, gr\u00e2ce aux courants provenant des profondeurs de la mer et \u00e0 l&#8217;\u00e9coulement de mati\u00e8res organiques des rivi\u00e8res, ce qui permet \u00e0 l&#8217;environnement marin de prosp\u00e9rer.La plong\u00e9e dans cette r\u00e9gion de la M\u00e9diterran\u00e9e permet de d\u00e9couvrir d&#8217;impressionnantes [&hellip;]<\/p>\n","protected":false},"author":3,"featured_media":0,"parent":0,"menu_order":0,"comment_status":"closed","ping_status":"closed","template":"","meta":{"_et_pb_use_builder":"on","_et_pb_old_content":"","_et_gb_content_width":"","footnotes":""},"class_list":["post-201","page","type-page","status-publish","hentry"],"yoast_head":"<!-- This site is optimized with the Yoast SEO plugin v27.4 - https:\/\/yoast.com\/product\/yoast-seo-wordpress\/ -->\n<title>Dive Sites &#8226; Scuba Moraira<\/title>\n<meta name=\"robots\" content=\"index, follow, max-snippet:-1, max-image-preview:large, max-video-preview:-1\" \/>\n<link rel=\"canonical\" href=\"https:\/\/scubamoraira.com\/fr\/dive-sites\/\" \/>\n<meta property=\"og:locale\" content=\"es_ES\" \/>\n<meta property=\"og:type\" content=\"article\" \/>\n<meta property=\"og:title\" content=\"Dive Sites &#8226; Scuba Moraira\" \/>\n<meta property=\"og:description\" content=\"D\u00e9couvrez nos sites de plong\u00e9e \u00a0L&#039;ensemble du littoral de la Costa Blanca est r\u00e9put\u00e9 pour sa richesse en poissons, gr\u00e2ce aux courants provenant des profondeurs de la mer et \u00e0 l&#039;\u00e9coulement de mati\u00e8res organiques des rivi\u00e8res, ce qui permet \u00e0 l&#039;environnement marin de prosp\u00e9rer.La plong\u00e9e dans cette r\u00e9gion de la M\u00e9diterran\u00e9e permet de d\u00e9couvrir d&#039;impressionnantes [&hellip;]\" \/>\n<meta property=\"og:url\" content=\"https:\/\/scubamoraira.com\/fr\/dive-sites\/\" \/>\n<meta property=\"og:site_name\" content=\"Scuba Moraira\" \/>\n<meta property=\"article:modified_time\" content=\"2024-04-21T13:06:04+00:00\" \/>\n<meta property=\"og:image\" content=\"https:\/\/scubamoraira.com\/wp-content\/uploads\/morairadivesites.jpg\" \/>\n<meta name=\"twitter:card\" content=\"summary_large_image\" \/>\n<meta name=\"twitter:label1\" content=\"Tiempo de lectura\" \/>\n\t<meta name=\"twitter:data1\" content=\"2 minutos\" \/>\n<script type=\"application\/ld+json\" class=\"yoast-schema-graph\">{\"@context\":\"https:\\\/\\\/schema.org\",\"@graph\":[{\"@type\":\"WebPage\",\"@id\":\"https:\\\/\\\/scubamoraira.com\\\/fr\\\/dive-sites\\\/\",\"url\":\"https:\\\/\\\/scubamoraira.com\\\/fr\\\/dive-sites\\\/\",\"name\":\"Dive Sites &#8226; Scuba Moraira\",\"isPartOf\":{\"@id\":\"https:\\\/\\\/scubamoraira.com\\\/fr\\\/#website\"},\"primaryImageOfPage\":{\"@id\":\"https:\\\/\\\/scubamoraira.com\\\/fr\\\/dive-sites\\\/#primaryimage\"},\"image\":{\"@id\":\"https:\\\/\\\/scubamoraira.com\\\/fr\\\/dive-sites\\\/#primaryimage\"},\"thumbnailUrl\":\"https:\\\/\\\/scubamoraira.com\\\/wp-content\\\/uploads\\\/morairadivesites.jpg\",\"datePublished\":\"2018-01-11T09:29:17+00:00\",\"dateModified\":\"2024-04-21T13:06:04+00:00\",\"breadcrumb\":{\"@id\":\"https:\\\/\\\/scubamoraira.com\\\/fr\\\/dive-sites\\\/#breadcrumb\"},\"inLanguage\":\"es\",\"potentialAction\":[{\"@type\":\"ReadAction\",\"target\":[\"https:\\\/\\\/scubamoraira.com\\\/fr\\\/dive-sites\\\/\"]}]},{\"@type\":\"ImageObject\",\"inLanguage\":\"es\",\"@id\":\"https:\\\/\\\/scubamoraira.com\\\/fr\\\/dive-sites\\\/#primaryimage\",\"url\":\"https:\\\/\\\/scubamoraira.com\\\/wp-content\\\/uploads\\\/morairadivesites.jpg\",\"contentUrl\":\"https:\\\/\\\/scubamoraira.com\\\/wp-content\\\/uploads\\\/morairadivesites.jpg\"},{\"@type\":\"BreadcrumbList\",\"@id\":\"https:\\\/\\\/scubamoraira.com\\\/fr\\\/dive-sites\\\/#breadcrumb\",\"itemListElement\":[{\"@type\":\"ListItem\",\"position\":1,\"name\":\"Portada\",\"item\":\"https:\\\/\\\/scubamoraira.com\\\/fr\\\/\"},{\"@type\":\"ListItem\",\"position\":2,\"name\":\"Dive Sites\"}]},{\"@type\":\"WebSite\",\"@id\":\"https:\\\/\\\/scubamoraira.com\\\/fr\\\/#website\",\"url\":\"https:\\\/\\\/scubamoraira.com\\\/fr\\\/\",\"name\":\"Scuba Moraira\",\"description\":\"\",\"potentialAction\":[{\"@type\":\"SearchAction\",\"target\":{\"@type\":\"EntryPoint\",\"urlTemplate\":\"https:\\\/\\\/scubamoraira.com\\\/fr\\\/?s={search_term_string}\"},\"query-input\":{\"@type\":\"PropertyValueSpecification\",\"valueRequired\":true,\"valueName\":\"search_term_string\"}}],\"inLanguage\":\"es\"}]}<\/script>\n<!-- \/ Yoast SEO plugin. -->","yoast_head_json":{"title":"Dive Sites &#8226; Scuba Moraira","robots":{"index":"index","follow":"follow","max-snippet":"max-snippet:-1","max-image-preview":"max-image-preview:large","max-video-preview":"max-video-preview:-1"},"canonical":"https:\/\/scubamoraira.com\/fr\/dive-sites\/","og_locale":"es_ES","og_type":"article","og_title":"Dive Sites &#8226; Scuba Moraira","og_description":"D\u00e9couvrez nos sites de plong\u00e9e \u00a0L'ensemble du littoral de la Costa Blanca est r\u00e9put\u00e9 pour sa richesse en poissons, gr\u00e2ce aux courants provenant des profondeurs de la mer et \u00e0 l'\u00e9coulement de mati\u00e8res organiques des rivi\u00e8res, ce qui permet \u00e0 l'environnement marin de prosp\u00e9rer.La plong\u00e9e dans cette r\u00e9gion de la M\u00e9diterran\u00e9e permet de d\u00e9couvrir d'impressionnantes [&hellip;]","og_url":"https:\/\/scubamoraira.com\/fr\/dive-sites\/","og_site_name":"Scuba Moraira","article_modified_time":"2024-04-21T13:06:04+00:00","og_image":[{"url":"https:\/\/scubamoraira.com\/wp-content\/uploads\/morairadivesites.jpg","type":"","width":"","height":""}],"twitter_card":"summary_large_image","twitter_misc":{"Tiempo de lectura":"2 minutos"},"schema":{"@context":"https:\/\/schema.org","@graph":[{"@type":"WebPage","@id":"https:\/\/scubamoraira.com\/fr\/dive-sites\/","url":"https:\/\/scubamoraira.com\/fr\/dive-sites\/","name":"Dive Sites &#8226; Scuba Moraira","isPartOf":{"@id":"https:\/\/scubamoraira.com\/fr\/#website"},"primaryImageOfPage":{"@id":"https:\/\/scubamoraira.com\/fr\/dive-sites\/#primaryimage"},"image":{"@id":"https:\/\/scubamoraira.com\/fr\/dive-sites\/#primaryimage"},"thumbnailUrl":"https:\/\/scubamoraira.com\/wp-content\/uploads\/morairadivesites.jpg","datePublished":"2018-01-11T09:29:17+00:00","dateModified":"2024-04-21T13:06:04+00:00","breadcrumb":{"@id":"https:\/\/scubamoraira.com\/fr\/dive-sites\/#breadcrumb"},"inLanguage":"es","potentialAction":[{"@type":"ReadAction","target":["https:\/\/scubamoraira.com\/fr\/dive-sites\/"]}]},{"@type":"ImageObject","inLanguage":"es","@id":"https:\/\/scubamoraira.com\/fr\/dive-sites\/#primaryimage","url":"https:\/\/scubamoraira.com\/wp-content\/uploads\/morairadivesites.jpg","contentUrl":"https:\/\/scubamoraira.com\/wp-content\/uploads\/morairadivesites.jpg"},{"@type":"BreadcrumbList","@id":"https:\/\/scubamoraira.com\/fr\/dive-sites\/#breadcrumb","itemListElement":[{"@type":"ListItem","position":1,"name":"Portada","item":"https:\/\/scubamoraira.com\/fr\/"},{"@type":"ListItem","position":2,"name":"Dive Sites"}]},{"@type":"WebSite","@id":"https:\/\/scubamoraira.com\/fr\/#website","url":"https:\/\/scubamoraira.com\/fr\/","name":"Scuba Moraira","description":"","potentialAction":[{"@type":"SearchAction","target":{"@type":"EntryPoint","urlTemplate":"https:\/\/scubamoraira.com\/fr\/?s={search_term_string}"},"query-input":{"@type":"PropertyValueSpecification","valueRequired":true,"valueName":"search_term_string"}}],"inLanguage":"es"}]}},"_links":{"self":[{"href":"https:\/\/scubamoraira.com\/fr\/wp-json\/wp\/v2\/pages\/201","targetHints":{"allow":["GET"]}}],"collection":[{"href":"https:\/\/scubamoraira.com\/fr\/wp-json\/wp\/v2\/pages"}],"about":[{"href":"https:\/\/scubamoraira.com\/fr\/wp-json\/wp\/v2\/types\/page"}],"author":[{"embeddable":true,"href":"https:\/\/scubamoraira.com\/fr\/wp-json\/wp\/v2\/users\/3"}],"replies":[{"embeddable":true,"href":"https:\/\/scubamoraira.com\/fr\/wp-json\/wp\/v2\/comments?post=201"}],"version-history":[{"count":20,"href":"https:\/\/scubamoraira.com\/fr\/wp-json\/wp\/v2\/pages\/201\/revisions"}],"predecessor-version":[{"id":2758,"href":"https:\/\/scubamoraira.com\/fr\/wp-json\/wp\/v2\/pages\/201\/revisions\/2758"}],"wp:attachment":[{"href":"https:\/\/scubamoraira.com\/fr\/wp-json\/wp\/v2\/media?parent=201"}],"curies":[{"name":"wp","href":"https:\/\/api.w.org\/{rel}","templated":true}]}}