{"id":175,"date":"2018-01-10T09:48:54","date_gmt":"2018-01-10T09:48:54","guid":{"rendered":"https:\/\/scubamoraira.com\/?page_id=175"},"modified":"2024-02-20T10:45:50","modified_gmt":"2024-02-20T10:45:50","slug":"dive-trips","status":"publish","type":"page","link":"https:\/\/scubamoraira.com\/fr\/dive-trips\/","title":{"rendered":"Dive Trips"},"content":{"rendered":"<p>[et_pb_section fb_built=\u00bb1&#8243; _builder_version=\u00bb4.16&#8243; background_image=\u00bbhttps:\/\/scubamoraira.com\/wp-content\/uploads\/593.jpg\u00bb parallax=\u00bbon\u00bb parallax_method=\u00bboff\u00bb global_colors_info=\u00bb{}\u00bb][et_pb_row _builder_version=\u00bb4.16&#8243; background_size=\u00bbinitial\u00bb background_position=\u00bbtop_left\u00bb background_repeat=\u00bbrepeat\u00bb global_colors_info=\u00bb{}\u00bb][et_pb_column type=\u00bb4_4&#8243; _builder_version=\u00bb4.16&#8243; custom_padding=\u00bb|||\u00bb global_colors_info=\u00bb{}\u00bb custom_padding__hover=\u00bb|||\u00bb][et_pb_text _builder_version=\u00bb4.24.0&#8243; text_font=\u00bbStardos Stencil||on||||||\u00bb text_text_color=\u00bb#ffffff\u00bb text_font_size=\u00bb30px\u00bb header_font=\u00bbStardos Stencil||||||||\u00bb header_text_align=\u00bbcenter\u00bb header_text_color=\u00bb#ffffff\u00bb header_font_size=\u00bb50px\u00bb text_orientation=\u00bbcenter\u00bb background_layout=\u00bbdark\u00bb animation_style=\u00bbbounce\u00bb animation_direction=\u00bbbottom\u00bb global_colors_info=\u00bb{}\u00bb]<\/p>\n<h1 style=\"text-align: center;\">Plong\u00e9e Sous-Marine &#8211; Voyages de Plong\u00e9e<\/h1>\n<p style=\"text-align: center;\">Rejoignez-nous pour l&#8217;un de nos prochains voyages de plong\u00e9e&#8230;<\/p>\n<p>[\/et_pb_text][\/et_pb_column][\/et_pb_row][\/et_pb_section][et_pb_section fb_built=\u00bb1&#8243; _builder_version=\u00bb4.16&#8243; global_colors_info=\u00bb{}\u00bb][et_pb_row _builder_version=\u00bb4.16&#8243; background_size=\u00bbinitial\u00bb background_position=\u00bbtop_left\u00bb background_repeat=\u00bbrepeat\u00bb global_colors_info=\u00bb{}\u00bb][et_pb_column type=\u00bb4_4&#8243; _builder_version=\u00bb4.16&#8243; custom_padding=\u00bb|||\u00bb global_colors_info=\u00bb{}\u00bb custom_padding__hover=\u00bb|||\u00bb][et_pb_text _builder_version=\u00bb4.24.0&#8243; header_text_align=\u00bbcenter\u00bb header_text_color=\u00bb#2f3a8f\u00bb header_line_height=\u00bb1.2em\u00bb animation_style=\u00bbslide\u00bb animation_direction=\u00bbtop\u00bb global_colors_info=\u00bb{}\u00bb]<\/p>\n<h1>Vous r\u00eavez de plonger dans la mer chaude ? Pieuvre ? Mur\u00e8ne ? Langoustes ?<br \/>Alors r\u00e9servez votre escapade avec Scuba Moraira d\u00e8s aujourd&#8217;hui et d\u00e9couvrez ce que les eaux l\u00e9gendaires de la M\u00e9diterran\u00e9e ont \u00e0 vous offrir.<\/h1>\n<p>[\/et_pb_text][\/et_pb_column][\/et_pb_row][\/et_pb_section][et_pb_section fb_built=\u00bb1&#8243; _builder_version=\u00bb4.16&#8243; background_image=\u00bbhttps:\/\/scubamoraira.com\/wp-content\/uploads\/593.jpg\u00bb parallax=\u00bbon\u00bb parallax_method=\u00bboff\u00bb global_colors_info=\u00bb{}\u00bb][et_pb_row _builder_version=\u00bb4.16&#8243; background_size=\u00bbinitial\u00bb background_position=\u00bbtop_left\u00bb background_repeat=\u00bbrepeat\u00bb global_colors_info=\u00bb{}\u00bb][\/et_pb_row][\/et_pb_section][et_pb_section fb_built=\u00bb1&#8243; specialty=\u00bbon\u00bb background_color_2=\u00bb#f2f2f2&#8243; padding_top_2=\u00bb30px\u00bb padding_right_2=\u00bb30px\u00bb padding_bottom_2=\u00bb30px\u00bb padding_left_2=\u00bb30px\u00bb _builder_version=\u00bb4.16&#8243; border_radii=\u00bbon|16px|16px|16px|16px\u00bb border_width_all=\u00bb1px\u00bb border_color_all=\u00bb#f2f2f2&#8243; global_colors_info=\u00bb{}\u00bb][et_pb_column type=\u00bb3_4&#8243; specialty_columns=\u00bb3&#8243; _builder_version=\u00bb4.16&#8243; custom_padding=\u00bb|||\u00bb global_colors_info=\u00bb{}\u00bb custom_padding__hover=\u00bb|||\u00bb][et_pb_row_inner column_structure=\u00bb1_2,1_2&#8243; admin_label=\u00bbFila\u00bb _builder_version=\u00bb4.16&#8243; border_radii=\u00bbon|0px|0px|0px|0px\u00bb global_colors_info=\u00bb{}\u00bb][et_pb_column_inner type=\u00bb1_2&#8243; saved_specialty_column_type=\u00bb3_4&#8243; _builder_version=\u00bb4.16&#8243; custom_padding=\u00bb|||\u00bb global_colors_info=\u00bb{}\u00bb custom_padding__hover=\u00bb|||\u00bb][et_pb_text _builder_version=\u00bb4.24.0&#8243; text_orientation=\u00bbjustified\u00bb animation_style=\u00bbbounce\u00bb animation_direction=\u00bbright\u00bb global_colors_info=\u00bb{}\u00bb]<\/p>\n<p>\u00c0 Scuba Moraira, nous organisons des sorties de plong\u00e9e presque tous les jours \u00e0 partir de notre bateau de plong\u00e9e qui est amarr\u00e9 dans le port tr\u00e8s pris\u00e9 de Moraira. Pendant les mois d&#8217;\u00e9t\u00e9, ces sorties peuvent avoir lieu plusieurs fois par jour.<\/p>\n<p>Nous proposons des plong\u00e9es de 6 m\u00e8tres \u00e0 40 m\u00e8tres en fonction de votre exp\u00e9rience et de votre qualification. Nous avons la chance dans cette r\u00e9gion d&#8217;avoir une vie marine et une topographie sous-marine vari\u00e9es et fascinantes. Il y a plusieurs plong\u00e9es peu profondes dans et autour de Moraira o\u00f9 l&#8217;on peut observer d&#8217;\u00e9normes bancs de poissons juv\u00e9niles tels que les labres, les br\u00e8mes, les demoiselles et les m\u00e9rous. Parfois, nous avons la chance de voir d&#8217;\u00e9normes bancs de barracudas qui tournent en rond. De nombreux sites pr\u00e9sentent des arches et des passages fascinants qui forment des jardins sous-marins.<\/p>\n<p>Pour les plus exp\u00e9riment\u00e9s, nous proposons des plong\u00e9es plus difficiles avec des montagnes et des tunnels sous-marins qui abritent des congres et des mur\u00e8nes de tr\u00e8s grande taille. Lors de la plupart des plong\u00e9es, diff\u00e9rents membres de la famille des pieuvres sont pr\u00e9sents et sont g\u00e9n\u00e9ralement assez amicaux pour sortir de leurs abris et nous dire bonjour.<\/p>\n<p>Pendant la semaine, nous proposons \u00e9galement des plong\u00e9es de nuit, qui permettent d&#8217;observer les habitudes des cr\u00e9atures nocturnes. Les rascasses sortent pour se pr\u00e9lasser,<\/p>\n<p>[\/et_pb_text][\/et_pb_column_inner][et_pb_column_inner type=\u00bb1_2&#8243; saved_specialty_column_type=\u00bb3_4&#8243; _builder_version=\u00bb4.16&#8243; custom_padding=\u00bb|||\u00bb global_colors_info=\u00bb{}\u00bb custom_padding__hover=\u00bb|||\u00bb][et_pb_text _builder_version=\u00bb4.24.0&#8243; text_orientation=\u00bbjustified\u00bb animation_style=\u00bbbounce\u00bb animation_direction=\u00bbright\u00bb global_colors_info=\u00bb{}\u00bb]<\/p>\n<p>les bernard-l&#8217;ermite s&#8217;affairent \u00e0 collecter de la nourriture, les homards, les poulpes et les mur\u00e8nes sortent de leur trou pour chasser.<\/p>\n<p>Pendant le trajet en bateau jusqu&#8217;\u00e0 l&#8217;un des 25 sites de plong\u00e9e, gardez un \u0153il sur les \u00e9tranges poissons-lunes qui se r\u00e9chauffent \u00e0 la surface de la mer. Avec un peu de chance, nous serons rejoints par un groupe de dauphins qui croisent le long de la c\u00f4te.<\/p>\n<p>Notre bateau de plong\u00e9e \u00abTammy\u00bb est un semi-rigide de plong\u00e9e Valiant de 7,5 m\u00e8tres \u00e9quip\u00e9 d&#8217;un moteur Yamaha \u00e0 quatre temps de 225 chevaux. Tammy est \u00e9quip\u00e9 d&#8217;un GPS et d&#8217;un traceur de cartes dernier cri avec un syst\u00e8me de sonar en couleur. Il est \u00e9quip\u00e9 d&#8217;un lecteur de musique pour vous mettre dans l&#8217;ambiance. Le Tammy dispose \u00e9galement d&#8217;un \u00e9quipement d&#8217;oxyg\u00e8ne d&#8217;urgence et d&#8217;une trousse de premiers soins compl\u00e8te, de fus\u00e9es \u00e9clairantes et d&#8217;une radio VHF avec un syst\u00e8me d&#8217;appel de d\u00e9tresse. Tammy dispose d&#8217;une \u00e9chelle d&#8217;embarquement \u00e0 l&#8217;arri\u00e8re, de sorte qu&#8217;il n&#8217;est pas n\u00e9cessaire de grimper sur le c\u00f4t\u00e9.<\/p>\n<p>Pour plus de s\u00e9curit\u00e9, Tammy est \u00e9quip\u00e9 d&#8217;un syst\u00e8me de localisation par satellite SPOT. Ce syst\u00e8me nous permet de suivre Tammy depuis n&#8217;importe o\u00f9 dans le monde.<\/p>\n<p>[\/et_pb_text][\/et_pb_column_inner][\/et_pb_row_inner][\/et_pb_column][et_pb_column type=\u00bb1_4&#8243; _builder_version=\u00bb4.16&#8243; custom_padding=\u00bb|||\u00bb global_colors_info=\u00bb{}\u00bb custom_padding__hover=\u00bb|||\u00bb][et_pb_text _builder_version=\u00bb4.24.0&#8243; text_text_color=\u00bb#2f3a8f\u00bb header_text_color=\u00bb#2f3a8f\u00bb animation_style=\u00bbslide\u00bb animation_direction=\u00bbleft\u00bb global_colors_info=\u00bb{}\u00bb]<\/p>\n<h1><strong class=\"blue\">Toutes nos plong\u00e9es en bateau incluent:<\/strong><\/h1>\n<ul>\n<li>\u00a0<strong>Guide de plong\u00e9e professionnelle SSI<\/strong><\/li>\n<li style=\"text-align: left;\"><strong>Poids et ceinture de poids<\/strong><\/li>\n<li style=\"text-align: left;\"><strong>Eau potable<\/strong><\/li>\n<li style=\"text-align: left;\"><strong>Bouteilles de 10 ou 12 litres (15 litres sur demande)<\/strong><\/li>\n<li style=\"text-align: left;\"><strong>Briefing complet avec le guide de plong\u00e9e<\/strong><\/li>\n<li style=\"text-align: left;\"><strong>Utilisation des douches<\/strong><\/li>\n<li style=\"text-align: left;\"><strong>Transport depuis et vers le port de Moraira<\/strong><strong><\/strong><\/li>\n<\/ul>\n<p>[\/et_pb_text][\/et_pb_column][\/et_pb_section][et_pb_section fb_built=\u00bb1&#8243; _builder_version=\u00bb4.16&#8243; background_video_mp4=\u00bbhttps:\/\/scubamoraira.com\/wp-content\/uploads\/22034738.mp4&#8243; global_colors_info=\u00bb{}\u00bb][et_pb_row _builder_version=\u00bb4.16&#8243; global_colors_info=\u00bb{}\u00bb][et_pb_column type=\u00bb4_4&#8243; _builder_version=\u00bb4.16&#8243; custom_padding=\u00bb|||\u00bb global_colors_info=\u00bb{}\u00bb custom_padding__hover=\u00bb|||\u00bb][et_pb_text _builder_version=\u00bb4.24.0&#8243; text_font=\u00bbStardos Stencil||||||||\u00bb text_text_color=\u00bb#2f3a8f\u00bb text_font_size=\u00bb35px\u00bb header_text_align=\u00bbcenter\u00bb header_text_color=\u00bb#2f3a8f\u00bb header_font_size=\u00bb20px\u00bb text_orientation=\u00bbcenter\u00bb global_colors_info=\u00bb{}\u00bb]<\/p>\n<p style=\"text-align: center;\"><strong>Ne manquez pas cette opportunit\u00e9 incroyable !<\/strong><\/p>\n<p>&nbsp;<\/p>\n<h1 style=\"text-align: center;\">Commencez votre aventure SSI, continuez votre formation en plong\u00e9e dans une visibilit\u00e9 cristalline ou explorez simplement la vie marine \u00e9tonnante pour le plaisir dans certains des meilleurs sites de plong\u00e9e de la M\u00e9diterran\u00e9e.<br \/>ou simplement explorer la vie marine \u00e9tonnante pour le plaisir dans certains des meilleurs sites de plong\u00e9e de la M\u00e9diterran\u00e9e !<\/h1>\n<p>[\/et_pb_text][et_pb_button button_url=\u00bbhttps:\/\/scubamoraira.com\/fr\/contact\/\u00bb button_text=\u00bbCommencez!\u00bb button_alignment=\u00bbcenter\u00bb _builder_version=\u00bb4.24.0&#8243; custom_button=\u00bbon\u00bb button_text_size=\u00bb18&#8243; button_text_color=\u00bb#ffffff\u00bb button_bg_color=\u00bb#2f3a8f\u00bb button_border_width=\u00bb1&#8243; button_border_color=\u00bb#2f3a8f\u00bb button_icon=\u00bb&#x4e;||divi||400&#8243; button_icon_color=\u00bb#ffffff\u00bb animation_style=\u00bbzoom\u00bb hover_enabled=\u00bb0&#8243; button_text_color_hover=\u00bb#ffffff\u00bb button_border_color_hover=\u00bb#e2242e\u00bb button_bg_color_hover=\u00bb#e2242e\u00bb global_colors_info=\u00bb{}\u00bb button_text_size__hover_enabled=\u00bboff\u00bb button_one_text_size__hover_enabled=\u00bboff\u00bb button_two_text_size__hover_enabled=\u00bboff\u00bb button_text_color__hover_enabled=\u00bbon\u00bb button_text_color__hover=\u00bb#ffffff\u00bb button_one_text_color__hover_enabled=\u00bboff\u00bb button_two_text_color__hover_enabled=\u00bboff\u00bb button_border_width__hover_enabled=\u00bboff\u00bb button_one_border_width__hover_enabled=\u00bboff\u00bb button_two_border_width__hover_enabled=\u00bboff\u00bb button_border_color__hover_enabled=\u00bbon\u00bb button_border_color__hover=\u00bb#e2242e\u00bb button_one_border_color__hover_enabled=\u00bboff\u00bb button_two_border_color__hover_enabled=\u00bboff\u00bb button_border_radius__hover_enabled=\u00bboff\u00bb button_one_border_radius__hover_enabled=\u00bboff\u00bb button_two_border_radius__hover_enabled=\u00bboff\u00bb button_letter_spacing__hover_enabled=\u00bboff\u00bb button_one_letter_spacing__hover_enabled=\u00bboff\u00bb button_two_letter_spacing__hover_enabled=\u00bboff\u00bb button_bg_color__hover_enabled=\u00bbon\u00bb button_bg_color__hover=\u00bb#e2242e\u00bb button_one_bg_color__hover_enabled=\u00bboff\u00bb button_two_bg_color__hover_enabled=\u00bboff\u00bb sticky_enabled=\u00bb0&#8243;][\/et_pb_button][\/et_pb_column][\/et_pb_row][\/et_pb_section]<\/p>\n","protected":false},"excerpt":{"rendered":"<p>Plong\u00e9e Sous-Marine &#8211; Voyages de Plong\u00e9e Rejoignez-nous pour l&#8217;un de nos prochains voyages de plong\u00e9e&#8230;Vous r\u00eavez de plonger dans la mer chaude ? Pieuvre ? Mur\u00e8ne ? Langoustes ?Alors r\u00e9servez votre escapade avec Scuba Moraira d\u00e8s aujourd&#8217;hui et d\u00e9couvrez ce que les eaux l\u00e9gendaires de la M\u00e9diterran\u00e9e ont \u00e0 vous offrir.\u00c0 Scuba Moraira, nous organisons [&hellip;]<\/p>\n","protected":false},"author":3,"featured_media":0,"parent":0,"menu_order":0,"comment_status":"closed","ping_status":"closed","template":"","meta":{"_et_pb_use_builder":"on","_et_pb_old_content":"","_et_gb_content_width":"","footnotes":""},"class_list":["post-175","page","type-page","status-publish","hentry"],"yoast_head":"<!-- This site is optimized with the Yoast SEO plugin v27.4 - https:\/\/yoast.com\/product\/yoast-seo-wordpress\/ -->\n<title>Dive Trips &#8226; Scuba Moraira<\/title>\n<meta name=\"robots\" content=\"index, follow, max-snippet:-1, max-image-preview:large, max-video-preview:-1\" \/>\n<link rel=\"canonical\" href=\"https:\/\/scubamoraira.com\/fr\/dive-trips\/\" \/>\n<meta property=\"og:locale\" content=\"es_ES\" \/>\n<meta property=\"og:type\" content=\"article\" \/>\n<meta property=\"og:title\" content=\"Dive Trips &#8226; Scuba Moraira\" \/>\n<meta property=\"og:description\" content=\"Plong\u00e9e Sous-Marine - Voyages de Plong\u00e9e Rejoignez-nous pour l&#039;un de nos prochains voyages de plong\u00e9e...Vous r\u00eavez de plonger dans la mer chaude ? Pieuvre ? Mur\u00e8ne ? Langoustes ?Alors r\u00e9servez votre escapade avec Scuba Moraira d\u00e8s aujourd&#039;hui et d\u00e9couvrez ce que les eaux l\u00e9gendaires de la M\u00e9diterran\u00e9e ont \u00e0 vous offrir.\u00c0 Scuba Moraira, nous organisons [&hellip;]\" \/>\n<meta property=\"og:url\" content=\"https:\/\/scubamoraira.com\/fr\/dive-trips\/\" \/>\n<meta property=\"og:site_name\" content=\"Scuba Moraira\" \/>\n<meta property=\"article:modified_time\" content=\"2024-02-20T10:45:50+00:00\" \/>\n<meta name=\"twitter:card\" content=\"summary_large_image\" \/>\n<meta name=\"twitter:label1\" content=\"Tiempo de lectura\" \/>\n\t<meta name=\"twitter:data1\" content=\"3 minutos\" \/>\n<script type=\"application\/ld+json\" class=\"yoast-schema-graph\">{\"@context\":\"https:\\\/\\\/schema.org\",\"@graph\":[{\"@type\":\"WebPage\",\"@id\":\"https:\\\/\\\/scubamoraira.com\\\/fr\\\/dive-trips\\\/\",\"url\":\"https:\\\/\\\/scubamoraira.com\\\/fr\\\/dive-trips\\\/\",\"name\":\"Dive Trips &#8226; Scuba Moraira\",\"isPartOf\":{\"@id\":\"https:\\\/\\\/scubamoraira.com\\\/fr\\\/#website\"},\"datePublished\":\"2018-01-10T09:48:54+00:00\",\"dateModified\":\"2024-02-20T10:45:50+00:00\",\"breadcrumb\":{\"@id\":\"https:\\\/\\\/scubamoraira.com\\\/fr\\\/dive-trips\\\/#breadcrumb\"},\"inLanguage\":\"es\",\"potentialAction\":[{\"@type\":\"ReadAction\",\"target\":[\"https:\\\/\\\/scubamoraira.com\\\/fr\\\/dive-trips\\\/\"]}]},{\"@type\":\"BreadcrumbList\",\"@id\":\"https:\\\/\\\/scubamoraira.com\\\/fr\\\/dive-trips\\\/#breadcrumb\",\"itemListElement\":[{\"@type\":\"ListItem\",\"position\":1,\"name\":\"Portada\",\"item\":\"https:\\\/\\\/scubamoraira.com\\\/fr\\\/\"},{\"@type\":\"ListItem\",\"position\":2,\"name\":\"Dive Trips\"}]},{\"@type\":\"WebSite\",\"@id\":\"https:\\\/\\\/scubamoraira.com\\\/fr\\\/#website\",\"url\":\"https:\\\/\\\/scubamoraira.com\\\/fr\\\/\",\"name\":\"Scuba Moraira\",\"description\":\"\",\"potentialAction\":[{\"@type\":\"SearchAction\",\"target\":{\"@type\":\"EntryPoint\",\"urlTemplate\":\"https:\\\/\\\/scubamoraira.com\\\/fr\\\/?s={search_term_string}\"},\"query-input\":{\"@type\":\"PropertyValueSpecification\",\"valueRequired\":true,\"valueName\":\"search_term_string\"}}],\"inLanguage\":\"es\"}]}<\/script>\n<!-- \/ Yoast SEO plugin. -->","yoast_head_json":{"title":"Dive Trips &#8226; Scuba Moraira","robots":{"index":"index","follow":"follow","max-snippet":"max-snippet:-1","max-image-preview":"max-image-preview:large","max-video-preview":"max-video-preview:-1"},"canonical":"https:\/\/scubamoraira.com\/fr\/dive-trips\/","og_locale":"es_ES","og_type":"article","og_title":"Dive Trips &#8226; Scuba Moraira","og_description":"Plong\u00e9e Sous-Marine - Voyages de Plong\u00e9e Rejoignez-nous pour l'un de nos prochains voyages de plong\u00e9e...Vous r\u00eavez de plonger dans la mer chaude ? Pieuvre ? Mur\u00e8ne ? Langoustes ?Alors r\u00e9servez votre escapade avec Scuba Moraira d\u00e8s aujourd'hui et d\u00e9couvrez ce que les eaux l\u00e9gendaires de la M\u00e9diterran\u00e9e ont \u00e0 vous offrir.\u00c0 Scuba Moraira, nous organisons [&hellip;]","og_url":"https:\/\/scubamoraira.com\/fr\/dive-trips\/","og_site_name":"Scuba Moraira","article_modified_time":"2024-02-20T10:45:50+00:00","twitter_card":"summary_large_image","twitter_misc":{"Tiempo de lectura":"3 minutos"},"schema":{"@context":"https:\/\/schema.org","@graph":[{"@type":"WebPage","@id":"https:\/\/scubamoraira.com\/fr\/dive-trips\/","url":"https:\/\/scubamoraira.com\/fr\/dive-trips\/","name":"Dive Trips &#8226; Scuba Moraira","isPartOf":{"@id":"https:\/\/scubamoraira.com\/fr\/#website"},"datePublished":"2018-01-10T09:48:54+00:00","dateModified":"2024-02-20T10:45:50+00:00","breadcrumb":{"@id":"https:\/\/scubamoraira.com\/fr\/dive-trips\/#breadcrumb"},"inLanguage":"es","potentialAction":[{"@type":"ReadAction","target":["https:\/\/scubamoraira.com\/fr\/dive-trips\/"]}]},{"@type":"BreadcrumbList","@id":"https:\/\/scubamoraira.com\/fr\/dive-trips\/#breadcrumb","itemListElement":[{"@type":"ListItem","position":1,"name":"Portada","item":"https:\/\/scubamoraira.com\/fr\/"},{"@type":"ListItem","position":2,"name":"Dive Trips"}]},{"@type":"WebSite","@id":"https:\/\/scubamoraira.com\/fr\/#website","url":"https:\/\/scubamoraira.com\/fr\/","name":"Scuba Moraira","description":"","potentialAction":[{"@type":"SearchAction","target":{"@type":"EntryPoint","urlTemplate":"https:\/\/scubamoraira.com\/fr\/?s={search_term_string}"},"query-input":{"@type":"PropertyValueSpecification","valueRequired":true,"valueName":"search_term_string"}}],"inLanguage":"es"}]}},"_links":{"self":[{"href":"https:\/\/scubamoraira.com\/fr\/wp-json\/wp\/v2\/pages\/175","targetHints":{"allow":["GET"]}}],"collection":[{"href":"https:\/\/scubamoraira.com\/fr\/wp-json\/wp\/v2\/pages"}],"about":[{"href":"https:\/\/scubamoraira.com\/fr\/wp-json\/wp\/v2\/types\/page"}],"author":[{"embeddable":true,"href":"https:\/\/scubamoraira.com\/fr\/wp-json\/wp\/v2\/users\/3"}],"replies":[{"embeddable":true,"href":"https:\/\/scubamoraira.com\/fr\/wp-json\/wp\/v2\/comments?post=175"}],"version-history":[{"count":10,"href":"https:\/\/scubamoraira.com\/fr\/wp-json\/wp\/v2\/pages\/175\/revisions"}],"predecessor-version":[{"id":2495,"href":"https:\/\/scubamoraira.com\/fr\/wp-json\/wp\/v2\/pages\/175\/revisions\/2495"}],"wp:attachment":[{"href":"https:\/\/scubamoraira.com\/fr\/wp-json\/wp\/v2\/media?parent=175"}],"curies":[{"name":"wp","href":"https:\/\/api.w.org\/{rel}","templated":true}]}}