{"id":458,"date":"2018-03-08T12:31:36","date_gmt":"2018-03-08T12:31:36","guid":{"rendered":"https:\/\/scubamoraira.com\/?page_id=458"},"modified":"2026-03-20T14:35:07","modified_gmt":"2026-03-20T14:35:07","slug":"ssi-advanced-adventurer-diver","status":"publish","type":"page","link":"https:\/\/scubamoraira.com\/es\/ssi-advanced-adventurer-diver\/","title":{"rendered":"SSI Advanced Adventurer Diver"},"content":{"rendered":"<p>[et_pb_section fb_built=\u00bb1&#8243; fullwidth=\u00bbon\u00bb _builder_version=\u00bb4.16&#8243; background_color=\u00bb#e2242e\u00bb global_colors_info=\u00bb{}\u00bb][et_pb_fullwidth_header title=\u00bbAdvanced Adventurer \u00bb _builder_version=\u00bb4.24.0&#8243; title_font=\u00bbStardos Stencil|700||on|||||\u00bb background_color=\u00bbrgba(255, 255, 255, 0)\u00bb animation_style=\u00bbbounce\u00bb title_text_shadow_style=\u00bbpreset5&#8243; title_text_shadow_color=\u00bb#000000&#8243; text_shadow_style=\u00bbpreset4&#8243; global_colors_info=\u00bb{}\u00bb button_one_text_size__hover_enabled=\u00bboff\u00bb button_two_text_size__hover_enabled=\u00bboff\u00bb button_one_text_color__hover_enabled=\u00bboff\u00bb button_two_text_color__hover_enabled=\u00bboff\u00bb button_one_border_width__hover_enabled=\u00bboff\u00bb button_two_border_width__hover_enabled=\u00bboff\u00bb button_one_border_color__hover_enabled=\u00bboff\u00bb button_two_border_color__hover_enabled=\u00bboff\u00bb button_one_border_radius__hover_enabled=\u00bboff\u00bb button_two_border_radius__hover_enabled=\u00bboff\u00bb button_one_letter_spacing__hover_enabled=\u00bboff\u00bb button_two_letter_spacing__hover_enabled=\u00bboff\u00bb button_one_bg_color__hover_enabled=\u00bboff\u00bb button_two_bg_color__hover_enabled=\u00bboff\u00bb][\/et_pb_fullwidth_header][\/et_pb_section][et_pb_section fb_built=\u00bb1&#8243; _builder_version=\u00bb4.16&#8243; background_color=\u00bb#f2f2f2&#8243; global_colors_info=\u00bb{}\u00bb][et_pb_row _builder_version=\u00bb4.21.0&#8243; _module_preset=\u00bbdefault\u00bb animation_style=\u00bbslide\u00bb global_colors_info=\u00bb{}\u00bb][et_pb_column type=\u00bb4_4&#8243; _builder_version=\u00bb4.16&#8243; _module_preset=\u00bbdefault\u00bb global_colors_info=\u00bb{}\u00bb][et_pb_image src=\u00bbhttps:\/\/scubamoraira.com\/es\/wp-content\/uploads\/Presentation-Advanced-Adventurer.jpg\u00bb title_text=\u00bbPresentation-Advanced Adventurer\u00bb _builder_version=\u00bb4.24.0&#8243; _module_preset=\u00bbdefault\u00bb animation_style=\u00bbbounce\u00bb border_radii=\u00bbon|16px|16px|16px|16px\u00bb box_shadow_style=\u00bbpreset1&#8243; box_shadow_color=\u00bb#000000&#8243; global_colors_info=\u00bb{}\u00bb][\/et_pb_image][et_pb_text _builder_version=\u00bb4.24.0&#8243; text_font=\u00bbStardos Stencil||||||||\u00bb header_font=\u00bb||||||||\u00bb header_text_color=\u00bb#2f3a8f\u00bb header_font_size=\u00bb20px\u00bb animation_style=\u00bbbounce\u00bb global_colors_info=\u00bb{}\u00bb]<\/p>\n<div class=\"text\">\n<h3>Contin\u00faa explorando los oc\u00e9anos, ampl\u00eda tus tiempos de inmersi\u00f3n, reduce tu consumo de aire y mucho m\u00e1s con el programa SSI Advanced Adventurer. Prueba 5 especialidades de buceo diferentes sin comprometerte a un programa de buceo completo y descubre el buceo que m\u00e1s te gusta. Esta es la mejor manera de continuar tu formaci\u00f3n para convertirte en un buceador avanzado confiado, seguro y c\u00f3modo.<br \/>Con este programa, puedes probar una variedad de especialidades antes de comprometerte con programas completos de especialidad. Es una gran manera de experimentar en qu\u00e9 consiste la formaci\u00f3n de buceador avanzado y lo valiosa que puede ser para tus aventuras de buceo.<\/h3>\n<\/div>\n<h3>Durante el Programa de Aventurero Avanzado, probar\u00e1s 5 especialidades diferentes. Completar\u00e1s una inmersi\u00f3n de entrenamiento en aguas abiertas por especialidad despu\u00e9s de un exhaustivo briefing con tu Instructor SSI.<br \/>Con este programa de prueba de especialidades de buceo, tendr\u00e1s total libertad para explorar. Puedes completar los programas completos de especialidad en cualquier momento en el futuro y acreditar tu formaci\u00f3n de Aventurero Avanzado para ellos.<br \/>Perfeccionar\u00e1s tus habilidades completando cinco inmersiones de aventura que te introducir\u00e1n en:<br \/>&#8211; Navegaci\u00f3n submarina<br \/>&#8211; Buceo en aguas m\u00e1s profundas (normalmente entre 18-30 metros\/ 60-100 pies)<br \/>&#8211; Una introducci\u00f3n a otras tres inmersiones de aventura de tu elecci\u00f3n<\/h3>\n<p>[\/et_pb_text][et_pb_blurb title=\u00bbPrerrequisitos\u00bb use_icon=\u00bbon\u00bb font_icon=\u00bb&#x52;||divi||400&#8243; icon_color=\u00bb#FFFFFF\u00bb image_icon_width=\u00bb40px\u00bb _builder_version=\u00bb4.24.0&#8243; header_level=\u00bbh2&#8243; header_text_align=\u00bbcenter\u00bb header_text_color=\u00bb#ffffff\u00bb background_color=\u00bb#599ecd\u00bb background_layout=\u00bbdark\u00bb animation_style=\u00bbbounce\u00bb border_radii=\u00bbon|16px|16px|16px|16px\u00bb box_shadow_style=\u00bbpreset1&#8243; box_shadow_color=\u00bb#000000&#8243; icon_font_size=\u00bb40px\u00bb global_colors_info=\u00bb{}\u00bb]<\/p>\n<p>&nbsp;<\/p>\n<p>Certificado m\u00e9dico en un plazo de 12 meses.<\/p>\n<p>EDAD M\u00cdNIMA: 12 a\u00f1os.<\/p>\n<p>Para hacer este curso, debes ser:<br \/>&#8211; SSI Open Water Diver (o certificaci\u00f3n cualificada de otra organizaci\u00f3n de formaci\u00f3n)<br \/>&#8211; 15 a\u00f1os (12 a\u00f1os para Junior Advanced Adventurer)<\/p>\n<p style=\"padding-left: 80px;\">\n<p>&nbsp;<\/p>\n<p>&nbsp;<\/p>\n<p>[\/et_pb_blurb][\/et_pb_column][\/et_pb_row][\/et_pb_section][et_pb_section fb_built=\u00bb1&#8243; _builder_version=\u00bb4.16&#8243; background_color=\u00bbRGBA(0,0,0,0)\u00bb background_enable_image=\u00bboff\u00bb background_size=\u00bbcontain\u00bb global_colors_info=\u00bb{}\u00bb][et_pb_row _builder_version=\u00bb4.16&#8243; _module_preset=\u00bbdefault\u00bb background_color=\u00bbRGBA(0,0,0,0)\u00bb global_colors_info=\u00bb{}\u00bb][et_pb_column type=\u00bb4_4&#8243; _builder_version=\u00bb4.16&#8243; _module_preset=\u00bbdefault\u00bb global_colors_info=\u00bb{}\u00bb][et_pb_tabs active_tab_background_color=\u00bb#2f3a8f\u00bb inactive_tab_background_color=\u00bb#939393&#8243; _builder_version=\u00bb4.27.4&#8243; tab_text_color=\u00bb#2f3a8f\u00bb animation_style=\u00bbbounce\u00bb hover_enabled=\u00bb0&#8243; global_colors_info=\u00bb{}\u00bb sticky_enabled=\u00bb0&#8243;][et_pb_tab title=\u00bbLa parte divertida: T\u00fa eliges\u00bb _builder_version=\u00bb4.24.0&#8243; body_font=\u00bbStardos Stencil||||||||\u00bb body_text_align=\u00bbjustify\u00bb tab_font=\u00bbStardos Stencil||||||||\u00bb tab_text_color=\u00bb#ffffff\u00bb tab_font_size=\u00bb18&#8243; tab_font_size_tablet=\u00bb18&#8243; tab_font_size_phone=\u00bb18&#8243; global_colors_info=\u00bb{}\u00bb]<\/p>\n<p><span style=\"color: #333333;\"><span style=\"font-family: 'Gill Sans MT', sans-serif;\"><span style=\"font-size: medium;\">Una de las razones por las que le encantar\u00e1 el curso SSI Advanced Adventurer es que usted y su instructor pueden elegir entre 15 tipos de inmersiones de aventura para completar su curso. Puedes probar tu mano en Fotograf\u00eda Digital Submarina, Buceo Nocturno, B\u00fasqueda y Recuperaci\u00f3n y mucho m\u00e1s.<br \/><\/span><\/span><\/span><\/p>\n<p>[\/et_pb_tab][et_pb_tab title=\u00bbLo que aprender\u00e1s\u00bb _builder_version=\u00bb4.24.0&#8243; body_text_align=\u00bbjustify\u00bb tab_text_color=\u00bb#ffffff\u00bb tab_font_size=\u00bb18&#8243; tab_font_size_tablet=\u00bb18&#8243; tab_font_size_phone=\u00bb18&#8243; global_colors_info=\u00bb{}\u00bb]<\/p>\n<p>Los conocimientos y habilidades que adquieres en el curso SSI Advanced Adventurer Diver var\u00edan en funci\u00f3n de tu inter\u00e9s y de las aventuras que vivas, pero incluyen:<br \/>&#8211; Aspectos pr\u00e1cticos del buceo profundo.<br \/>&#8211; Efectos fisiol\u00f3gicos del buceo profundo.<br \/>&#8211; M\u00e1s formas de utilizar tu br\u00fajula subacu\u00e1tica<br \/>&#8211; C\u00f3mo navegar utilizando ciclos de patada, puntos de referencia visuales y el tiempo<br \/>&#8211; C\u00f3mo utilizar mejor su ordenador de buceo<br \/>&#8211; Y mucho, mucho m\u00e1s, dependiendo de las Inmersiones de Aventura que elija<\/p>\n<p>[\/et_pb_tab][et_pb_tab title=\u00bbPrecio &#038; Duraci\u00f3n\u00bb _builder_version=\u00bb4.27.4&#8243; body_text_align=\u00bbjustify\u00bb tab_text_color=\u00bb#ffffff\u00bb tab_font_size=\u00bb18&#8243; hover_enabled=\u00bb0&#8243; tab_font_size_tablet=\u00bb18&#8243; tab_font_size_phone=\u00bb18&#8243; global_colors_info=\u00bb{}\u00bb sticky_enabled=\u00bb0&#8243;]<\/p>\n<p><strong>\u20ac495 \/ 3 a 5 Dias<\/strong><\/p>\n<p>[\/et_pb_tab][\/et_pb_tabs][\/et_pb_column][\/et_pb_row][\/et_pb_section][et_pb_section fb_built=\u00bb1&#8243; _builder_version=\u00bb4.21.0&#8243; background_image=\u00bbhttps:\/\/scubamoraira.com\/wp-content\/uploads\/cta_scuba.jpg\u00bb animation_style=\u00bbbounce\u00bb global_colors_info=\u00bb{}\u00bb][et_pb_row column_structure=\u00bb1_3,2_3&#8243; _builder_version=\u00bb4.16&#8243; background_size=\u00bbinitial\u00bb background_position=\u00bbtop_left\u00bb background_repeat=\u00bbrepeat\u00bb global_colors_info=\u00bb{}\u00bb][et_pb_column type=\u00bb1_3&#8243; _builder_version=\u00bb4.16&#8243; custom_padding=\u00bb|||\u00bb global_colors_info=\u00bb{}\u00bb custom_padding__hover=\u00bb|||\u00bb][\/et_pb_column][et_pb_column type=\u00bb2_3&#8243; _builder_version=\u00bb4.16&#8243; custom_padding=\u00bb|||\u00bb global_colors_info=\u00bb{}\u00bb custom_padding__hover=\u00bb|||\u00bb][et_pb_text _builder_version=\u00bb4.24.0&#8243; text_font_size=\u00bb18px\u00bb header_font=\u00bbStardos Stencil||||||||\u00bb header_font_size=\u00bb35px\u00bb background_layout=\u00bbdark\u00bb animation_style=\u00bbslide\u00bb animation_direction=\u00bbtop\u00bb global_colors_info=\u00bb{}\u00bb]<\/p>\n<h1 class=\"blue\">\u00a1Tu Pr\u00f3xima Aventura!<\/h1>\n<p>Despu\u00e9s de haber probado una especialidad en el curso Advanced Adventurer Diver, probablemente querr\u00e1s hacer el curso de especialidad y aprender m\u00e1s.<br \/>Para obtener m\u00e1s informaci\u00f3n acerca de este u otros cursos SSI tener una charla con uno de los miembros del equipo SCUBA MORAIRA.<\/p>\n<p>[\/et_pb_text][et_pb_button button_url=\u00bbhttps:\/\/scubamoraira.com\/es\/courses\/\u00bb button_text=\u00bb\u00a1M\u00e1s Cursos!\u00bb button_alignment=\u00bbleft\u00bb _builder_version=\u00bb4.24.0&#8243; custom_button=\u00bbon\u00bb button_text_size=\u00bb18&#8243; button_text_color=\u00bb#ffffff\u00bb button_bg_color=\u00bb#2f3a8f\u00bb button_border_width=\u00bb1&#8243; button_border_color=\u00bb#2f3a8f\u00bb button_icon=\u00bb&#x4e;||divi||400&#8243; button_icon_color=\u00bb#ffffff\u00bb button_text_color_hover=\u00bb#ffffff\u00bb button_border_color_hover=\u00bb#e2242e\u00bb button_bg_color_hover=\u00bb#e2242e\u00bb global_colors_info=\u00bb{}\u00bb button_text_size__hover_enabled=\u00bboff\u00bb button_one_text_size__hover_enabled=\u00bboff\u00bb button_two_text_size__hover_enabled=\u00bboff\u00bb button_text_color__hover_enabled=\u00bbon\u00bb button_text_color__hover=\u00bb#ffffff\u00bb button_one_text_color__hover_enabled=\u00bboff\u00bb button_two_text_color__hover_enabled=\u00bboff\u00bb button_border_width__hover_enabled=\u00bboff\u00bb button_one_border_width__hover_enabled=\u00bboff\u00bb button_two_border_width__hover_enabled=\u00bboff\u00bb button_border_color__hover_enabled=\u00bbon\u00bb button_border_color__hover=\u00bb#e2242e\u00bb button_one_border_color__hover_enabled=\u00bboff\u00bb button_two_border_color__hover_enabled=\u00bboff\u00bb button_border_radius__hover_enabled=\u00bboff\u00bb button_one_border_radius__hover_enabled=\u00bboff\u00bb button_two_border_radius__hover_enabled=\u00bboff\u00bb button_letter_spacing__hover_enabled=\u00bboff\u00bb button_one_letter_spacing__hover_enabled=\u00bboff\u00bb button_two_letter_spacing__hover_enabled=\u00bboff\u00bb button_bg_color__hover_enabled=\u00bbon\u00bb button_bg_color__hover=\u00bb#e2242e\u00bb button_one_bg_color__hover_enabled=\u00bboff\u00bb button_two_bg_color__hover_enabled=\u00bboff\u00bb][\/et_pb_button][\/et_pb_column][\/et_pb_row][\/et_pb_section]<\/p>\n","protected":false},"excerpt":{"rendered":"<p>Contin\u00faa explorando los oc\u00e9anos, ampl\u00eda tus tiempos de inmersi\u00f3n, reduce tu consumo de aire y mucho m\u00e1s con el programa SSI Advanced Adventurer. Prueba 5 especialidades de buceo diferentes sin comprometerte a un programa de buceo completo y descubre el buceo que m\u00e1s te gusta. Esta es la mejor manera de continuar tu formaci\u00f3n para [&hellip;]<\/p>\n","protected":false},"author":3,"featured_media":0,"parent":0,"menu_order":0,"comment_status":"closed","ping_status":"closed","template":"","meta":{"_et_pb_use_builder":"on","_et_pb_old_content":"","_et_gb_content_width":"","footnotes":""},"class_list":["post-458","page","type-page","status-publish","hentry"],"yoast_head":"<!-- This site is optimized with the Yoast SEO plugin v27.6 - https:\/\/yoast.com\/product\/yoast-seo-wordpress\/ -->\n<title>SSI Advanced Adventurer Diver &#8226; Scuba Moraira<\/title>\n<meta name=\"robots\" content=\"index, follow, max-snippet:-1, max-image-preview:large, max-video-preview:-1\" \/>\n<link rel=\"canonical\" href=\"https:\/\/scubamoraira.com\/es\/ssi-advanced-adventurer-diver\/\" \/>\n<meta property=\"og:locale\" content=\"es_ES\" \/>\n<meta property=\"og:type\" content=\"article\" \/>\n<meta property=\"og:title\" content=\"SSI Advanced Adventurer Diver &#8226; Scuba Moraira\" \/>\n<meta property=\"og:description\" content=\"Contin\u00faa explorando los oc\u00e9anos, ampl\u00eda tus tiempos de inmersi\u00f3n, reduce tu consumo de aire y mucho m\u00e1s con el programa SSI Advanced Adventurer. Prueba 5 especialidades de buceo diferentes sin comprometerte a un programa de buceo completo y descubre el buceo que m\u00e1s te gusta. Esta es la mejor manera de continuar tu formaci\u00f3n para [&hellip;]\" \/>\n<meta property=\"og:url\" content=\"https:\/\/scubamoraira.com\/es\/ssi-advanced-adventurer-diver\/\" \/>\n<meta property=\"og:site_name\" content=\"Scuba Moraira\" \/>\n<meta property=\"article:modified_time\" content=\"2026-03-20T14:35:07+00:00\" \/>\n<meta name=\"twitter:card\" content=\"summary_large_image\" \/>\n<meta name=\"twitter:label1\" content=\"Tiempo de lectura\" \/>\n\t<meta name=\"twitter:data1\" content=\"3 minutos\" \/>\n<script type=\"application\/ld+json\" class=\"yoast-schema-graph\">{\"@context\":\"https:\\\/\\\/schema.org\",\"@graph\":[{\"@type\":\"WebPage\",\"@id\":\"https:\\\/\\\/scubamoraira.com\\\/es\\\/ssi-advanced-adventurer-diver\\\/\",\"url\":\"https:\\\/\\\/scubamoraira.com\\\/es\\\/ssi-advanced-adventurer-diver\\\/\",\"name\":\"SSI Advanced Adventurer Diver &#8226; Scuba Moraira\",\"isPartOf\":{\"@id\":\"https:\\\/\\\/scubamoraira.com\\\/es\\\/#website\"},\"datePublished\":\"2018-03-08T12:31:36+00:00\",\"dateModified\":\"2026-03-20T14:35:07+00:00\",\"breadcrumb\":{\"@id\":\"https:\\\/\\\/scubamoraira.com\\\/es\\\/ssi-advanced-adventurer-diver\\\/#breadcrumb\"},\"inLanguage\":\"es\",\"potentialAction\":[{\"@type\":\"ReadAction\",\"target\":[\"https:\\\/\\\/scubamoraira.com\\\/es\\\/ssi-advanced-adventurer-diver\\\/\"]}]},{\"@type\":\"BreadcrumbList\",\"@id\":\"https:\\\/\\\/scubamoraira.com\\\/es\\\/ssi-advanced-adventurer-diver\\\/#breadcrumb\",\"itemListElement\":[{\"@type\":\"ListItem\",\"position\":1,\"name\":\"Portada\",\"item\":\"https:\\\/\\\/scubamoraira.com\\\/es\\\/\"},{\"@type\":\"ListItem\",\"position\":2,\"name\":\"SSI Advanced Adventurer Diver\"}]},{\"@type\":\"WebSite\",\"@id\":\"https:\\\/\\\/scubamoraira.com\\\/es\\\/#website\",\"url\":\"https:\\\/\\\/scubamoraira.com\\\/es\\\/\",\"name\":\"Scuba Moraira\",\"description\":\"\",\"potentialAction\":[{\"@type\":\"SearchAction\",\"target\":{\"@type\":\"EntryPoint\",\"urlTemplate\":\"https:\\\/\\\/scubamoraira.com\\\/es\\\/?s={search_term_string}\"},\"query-input\":{\"@type\":\"PropertyValueSpecification\",\"valueRequired\":true,\"valueName\":\"search_term_string\"}}],\"inLanguage\":\"es\"}]}<\/script>\n<!-- \/ Yoast SEO plugin. -->","yoast_head_json":{"title":"SSI Advanced Adventurer Diver &#8226; Scuba Moraira","robots":{"index":"index","follow":"follow","max-snippet":"max-snippet:-1","max-image-preview":"max-image-preview:large","max-video-preview":"max-video-preview:-1"},"canonical":"https:\/\/scubamoraira.com\/es\/ssi-advanced-adventurer-diver\/","og_locale":"es_ES","og_type":"article","og_title":"SSI Advanced Adventurer Diver &#8226; Scuba Moraira","og_description":"Contin\u00faa explorando los oc\u00e9anos, ampl\u00eda tus tiempos de inmersi\u00f3n, reduce tu consumo de aire y mucho m\u00e1s con el programa SSI Advanced Adventurer. Prueba 5 especialidades de buceo diferentes sin comprometerte a un programa de buceo completo y descubre el buceo que m\u00e1s te gusta. Esta es la mejor manera de continuar tu formaci\u00f3n para [&hellip;]","og_url":"https:\/\/scubamoraira.com\/es\/ssi-advanced-adventurer-diver\/","og_site_name":"Scuba Moraira","article_modified_time":"2026-03-20T14:35:07+00:00","twitter_card":"summary_large_image","twitter_misc":{"Tiempo de lectura":"3 minutos"},"schema":{"@context":"https:\/\/schema.org","@graph":[{"@type":"WebPage","@id":"https:\/\/scubamoraira.com\/es\/ssi-advanced-adventurer-diver\/","url":"https:\/\/scubamoraira.com\/es\/ssi-advanced-adventurer-diver\/","name":"SSI Advanced Adventurer Diver &#8226; Scuba Moraira","isPartOf":{"@id":"https:\/\/scubamoraira.com\/es\/#website"},"datePublished":"2018-03-08T12:31:36+00:00","dateModified":"2026-03-20T14:35:07+00:00","breadcrumb":{"@id":"https:\/\/scubamoraira.com\/es\/ssi-advanced-adventurer-diver\/#breadcrumb"},"inLanguage":"es","potentialAction":[{"@type":"ReadAction","target":["https:\/\/scubamoraira.com\/es\/ssi-advanced-adventurer-diver\/"]}]},{"@type":"BreadcrumbList","@id":"https:\/\/scubamoraira.com\/es\/ssi-advanced-adventurer-diver\/#breadcrumb","itemListElement":[{"@type":"ListItem","position":1,"name":"Portada","item":"https:\/\/scubamoraira.com\/es\/"},{"@type":"ListItem","position":2,"name":"SSI Advanced Adventurer Diver"}]},{"@type":"WebSite","@id":"https:\/\/scubamoraira.com\/es\/#website","url":"https:\/\/scubamoraira.com\/es\/","name":"Scuba Moraira","description":"","potentialAction":[{"@type":"SearchAction","target":{"@type":"EntryPoint","urlTemplate":"https:\/\/scubamoraira.com\/es\/?s={search_term_string}"},"query-input":{"@type":"PropertyValueSpecification","valueRequired":true,"valueName":"search_term_string"}}],"inLanguage":"es"}]}},"_links":{"self":[{"href":"https:\/\/scubamoraira.com\/es\/wp-json\/wp\/v2\/pages\/458","targetHints":{"allow":["GET"]}}],"collection":[{"href":"https:\/\/scubamoraira.com\/es\/wp-json\/wp\/v2\/pages"}],"about":[{"href":"https:\/\/scubamoraira.com\/es\/wp-json\/wp\/v2\/types\/page"}],"author":[{"embeddable":true,"href":"https:\/\/scubamoraira.com\/es\/wp-json\/wp\/v2\/users\/3"}],"replies":[{"embeddable":true,"href":"https:\/\/scubamoraira.com\/es\/wp-json\/wp\/v2\/comments?post=458"}],"version-history":[{"count":48,"href":"https:\/\/scubamoraira.com\/es\/wp-json\/wp\/v2\/pages\/458\/revisions"}],"predecessor-version":[{"id":2904,"href":"https:\/\/scubamoraira.com\/es\/wp-json\/wp\/v2\/pages\/458\/revisions\/2904"}],"wp:attachment":[{"href":"https:\/\/scubamoraira.com\/es\/wp-json\/wp\/v2\/media?parent=458"}],"curies":[{"name":"wp","href":"https:\/\/api.w.org\/{rel}","templated":true}]}}