{"id":409,"date":"2018-03-08T09:06:31","date_gmt":"2018-03-08T09:06:31","guid":{"rendered":"https:\/\/scubamoraira.com\/?page_id=409"},"modified":"2026-03-20T14:43:03","modified_gmt":"2026-03-20T14:43:03","slug":"padi-underwater-navigator-course","status":"publish","type":"page","link":"https:\/\/scubamoraira.com\/es\/padi-underwater-navigator-course\/","title":{"rendered":"SSI Navigation Course"},"content":{"rendered":"<p>[et_pb_section fb_built=\u00bb1&#8243; fullwidth=\u00bbon\u00bb _builder_version=\u00bb4.16&#8243; background_color=\u00bb#e2242e\u00bb animation_style=\u00bbslide\u00bb global_colors_info=\u00bb{}\u00bb][et_pb_fullwidth_header title=\u00bbSSI Navigation\u00bb _builder_version=\u00bb4.24.0&#8243; title_font=\u00bbStardos Stencil||||||||\u00bb background_color=\u00bbrgba(255, 255, 255, 0)\u00bb title_text_shadow_style=\u00bbpreset1&#8243; title_text_shadow_color=\u00bb#000000&#8243; global_colors_info=\u00bb{}\u00bb button_one_text_size__hover_enabled=\u00bboff\u00bb button_two_text_size__hover_enabled=\u00bboff\u00bb button_one_text_color__hover_enabled=\u00bboff\u00bb button_two_text_color__hover_enabled=\u00bboff\u00bb button_one_border_width__hover_enabled=\u00bboff\u00bb button_two_border_width__hover_enabled=\u00bboff\u00bb button_one_border_color__hover_enabled=\u00bboff\u00bb button_two_border_color__hover_enabled=\u00bboff\u00bb button_one_border_radius__hover_enabled=\u00bboff\u00bb button_two_border_radius__hover_enabled=\u00bboff\u00bb button_one_letter_spacing__hover_enabled=\u00bboff\u00bb button_two_letter_spacing__hover_enabled=\u00bboff\u00bb button_one_bg_color__hover_enabled=\u00bboff\u00bb button_two_bg_color__hover_enabled=\u00bboff\u00bb][\/et_pb_fullwidth_header][\/et_pb_section][et_pb_section fb_built=\u00bb1&#8243; _builder_version=\u00bb4.16&#8243; background_color=\u00bb#f2f2f2&#8243; animation_style=\u00bbslide\u00bb global_colors_info=\u00bb{}\u00bb][et_pb_row column_structure=\u00bb1_2,1_2&#8243; _builder_version=\u00bb4.16&#8243; background_size=\u00bbinitial\u00bb background_position=\u00bbtop_left\u00bb background_repeat=\u00bbrepeat\u00bb global_colors_info=\u00bb{}\u00bb][et_pb_column type=\u00bb1_2&#8243; _builder_version=\u00bb4.16&#8243; custom_padding=\u00bb|||\u00bb global_colors_info=\u00bb{}\u00bb custom_padding__hover=\u00bb|||\u00bb][et_pb_image src=\u00bbhttps:\/\/scubamoraira.com\/es\/wp-content\/uploads\/Presentation-Navigation-1.jpg\u00bb title_text=\u00bbPresentation-Navigation\u00bb _builder_version=\u00bb4.21.0&#8243; _module_preset=\u00bbdefault\u00bb border_radii=\u00bbon|16px|16px|16px|16px\u00bb box_shadow_style=\u00bbpreset1&#8243; box_shadow_color=\u00bb#000000&#8243; global_colors_info=\u00bb{}\u00bb][\/et_pb_image][\/et_pb_column][et_pb_column type=\u00bb1_2&#8243; _builder_version=\u00bb4.16&#8243; _module_preset=\u00bbdefault\u00bb global_colors_info=\u00bb{}\u00bb][et_pb_text _builder_version=\u00bb4.24.0&#8243; header_text_color=\u00bb#2f3a8f\u00bb animation_style=\u00bbzoom\u00bb global_colors_info=\u00bb{}\u00bb]<\/p>\n<h3><strong><span class=\"HwtZe\" jsaction=\"mouseup:Sxi9L,BR6jm; mousedown:qjlr0e\" jsname=\"jqKxS\" lang=\"es\"><span jsaction=\"agoMJf:PFBcW;MZfLnc:P7O7bd;nt4Alf:pvnm0e,pfE8Hb,PFBcW;B01qod:dJXsye;H1e5u:iXtTIf;lYIUJf:hij5Wb;bmeZHc:iURhpf;Oxj3Xe:qAKMYb,yaf12d\" jsname=\"txFAF\" class=\"jCAhz ChMk0b\" jscontroller=\"Gn4SMb\"><span class=\"ryNqvb\" jsaction=\"click:E6Tfl,GFf3ac,tMZCfe; contextmenu:Nqw7Te,QP7LD; mouseout:Nqw7Te; mouseover:E6Tfl,c2aHje\" jsname=\"W297wb\">S\u00e9 el buceador que todos quieren seguir y haz que tu sentido de orientaci\u00f3n sea legendario con el curso de Especialidad en Navegaci\u00f3n de SSI.<\/span><\/span><\/span><\/strong><\/h3>\n<p>[\/et_pb_text][\/et_pb_column][\/et_pb_row][\/et_pb_section][et_pb_section fb_built=\u00bb1&#8243; _builder_version=\u00bb4.16&#8243; animation_style=\u00bbslide\u00bb global_colors_info=\u00bb{}\u00bb][et_pb_row column_structure=\u00bb3_4,1_4&#8243; _builder_version=\u00bb4.16&#8243; border_radii=\u00bbon|10px|10px|10px|10px\u00bb border_color_all=\u00bb#f2f2f2&#8243; global_colors_info=\u00bb{}\u00bb][et_pb_column type=\u00bb3_4&#8243; _builder_version=\u00bb4.16&#8243; custom_padding=\u00bb|||\u00bb global_colors_info=\u00bb{}\u00bb custom_padding__hover=\u00bb|||\u00bb][et_pb_tabs active_tab_background_color=\u00bb#2f3a8f\u00bb inactive_tab_background_color=\u00bb#939393&#8243; _builder_version=\u00bb4.27.4&#8243; tab_text_color=\u00bb#2f3a8f\u00bb animation_style=\u00bbzoom\u00bb hover_enabled=\u00bb0&#8243; global_colors_info=\u00bb{}\u00bb sticky_enabled=\u00bb0&#8243;][et_pb_tab title=\u00bbLa parte divertida\u00bb _builder_version=\u00bb4.24.0&#8243; body_text_align=\u00bbjustify\u00bb tab_text_color=\u00bb#ffffff\u00bb tab_font_size=\u00bb18&#8243; tab_font_size_tablet=\u00bb18&#8243; tab_font_size_phone=\u00bb18&#8243; global_colors_info=\u00bb{}\u00bb]<\/p>\n<p><span class=\"HwtZe\" jsaction=\"mouseup:Sxi9L,BR6jm; mousedown:qjlr0e\" jsname=\"jqKxS\" lang=\"es\"><span jsaction=\"agoMJf:PFBcW;MZfLnc:P7O7bd;nt4Alf:pvnm0e,pfE8Hb,PFBcW;B01qod:dJXsye;H1e5u:iXtTIf;lYIUJf:hij5Wb;bmeZHc:iURhpf;Oxj3Xe:qAKMYb,yaf12d\" jsname=\"txFAF\" class=\"jCAhz ChMk0b\" jscontroller=\"Gn4SMb\"><span class=\"ryNqvb\" jsaction=\"click:E6Tfl,GFf3ac,tMZCfe; contextmenu:Nqw7Te,QP7LD; mouseout:Nqw7Te; mouseover:E6Tfl,c2aHje\" jsname=\"W297wb\">\u00a1Encontrar tu camino no es cuesti\u00f3n de suerte!<\/span><\/span><\/span><\/p>\n<p><span class=\"HwtZe\" jsaction=\"mouseup:Sxi9L,BR6jm; mousedown:qjlr0e\" jsname=\"jqKxS\" lang=\"es\"><span jsaction=\"agoMJf:PFBcW;MZfLnc:P7O7bd;nt4Alf:pvnm0e,pfE8Hb,PFBcW;B01qod:dJXsye;H1e5u:iXtTIf;lYIUJf:hij5Wb;bmeZHc:iURhpf;Oxj3Xe:qAKMYb,yaf12d\" jsname=\"txFAF\" class=\"jCAhz ChMk0b\" jscontroller=\"Gn4SMb\"><span class=\"ryNqvb\" jsaction=\"click:E6Tfl,GFf3ac,tMZCfe; contextmenu:Nqw7Te,QP7LD; mouseout:Nqw7Te; mouseover:E6Tfl,c2aHje\" jsname=\"W297wb\">Cuando todo el mundo est\u00e1 hablando de un arrecife o observando un naufragio, se lo est\u00e1n pasando genial&#8230; hasta que llega el momento de partir.<\/span><\/span> <span jsaction=\"agoMJf:PFBcW;MZfLnc:P7O7bd;nt4Alf:pvnm0e,pfE8Hb,PFBcW;B01qod:dJXsye;H1e5u:iXtTIf;lYIUJf:hij5Wb;bmeZHc:iURhpf;Oxj3Xe:qAKMYb,yaf12d\" jsname=\"txFAF\" class=\"jCAhz ChMk0b\" jscontroller=\"Gn4SMb\"><span class=\"ryNqvb\" jsaction=\"click:E6Tfl,GFf3ac,tMZCfe; contextmenu:Nqw7Te,QP7LD; mouseout:Nqw7Te; mouseover:E6Tfl,c2aHje\" jsname=\"W297wb\">Luego recurren a ti, porque como navegante submarino de SSI, conoces el camino de regreso al barco.<\/span><\/span><\/span><span class=\"ZSCsVd\"><\/span><\/p>\n<p>[\/et_pb_tab][et_pb_tab title=\u00bbPrecio &#038; Duraci\u00f3n\u00bb _builder_version=\u00bb4.27.4&#8243; body_text_align=\u00bbjustify\u00bb tab_text_color=\u00bb#ffffff\u00bb tab_font_size=\u00bb18&#8243; hover_enabled=\u00bb0&#8243; tab_font_size_tablet=\u00bb18&#8243; tab_font_size_phone=\u00bb18&#8243; global_colors_info=\u00bb{}\u00bb sticky_enabled=\u00bb0&#8243;]<\/p>\n<p>\u20ac235 \/ <span class=\"HwtZe\" jsaction=\"mouseup:Sxi9L,BR6jm; mousedown:qjlr0e\" jsname=\"jqKxS\" lang=\"es\"><span jsaction=\"agoMJf:PFBcW;MZfLnc:P7O7bd;nt4Alf:pvnm0e,pfE8Hb,PFBcW;B01qod:dJXsye;H1e5u:iXtTIf;lYIUJf:hij5Wb;bmeZHc:iURhpf;Oxj3Xe:qAKMYb,yaf12d\" jsname=\"txFAF\" class=\"jCAhz ChMk0b\" jscontroller=\"Gn4SMb\"><span class=\"ryNqvb\" jsaction=\"click:E6Tfl,GFf3ac,tMZCfe; contextmenu:Nqw7Te,QP7LD; mouseout:Nqw7Te; mouseover:E6Tfl,c2aHje\" jsname=\"W297wb\">1-2 D\u00edas \/ 2 inmersiones<\/span><\/span><\/span><\/p>\n<p>[\/et_pb_tab][\/et_pb_tabs][\/et_pb_column][et_pb_column type=\u00bb1_4&#8243; _builder_version=\u00bb4.16&#8243; background_color=\u00bb#599ecd\u00bb custom_padding=\u00bb30px|30px|30px|30px\u00bb global_colors_info=\u00bb{}\u00bb custom_padding__hover=\u00bb|||\u00bb][et_pb_blurb title=\u00bbPrerrequisitos\u00bb use_icon=\u00bbon\u00bb font_icon=\u00bb&#x52;||divi||400&#8243; icon_color=\u00bb#ffffff\u00bb image_icon_width=\u00bb40px\u00bb _builder_version=\u00bb4.24.0&#8243; header_level=\u00bbh2&#8243; header_text_align=\u00bbcenter\u00bb header_text_color=\u00bb#ffffff\u00bb background_layout=\u00bbdark\u00bb icon_font_size=\u00bb40px\u00bb global_colors_info=\u00bb{}\u00bb]<\/p>\n<div class=\"lRu31\" dir=\"ltr\" style=\"text-align: center;\"><span class=\"HwtZe\" jsaction=\"mouseup:Sxi9L,BR6jm; mousedown:qjlr0e\" jsname=\"jqKxS\" lang=\"es\"><span jsaction=\"agoMJf:PFBcW;MZfLnc:P7O7bd;nt4Alf:pvnm0e,pfE8Hb,PFBcW;B01qod:dJXsye;H1e5u:iXtTIf;lYIUJf:hij5Wb;bmeZHc:iURhpf;Oxj3Xe:qAKMYb,yaf12d\" jsname=\"txFAF\" class=\"jCAhz ChMk0b\" jscontroller=\"Gn4SMb\"><span class=\"ryNqvb\" jsaction=\"click:E6Tfl,GFf3ac,tMZCfe; contextmenu:Nqw7Te,QP7LD; mouseout:Nqw7Te; mouseover:E6Tfl,c2aHje\" jsname=\"W297wb\">Certificaci\u00f3n M\u00e9dica dentro de los 12 meses.<\/span><\/span><span jsaction=\"agoMJf:PFBcW;MZfLnc:P7O7bd;nt4Alf:pvnm0e,pfE8Hb,PFBcW;B01qod:dJXsye;H1e5u:iXtTIf;lYIUJf:hij5Wb;bmeZHc:iURhpf;Oxj3Xe:qAKMYb,yaf12d\" jsname=\"txFAF\" class=\"jCAhz\" jscontroller=\"Gn4SMb\"><span class=\"ryNqvb\" jsaction=\"click:E6Tfl,GFf3ac,tMZCfe; contextmenu:Nqw7Te,QP7LD; mouseout:Nqw7Te; mouseover:E6Tfl,c2aHje\" jsname=\"W297wb\"> <\/span><\/span><\/span><\/div>\n<div class=\"lRu31\" dir=\"ltr\" style=\"text-align: center;\"><span class=\"HwtZe\" jsaction=\"mouseup:Sxi9L,BR6jm; mousedown:qjlr0e\" jsname=\"jqKxS\" lang=\"es\"><span jsaction=\"agoMJf:PFBcW;MZfLnc:P7O7bd;nt4Alf:pvnm0e,pfE8Hb,PFBcW;B01qod:dJXsye;H1e5u:iXtTIf;lYIUJf:hij5Wb;bmeZHc:iURhpf;Oxj3Xe:qAKMYb,yaf12d\" jsname=\"txFAF\" class=\"jCAhz ChMk0b\" jscontroller=\"Gn4SMb\"><span class=\"ryNqvb\" jsaction=\"click:E6Tfl,GFf3ac,tMZCfe; contextmenu:Nqw7Te,QP7LD; mouseout:Nqw7Te; mouseover:E6Tfl,c2aHje\" jsname=\"W297wb\">SSI (Junior) Open Water Diver o equivalente.<\/span><\/span><span jsaction=\"agoMJf:PFBcW;MZfLnc:P7O7bd;nt4Alf:pvnm0e,pfE8Hb,PFBcW;B01qod:dJXsye;H1e5u:iXtTIf;lYIUJf:hij5Wb;bmeZHc:iURhpf;Oxj3Xe:qAKMYb,yaf12d\" jsname=\"txFAF\" class=\"jCAhz\" jscontroller=\"Gn4SMb\"><span class=\"ryNqvb\" jsaction=\"click:E6Tfl,GFf3ac,tMZCfe; contextmenu:Nqw7Te,QP7LD; mouseout:Nqw7Te; mouseover:E6Tfl,c2aHje\" jsname=\"W297wb\"> <\/span><\/span><\/span><\/div>\n<div class=\"lRu31\" dir=\"ltr\" style=\"text-align: center;\">\n<p><span class=\"HwtZe\" jsaction=\"mouseup:Sxi9L,BR6jm; mousedown:qjlr0e\" jsname=\"jqKxS\" lang=\"es\"><span jsaction=\"agoMJf:PFBcW;MZfLnc:P7O7bd;nt4Alf:pvnm0e,pfE8Hb,PFBcW;B01qod:dJXsye;H1e5u:iXtTIf;lYIUJf:hij5Wb;bmeZHc:iURhpf;Oxj3Xe:qAKMYb,yaf12d\" jsname=\"txFAF\" class=\"jCAhz ChMk0b\" jscontroller=\"Gn4SMb\"><span class=\"ryNqvb\" jsaction=\"click:E6Tfl,GFf3ac,tMZCfe; contextmenu:Nqw7Te,QP7LD; mouseout:Nqw7Te; mouseover:E6Tfl,c2aHje\" jsname=\"W297wb\">EDAD M\u00cdNIMA: 12 A\u00f1os.<\/span><\/span><\/span><span class=\"ZSCsVd\"><\/span><\/p>\n<div class=\"OvtS8d\" jsname=\"yiB9Md\" jscontroller=\"msAMEf\"><\/div>\n<div jsaction=\"focusin:s5kOj;FzgWvd:uRAjKb,mebvqd,WSLPRc;bITzcd:n1Ixlc,dBh71c;iFFCZc:oeyCVc;EDR5Je:TEj9Q;Rld2oe:KkQIMc,wz6Dg\" jsname=\"rYMao\" jscontroller=\"gNRIbd\" id=\"ow1299\" __is_owner=\"true\"><\/div>\n<\/div>\n<p>[\/et_pb_blurb][\/et_pb_column][\/et_pb_row][\/et_pb_section][et_pb_section fb_built=\u00bb1&#8243; _builder_version=\u00bb4.16&#8243; background_image=\u00bbhttps:\/\/scubamoraira.com\/wp-content\/uploads\/cta_scuba.jpg\u00bb animation_style=\u00bbslide\u00bb global_colors_info=\u00bb{}\u00bb][et_pb_row column_structure=\u00bb1_3,2_3&#8243; _builder_version=\u00bb4.16&#8243; background_size=\u00bbinitial\u00bb background_position=\u00bbtop_left\u00bb background_repeat=\u00bbrepeat\u00bb global_colors_info=\u00bb{}\u00bb][et_pb_column type=\u00bb1_3&#8243; _builder_version=\u00bb4.16&#8243; custom_padding=\u00bb|||\u00bb global_colors_info=\u00bb{}\u00bb custom_padding__hover=\u00bb|||\u00bb][\/et_pb_column][et_pb_column type=\u00bb2_3&#8243; _builder_version=\u00bb4.16&#8243; custom_padding=\u00bb|||\u00bb global_colors_info=\u00bb{}\u00bb custom_padding__hover=\u00bb|||\u00bb][et_pb_text _builder_version=\u00bb4.24.0&#8243; text_font=\u00bbStardos Stencil||||||||\u00bb text_font_size=\u00bb18px\u00bb header_font=\u00bbStardos Stencil||||||||\u00bb header_font_size=\u00bb35px\u00bb background_layout=\u00bbdark\u00bb animation_style=\u00bbslide\u00bb animation_direction=\u00bbtop\u00bb global_colors_info=\u00bb{}\u00bb]<\/p>\n<h1 class=\"blue\">\u00a1Tu Pr\u00f3xima Aventura!<\/h1>\n<p><span style=\"font-family: 'Gill Sans MT', sans-serif;\"><span style=\"font-size: medium;\"><span class=\"HwtZe\" jsaction=\"mouseup:Sxi9L,BR6jm; mousedown:qjlr0e\" jsname=\"jqKxS\" lang=\"es\"><span jsaction=\"agoMJf:PFBcW;MZfLnc:P7O7bd;nt4Alf:pvnm0e,pfE8Hb,PFBcW;B01qod:dJXsye;H1e5u:iXtTIf;lYIUJf:hij5Wb;bmeZHc:iURhpf;Oxj3Xe:qAKMYb,yaf12d\" jsname=\"txFAF\" class=\"jCAhz ChMk0b\" jscontroller=\"Gn4SMb\"><span class=\"ryNqvb\" jsaction=\"click:E6Tfl,GFf3ac,tMZCfe; contextmenu:Nqw7Te,QP7LD; mouseout:Nqw7Te; mouseover:E6Tfl,c2aHje\" jsname=\"W297wb\">La navegaci\u00f3n submarina es una habilidad importante sin importar qu\u00e9 tipo de buceo est\u00e9s haciendo.<\/span><\/span> <span jsaction=\"agoMJf:PFBcW;MZfLnc:P7O7bd;nt4Alf:pvnm0e,pfE8Hb,PFBcW;B01qod:dJXsye;H1e5u:iXtTIf;lYIUJf:hij5Wb;bmeZHc:iURhpf;Oxj3Xe:qAKMYb,yaf12d\" jsname=\"txFAF\" class=\"jCAhz ChMk0b\" jscontroller=\"Gn4SMb\"><span class=\"ryNqvb\" jsaction=\"click:E6Tfl,GFf3ac,tMZCfe; contextmenu:Nqw7Te,QP7LD; mouseout:Nqw7Te; mouseover:E6Tfl,c2aHje\" jsname=\"W297wb\">Es especialmente \u00fatil cuando se bucea de noche, en pecios o cuando se busca recuperar un objeto perdido bajo el agua.<\/span><\/span><\/span><\/span><\/span><\/p>\n<p>[\/et_pb_text][et_pb_button button_url=\u00bbhttps:\/\/scubamoraira.com\/es\/courses\/\u00bb button_text=\u00bb\u00a1M\u00e1s Cursos!\u00bb button_alignment=\u00bbleft\u00bb _builder_version=\u00bb4.24.0&#8243; custom_button=\u00bbon\u00bb button_text_size=\u00bb18&#8243; button_text_color=\u00bb#ffffff\u00bb button_bg_color=\u00bb#2f3a8f\u00bb button_border_width=\u00bb1&#8243; button_border_color=\u00bb#2f3a8f\u00bb button_icon=\u00bb&#x4e;||divi||400&#8243; button_icon_color=\u00bb#ffffff\u00bb button_text_color_hover=\u00bb#ffffff\u00bb button_border_color_hover=\u00bb#e2242e\u00bb button_bg_color_hover=\u00bb#e2242e\u00bb global_colors_info=\u00bb{}\u00bb button_text_size__hover_enabled=\u00bboff\u00bb button_one_text_size__hover_enabled=\u00bboff\u00bb button_two_text_size__hover_enabled=\u00bboff\u00bb button_text_color__hover_enabled=\u00bbon\u00bb button_text_color__hover=\u00bb#ffffff\u00bb button_one_text_color__hover_enabled=\u00bboff\u00bb button_two_text_color__hover_enabled=\u00bboff\u00bb button_border_width__hover_enabled=\u00bboff\u00bb button_one_border_width__hover_enabled=\u00bboff\u00bb button_two_border_width__hover_enabled=\u00bboff\u00bb button_border_color__hover_enabled=\u00bbon\u00bb button_border_color__hover=\u00bb#e2242e\u00bb button_one_border_color__hover_enabled=\u00bboff\u00bb button_two_border_color__hover_enabled=\u00bboff\u00bb button_border_radius__hover_enabled=\u00bboff\u00bb button_one_border_radius__hover_enabled=\u00bboff\u00bb button_two_border_radius__hover_enabled=\u00bboff\u00bb button_letter_spacing__hover_enabled=\u00bboff\u00bb button_one_letter_spacing__hover_enabled=\u00bboff\u00bb button_two_letter_spacing__hover_enabled=\u00bboff\u00bb button_bg_color__hover_enabled=\u00bbon\u00bb button_bg_color__hover=\u00bb#e2242e\u00bb button_one_bg_color__hover_enabled=\u00bboff\u00bb button_two_bg_color__hover_enabled=\u00bboff\u00bb][\/et_pb_button][\/et_pb_column][\/et_pb_row][\/et_pb_section]<\/p>\n","protected":false},"excerpt":{"rendered":"<p>S\u00e9 el buceador que todos quieren seguir y haz que tu sentido de orientaci\u00f3n sea legendario con el curso de Especialidad en Navegaci\u00f3n de SSI.\u00a1Encontrar tu camino no es cuesti\u00f3n de suerte! Cuando todo el mundo est\u00e1 hablando de un arrecife o observando un naufragio, se lo est\u00e1n pasando genial&#8230; hasta que llega el momento [&hellip;]<\/p>\n","protected":false},"author":3,"featured_media":0,"parent":0,"menu_order":0,"comment_status":"closed","ping_status":"closed","template":"","meta":{"_et_pb_use_builder":"on","_et_pb_old_content":"","_et_gb_content_width":"","footnotes":""},"class_list":["post-409","page","type-page","status-publish","hentry"],"yoast_head":"<!-- This site is optimized with the Yoast SEO plugin v27.4 - https:\/\/yoast.com\/product\/yoast-seo-wordpress\/ -->\n<title>SSI Navigation Course &#8226; Scuba Moraira<\/title>\n<meta name=\"robots\" content=\"index, follow, max-snippet:-1, max-image-preview:large, max-video-preview:-1\" \/>\n<link rel=\"canonical\" href=\"https:\/\/scubamoraira.com\/es\/padi-underwater-navigator-course\/\" \/>\n<meta property=\"og:locale\" content=\"es_ES\" \/>\n<meta property=\"og:type\" content=\"article\" \/>\n<meta property=\"og:title\" content=\"SSI Navigation Course &#8226; Scuba Moraira\" \/>\n<meta property=\"og:description\" content=\"S\u00e9 el buceador que todos quieren seguir y haz que tu sentido de orientaci\u00f3n sea legendario con el curso de Especialidad en Navegaci\u00f3n de SSI.\u00a1Encontrar tu camino no es cuesti\u00f3n de suerte! Cuando todo el mundo est\u00e1 hablando de un arrecife o observando un naufragio, se lo est\u00e1n pasando genial... hasta que llega el momento [&hellip;]\" \/>\n<meta property=\"og:url\" content=\"https:\/\/scubamoraira.com\/es\/padi-underwater-navigator-course\/\" \/>\n<meta property=\"og:site_name\" content=\"Scuba Moraira\" \/>\n<meta property=\"article:modified_time\" content=\"2026-03-20T14:43:03+00:00\" \/>\n<meta name=\"twitter:card\" content=\"summary_large_image\" \/>\n<meta name=\"twitter:label1\" content=\"Tiempo de lectura\" \/>\n\t<meta name=\"twitter:data1\" content=\"1 minuto\" \/>\n<script type=\"application\/ld+json\" class=\"yoast-schema-graph\">{\"@context\":\"https:\\\/\\\/schema.org\",\"@graph\":[{\"@type\":\"WebPage\",\"@id\":\"https:\\\/\\\/scubamoraira.com\\\/es\\\/padi-underwater-navigator-course\\\/\",\"url\":\"https:\\\/\\\/scubamoraira.com\\\/es\\\/padi-underwater-navigator-course\\\/\",\"name\":\"SSI Navigation Course &#8226; Scuba Moraira\",\"isPartOf\":{\"@id\":\"https:\\\/\\\/scubamoraira.com\\\/es\\\/#website\"},\"datePublished\":\"2018-03-08T09:06:31+00:00\",\"dateModified\":\"2026-03-20T14:43:03+00:00\",\"breadcrumb\":{\"@id\":\"https:\\\/\\\/scubamoraira.com\\\/es\\\/padi-underwater-navigator-course\\\/#breadcrumb\"},\"inLanguage\":\"es\",\"potentialAction\":[{\"@type\":\"ReadAction\",\"target\":[\"https:\\\/\\\/scubamoraira.com\\\/es\\\/padi-underwater-navigator-course\\\/\"]}]},{\"@type\":\"BreadcrumbList\",\"@id\":\"https:\\\/\\\/scubamoraira.com\\\/es\\\/padi-underwater-navigator-course\\\/#breadcrumb\",\"itemListElement\":[{\"@type\":\"ListItem\",\"position\":1,\"name\":\"Portada\",\"item\":\"https:\\\/\\\/scubamoraira.com\\\/es\\\/\"},{\"@type\":\"ListItem\",\"position\":2,\"name\":\"SSI Navigation Course\"}]},{\"@type\":\"WebSite\",\"@id\":\"https:\\\/\\\/scubamoraira.com\\\/es\\\/#website\",\"url\":\"https:\\\/\\\/scubamoraira.com\\\/es\\\/\",\"name\":\"Scuba Moraira\",\"description\":\"\",\"potentialAction\":[{\"@type\":\"SearchAction\",\"target\":{\"@type\":\"EntryPoint\",\"urlTemplate\":\"https:\\\/\\\/scubamoraira.com\\\/es\\\/?s={search_term_string}\"},\"query-input\":{\"@type\":\"PropertyValueSpecification\",\"valueRequired\":true,\"valueName\":\"search_term_string\"}}],\"inLanguage\":\"es\"}]}<\/script>\n<!-- \/ Yoast SEO plugin. -->","yoast_head_json":{"title":"SSI Navigation Course &#8226; Scuba Moraira","robots":{"index":"index","follow":"follow","max-snippet":"max-snippet:-1","max-image-preview":"max-image-preview:large","max-video-preview":"max-video-preview:-1"},"canonical":"https:\/\/scubamoraira.com\/es\/padi-underwater-navigator-course\/","og_locale":"es_ES","og_type":"article","og_title":"SSI Navigation Course &#8226; Scuba Moraira","og_description":"S\u00e9 el buceador que todos quieren seguir y haz que tu sentido de orientaci\u00f3n sea legendario con el curso de Especialidad en Navegaci\u00f3n de SSI.\u00a1Encontrar tu camino no es cuesti\u00f3n de suerte! Cuando todo el mundo est\u00e1 hablando de un arrecife o observando un naufragio, se lo est\u00e1n pasando genial... hasta que llega el momento [&hellip;]","og_url":"https:\/\/scubamoraira.com\/es\/padi-underwater-navigator-course\/","og_site_name":"Scuba Moraira","article_modified_time":"2026-03-20T14:43:03+00:00","twitter_card":"summary_large_image","twitter_misc":{"Tiempo de lectura":"1 minuto"},"schema":{"@context":"https:\/\/schema.org","@graph":[{"@type":"WebPage","@id":"https:\/\/scubamoraira.com\/es\/padi-underwater-navigator-course\/","url":"https:\/\/scubamoraira.com\/es\/padi-underwater-navigator-course\/","name":"SSI Navigation Course &#8226; Scuba Moraira","isPartOf":{"@id":"https:\/\/scubamoraira.com\/es\/#website"},"datePublished":"2018-03-08T09:06:31+00:00","dateModified":"2026-03-20T14:43:03+00:00","breadcrumb":{"@id":"https:\/\/scubamoraira.com\/es\/padi-underwater-navigator-course\/#breadcrumb"},"inLanguage":"es","potentialAction":[{"@type":"ReadAction","target":["https:\/\/scubamoraira.com\/es\/padi-underwater-navigator-course\/"]}]},{"@type":"BreadcrumbList","@id":"https:\/\/scubamoraira.com\/es\/padi-underwater-navigator-course\/#breadcrumb","itemListElement":[{"@type":"ListItem","position":1,"name":"Portada","item":"https:\/\/scubamoraira.com\/es\/"},{"@type":"ListItem","position":2,"name":"SSI Navigation Course"}]},{"@type":"WebSite","@id":"https:\/\/scubamoraira.com\/es\/#website","url":"https:\/\/scubamoraira.com\/es\/","name":"Scuba Moraira","description":"","potentialAction":[{"@type":"SearchAction","target":{"@type":"EntryPoint","urlTemplate":"https:\/\/scubamoraira.com\/es\/?s={search_term_string}"},"query-input":{"@type":"PropertyValueSpecification","valueRequired":true,"valueName":"search_term_string"}}],"inLanguage":"es"}]}},"_links":{"self":[{"href":"https:\/\/scubamoraira.com\/es\/wp-json\/wp\/v2\/pages\/409","targetHints":{"allow":["GET"]}}],"collection":[{"href":"https:\/\/scubamoraira.com\/es\/wp-json\/wp\/v2\/pages"}],"about":[{"href":"https:\/\/scubamoraira.com\/es\/wp-json\/wp\/v2\/types\/page"}],"author":[{"embeddable":true,"href":"https:\/\/scubamoraira.com\/es\/wp-json\/wp\/v2\/users\/3"}],"replies":[{"embeddable":true,"href":"https:\/\/scubamoraira.com\/es\/wp-json\/wp\/v2\/comments?post=409"}],"version-history":[{"count":17,"href":"https:\/\/scubamoraira.com\/es\/wp-json\/wp\/v2\/pages\/409\/revisions"}],"predecessor-version":[{"id":2921,"href":"https:\/\/scubamoraira.com\/es\/wp-json\/wp\/v2\/pages\/409\/revisions\/2921"}],"wp:attachment":[{"href":"https:\/\/scubamoraira.com\/es\/wp-json\/wp\/v2\/media?parent=409"}],"curies":[{"name":"wp","href":"https:\/\/api.w.org\/{rel}","templated":true}]}}