{"id":300,"date":"2018-01-30T11:45:47","date_gmt":"2018-01-30T11:45:47","guid":{"rendered":"https:\/\/scubamoraira.com\/?page_id=300"},"modified":"2024-02-19T10:09:22","modified_gmt":"2024-02-19T10:09:22","slug":"benitachell-dive-sites","status":"publish","type":"page","link":"https:\/\/scubamoraira.com\/es\/benitachell-dive-sites\/","title":{"rendered":"Benitachell Dive Sites"},"content":{"rendered":"<p>[et_pb_section fb_built=\u00bb1&#8243; _builder_version=\u00bb4.21.0&#8243; background_video_mp4=\u00bbhttps:\/\/scubamoraira.com\/wp-content\/uploads\/22034738.mp4&#8243; global_colors_info=\u00bb{}\u00bb][et_pb_row column_structure=\u00bb1_2,1_4,1_4&#8243; _builder_version=\u00bb4.21.0&#8243; background_color=\u00bbrgba(47,58,143,0.5)\u00bb custom_padding=\u00bb|50px||50px\u00bb animation_style=\u00bbzoom\u00bb border_radii=\u00bbon|16px|16px|16px|16px\u00bb border_color_all=\u00bbrgba(47,58,143,0.5)\u00bb box_shadow_style=\u00bbpreset1&#8243; box_shadow_color=\u00bb#FFFFFF\u00bb global_colors_info=\u00bb{}\u00bb][et_pb_column type=\u00bb1_2&#8243; _builder_version=\u00bb4.16&#8243; custom_padding=\u00bb|||\u00bb global_colors_info=\u00bb{}\u00bb custom_padding__hover=\u00bb|||\u00bb][et_pb_image src=\u00bbhttps:\/\/scubamoraira.com\/wp-content\/uploads\/benitachelldivesites-1.jpg\u00bb align_tablet=\u00bbcenter\u00bb align_phone=\u00bb\u00bb align_last_edited=\u00bbon|desktop\u00bb _builder_version=\u00bb4.24.0&#8243; animation_style=\u00bbslide\u00bb animation_direction=\u00bbright\u00bb border_radii=\u00bbon|16px|16px|16px|16px\u00bb box_shadow_style=\u00bbpreset3&#8243; always_center_on_mobile=\u00bbon\u00bb global_colors_info=\u00bb{}\u00bb][\/et_pb_image][\/et_pb_column][et_pb_column type=\u00bb1_4&#8243; _builder_version=\u00bb4.16&#8243; custom_padding=\u00bb|||\u00bb global_colors_info=\u00bb{}\u00bb custom_padding__hover=\u00bb|||\u00bb][et_pb_image src=\u00bbhttps:\/\/scubamoraira.com\/wp-content\/uploads\/Fav_scu.png\u00bb align_tablet=\u00bbcenter\u00bb align_phone=\u00bb\u00bb align_last_edited=\u00bbon|desktop\u00bb _builder_version=\u00bb4.21.0&#8243; animation_style=\u00bbbounce\u00bb always_center_on_mobile=\u00bbon\u00bb global_colors_info=\u00bb{}\u00bb][\/et_pb_image][et_pb_text _builder_version=\u00bb4.24.0&#8243; header_text_color=\u00bb#ffffff\u00bb animation_style=\u00bbbounce\u00bb global_colors_info=\u00bb{}\u00bb]<\/p>\n<h1 class=\"et_pb_module_header\" style=\"text-align: left;\">Sitios de Buceo en Benitachell<\/h1>\n<p>[\/et_pb_text][\/et_pb_column][et_pb_column type=\u00bb1_4&#8243; _builder_version=\u00bb4.16&#8243; custom_padding=\u00bb|||\u00bb global_colors_info=\u00bb{}\u00bb custom_padding__hover=\u00bb|||\u00bb][\/et_pb_column][\/et_pb_row][\/et_pb_section][et_pb_section fb_built=\u00bb1&#8243; _builder_version=\u00bb4.16&#8243; global_colors_info=\u00bb{}\u00bb][et_pb_row column_structure=\u00bb1_3,1_3,1_3&#8243; _builder_version=\u00bb4.16&#8243; animation_style=\u00bbzoom\u00bb border_radii=\u00bbon|10px|10px|10px|10px\u00bb border_color_all=\u00bb#f2f2f2&#8243; global_colors_info=\u00bb{}\u00bb][et_pb_column type=\u00bb1_3&#8243; _builder_version=\u00bb4.16&#8243; background_color=\u00bb#f2f2f2&#8243; custom_padding=\u00bb30px|30px|30px|30px\u00bb global_colors_info=\u00bb{}\u00bb custom_padding__hover=\u00bb|||\u00bb][et_pb_text _builder_version=\u00bb4.24.0&#8243; header_text_color=\u00bb#2f3a8f\u00bb global_colors_info=\u00bb{}\u00bb]<\/p>\n<h1 class=\"blue\">Cueva del Moraig<\/h1>\n<p>[\/et_pb_text][et_pb_divider show_divider=\u00bboff\u00bb _builder_version=\u00bb4.16&#8243; max_width=\u00bb20%\u00bb height=\u00bb10px\u00bb custom_margin=\u00bb-10px|||\u00bb global_colors_info=\u00bb{}\u00bb][\/et_pb_divider][et_pb_image src=\u00bbhttps:\/\/scubamoraira.com\/wp-content\/uploads\/1280px-Cova_dels_Arcs_del_Poble_Nou.jpg\u00bb align_tablet=\u00bbcenter\u00bb align_phone=\u00bb\u00bb align_last_edited=\u00bbon|desktop\u00bb _builder_version=\u00bb4.21.0&#8243; animation_style=\u00bbbounce\u00bb animation_direction=\u00bbtop\u00bb border_radii=\u00bbon|16px|16px|16px|16px\u00bb box_shadow_style=\u00bbpreset1&#8243; box_shadow_color=\u00bb#000000&#8243; always_center_on_mobile=\u00bbon\u00bb global_colors_info=\u00bb{}\u00bb][\/et_pb_image][et_pb_text _builder_version=\u00bb4.24.0&#8243; header_text_align=\u00bbjustify\u00bb header_font_size=\u00bb16px\u00bb header_line_height=\u00bb1.3em\u00bb text_orientation=\u00bbjustified\u00bb global_colors_info=\u00bb{}\u00bb]<\/p>\n<h1><\/h1>\n<p>Una inmersi\u00f3n desde barco o desde la costa que comienza con la entrada en una piscina de roca que desciende hasta los 5 metros. Hay una salida arqueada hacia la pared del acantilado que conduce a una gruta de agua dulce y salada. Aqu\u00ed se pueden encontrar brillos donde se juntan las dos. El agua dulce proviene del r\u00edo subterr\u00e1neo llamado The Moraig, que fue explorado por buceadores de cuevas alemanes.<\/p>\n<p>[\/et_pb_text][et_pb_blurb title=\u00bbProfundidad m\u00e1xima: 15 mts\u00bb use_icon=\u00bbon\u00bb font_icon=\u00bb&#x24;||divi||400&#8243; icon_placement=\u00bbleft\u00bb image_icon_width=\u00bb30px\u00bb _builder_version=\u00bb4.24.0&#8243; header_text_color=\u00bb#2f3a8f\u00bb header_font_size=\u00bb16&#8243; icon_font_size=\u00bb30px\u00bb global_colors_info=\u00bb{}\u00bb][\/et_pb_blurb][et_pb_blurb title=\u00bbCualificaci\u00f3n m\u00ednima: Avanzado\u00bb use_icon=\u00bbon\u00bb font_icon=\u00bb&#x24;||divi||400&#8243; icon_placement=\u00bbleft\u00bb image_icon_width=\u00bb30px\u00bb _builder_version=\u00bb4.24.0&#8243; header_text_color=\u00bb#2f3a8f\u00bb header_font_size=\u00bb16&#8243; icon_font_size=\u00bb30px\u00bb global_colors_info=\u00bb{}\u00bb][\/et_pb_blurb][\/et_pb_column][et_pb_column type=\u00bb1_3&#8243; _builder_version=\u00bb4.16&#8243; background_color=\u00bb#f2f2f2&#8243; custom_padding=\u00bb30px|30px|30px|30px\u00bb global_colors_info=\u00bb{}\u00bb custom_padding__hover=\u00bb|||\u00bb][et_pb_text _builder_version=\u00bb4.24.0&#8243; header_text_color=\u00bb#2f3a8f\u00bb global_colors_info=\u00bb{}\u00bb]<\/p>\n<h1 class=\"blue\">Champi\u00f1\u00f3n grande<\/h1>\n<p>[\/et_pb_text][et_pb_divider show_divider=\u00bboff\u00bb _builder_version=\u00bb4.16&#8243; max_width=\u00bb20%\u00bb height=\u00bb10px\u00bb custom_margin=\u00bb-10px|||\u00bb global_colors_info=\u00bb{}\u00bb][\/et_pb_divider][et_pb_image src=\u00bbhttps:\/\/scubamoraira.com\/wp-content\/uploads\/goldline.jpg\u00bb align_tablet=\u00bbcenter\u00bb align_phone=\u00bb\u00bb align_last_edited=\u00bbon|desktop\u00bb _builder_version=\u00bb4.21.0&#8243; animation_style=\u00bbbounce\u00bb animation_direction=\u00bbtop\u00bb border_radii=\u00bbon|16px|16px|16px|16px\u00bb box_shadow_style=\u00bbpreset1&#8243; box_shadow_color=\u00bb#000000&#8243; always_center_on_mobile=\u00bbon\u00bb global_colors_info=\u00bb{}\u00bb][\/et_pb_image][et_pb_text _builder_version=\u00bb4.24.0&#8243; header_text_align=\u00bbjustify\u00bb header_font_size=\u00bb16px\u00bb header_line_height=\u00bb1.3em\u00bb text_orientation=\u00bbjustified\u00bb global_colors_info=\u00bb{}\u00bb]<\/p>\n<h1>La base de Big Mushroom alberga varias morenas y bancos de sargos. Tambi\u00e9n en este lugar se encuentra la Cueva del Congrio, un estrecho t\u00fanel que alberga 2 congrios gigantes. No apto para pusil\u00e1nimes.<\/h1>\n<p>[\/et_pb_text][et_pb_blurb title=\u00bbProfundidad m\u00e1xima: 18 mts\u00bb use_icon=\u00bbon\u00bb font_icon=\u00bb&#x24;||divi||400&#8243; icon_placement=\u00bbleft\u00bb image_icon_width=\u00bb30px\u00bb _builder_version=\u00bb4.24.0&#8243; header_text_color=\u00bb#2f3a8f\u00bb header_font_size=\u00bb16&#8243; icon_font_size=\u00bb30px\u00bb global_colors_info=\u00bb{}\u00bb][\/et_pb_blurb][et_pb_blurb title=\u00bbCualificaci\u00f3n m\u00ednima: Open Water\u00bb use_icon=\u00bbon\u00bb font_icon=\u00bb&#x24;||divi||400&#8243; icon_placement=\u00bbleft\u00bb image_icon_width=\u00bb30px\u00bb _builder_version=\u00bb4.24.0&#8243; header_text_color=\u00bb#2f3a8f\u00bb header_font_size=\u00bb16&#8243; icon_font_size=\u00bb30px\u00bb global_colors_info=\u00bb{}\u00bb][\/et_pb_blurb][\/et_pb_column][et_pb_column type=\u00bb1_3&#8243; _builder_version=\u00bb4.16&#8243; background_color=\u00bb#f2f2f2&#8243; custom_padding=\u00bb30px|30px|30px|30px\u00bb global_colors_info=\u00bb{}\u00bb custom_padding__hover=\u00bb|||\u00bb][et_pb_text _builder_version=\u00bb4.24.0&#8243; header_text_color=\u00bb#2f3a8f\u00bb global_colors_info=\u00bb{}\u00bb]<\/p>\n<h1 class=\"blue\">La grieta de Dani<\/h1>\n<p>[\/et_pb_text][et_pb_divider show_divider=\u00bboff\u00bb _builder_version=\u00bb4.16&#8243; max_width=\u00bb20%\u00bb height=\u00bb10px\u00bb custom_margin=\u00bb-10px|||\u00bb global_colors_info=\u00bb{}\u00bb][\/et_pb_divider][et_pb_image src=\u00bbhttps:\/\/scubamoraira.com\/wp-content\/uploads\/daniscrack.jpg\u00bb align_tablet=\u00bbcenter\u00bb align_phone=\u00bb\u00bb align_last_edited=\u00bbon|desktop\u00bb _builder_version=\u00bb4.21.0&#8243; animation_style=\u00bbbounce\u00bb animation_direction=\u00bbtop\u00bb border_radii=\u00bbon|16px|16px|16px|16px\u00bb box_shadow_style=\u00bbpreset1&#8243; box_shadow_color=\u00bb#000000&#8243; always_center_on_mobile=\u00bbon\u00bb global_colors_info=\u00bb{}\u00bb][\/et_pb_image][et_pb_text _builder_version=\u00bb4.24.0&#8243; header_text_align=\u00bbjustify\u00bb header_font_size=\u00bb16px\u00bb header_line_height=\u00bb1.3em\u00bb text_orientation=\u00bbjustified\u00bb global_colors_info=\u00bb{}\u00bb]<\/p>\n<h1>En el Cap D\u00f3r hay 3 cavetas seguidas. En su interior hay peces cardenal, peces escorpi\u00f3n, estrellas de mar y pulpos. Gran inmersi\u00f3n para la fotograf\u00eda submarina. Esta inmersi\u00f3n se realiza en una sola direcci\u00f3n con el barco siguiendo y termina en Mushroom rock bay una bah\u00eda poco profunda a 6 metros-perfecto para husmear ya que el agua aqu\u00ed es muy clara.<\/h1>\n<p>[\/et_pb_text][et_pb_blurb title=\u00bbProfundidad m\u00e1xima: 18 mts\u00bb use_icon=\u00bbon\u00bb font_icon=\u00bb&#x24;||divi||400&#8243; icon_placement=\u00bbleft\u00bb image_icon_width=\u00bb30px\u00bb _builder_version=\u00bb4.24.0&#8243; header_text_color=\u00bb#2f3a8f\u00bb header_font_size=\u00bb16&#8243; icon_font_size=\u00bb30px\u00bb global_colors_info=\u00bb{}\u00bb][\/et_pb_blurb][et_pb_blurb title=\u00bbCualificaci\u00f3n m\u00ednima: Open Water\u00bb use_icon=\u00bbon\u00bb font_icon=\u00bb&#x24;||divi||400&#8243; icon_placement=\u00bbleft\u00bb image_icon_width=\u00bb30px\u00bb _builder_version=\u00bb4.24.0&#8243; header_text_color=\u00bb#2f3a8f\u00bb header_font_size=\u00bb16&#8243; icon_font_size=\u00bb30px\u00bb global_colors_info=\u00bb{}\u00bb][\/et_pb_blurb][\/et_pb_column][\/et_pb_row][et_pb_row column_structure=\u00bb1_3,1_3,1_3&#8243; _builder_version=\u00bb4.16&#8243; animation_style=\u00bbzoom\u00bb border_radii=\u00bbon|10px|10px|10px|10px\u00bb border_color_all=\u00bb#f2f2f2&#8243; global_colors_info=\u00bb{}\u00bb][et_pb_column type=\u00bb1_3&#8243; _builder_version=\u00bb4.16&#8243; background_color=\u00bb#f2f2f2&#8243; custom_padding=\u00bb30px|30px|30px|30px\u00bb global_colors_info=\u00bb{}\u00bb custom_padding__hover=\u00bb|||\u00bb][et_pb_text _builder_version=\u00bb4.24.0&#8243; header_text_color=\u00bb#2f3a8f\u00bb global_colors_info=\u00bb{}\u00bb]<\/p>\n<h1 class=\"blue\">Esquina de la carretilla<\/h1>\n<p>[\/et_pb_text][et_pb_divider show_divider=\u00bboff\u00bb _builder_version=\u00bb4.16&#8243; max_width=\u00bb20%\u00bb height=\u00bb10px\u00bb custom_margin=\u00bb-10px|||\u00bb global_colors_info=\u00bb{}\u00bb][\/et_pb_divider][et_pb_image src=\u00bbhttps:\/\/scubamoraira.com\/wp-content\/uploads\/wheelbarrowcorner.jpg\u00bb align_tablet=\u00bbcenter\u00bb align_phone=\u00bb\u00bb align_last_edited=\u00bbon|desktop\u00bb _builder_version=\u00bb4.21.0&#8243; animation_style=\u00bbbounce\u00bb animation_direction=\u00bbtop\u00bb border_radii=\u00bbon|16px|16px|16px|16px\u00bb box_shadow_style=\u00bbpreset1&#8243; box_shadow_color=\u00bb#000000&#8243; always_center_on_mobile=\u00bbon\u00bb global_colors_info=\u00bb{}\u00bb][\/et_pb_image][et_pb_text _builder_version=\u00bb4.24.0&#8243; header_text_align=\u00bbjustify\u00bb header_font_size=\u00bb16px\u00bb header_line_height=\u00bb1.3em\u00bb text_orientation=\u00bbjustified\u00bb global_colors_info=\u00bb{}\u00bb]<\/p>\n<h1>Un lugar \u00fanico con incre\u00edbles formaciones rocosas en forma de laberinto. La zona es m\u00e1s como un acuario con un mont\u00f3n de peque\u00f1os peces de colores brillantes.<\/h1>\n<p>[\/et_pb_text][et_pb_blurb title=\u00bbProfundidad m\u00e1xima: 18 mts\u00bb use_icon=\u00bbon\u00bb font_icon=\u00bb&#x24;||divi||400&#8243; icon_placement=\u00bbleft\u00bb image_icon_width=\u00bb30px\u00bb _builder_version=\u00bb4.24.0&#8243; header_text_color=\u00bb#2f3a8f\u00bb header_font_size=\u00bb16&#8243; icon_font_size=\u00bb30px\u00bb global_colors_info=\u00bb{}\u00bb][\/et_pb_blurb][et_pb_blurb title=\u00bbCualificaci\u00f3n m\u00ednima: Open Water\u00bb use_icon=\u00bbon\u00bb font_icon=\u00bb&#x24;||divi||400&#8243; icon_placement=\u00bbleft\u00bb image_icon_width=\u00bb30px\u00bb _builder_version=\u00bb4.24.0&#8243; header_text_color=\u00bb#2f3a8f\u00bb header_font_size=\u00bb16&#8243; icon_font_size=\u00bb30px\u00bb global_colors_info=\u00bb{}\u00bb][\/et_pb_blurb][\/et_pb_column][et_pb_column type=\u00bb1_3&#8243; _builder_version=\u00bb4.16&#8243; custom_padding=\u00bb30px|30px|30px|30px\u00bb global_colors_info=\u00bb{}\u00bb custom_padding__hover=\u00bb|||\u00bb][\/et_pb_column][et_pb_column type=\u00bb1_3&#8243; _builder_version=\u00bb4.16&#8243; custom_padding=\u00bb30px|30px|30px|30px\u00bb global_colors_info=\u00bb{}\u00bb custom_padding__hover=\u00bb|||\u00bb][\/et_pb_column][\/et_pb_row][\/et_pb_section]<\/p>\n","protected":false},"excerpt":{"rendered":"<p>Sitios de Buceo en BenitachellCueva del Moraig Una inmersi\u00f3n desde barco o desde la costa que comienza con la entrada en una piscina de roca que desciende hasta los 5 metros. Hay una salida arqueada hacia la pared del acantilado que conduce a una gruta de agua dulce y salada. Aqu\u00ed se pueden encontrar brillos [&hellip;]<\/p>\n","protected":false},"author":3,"featured_media":0,"parent":0,"menu_order":0,"comment_status":"closed","ping_status":"closed","template":"","meta":{"_et_pb_use_builder":"on","_et_pb_old_content":"","_et_gb_content_width":"","footnotes":""},"class_list":["post-300","page","type-page","status-publish","hentry"],"yoast_head":"<!-- This site is optimized with the Yoast SEO plugin v27.3 - https:\/\/yoast.com\/product\/yoast-seo-wordpress\/ -->\n<title>Benitachell Dive Sites &#8226; Scuba Moraira<\/title>\n<meta name=\"robots\" content=\"index, follow, max-snippet:-1, max-image-preview:large, max-video-preview:-1\" \/>\n<link rel=\"canonical\" href=\"https:\/\/scubamoraira.com\/es\/benitachell-dive-sites\/\" \/>\n<meta property=\"og:locale\" content=\"es_ES\" \/>\n<meta property=\"og:type\" content=\"article\" \/>\n<meta property=\"og:title\" content=\"Benitachell Dive Sites &#8226; Scuba Moraira\" \/>\n<meta property=\"og:description\" content=\"Sitios de Buceo en BenitachellCueva del Moraig Una inmersi\u00f3n desde barco o desde la costa que comienza con la entrada en una piscina de roca que desciende hasta los 5 metros. Hay una salida arqueada hacia la pared del acantilado que conduce a una gruta de agua dulce y salada. Aqu\u00ed se pueden encontrar brillos [&hellip;]\" \/>\n<meta property=\"og:url\" content=\"https:\/\/scubamoraira.com\/es\/benitachell-dive-sites\/\" \/>\n<meta property=\"og:site_name\" content=\"Scuba Moraira\" \/>\n<meta property=\"article:modified_time\" content=\"2024-02-19T10:09:22+00:00\" \/>\n<meta name=\"twitter:card\" content=\"summary_large_image\" \/>\n<meta name=\"twitter:label1\" content=\"Tiempo de lectura\" \/>\n\t<meta name=\"twitter:data1\" content=\"3 minutos\" \/>\n<script type=\"application\/ld+json\" class=\"yoast-schema-graph\">{\"@context\":\"https:\\\/\\\/schema.org\",\"@graph\":[{\"@type\":\"WebPage\",\"@id\":\"https:\\\/\\\/scubamoraira.com\\\/es\\\/benitachell-dive-sites\\\/\",\"url\":\"https:\\\/\\\/scubamoraira.com\\\/es\\\/benitachell-dive-sites\\\/\",\"name\":\"Benitachell Dive Sites &#8226; Scuba Moraira\",\"isPartOf\":{\"@id\":\"https:\\\/\\\/scubamoraira.com\\\/es\\\/#website\"},\"datePublished\":\"2018-01-30T11:45:47+00:00\",\"dateModified\":\"2024-02-19T10:09:22+00:00\",\"breadcrumb\":{\"@id\":\"https:\\\/\\\/scubamoraira.com\\\/es\\\/benitachell-dive-sites\\\/#breadcrumb\"},\"inLanguage\":\"es\",\"potentialAction\":[{\"@type\":\"ReadAction\",\"target\":[\"https:\\\/\\\/scubamoraira.com\\\/es\\\/benitachell-dive-sites\\\/\"]}]},{\"@type\":\"BreadcrumbList\",\"@id\":\"https:\\\/\\\/scubamoraira.com\\\/es\\\/benitachell-dive-sites\\\/#breadcrumb\",\"itemListElement\":[{\"@type\":\"ListItem\",\"position\":1,\"name\":\"Portada\",\"item\":\"https:\\\/\\\/scubamoraira.com\\\/es\\\/\"},{\"@type\":\"ListItem\",\"position\":2,\"name\":\"Benitachell Dive Sites\"}]},{\"@type\":\"WebSite\",\"@id\":\"https:\\\/\\\/scubamoraira.com\\\/es\\\/#website\",\"url\":\"https:\\\/\\\/scubamoraira.com\\\/es\\\/\",\"name\":\"Scuba Moraira\",\"description\":\"\",\"potentialAction\":[{\"@type\":\"SearchAction\",\"target\":{\"@type\":\"EntryPoint\",\"urlTemplate\":\"https:\\\/\\\/scubamoraira.com\\\/es\\\/?s={search_term_string}\"},\"query-input\":{\"@type\":\"PropertyValueSpecification\",\"valueRequired\":true,\"valueName\":\"search_term_string\"}}],\"inLanguage\":\"es\"}]}<\/script>\n<!-- \/ Yoast SEO plugin. -->","yoast_head_json":{"title":"Benitachell Dive Sites &#8226; Scuba Moraira","robots":{"index":"index","follow":"follow","max-snippet":"max-snippet:-1","max-image-preview":"max-image-preview:large","max-video-preview":"max-video-preview:-1"},"canonical":"https:\/\/scubamoraira.com\/es\/benitachell-dive-sites\/","og_locale":"es_ES","og_type":"article","og_title":"Benitachell Dive Sites &#8226; Scuba Moraira","og_description":"Sitios de Buceo en BenitachellCueva del Moraig Una inmersi\u00f3n desde barco o desde la costa que comienza con la entrada en una piscina de roca que desciende hasta los 5 metros. Hay una salida arqueada hacia la pared del acantilado que conduce a una gruta de agua dulce y salada. Aqu\u00ed se pueden encontrar brillos [&hellip;]","og_url":"https:\/\/scubamoraira.com\/es\/benitachell-dive-sites\/","og_site_name":"Scuba Moraira","article_modified_time":"2024-02-19T10:09:22+00:00","twitter_card":"summary_large_image","twitter_misc":{"Tiempo de lectura":"3 minutos"},"schema":{"@context":"https:\/\/schema.org","@graph":[{"@type":"WebPage","@id":"https:\/\/scubamoraira.com\/es\/benitachell-dive-sites\/","url":"https:\/\/scubamoraira.com\/es\/benitachell-dive-sites\/","name":"Benitachell Dive Sites &#8226; Scuba Moraira","isPartOf":{"@id":"https:\/\/scubamoraira.com\/es\/#website"},"datePublished":"2018-01-30T11:45:47+00:00","dateModified":"2024-02-19T10:09:22+00:00","breadcrumb":{"@id":"https:\/\/scubamoraira.com\/es\/benitachell-dive-sites\/#breadcrumb"},"inLanguage":"es","potentialAction":[{"@type":"ReadAction","target":["https:\/\/scubamoraira.com\/es\/benitachell-dive-sites\/"]}]},{"@type":"BreadcrumbList","@id":"https:\/\/scubamoraira.com\/es\/benitachell-dive-sites\/#breadcrumb","itemListElement":[{"@type":"ListItem","position":1,"name":"Portada","item":"https:\/\/scubamoraira.com\/es\/"},{"@type":"ListItem","position":2,"name":"Benitachell Dive Sites"}]},{"@type":"WebSite","@id":"https:\/\/scubamoraira.com\/es\/#website","url":"https:\/\/scubamoraira.com\/es\/","name":"Scuba Moraira","description":"","potentialAction":[{"@type":"SearchAction","target":{"@type":"EntryPoint","urlTemplate":"https:\/\/scubamoraira.com\/es\/?s={search_term_string}"},"query-input":{"@type":"PropertyValueSpecification","valueRequired":true,"valueName":"search_term_string"}}],"inLanguage":"es"}]}},"_links":{"self":[{"href":"https:\/\/scubamoraira.com\/es\/wp-json\/wp\/v2\/pages\/300","targetHints":{"allow":["GET"]}}],"collection":[{"href":"https:\/\/scubamoraira.com\/es\/wp-json\/wp\/v2\/pages"}],"about":[{"href":"https:\/\/scubamoraira.com\/es\/wp-json\/wp\/v2\/types\/page"}],"author":[{"embeddable":true,"href":"https:\/\/scubamoraira.com\/es\/wp-json\/wp\/v2\/users\/3"}],"replies":[{"embeddable":true,"href":"https:\/\/scubamoraira.com\/es\/wp-json\/wp\/v2\/comments?post=300"}],"version-history":[{"count":13,"href":"https:\/\/scubamoraira.com\/es\/wp-json\/wp\/v2\/pages\/300\/revisions"}],"predecessor-version":[{"id":2724,"href":"https:\/\/scubamoraira.com\/es\/wp-json\/wp\/v2\/pages\/300\/revisions\/2724"}],"wp:attachment":[{"href":"https:\/\/scubamoraira.com\/es\/wp-json\/wp\/v2\/media?parent=300"}],"curies":[{"name":"wp","href":"https:\/\/api.w.org\/{rel}","templated":true}]}}