{"id":2215,"date":"2024-01-21T15:02:57","date_gmt":"2024-01-21T15:02:57","guid":{"rendered":"https:\/\/scubamoraira.com\/es\/?page_id=2215"},"modified":"2024-02-19T09:44:58","modified_gmt":"2024-02-19T09:44:58","slug":"ssi-marine-ecology-course","status":"publish","type":"page","link":"https:\/\/scubamoraira.com\/es\/ssi-marine-ecology-course\/","title":{"rendered":"SSI Marine Ecology Course"},"content":{"rendered":"<p>[et_pb_section fb_built=\u00bb1&#8243; fullwidth=\u00bbon\u00bb _builder_version=\u00bb4.16&#8243; background_color=\u00bb#e2242e\u00bb global_colors_info=\u00bb{}\u00bb][et_pb_fullwidth_header title=\u00bbSSI Marine Ecology \u00bb _builder_version=\u00bb4.24.0&#8243; title_font=\u00bbStardos Stencil||||||||\u00bb background_color=\u00bbrgba(255, 255, 255, 0)\u00bb animation_style=\u00bbbounce\u00bb title_text_shadow_style=\u00bbpreset1&#8243; title_text_shadow_color=\u00bb#000000&#8243; global_colors_info=\u00bb{}\u00bb button_one_text_size__hover_enabled=\u00bboff\u00bb button_two_text_size__hover_enabled=\u00bboff\u00bb button_one_text_color__hover_enabled=\u00bboff\u00bb button_two_text_color__hover_enabled=\u00bboff\u00bb button_one_border_width__hover_enabled=\u00bboff\u00bb button_two_border_width__hover_enabled=\u00bboff\u00bb button_one_border_color__hover_enabled=\u00bboff\u00bb button_two_border_color__hover_enabled=\u00bboff\u00bb button_one_border_radius__hover_enabled=\u00bboff\u00bb button_two_border_radius__hover_enabled=\u00bboff\u00bb button_one_letter_spacing__hover_enabled=\u00bboff\u00bb button_two_letter_spacing__hover_enabled=\u00bboff\u00bb button_one_bg_color__hover_enabled=\u00bboff\u00bb button_two_bg_color__hover_enabled=\u00bboff\u00bb][\/et_pb_fullwidth_header][\/et_pb_section][et_pb_section fb_built=\u00bb1&#8243; _builder_version=\u00bb4.16&#8243; background_color=\u00bb#f2f2f2&#8243; global_colors_info=\u00bb{}\u00bb][et_pb_row column_structure=\u00bb1_3,1_3,1_3&#8243; _builder_version=\u00bb4.16&#8243; background_size=\u00bbinitial\u00bb background_position=\u00bbtop_left\u00bb background_repeat=\u00bbrepeat\u00bb module_alignment=\u00bbcenter\u00bb custom_margin=\u00bb1px|auto||auto||\u00bb custom_padding=\u00bb|0px||||\u00bb global_colors_info=\u00bb{}\u00bb][et_pb_column type=\u00bb1_3&#8243; _builder_version=\u00bb4.16&#8243; _module_preset=\u00bbdefault\u00bb global_colors_info=\u00bb{}\u00bb][et_pb_image src=\u00bbhttps:\/\/scubamoraira.com\/es\/wp-content\/uploads\/Presentation-Marine-Ecology.jpg\u00bb title_text=\u00bbPresentation-Marine Ecology\u00bb _builder_version=\u00bb4.21.0&#8243; _module_preset=\u00bbdefault\u00bb animation_style=\u00bbbounce\u00bb border_radii=\u00bbon|16px|16px|16px|16px\u00bb box_shadow_style=\u00bbpreset1&#8243; box_shadow_color=\u00bb#000000&#8243; global_colors_info=\u00bb{}\u00bb][\/et_pb_image][\/et_pb_column][et_pb_column type=\u00bb1_3&#8243; _builder_version=\u00bb4.16&#8243; custom_padding=\u00bb|||\u00bb global_colors_info=\u00bb{}\u00bb custom_padding__hover=\u00bb|||\u00bb][et_pb_text _builder_version=\u00bb4.24.0&#8243; header_text_color=\u00bb#2f3a8f\u00bb animation_style=\u00bbzoom\u00bb global_colors_info=\u00bb{}\u00bb]<\/p>\n<h3><span class=\"HwtZe\" jsaction=\"mouseup:Sxi9L,BR6jm; mousedown:qjlr0e\" jsname=\"jqKxS\" lang=\"es\"><span jsaction=\"agoMJf:PFBcW;MZfLnc:P7O7bd;nt4Alf:pvnm0e,pfE8Hb,PFBcW;B01qod:dJXsye;H1e5u:iXtTIf;lYIUJf:hij5Wb;bmeZHc:iURhpf;Oxj3Xe:qAKMYb,yaf12d\" jsname=\"txFAF\" class=\"jCAhz ChMk0b\" jscontroller=\"Gn4SMb\"><span class=\"ryNqvb\" jsaction=\"click:E6Tfl,GFf3ac,tMZCfe; contextmenu:Nqw7Te,QP7LD; mouseout:Nqw7Te; mouseover:E6Tfl,c2aHje\" jsname=\"W297wb\">Los oc\u00e9anos son una parte vasta, din\u00e1mica e integral de nuestro mundo.<\/span><\/span> <span jsaction=\"agoMJf:PFBcW;MZfLnc:P7O7bd;nt4Alf:pvnm0e,pfE8Hb,PFBcW;B01qod:dJXsye;H1e5u:iXtTIf;lYIUJf:hij5Wb;bmeZHc:iURhpf;Oxj3Xe:qAKMYb,yaf12d\" jsname=\"txFAF\" class=\"jCAhz ChMk0b\" jscontroller=\"Gn4SMb\"><span class=\"ryNqvb\" jsaction=\"click:E6Tfl,GFf3ac,tMZCfe; contextmenu:Nqw7Te,QP7LD; mouseout:Nqw7Te; mouseover:E6Tfl,c2aHje\" jsname=\"W297wb\">Incluso con nuestra moderna tecnolog\u00eda y capacidades de ingenier\u00eda, s\u00f3lo hemos explorado aproximadamente el 5% de los oc\u00e9anos del mundo.<\/span><\/span> <span jsaction=\"agoMJf:PFBcW;MZfLnc:P7O7bd;nt4Alf:pvnm0e,pfE8Hb,PFBcW;B01qod:dJXsye;H1e5u:iXtTIf;lYIUJf:hij5Wb;bmeZHc:iURhpf;Oxj3Xe:qAKMYb,yaf12d\" jsname=\"txFAF\" class=\"jCAhz ChMk0b\" jscontroller=\"Gn4SMb\"><span class=\"ryNqvb\" jsaction=\"click:E6Tfl,GFf3ac,tMZCfe; contextmenu:Nqw7Te,QP7LD; mouseout:Nqw7Te; mouseover:E6Tfl,c2aHje\" jsname=\"W297wb\">La Ecolog\u00eda Marina es un campo amplio y apasionante que capta nuestra atenci\u00f3n y curiosidad.<\/span><\/span> <span jsaction=\"agoMJf:PFBcW;MZfLnc:P7O7bd;nt4Alf:pvnm0e,pfE8Hb,PFBcW;B01qod:dJXsye;H1e5u:iXtTIf;lYIUJf:hij5Wb;bmeZHc:iURhpf;Oxj3Xe:qAKMYb,yaf12d\" jsname=\"txFAF\" class=\"jCAhz ChMk0b\" jscontroller=\"Gn4SMb\"><span class=\"ryNqvb\" jsaction=\"click:E6Tfl,GFf3ac,tMZCfe; contextmenu:Nqw7Te,QP7LD; mouseout:Nqw7Te; mouseover:E6Tfl,c2aHje\" jsname=\"W297wb\">Es el estudio de c\u00f3mo los organismos interact\u00faan entre s\u00ed y con el medio ambiente, el flujo de energ\u00eda a trav\u00e9s de las comunidades y el v\u00ednculo entre los ecosistemas oce\u00e1nicos.<\/span><\/span> <span jsaction=\"agoMJf:PFBcW;MZfLnc:P7O7bd;nt4Alf:pvnm0e,pfE8Hb,PFBcW;B01qod:dJXsye;H1e5u:iXtTIf;lYIUJf:hij5Wb;bmeZHc:iURhpf;Oxj3Xe:qAKMYb,yaf12d\" jsname=\"txFAF\" class=\"jCAhz ChMk0b\" jscontroller=\"Gn4SMb\"><span class=\"ryNqvb\" jsaction=\"click:E6Tfl,GFf3ac,tMZCfe; contextmenu:Nqw7Te,QP7LD; mouseout:Nqw7Te; mouseover:E6Tfl,c2aHje\" jsname=\"W297wb\">Sum\u00e9rgete en este curso y obt\u00e9n una visi\u00f3n general de estos temas y descubre cu\u00e1l es tu papel en la ecolog\u00eda cambiante de los ecosistemas marinos.<\/span><\/span><\/span><\/h3>\n<p>[\/et_pb_text][\/et_pb_column][et_pb_column type=\u00bb1_3&#8243; _builder_version=\u00bb4.16&#8243; custom_padding=\u00bb|||\u00bb global_colors_info=\u00bb{}\u00bb custom_padding__hover=\u00bb|||\u00bb][et_pb_blurb title=\u00bbSin Requisitos Previos\u00bb use_icon=\u00bbon\u00bb font_icon=\u00bb&#x52;||divi||400&#8243; icon_color=\u00bb#FFFFFF\u00bb image_icon_width=\u00bb40px\u00bb _builder_version=\u00bb4.24.0&#8243; header_level=\u00bbh2&#8243; header_text_align=\u00bbcenter\u00bb header_text_color=\u00bb#ffffff\u00bb background_color=\u00bb#599ecd\u00bb text_orientation=\u00bbcenter\u00bb background_layout=\u00bbdark\u00bb custom_margin=\u00bb0px||||false|false\u00bb animation_style=\u00bbbounce\u00bb border_radii=\u00bbon|16px|16px|16px|16px\u00bb box_shadow_style=\u00bbpreset1&#8243; box_shadow_color=\u00bb#000000&#8243; icon_font_size=\u00bb40px\u00bb global_colors_info=\u00bb{}\u00bb]<\/p>\n<p style=\"padding-left: 40px;\"><span style=\"color: #ffffff;\">\u00a0<\/span><\/p>\n<p><span style=\"color: #ffffff;\"><\/span><\/p>\n<p>[\/et_pb_blurb][\/et_pb_column][\/et_pb_row][\/et_pb_section][et_pb_section fb_built=\u00bb1&#8243; _builder_version=\u00bb4.16&#8243; global_colors_info=\u00bb{}\u00bb][et_pb_row _builder_version=\u00bb4.16&#8243; border_radii=\u00bbon|10px|10px|10px|10px\u00bb border_color_all=\u00bb#f2f2f2&#8243; global_colors_info=\u00bb{}\u00bb][et_pb_column type=\u00bb4_4&#8243; _builder_version=\u00bb4.16&#8243; custom_padding=\u00bb|||\u00bb global_colors_info=\u00bb{}\u00bb custom_padding__hover=\u00bb|||\u00bb][et_pb_tabs active_tab_background_color=\u00bb#2f3a8f\u00bb inactive_tab_background_color=\u00bb#939393&#8243; _builder_version=\u00bb4.24.0&#8243; tab_text_color=\u00bb#2f3a8f\u00bb animation_style=\u00bbzoom\u00bb global_colors_info=\u00bb{}\u00bb][et_pb_tab title=\u00bb\u00bfComo funciona?\u00bb _builder_version=\u00bb4.24.0&#8243; body_text_align=\u00bbjustify\u00bb tab_text_color=\u00bb#ffffff\u00bb tab_font_size=\u00bb18&#8243; tab_font_size_tablet=\u00bb18&#8243; tab_font_size_phone=\u00bb18&#8243; global_colors_info=\u00bb{}\u00bb]<\/p>\n<p><span class=\"HwtZe\" jsaction=\"mouseup:Sxi9L,BR6jm; mousedown:qjlr0e\" jsname=\"jqKxS\" lang=\"es\"><span jsaction=\"agoMJf:PFBcW;MZfLnc:P7O7bd;nt4Alf:pvnm0e,pfE8Hb,PFBcW;B01qod:dJXsye;H1e5u:iXtTIf;lYIUJf:hij5Wb;bmeZHc:iURhpf;Oxj3Xe:qAKMYb,yaf12d\" jsname=\"txFAF\" class=\"jCAhz ChMk0b\" jscontroller=\"Gn4SMb\"><span class=\"ryNqvb\" jsaction=\"click:E6Tfl,GFf3ac,tMZCfe; contextmenu:Nqw7Te,QP7LD; mouseout:Nqw7Te; mouseover:E6Tfl,c2aHje\" jsname=\"W297wb\">Despu\u00e9s de descargar la aplicaci\u00f3n MySSI, deber\u00e1 inscribirse en el Curso de Ecolog\u00eda Marina, luego obtendr\u00e1 el Material de Aprendizaje digital con presentaciones interactivas que incluyen videos, audio, gr\u00e1ficos y lectura.<\/span><\/span> <span jsaction=\"agoMJf:PFBcW;MZfLnc:P7O7bd;nt4Alf:pvnm0e,pfE8Hb,PFBcW;B01qod:dJXsye;H1e5u:iXtTIf;lYIUJf:hij5Wb;bmeZHc:iURhpf;Oxj3Xe:qAKMYb,yaf12d\" jsname=\"txFAF\" class=\"jCAhz ChMk0b\" jscontroller=\"Gn4SMb\"><span class=\"ryNqvb\" jsaction=\"click:E6Tfl,GFf3ac,tMZCfe; contextmenu:Nqw7Te,QP7LD; mouseout:Nqw7Te; mouseover:E6Tfl,c2aHje\" jsname=\"W297wb\">Los cuestionarios breves le permiten medir su progreso y revisar y corregir cualquier cosa que se le haya escapado.<\/span><\/span> <span jsaction=\"agoMJf:PFBcW;MZfLnc:P7O7bd;nt4Alf:pvnm0e,pfE8Hb,PFBcW;B01qod:dJXsye;H1e5u:iXtTIf;lYIUJf:hij5Wb;bmeZHc:iURhpf;Oxj3Xe:qAKMYb,yaf12d\" jsname=\"txFAF\" class=\"jCAhz ChMk0b\" jscontroller=\"Gn4SMb\"><span class=\"ryNqvb\" jsaction=\"click:E6Tfl,GFf3ac,tMZCfe; contextmenu:Nqw7Te,QP7LD; mouseout:Nqw7Te; mouseover:E6Tfl,c2aHje\" jsname=\"W297wb\">Esto le permite avanzar por el programa de manera eficiente y a su propio ritmo.<\/span><\/span><\/span><span class=\"ZSCsVd\"><\/span><\/p>\n<p>[\/et_pb_tab][et_pb_tab title=\u00bbPrecio &#038; Duraci\u00f3n\u00bb _builder_version=\u00bb4.24.0&#8243; body_text_align=\u00bbjustify\u00bb tab_text_color=\u00bb#ffffff\u00bb tab_font_size=\u00bb18&#8243; tab_font_size_tablet=\u00bb18&#8243; tab_font_size_phone=\u00bb18&#8243; global_colors_info=\u00bb{}\u00bb]<\/p>\n<p>\u20ac75 \/ <span class=\"HwtZe\" jsaction=\"mouseup:Sxi9L,BR6jm; mousedown:qjlr0e\" jsname=\"jqKxS\" lang=\"es\"><span jsaction=\"agoMJf:PFBcW;MZfLnc:P7O7bd;nt4Alf:pvnm0e,pfE8Hb,PFBcW;B01qod:dJXsye;H1e5u:iXtTIf;lYIUJf:hij5Wb;bmeZHc:iURhpf;Oxj3Xe:qAKMYb,yaf12d\" jsname=\"txFAF\" class=\"jCAhz ChMk0b\" jscontroller=\"Gn4SMb\"><span class=\"ryNqvb\" jsaction=\"click:E6Tfl,GFf3ac,tMZCfe; contextmenu:Nqw7Te,QP7LD; mouseout:Nqw7Te; mouseover:E6Tfl,c2aHje\" jsname=\"W297wb\">Clase de 2 a 3 horas.<\/span><\/span><\/span><\/p>\n<p>[\/et_pb_tab][\/et_pb_tabs][\/et_pb_column][\/et_pb_row][\/et_pb_section][et_pb_section fb_built=\u00bb1&#8243; _builder_version=\u00bb4.16&#8243; background_image=\u00bbhttps:\/\/scubamoraira.com\/wp-content\/uploads\/cta_scuba.jpg\u00bb global_colors_info=\u00bb{}\u00bb][et_pb_row column_structure=\u00bb1_3,2_3&#8243; _builder_version=\u00bb4.16&#8243; background_size=\u00bbinitial\u00bb background_position=\u00bbtop_left\u00bb background_repeat=\u00bbrepeat\u00bb global_colors_info=\u00bb{}\u00bb][et_pb_column type=\u00bb1_3&#8243; _builder_version=\u00bb4.16&#8243; custom_padding=\u00bb|||\u00bb global_colors_info=\u00bb{}\u00bb custom_padding__hover=\u00bb|||\u00bb][\/et_pb_column][et_pb_column type=\u00bb2_3&#8243; _builder_version=\u00bb4.16&#8243; custom_padding=\u00bb|||\u00bb global_colors_info=\u00bb{}\u00bb custom_padding__hover=\u00bb|||\u00bb][et_pb_text _builder_version=\u00bb4.24.0&#8243; text_font_size=\u00bb18px\u00bb header_font=\u00bbStardos Stencil||||||||\u00bb header_font_size=\u00bb35px\u00bb background_layout=\u00bbdark\u00bb animation_style=\u00bbslide\u00bb animation_direction=\u00bbtop\u00bb global_colors_info=\u00bb{}\u00bb]<\/p>\n<h1 class=\"blue\">\u00a1Tu Pr\u00f3xima Aventura!<\/h1>\n<p>P\u00f3ngase en contacto con SCUBA MORAIRA para personalizar la mejor opci\u00f3n de estudio para usted.<\/p>\n<p>[\/et_pb_text][et_pb_button button_url=\u00bb https:\/\/scubamoraira.com\/es\/courses\/\u00bb button_text=\u00bb\u00a1M\u00e1s Cursos!\u00bb button_alignment=\u00bbleft\u00bb _builder_version=\u00bb4.24.0&#8243; custom_button=\u00bbon\u00bb button_text_size=\u00bb18&#8243; button_text_color=\u00bb#ffffff\u00bb button_bg_color=\u00bb#2f3a8f\u00bb button_border_width=\u00bb1&#8243; button_border_color=\u00bb#2f3a8f\u00bb button_icon=\u00bb&#x4e;||divi||400&#8243; button_icon_color=\u00bb#ffffff\u00bb hover_enabled=\u00bb0&#8243; button_text_color_hover=\u00bb#ffffff\u00bb button_border_color_hover=\u00bb#e2242e\u00bb button_bg_color_hover=\u00bb#e2242e\u00bb global_colors_info=\u00bb{}\u00bb button_text_size__hover_enabled=\u00bboff\u00bb button_one_text_size__hover_enabled=\u00bboff\u00bb button_two_text_size__hover_enabled=\u00bboff\u00bb button_text_color__hover_enabled=\u00bbon\u00bb button_text_color__hover=\u00bb#ffffff\u00bb button_one_text_color__hover_enabled=\u00bboff\u00bb button_two_text_color__hover_enabled=\u00bboff\u00bb button_border_width__hover_enabled=\u00bboff\u00bb button_one_border_width__hover_enabled=\u00bboff\u00bb button_two_border_width__hover_enabled=\u00bboff\u00bb button_border_color__hover_enabled=\u00bbon\u00bb button_border_color__hover=\u00bb#e2242e\u00bb button_one_border_color__hover_enabled=\u00bboff\u00bb button_two_border_color__hover_enabled=\u00bboff\u00bb button_border_radius__hover_enabled=\u00bboff\u00bb button_one_border_radius__hover_enabled=\u00bboff\u00bb button_two_border_radius__hover_enabled=\u00bboff\u00bb button_letter_spacing__hover_enabled=\u00bboff\u00bb button_one_letter_spacing__hover_enabled=\u00bboff\u00bb button_two_letter_spacing__hover_enabled=\u00bboff\u00bb button_bg_color__hover_enabled=\u00bbon\u00bb button_bg_color__hover=\u00bb#e2242e\u00bb button_one_bg_color__hover_enabled=\u00bboff\u00bb button_two_bg_color__hover_enabled=\u00bboff\u00bb sticky_enabled=\u00bb0&#8243;][\/et_pb_button][\/et_pb_column][\/et_pb_row][\/et_pb_section]<\/p>\n","protected":false},"excerpt":{"rendered":"<p>Los oc\u00e9anos son una parte vasta, din\u00e1mica e integral de nuestro mundo. Incluso con nuestra moderna tecnolog\u00eda y capacidades de ingenier\u00eda, s\u00f3lo hemos explorado aproximadamente el 5% de los oc\u00e9anos del mundo. La Ecolog\u00eda Marina es un campo amplio y apasionante que capta nuestra atenci\u00f3n y curiosidad. Es el estudio de c\u00f3mo los organismos interact\u00faan [&hellip;]<\/p>\n","protected":false},"author":2,"featured_media":0,"parent":0,"menu_order":0,"comment_status":"closed","ping_status":"closed","template":"","meta":{"_et_pb_use_builder":"on","_et_pb_old_content":"","_et_gb_content_width":"","footnotes":""},"class_list":["post-2215","page","type-page","status-publish","hentry"],"yoast_head":"<!-- This site is optimized with the Yoast SEO plugin v27.4 - https:\/\/yoast.com\/product\/yoast-seo-wordpress\/ -->\n<title>SSI Marine Ecology Course &#8226; Scuba Moraira<\/title>\n<meta name=\"robots\" content=\"index, follow, max-snippet:-1, max-image-preview:large, max-video-preview:-1\" \/>\n<link rel=\"canonical\" href=\"https:\/\/scubamoraira.com\/es\/ssi-marine-ecology-course\/\" \/>\n<meta property=\"og:locale\" content=\"es_ES\" \/>\n<meta property=\"og:type\" content=\"article\" \/>\n<meta property=\"og:title\" content=\"SSI Marine Ecology Course &#8226; Scuba Moraira\" \/>\n<meta property=\"og:description\" content=\"Los oc\u00e9anos son una parte vasta, din\u00e1mica e integral de nuestro mundo. Incluso con nuestra moderna tecnolog\u00eda y capacidades de ingenier\u00eda, s\u00f3lo hemos explorado aproximadamente el 5% de los oc\u00e9anos del mundo. La Ecolog\u00eda Marina es un campo amplio y apasionante que capta nuestra atenci\u00f3n y curiosidad. Es el estudio de c\u00f3mo los organismos interact\u00faan [&hellip;]\" \/>\n<meta property=\"og:url\" content=\"https:\/\/scubamoraira.com\/es\/ssi-marine-ecology-course\/\" \/>\n<meta property=\"og:site_name\" content=\"Scuba Moraira\" \/>\n<meta property=\"article:modified_time\" content=\"2024-02-19T09:44:58+00:00\" \/>\n<meta name=\"twitter:card\" content=\"summary_large_image\" \/>\n<meta name=\"twitter:label1\" content=\"Tiempo de lectura\" \/>\n\t<meta name=\"twitter:data1\" content=\"2 minutos\" \/>\n<script type=\"application\/ld+json\" class=\"yoast-schema-graph\">{\"@context\":\"https:\\\/\\\/schema.org\",\"@graph\":[{\"@type\":\"WebPage\",\"@id\":\"https:\\\/\\\/scubamoraira.com\\\/es\\\/ssi-marine-ecology-course\\\/\",\"url\":\"https:\\\/\\\/scubamoraira.com\\\/es\\\/ssi-marine-ecology-course\\\/\",\"name\":\"SSI Marine Ecology Course &#8226; Scuba Moraira\",\"isPartOf\":{\"@id\":\"https:\\\/\\\/scubamoraira.com\\\/es\\\/#website\"},\"datePublished\":\"2024-01-21T15:02:57+00:00\",\"dateModified\":\"2024-02-19T09:44:58+00:00\",\"breadcrumb\":{\"@id\":\"https:\\\/\\\/scubamoraira.com\\\/es\\\/ssi-marine-ecology-course\\\/#breadcrumb\"},\"inLanguage\":\"es\",\"potentialAction\":[{\"@type\":\"ReadAction\",\"target\":[\"https:\\\/\\\/scubamoraira.com\\\/es\\\/ssi-marine-ecology-course\\\/\"]}]},{\"@type\":\"BreadcrumbList\",\"@id\":\"https:\\\/\\\/scubamoraira.com\\\/es\\\/ssi-marine-ecology-course\\\/#breadcrumb\",\"itemListElement\":[{\"@type\":\"ListItem\",\"position\":1,\"name\":\"Portada\",\"item\":\"https:\\\/\\\/scubamoraira.com\\\/es\\\/\"},{\"@type\":\"ListItem\",\"position\":2,\"name\":\"SSI Marine Ecology Course\"}]},{\"@type\":\"WebSite\",\"@id\":\"https:\\\/\\\/scubamoraira.com\\\/es\\\/#website\",\"url\":\"https:\\\/\\\/scubamoraira.com\\\/es\\\/\",\"name\":\"Scuba Moraira\",\"description\":\"\",\"potentialAction\":[{\"@type\":\"SearchAction\",\"target\":{\"@type\":\"EntryPoint\",\"urlTemplate\":\"https:\\\/\\\/scubamoraira.com\\\/es\\\/?s={search_term_string}\"},\"query-input\":{\"@type\":\"PropertyValueSpecification\",\"valueRequired\":true,\"valueName\":\"search_term_string\"}}],\"inLanguage\":\"es\"}]}<\/script>\n<!-- \/ Yoast SEO plugin. -->","yoast_head_json":{"title":"SSI Marine Ecology Course &#8226; Scuba Moraira","robots":{"index":"index","follow":"follow","max-snippet":"max-snippet:-1","max-image-preview":"max-image-preview:large","max-video-preview":"max-video-preview:-1"},"canonical":"https:\/\/scubamoraira.com\/es\/ssi-marine-ecology-course\/","og_locale":"es_ES","og_type":"article","og_title":"SSI Marine Ecology Course &#8226; Scuba Moraira","og_description":"Los oc\u00e9anos son una parte vasta, din\u00e1mica e integral de nuestro mundo. Incluso con nuestra moderna tecnolog\u00eda y capacidades de ingenier\u00eda, s\u00f3lo hemos explorado aproximadamente el 5% de los oc\u00e9anos del mundo. La Ecolog\u00eda Marina es un campo amplio y apasionante que capta nuestra atenci\u00f3n y curiosidad. Es el estudio de c\u00f3mo los organismos interact\u00faan [&hellip;]","og_url":"https:\/\/scubamoraira.com\/es\/ssi-marine-ecology-course\/","og_site_name":"Scuba Moraira","article_modified_time":"2024-02-19T09:44:58+00:00","twitter_card":"summary_large_image","twitter_misc":{"Tiempo de lectura":"2 minutos"},"schema":{"@context":"https:\/\/schema.org","@graph":[{"@type":"WebPage","@id":"https:\/\/scubamoraira.com\/es\/ssi-marine-ecology-course\/","url":"https:\/\/scubamoraira.com\/es\/ssi-marine-ecology-course\/","name":"SSI Marine Ecology Course &#8226; Scuba Moraira","isPartOf":{"@id":"https:\/\/scubamoraira.com\/es\/#website"},"datePublished":"2024-01-21T15:02:57+00:00","dateModified":"2024-02-19T09:44:58+00:00","breadcrumb":{"@id":"https:\/\/scubamoraira.com\/es\/ssi-marine-ecology-course\/#breadcrumb"},"inLanguage":"es","potentialAction":[{"@type":"ReadAction","target":["https:\/\/scubamoraira.com\/es\/ssi-marine-ecology-course\/"]}]},{"@type":"BreadcrumbList","@id":"https:\/\/scubamoraira.com\/es\/ssi-marine-ecology-course\/#breadcrumb","itemListElement":[{"@type":"ListItem","position":1,"name":"Portada","item":"https:\/\/scubamoraira.com\/es\/"},{"@type":"ListItem","position":2,"name":"SSI Marine Ecology Course"}]},{"@type":"WebSite","@id":"https:\/\/scubamoraira.com\/es\/#website","url":"https:\/\/scubamoraira.com\/es\/","name":"Scuba Moraira","description":"","potentialAction":[{"@type":"SearchAction","target":{"@type":"EntryPoint","urlTemplate":"https:\/\/scubamoraira.com\/es\/?s={search_term_string}"},"query-input":{"@type":"PropertyValueSpecification","valueRequired":true,"valueName":"search_term_string"}}],"inLanguage":"es"}]}},"_links":{"self":[{"href":"https:\/\/scubamoraira.com\/es\/wp-json\/wp\/v2\/pages\/2215","targetHints":{"allow":["GET"]}}],"collection":[{"href":"https:\/\/scubamoraira.com\/es\/wp-json\/wp\/v2\/pages"}],"about":[{"href":"https:\/\/scubamoraira.com\/es\/wp-json\/wp\/v2\/types\/page"}],"author":[{"embeddable":true,"href":"https:\/\/scubamoraira.com\/es\/wp-json\/wp\/v2\/users\/2"}],"replies":[{"embeddable":true,"href":"https:\/\/scubamoraira.com\/es\/wp-json\/wp\/v2\/comments?post=2215"}],"version-history":[{"count":9,"href":"https:\/\/scubamoraira.com\/es\/wp-json\/wp\/v2\/pages\/2215\/revisions"}],"predecessor-version":[{"id":2675,"href":"https:\/\/scubamoraira.com\/es\/wp-json\/wp\/v2\/pages\/2215\/revisions\/2675"}],"wp:attachment":[{"href":"https:\/\/scubamoraira.com\/es\/wp-json\/wp\/v2\/media?parent=2215"}],"curies":[{"name":"wp","href":"https:\/\/api.w.org\/{rel}","templated":true}]}}