{"id":201,"date":"2018-01-11T09:29:17","date_gmt":"2018-01-11T09:29:17","guid":{"rendered":"https:\/\/scubamoraira.com\/?page_id=201"},"modified":"2026-04-04T10:55:07","modified_gmt":"2026-04-04T10:55:07","slug":"dive-sites","status":"publish","type":"page","link":"https:\/\/scubamoraira.com\/es\/dive-sites\/","title":{"rendered":"Dive Sites"},"content":{"rendered":"<p>[et_pb_section fb_built=\u00bb1&#8243; _builder_version=\u00bb4.16&#8243; background_image=\u00bbhttps:\/\/scubamoraira.com\/wp-content\/uploads\/banner-1.jpg\u00bb parallax=\u00bbon\u00bb parallax_method=\u00bboff\u00bb global_colors_info=\u00bb{}\u00bb][et_pb_row _builder_version=\u00bb4.16&#8243; background_size=\u00bbinitial\u00bb background_position=\u00bbtop_left\u00bb background_repeat=\u00bbrepeat\u00bb global_colors_info=\u00bb{}\u00bb][et_pb_column type=\u00bb4_4&#8243; _builder_version=\u00bb4.16&#8243; custom_padding=\u00bb|||\u00bb global_colors_info=\u00bb{}\u00bb custom_padding__hover=\u00bb|||\u00bb][et_pb_text _builder_version=\u00bb4.24.0&#8243; text_font=\u00bbStardos Stencil||on||||||\u00bb text_text_color=\u00bb#ffffff\u00bb text_font_size=\u00bb30px\u00bb header_font=\u00bbStardos Stencil||||||||\u00bb header_text_align=\u00bbcenter\u00bb header_text_color=\u00bb#ffffff\u00bb header_font_size=\u00bb50px\u00bb text_orientation=\u00bbcenter\u00bb background_layout=\u00bbdark\u00bb animation_style=\u00bbbounce\u00bb animation_direction=\u00bbbottom\u00bb global_colors_info=\u00bb{}\u00bb]<\/p>\n<h1 class=\"blue\" style=\"text-align: center;\">Consulte nuestros sitios de buceo<\/h1>\n<p>&nbsp;<\/p>\n<p style=\"text-align: center;\">Todo el litoral de la Costa Blanca es conocido por su vida pisc\u00edcola, debido a las corrientes del mar m\u00e1s profundo y la salida de material org\u00e1nico de los r\u00edos, lo que permite el florecimiento del medio marino.<\/p>\n<p>[\/et_pb_text][\/et_pb_column][\/et_pb_row][\/et_pb_section][et_pb_section fb_built=\u00bb1&#8243; _builder_version=\u00bb4.16&#8243; global_colors_info=\u00bb{}\u00bb][et_pb_row _builder_version=\u00bb4.16&#8243; background_size=\u00bbinitial\u00bb background_position=\u00bbtop_left\u00bb background_repeat=\u00bbrepeat\u00bb global_colors_info=\u00bb{}\u00bb][et_pb_column type=\u00bb4_4&#8243; _builder_version=\u00bb4.16&#8243; custom_padding=\u00bb|||\u00bb global_colors_info=\u00bb{}\u00bb custom_padding__hover=\u00bb|||\u00bb][et_pb_text _builder_version=\u00bb4.24.0&#8243; header_text_align=\u00bbcenter\u00bb header_text_color=\u00bb#2f3a8f\u00bb header_line_height=\u00bb1.2em\u00bb animation_style=\u00bbslide\u00bb animation_direction=\u00bbtop\u00bb global_colors_info=\u00bb{}\u00bb]<\/p>\n<h1 style=\"text-align: center;\">Buceando en esta zona del Mediterr\u00e1neo encontramos impresionantes formaciones rocosas con picos, pin\u00e1culos, cuevas submarinas y desprendimientos de enormes bloques que se han derrumbado formando montones en el lecho marino. Cada uno de estos entornos es un mundo en s\u00ed mismo, con animales que viven all\u00ed toda su vida.<\/h1>\n<p>[\/et_pb_text][\/et_pb_column][\/et_pb_row][\/et_pb_section][et_pb_section fb_built=\u00bb1&#8243; _builder_version=\u00bb4.16&#8243; background_image=\u00bbhttps:\/\/scubamoraira.com\/wp-content\/uploads\/banner-1.jpg\u00bb parallax=\u00bbon\u00bb parallax_method=\u00bboff\u00bb global_colors_info=\u00bb{}\u00bb][et_pb_row _builder_version=\u00bb4.24.0&#8243; background_size=\u00bbinitial\u00bb background_position=\u00bbtop_left\u00bb background_repeat=\u00bbrepeat\u00bb global_colors_info=\u00bb{}\u00bb][\/et_pb_row][\/et_pb_section][et_pb_section fb_built=\u00bb1&#8243; _builder_version=\u00bb4.16&#8243; global_colors_info=\u00bb{}\u00bb][et_pb_row column_structure=\u00bb1_2,1_2&#8243; _builder_version=\u00bb4.16&#8243; background_size=\u00bbinitial\u00bb background_position=\u00bbtop_left\u00bb background_repeat=\u00bbrepeat\u00bb global_colors_info=\u00bb{}\u00bb][et_pb_column type=\u00bb1_2&#8243; _builder_version=\u00bb4.16&#8243; custom_padding=\u00bb|||\u00bb global_colors_info=\u00bb{}\u00bb custom_padding__hover=\u00bb|||\u00bb][et_pb_text _builder_version=\u00bb4.24.0&#8243; global_colors_info=\u00bb{}\u00bb]<\/p>\n<p>La visibilidad bajo el agua var\u00eda seg\u00fan las condiciones meteorol\u00f3gicas, pero suele oscilar entre los 10 y los 30 metros. La temperatura del agua es bastante agradable y oscila entre 15\u00ba y 29\u00ba Celsius \/ 59\u00b0 y 85\u00b0 Fahrenheit.<\/p>\n<p>En Moraira tenemos la suerte de estar en el centro de una de las mejores y m\u00e1s v\u00edrgenes zonas de buceo de la Costa Blanca.<\/p>\n<p>[\/et_pb_text][\/et_pb_column][et_pb_column type=\u00bb1_2&#8243; _builder_version=\u00bb4.16&#8243; custom_padding=\u00bb|||\u00bb global_colors_info=\u00bb{}\u00bb custom_padding__hover=\u00bb|||\u00bb][et_pb_text _builder_version=\u00bb4.24.0&#8243; global_colors_info=\u00bb{}\u00bb]<\/p>\n<p>A las puertas tenemos las paredes escalonadas y antiguas ca\u00eddas de rocas de Moraira con sitios como Cap D\u00f3r, el Laberinto y los 3 Amigos.<\/p>\n<p>Luego est\u00e1n las cavernas de agua dulce de la cueva del Moraig. Siguiendo por la costa, tenemos el diverso reino acu\u00e1tico de J\u00e1vea con torres submarinas como la Monta\u00f1a Hundida e islas aisladas como la Catedral, Descrubidor y Portichol. Al sur se encuentra Calpe y los escarpados acantilados del Pe\u00f1\u00f3n de Ifac.<\/p>\n<p>[\/et_pb_text][\/et_pb_column][\/et_pb_row][et_pb_row column_structure=\u00bb1_2,1_2&#8243; _builder_version=\u00bb4.16&#8243; background_size=\u00bbinitial\u00bb background_position=\u00bbtop_left\u00bb background_repeat=\u00bbrepeat\u00bb global_colors_info=\u00bb{}\u00bb][et_pb_column type=\u00bb1_2&#8243; _builder_version=\u00bb4.16&#8243; custom_padding=\u00bb|||\u00bb global_colors_info=\u00bb{}\u00bb custom_padding__hover=\u00bb|||\u00bb][et_pb_blurb title=\u00bbSitios de buceo en Moraira\u00bb url=\u00bbhttps:\/\/scubamoraira.com\/es\/moraira-dive-sites\/\u00bb icon_placement=\u00bbleft\u00bb _builder_version=\u00bb4.24.0&#8243; header_level=\u00bbh1&#8243; header_text_align=\u00bbcenter\u00bb header_text_color=\u00bb#ffffff\u00bb background_color=\u00bb#4a9ece\u00bb text_orientation=\u00bbcenter\u00bb background_layout=\u00bbdark\u00bb custom_padding=\u00bb30px||30px|\u00bb animation_style=\u00bbbounce\u00bb animation_direction=\u00bbtop\u00bb animation=\u00bbbottom\u00bb header_text_shadow_style=\u00bbpreset1&#8243; border_radii=\u00bbon|16px|16px|16px|16px\u00bb border_width_all=\u00bb1px\u00bb border_color_all=\u00bb#4a9ece\u00bb box_shadow_style=\u00bbpreset1&#8243; box_shadow_color=\u00bb#000000&#8243; icon_font_size=\u00bb60px\u00bb use_circle=\u00bboff\u00bb use_circle_border=\u00bboff\u00bb global_colors_info=\u00bb{}\u00bb]<\/p>\n<p><img loading=\"lazy\" decoding=\"async\" class=\"alignnone size-full wp-image-208\" src=\"https:\/\/scubamoraira.com\/wp-content\/uploads\/morairadivesites.jpg\" alt=\"\" width=\"660\" height=\"271\" srcset=\"https:\/\/scubamoraira.com\/es\/wp-content\/uploads\/morairadivesites.jpg 660w, https:\/\/scubamoraira.com\/es\/wp-content\/uploads\/morairadivesites-300x123.jpg 300w\" sizes=\"(max-width: 660px) 100vw, 660px\" \/><\/p>\n<p>[\/et_pb_blurb][et_pb_blurb title=\u00bbSitios de buceo de Javea\u00bb url=\u00bbhttps:\/\/scubamoraira.com\/es\/javea-dive-sites\/\u00bb icon_placement=\u00bbleft\u00bb _builder_version=\u00bb4.24.0&#8243; header_level=\u00bbh1&#8243; header_text_align=\u00bbcenter\u00bb header_text_color=\u00bb#ffffff\u00bb background_color=\u00bb#4a9ece\u00bb text_orientation=\u00bbcenter\u00bb background_layout=\u00bbdark\u00bb custom_padding=\u00bb30px||30px|\u00bb animation_style=\u00bbbounce\u00bb animation_direction=\u00bbtop\u00bb animation=\u00bbbottom\u00bb header_text_shadow_style=\u00bbpreset1&#8243; border_radii=\u00bbon|16px|16px|16px|16px\u00bb border_width_all=\u00bb1px\u00bb border_color_all=\u00bb#4a9ece\u00bb box_shadow_style=\u00bbpreset1&#8243; box_shadow_color=\u00bb#000000&#8243; icon_font_size=\u00bb60px\u00bb use_circle=\u00bboff\u00bb use_circle_border=\u00bboff\u00bb global_colors_info=\u00bb{}\u00bb]<\/p>\n<p><img loading=\"lazy\" decoding=\"async\" class=\"alignnone size-full wp-image-210\" src=\"https:\/\/scubamoraira.com\/wp-content\/uploads\/javeadivesites.jpg\" alt=\"\" width=\"660\" height=\"365\" srcset=\"https:\/\/scubamoraira.com\/es\/wp-content\/uploads\/javeadivesites.jpg 660w, https:\/\/scubamoraira.com\/es\/wp-content\/uploads\/javeadivesites-300x166.jpg 300w\" sizes=\"(max-width: 660px) 100vw, 660px\" \/><\/p>\n<p>[\/et_pb_blurb][\/et_pb_column][et_pb_column type=\u00bb1_2&#8243; _builder_version=\u00bb4.16&#8243; custom_padding=\u00bb|||\u00bb global_colors_info=\u00bb{}\u00bb custom_padding__hover=\u00bb|||\u00bb][et_pb_blurb title=\u00bbSitios de Buceo en Benitachell\u00bb url=\u00bbhttps:\/\/scubamoraira.com\/es\/benitachell-dive-sites\/\u00bb icon_placement=\u00bbleft\u00bb _builder_version=\u00bb4.24.0&#8243; header_level=\u00bbh1&#8243; header_text_align=\u00bbcenter\u00bb header_text_color=\u00bb#ffffff\u00bb background_color=\u00bb#4a9ece\u00bb text_orientation=\u00bbcenter\u00bb background_layout=\u00bbdark\u00bb custom_padding=\u00bb30px||30px|\u00bb animation_style=\u00bbbounce\u00bb animation_direction=\u00bbtop\u00bb animation=\u00bbbottom\u00bb header_text_shadow_style=\u00bbpreset1&#8243; border_radii=\u00bbon|16px|16px|16px|16px\u00bb border_width_all=\u00bb1px\u00bb border_color_all=\u00bb#4a9ece\u00bb box_shadow_style=\u00bbpreset1&#8243; box_shadow_color=\u00bb#000000&#8243; icon_font_size=\u00bb60px\u00bb use_circle=\u00bboff\u00bb use_circle_border=\u00bboff\u00bb global_colors_info=\u00bb{}\u00bb]<\/p>\n<p><img loading=\"lazy\" decoding=\"async\" class=\"alignnone size-full wp-image-209\" src=\"https:\/\/scubamoraira.com\/wp-content\/uploads\/benitachelldivesites.jpg\" alt=\"\" width=\"660\" height=\"259\" srcset=\"https:\/\/scubamoraira.com\/es\/wp-content\/uploads\/benitachelldivesites.jpg 660w, https:\/\/scubamoraira.com\/es\/wp-content\/uploads\/benitachelldivesites-300x118.jpg 300w\" sizes=\"(max-width: 660px) 100vw, 660px\" \/><\/p>\n<p>[\/et_pb_blurb][et_pb_blurb title=\u00bbSitios de buceo en Calpe\u00bb url=\u00bbhttps:\/\/scubamoraira.com\/es\/calpe-dive-sites\/\u00bb icon_placement=\u00bbleft\u00bb _builder_version=\u00bb4.24.0&#8243; header_level=\u00bbh1&#8243; header_text_align=\u00bbcenter\u00bb header_text_color=\u00bb#ffffff\u00bb background_color=\u00bb#4a9ece\u00bb text_orientation=\u00bbcenter\u00bb background_layout=\u00bbdark\u00bb custom_padding=\u00bb30px||30px|\u00bb animation_style=\u00bbbounce\u00bb animation_direction=\u00bbtop\u00bb animation=\u00bbbottom\u00bb header_text_shadow_style=\u00bbpreset1&#8243; border_radii=\u00bbon|16px|16px|16px|16px\u00bb border_width_all=\u00bb1px\u00bb border_color_all=\u00bb#4a9ece\u00bb box_shadow_style=\u00bbpreset1&#8243; box_shadow_color=\u00bb#000000&#8243; icon_font_size=\u00bb60px\u00bb use_circle=\u00bboff\u00bb use_circle_border=\u00bboff\u00bb global_colors_info=\u00bb{}\u00bb]<\/p>\n<p><img loading=\"lazy\" decoding=\"async\" class=\"alignnone size-full wp-image-211\" src=\"https:\/\/scubamoraira.com\/wp-content\/uploads\/calpedivesites.jpg\" alt=\"\" width=\"790\" height=\"369\" srcset=\"https:\/\/scubamoraira.com\/es\/wp-content\/uploads\/calpedivesites.jpg 790w, https:\/\/scubamoraira.com\/es\/wp-content\/uploads\/calpedivesites-300x140.jpg 300w, https:\/\/scubamoraira.com\/es\/wp-content\/uploads\/calpedivesites-768x359.jpg 768w\" sizes=\"(max-width: 790px) 100vw, 790px\" \/><\/p>\n<p>[\/et_pb_blurb][\/et_pb_column][\/et_pb_row][\/et_pb_section]<\/p>\n","protected":false},"excerpt":{"rendered":"<p>Consulte nuestros sitios de buceo &nbsp; Todo el litoral de la Costa Blanca es conocido por su vida pisc\u00edcola, debido a las corrientes del mar m\u00e1s profundo y la salida de material org\u00e1nico de los r\u00edos, lo que permite el florecimiento del medio marino.Buceando en esta zona del Mediterr\u00e1neo encontramos impresionantes formaciones rocosas con picos, [&hellip;]<\/p>\n","protected":false},"author":3,"featured_media":0,"parent":0,"menu_order":0,"comment_status":"closed","ping_status":"closed","template":"","meta":{"_et_pb_use_builder":"on","_et_pb_old_content":"","_et_gb_content_width":"","footnotes":""},"class_list":["post-201","page","type-page","status-publish","hentry"],"yoast_head":"<!-- This site is optimized with the Yoast SEO plugin v27.3 - https:\/\/yoast.com\/product\/yoast-seo-wordpress\/ -->\n<title>Dive Sites &#8226; Scuba Moraira<\/title>\n<meta name=\"robots\" content=\"index, follow, max-snippet:-1, max-image-preview:large, max-video-preview:-1\" \/>\n<link rel=\"canonical\" href=\"https:\/\/scubamoraira.com\/es\/dive-sites\/\" \/>\n<meta property=\"og:locale\" content=\"es_ES\" \/>\n<meta property=\"og:type\" content=\"article\" \/>\n<meta property=\"og:title\" content=\"Dive Sites &#8226; Scuba Moraira\" \/>\n<meta property=\"og:description\" content=\"Consulte nuestros sitios de buceo &nbsp; Todo el litoral de la Costa Blanca es conocido por su vida pisc\u00edcola, debido a las corrientes del mar m\u00e1s profundo y la salida de material org\u00e1nico de los r\u00edos, lo que permite el florecimiento del medio marino.Buceando en esta zona del Mediterr\u00e1neo encontramos impresionantes formaciones rocosas con picos, [&hellip;]\" \/>\n<meta property=\"og:url\" content=\"https:\/\/scubamoraira.com\/es\/dive-sites\/\" \/>\n<meta property=\"og:site_name\" content=\"Scuba Moraira\" \/>\n<meta property=\"article:modified_time\" content=\"2026-04-04T10:55:07+00:00\" \/>\n<meta property=\"og:image\" content=\"https:\/\/scubamoraira.com\/es\/wp-content\/uploads\/morairadivesites.jpg\" \/>\n\t<meta property=\"og:image:width\" content=\"660\" \/>\n\t<meta property=\"og:image:height\" content=\"271\" \/>\n\t<meta property=\"og:image:type\" content=\"image\/jpeg\" \/>\n<meta name=\"twitter:card\" content=\"summary_large_image\" \/>\n<meta name=\"twitter:label1\" content=\"Tiempo de lectura\" \/>\n\t<meta name=\"twitter:data1\" content=\"2 minutos\" \/>\n<script type=\"application\/ld+json\" class=\"yoast-schema-graph\">{\"@context\":\"https:\\\/\\\/schema.org\",\"@graph\":[{\"@type\":\"WebPage\",\"@id\":\"https:\\\/\\\/scubamoraira.com\\\/es\\\/dive-sites\\\/\",\"url\":\"https:\\\/\\\/scubamoraira.com\\\/es\\\/dive-sites\\\/\",\"name\":\"Dive Sites &#8226; Scuba Moraira\",\"isPartOf\":{\"@id\":\"https:\\\/\\\/scubamoraira.com\\\/es\\\/#website\"},\"primaryImageOfPage\":{\"@id\":\"https:\\\/\\\/scubamoraira.com\\\/es\\\/dive-sites\\\/#primaryimage\"},\"image\":{\"@id\":\"https:\\\/\\\/scubamoraira.com\\\/es\\\/dive-sites\\\/#primaryimage\"},\"thumbnailUrl\":\"https:\\\/\\\/scubamoraira.com\\\/wp-content\\\/uploads\\\/morairadivesites.jpg\",\"datePublished\":\"2018-01-11T09:29:17+00:00\",\"dateModified\":\"2026-04-04T10:55:07+00:00\",\"breadcrumb\":{\"@id\":\"https:\\\/\\\/scubamoraira.com\\\/es\\\/dive-sites\\\/#breadcrumb\"},\"inLanguage\":\"es\",\"potentialAction\":[{\"@type\":\"ReadAction\",\"target\":[\"https:\\\/\\\/scubamoraira.com\\\/es\\\/dive-sites\\\/\"]}]},{\"@type\":\"ImageObject\",\"inLanguage\":\"es\",\"@id\":\"https:\\\/\\\/scubamoraira.com\\\/es\\\/dive-sites\\\/#primaryimage\",\"url\":\"https:\\\/\\\/scubamoraira.com\\\/wp-content\\\/uploads\\\/morairadivesites.jpg\",\"contentUrl\":\"https:\\\/\\\/scubamoraira.com\\\/wp-content\\\/uploads\\\/morairadivesites.jpg\"},{\"@type\":\"BreadcrumbList\",\"@id\":\"https:\\\/\\\/scubamoraira.com\\\/es\\\/dive-sites\\\/#breadcrumb\",\"itemListElement\":[{\"@type\":\"ListItem\",\"position\":1,\"name\":\"Portada\",\"item\":\"https:\\\/\\\/scubamoraira.com\\\/es\\\/\"},{\"@type\":\"ListItem\",\"position\":2,\"name\":\"Dive Sites\"}]},{\"@type\":\"WebSite\",\"@id\":\"https:\\\/\\\/scubamoraira.com\\\/es\\\/#website\",\"url\":\"https:\\\/\\\/scubamoraira.com\\\/es\\\/\",\"name\":\"Scuba Moraira\",\"description\":\"\",\"potentialAction\":[{\"@type\":\"SearchAction\",\"target\":{\"@type\":\"EntryPoint\",\"urlTemplate\":\"https:\\\/\\\/scubamoraira.com\\\/es\\\/?s={search_term_string}\"},\"query-input\":{\"@type\":\"PropertyValueSpecification\",\"valueRequired\":true,\"valueName\":\"search_term_string\"}}],\"inLanguage\":\"es\"}]}<\/script>\n<!-- \/ Yoast SEO plugin. -->","yoast_head_json":{"title":"Dive Sites &#8226; Scuba Moraira","robots":{"index":"index","follow":"follow","max-snippet":"max-snippet:-1","max-image-preview":"max-image-preview:large","max-video-preview":"max-video-preview:-1"},"canonical":"https:\/\/scubamoraira.com\/es\/dive-sites\/","og_locale":"es_ES","og_type":"article","og_title":"Dive Sites &#8226; Scuba Moraira","og_description":"Consulte nuestros sitios de buceo &nbsp; Todo el litoral de la Costa Blanca es conocido por su vida pisc\u00edcola, debido a las corrientes del mar m\u00e1s profundo y la salida de material org\u00e1nico de los r\u00edos, lo que permite el florecimiento del medio marino.Buceando en esta zona del Mediterr\u00e1neo encontramos impresionantes formaciones rocosas con picos, [&hellip;]","og_url":"https:\/\/scubamoraira.com\/es\/dive-sites\/","og_site_name":"Scuba Moraira","article_modified_time":"2026-04-04T10:55:07+00:00","og_image":[{"width":660,"height":271,"url":"https:\/\/scubamoraira.com\/es\/wp-content\/uploads\/morairadivesites.jpg","type":"image\/jpeg"}],"twitter_card":"summary_large_image","twitter_misc":{"Tiempo de lectura":"2 minutos"},"schema":{"@context":"https:\/\/schema.org","@graph":[{"@type":"WebPage","@id":"https:\/\/scubamoraira.com\/es\/dive-sites\/","url":"https:\/\/scubamoraira.com\/es\/dive-sites\/","name":"Dive Sites &#8226; Scuba Moraira","isPartOf":{"@id":"https:\/\/scubamoraira.com\/es\/#website"},"primaryImageOfPage":{"@id":"https:\/\/scubamoraira.com\/es\/dive-sites\/#primaryimage"},"image":{"@id":"https:\/\/scubamoraira.com\/es\/dive-sites\/#primaryimage"},"thumbnailUrl":"https:\/\/scubamoraira.com\/wp-content\/uploads\/morairadivesites.jpg","datePublished":"2018-01-11T09:29:17+00:00","dateModified":"2026-04-04T10:55:07+00:00","breadcrumb":{"@id":"https:\/\/scubamoraira.com\/es\/dive-sites\/#breadcrumb"},"inLanguage":"es","potentialAction":[{"@type":"ReadAction","target":["https:\/\/scubamoraira.com\/es\/dive-sites\/"]}]},{"@type":"ImageObject","inLanguage":"es","@id":"https:\/\/scubamoraira.com\/es\/dive-sites\/#primaryimage","url":"https:\/\/scubamoraira.com\/wp-content\/uploads\/morairadivesites.jpg","contentUrl":"https:\/\/scubamoraira.com\/wp-content\/uploads\/morairadivesites.jpg"},{"@type":"BreadcrumbList","@id":"https:\/\/scubamoraira.com\/es\/dive-sites\/#breadcrumb","itemListElement":[{"@type":"ListItem","position":1,"name":"Portada","item":"https:\/\/scubamoraira.com\/es\/"},{"@type":"ListItem","position":2,"name":"Dive Sites"}]},{"@type":"WebSite","@id":"https:\/\/scubamoraira.com\/es\/#website","url":"https:\/\/scubamoraira.com\/es\/","name":"Scuba Moraira","description":"","potentialAction":[{"@type":"SearchAction","target":{"@type":"EntryPoint","urlTemplate":"https:\/\/scubamoraira.com\/es\/?s={search_term_string}"},"query-input":{"@type":"PropertyValueSpecification","valueRequired":true,"valueName":"search_term_string"}}],"inLanguage":"es"}]}},"_links":{"self":[{"href":"https:\/\/scubamoraira.com\/es\/wp-json\/wp\/v2\/pages\/201","targetHints":{"allow":["GET"]}}],"collection":[{"href":"https:\/\/scubamoraira.com\/es\/wp-json\/wp\/v2\/pages"}],"about":[{"href":"https:\/\/scubamoraira.com\/es\/wp-json\/wp\/v2\/types\/page"}],"author":[{"embeddable":true,"href":"https:\/\/scubamoraira.com\/es\/wp-json\/wp\/v2\/users\/3"}],"replies":[{"embeddable":true,"href":"https:\/\/scubamoraira.com\/es\/wp-json\/wp\/v2\/comments?post=201"}],"version-history":[{"count":20,"href":"https:\/\/scubamoraira.com\/es\/wp-json\/wp\/v2\/pages\/201\/revisions"}],"predecessor-version":[{"id":3045,"href":"https:\/\/scubamoraira.com\/es\/wp-json\/wp\/v2\/pages\/201\/revisions\/3045"}],"wp:attachment":[{"href":"https:\/\/scubamoraira.com\/es\/wp-json\/wp\/v2\/media?parent=201"}],"curies":[{"name":"wp","href":"https:\/\/api.w.org\/{rel}","templated":true}]}}