{"id":175,"date":"2018-01-10T09:48:54","date_gmt":"2018-01-10T09:48:54","guid":{"rendered":"https:\/\/scubamoraira.com\/?page_id=175"},"modified":"2026-04-04T10:52:06","modified_gmt":"2026-04-04T10:52:06","slug":"dive-trips","status":"publish","type":"page","link":"https:\/\/scubamoraira.com\/es\/dive-trips\/","title":{"rendered":"Dive Trips"},"content":{"rendered":"<p>[et_pb_section fb_built=\u00bb1&#8243; _builder_version=\u00bb4.16&#8243; background_image=\u00bbhttps:\/\/scubamoraira.com\/wp-content\/uploads\/593.jpg\u00bb parallax=\u00bbon\u00bb parallax_method=\u00bboff\u00bb global_colors_info=\u00bb{}\u00bb][et_pb_row _builder_version=\u00bb4.16&#8243; background_size=\u00bbinitial\u00bb background_position=\u00bbtop_left\u00bb background_repeat=\u00bbrepeat\u00bb global_colors_info=\u00bb{}\u00bb][et_pb_column type=\u00bb4_4&#8243; _builder_version=\u00bb4.16&#8243; custom_padding=\u00bb|||\u00bb global_colors_info=\u00bb{}\u00bb custom_padding__hover=\u00bb|||\u00bb][et_pb_text _builder_version=\u00bb4.24.0&#8243; text_font=\u00bbStardos Stencil||on||||||\u00bb text_text_color=\u00bb#ffffff\u00bb text_font_size=\u00bb30px\u00bb header_font=\u00bbStardos Stencil||||||||\u00bb header_text_align=\u00bbcenter\u00bb header_text_color=\u00bb#ffffff\u00bb header_font_size=\u00bb50px\u00bb text_orientation=\u00bbcenter\u00bb background_layout=\u00bbdark\u00bb animation_style=\u00bbbounce\u00bb animation_direction=\u00bbbottom\u00bb global_colors_info=\u00bb{}\u00bb]<\/p>\n<h1 style=\"text-align: center;\">Buceo &#8211; Excursiones de buceo<\/h1>\n<p style=\"text-align: center;\">\u00danase a nosotros en uno de nuestros pr\u00f3ximos viajes de buceo&#8230;<\/p>\n<p>[\/et_pb_text][\/et_pb_column][\/et_pb_row][\/et_pb_section][et_pb_section fb_built=\u00bb1&#8243; _builder_version=\u00bb4.16&#8243; global_colors_info=\u00bb{}\u00bb][et_pb_row _builder_version=\u00bb4.16&#8243; background_size=\u00bbinitial\u00bb background_position=\u00bbtop_left\u00bb background_repeat=\u00bbrepeat\u00bb global_colors_info=\u00bb{}\u00bb][et_pb_column type=\u00bb4_4&#8243; _builder_version=\u00bb4.16&#8243; custom_padding=\u00bb|||\u00bb global_colors_info=\u00bb{}\u00bb custom_padding__hover=\u00bb|||\u00bb][et_pb_text _builder_version=\u00bb4.24.0&#8243; header_text_align=\u00bbcenter\u00bb header_text_color=\u00bb#2f3a8f\u00bb header_line_height=\u00bb1.2em\u00bb animation_style=\u00bbslide\u00bb animation_direction=\u00bbtop\u00bb global_colors_info=\u00bb{}\u00bb]<\/p>\n<h1>\u00bfSue\u00f1a con bucear en el hermoso y c\u00e1lido mar? \u00bfPulpos? \u00bfMorenas? \u00bfLangosta?<br \/>Entonces reserve su viaje con Scuba Moraira hoy y descubra lo que las legendarias aguas del Mediterr\u00e1neo tienen que ofrecer.<\/h1>\n<p>[\/et_pb_text][\/et_pb_column][\/et_pb_row][\/et_pb_section][et_pb_section fb_built=\u00bb1&#8243; _builder_version=\u00bb4.16&#8243; background_image=\u00bbhttps:\/\/scubamoraira.com\/wp-content\/uploads\/593.jpg\u00bb parallax=\u00bbon\u00bb parallax_method=\u00bboff\u00bb global_colors_info=\u00bb{}\u00bb][et_pb_row _builder_version=\u00bb4.16&#8243; background_size=\u00bbinitial\u00bb background_position=\u00bbtop_left\u00bb background_repeat=\u00bbrepeat\u00bb global_colors_info=\u00bb{}\u00bb][\/et_pb_row][\/et_pb_section][et_pb_section fb_built=\u00bb1&#8243; specialty=\u00bbon\u00bb background_color_2=\u00bb#f2f2f2&#8243; padding_top_2=\u00bb30px\u00bb padding_right_2=\u00bb30px\u00bb padding_bottom_2=\u00bb30px\u00bb padding_left_2=\u00bb30px\u00bb _builder_version=\u00bb4.16&#8243; border_radii=\u00bbon|16px|16px|16px|16px\u00bb border_width_all=\u00bb1px\u00bb border_color_all=\u00bb#f2f2f2&#8243; global_colors_info=\u00bb{}\u00bb][et_pb_column type=\u00bb3_4&#8243; specialty_columns=\u00bb3&#8243; _builder_version=\u00bb4.16&#8243; custom_padding=\u00bb|||\u00bb global_colors_info=\u00bb{}\u00bb custom_padding__hover=\u00bb|||\u00bb][et_pb_row_inner column_structure=\u00bb1_2,1_2&#8243; admin_label=\u00bbFila\u00bb _builder_version=\u00bb4.16&#8243; border_radii=\u00bbon|0px|0px|0px|0px\u00bb global_colors_info=\u00bb{}\u00bb][et_pb_column_inner type=\u00bb1_2&#8243; saved_specialty_column_type=\u00bb3_4&#8243; _builder_version=\u00bb4.16&#8243; custom_padding=\u00bb|||\u00bb global_colors_info=\u00bb{}\u00bb custom_padding__hover=\u00bb|||\u00bb][et_pb_text _builder_version=\u00bb4.24.0&#8243; text_orientation=\u00bbjustified\u00bb animation_style=\u00bbbounce\u00bb animation_direction=\u00bbright\u00bb global_colors_info=\u00bb{}\u00bb]<\/p>\n<p>En Scuba Moraira tenemos salidas de buceo casi todos los d\u00edas desde nuestro barco de buceo que est\u00e1 amarrado en el galardonado puerto de Moraira. En los meses de verano puede ser varias veces al d\u00eda.<\/p>\n<p>Tenemos inmersiones desde 6 metros hasta 40 metros dependiendo de su experiencia y cualificaci\u00f3n. Tenemos la suerte en esta zona de tener una gran riqueza de vida marina variada y fascinante y topograf\u00eda submarina. Hay varias inmersiones poco profundas en y alrededor de Moraira donde podemos observar enormes bancos de peces juveniles como el pez napole\u00f3n, el besugo, la damisela y el mero. A veces tenemos la suerte de ver enormes bancos de Barracudas dando vueltas. Muchos sitios tienen fascinantes arcos y pasadizos que forman jardines submarinos.<\/p>\n<p>Para los m\u00e1s experimentados tenemos algunas inmersiones m\u00e1s desafiantes con monta\u00f1as submarinas y t\u00faneles que sirven de hogar a grandes congrios y morenas. En la mayor\u00eda de las inmersiones est\u00e1n presentes varios miembros de la familia de los pulpos, que suelen ser lo bastante amistosos como para salir de sus refugios y saludar.<\/p>\n<p>Durante la semana tambi\u00e9n ofrecemos salidas de buceo nocturno, donde podemos ver los h\u00e1bitos de las criaturas m\u00e1s nocturnas. Los peces escorpi\u00f3n salen a merodear,<\/p>\n<p>[\/et_pb_text][\/et_pb_column_inner][et_pb_column_inner type=\u00bb1_2&#8243; saved_specialty_column_type=\u00bb3_4&#8243; _builder_version=\u00bb4.16&#8243; custom_padding=\u00bb|||\u00bb global_colors_info=\u00bb{}\u00bb custom_padding__hover=\u00bb|||\u00bb][et_pb_text _builder_version=\u00bb4.24.0&#8243; text_orientation=\u00bbjustified\u00bb animation_style=\u00bbbounce\u00bb animation_direction=\u00bbright\u00bb global_colors_info=\u00bb{}\u00bb]<\/p>\n<p>Los cangrejos ermita\u00f1os bullen recolectando comida, las langostas, los pulpos y las morenas salen de sus agujeros para cazar.<\/p>\n<p>Durante el trayecto en barco a uno de los m\u00e1s de 25 puntos de inmersi\u00f3n, no pierda de vista a los peces luna, de extra\u00f1o aspecto, que se calientan en la superficie del mar. Si tenemos suerte, se nos unir\u00e1 una manada de delfines mientras recorren la costa.<\/p>\n<p>Nuestro barco de buceo \u00abTammy\u00bb es una semirr\u00edgida de buceo Valiant de 7,5 metros con un motor Yamaha de cuatro tiempos y 225 caballos de potencia. Tammy tiene un GPS de \u00faltima generaci\u00f3n y plotter con sistema de sonar en color. Est\u00e1 equipada con un reproductor de m\u00fasica para ponerte a tono. Tammy tambi\u00e9n cuenta con un equipo de ox\u00edgeno de emergencia y un completo botiqu\u00edn de primeros auxilios, bengalas y una radio VHF con un sistema de llamada de emergencia. Tammy tiene una escalera de embarque en la parte trasera, por lo que no hay necesidad de trepar por el lateral.<\/p>\n<p>Para mayor seguridad, Tammy est\u00e1 equipado con un sistema de localizaci\u00f3n por sat\u00e9lite SPOT. Esto nos permite seguir a Tammy desde cualquier parte del mundo. Si desea saber d\u00f3nde se encuentra, haga clic aqu\u00ed.<\/p>\n<p>[\/et_pb_text][\/et_pb_column_inner][\/et_pb_row_inner][\/et_pb_column][et_pb_column type=\u00bb1_4&#8243; _builder_version=\u00bb4.16&#8243; custom_padding=\u00bb|||\u00bb global_colors_info=\u00bb{}\u00bb custom_padding__hover=\u00bb|||\u00bb][et_pb_text _builder_version=\u00bb4.24.0&#8243; text_text_color=\u00bb#2f3a8f\u00bb header_text_color=\u00bb#2f3a8f\u00bb animation_style=\u00bbslide\u00bb animation_direction=\u00bbleft\u00bb global_colors_info=\u00bb{}\u00bb]<\/p>\n<h1><strong class=\"blue\">Todas nuestras inmersiones en barco incluyen:<\/strong><\/h1>\n<p>&nbsp;<\/p>\n<p>Gu\u00eda de buceo profesional SSI<br \/>Lastres y cintur\u00f3n de lastre<br \/>Agua potable<br \/>Botellas de 10 o 12 litros (15 litros bajo petici\u00f3n)<br \/>Sesi\u00f3n informativa completa<br \/>Uso de las duchas<br \/>Transporte desde y hasta el puerto de Moraira<\/p>\n<p>[\/et_pb_text][\/et_pb_column][\/et_pb_section][et_pb_section fb_built=\u00bb1&#8243; _builder_version=\u00bb4.16&#8243; background_video_mp4=\u00bbhttps:\/\/scubamoraira.com\/wp-content\/uploads\/22034738.mp4&#8243; global_colors_info=\u00bb{}\u00bb][et_pb_row _builder_version=\u00bb4.16&#8243; global_colors_info=\u00bb{}\u00bb][et_pb_column type=\u00bb4_4&#8243; _builder_version=\u00bb4.16&#8243; custom_padding=\u00bb|||\u00bb global_colors_info=\u00bb{}\u00bb custom_padding__hover=\u00bb|||\u00bb][et_pb_text _builder_version=\u00bb4.24.0&#8243; text_font=\u00bbStardos Stencil||||||||\u00bb text_text_color=\u00bb#2f3a8f\u00bb text_font_size=\u00bb35px\u00bb header_text_align=\u00bbcenter\u00bb header_text_color=\u00bb#2f3a8f\u00bb header_font_size=\u00bb20px\u00bb text_orientation=\u00bbcenter\u00bb global_colors_info=\u00bb{}\u00bb]<\/p>\n<p style=\"text-align: center;\"><strong>\u00a1No se pierda esta incre\u00edble oportunidad!<\/strong><\/p>\n<p>&nbsp;<\/p>\n<h1 style=\"text-align: center;\">Comience su aventura SSI, contin\u00fae su educaci\u00f3n de buceo en visibilidad cristalina<br \/>o simplemente explora la incre\u00edble vida marina por diversi\u00f3n en algunos de los mejores puntos de inmersi\u00f3n del Mediterr\u00e1neo.<\/h1>\n<p>[\/et_pb_text][et_pb_button button_url=\u00bbhttps:\/\/scubamoraira.com\/es\/contact\/\u00bb button_text=\u00bb\u00a1Arranca!\u00bb button_alignment=\u00bbcenter\u00bb _builder_version=\u00bb4.24.0&#8243; custom_button=\u00bbon\u00bb button_text_size=\u00bb18&#8243; button_text_color=\u00bb#ffffff\u00bb button_bg_color=\u00bb#2f3a8f\u00bb button_border_width=\u00bb1&#8243; button_border_color=\u00bb#2f3a8f\u00bb button_icon=\u00bb&#x4e;||divi||400&#8243; button_icon_color=\u00bb#ffffff\u00bb animation_style=\u00bbzoom\u00bb button_text_color_hover=\u00bb#ffffff\u00bb button_border_color_hover=\u00bb#e2242e\u00bb button_bg_color_hover=\u00bb#e2242e\u00bb global_colors_info=\u00bb{}\u00bb button_text_size__hover_enabled=\u00bboff\u00bb button_one_text_size__hover_enabled=\u00bboff\u00bb button_two_text_size__hover_enabled=\u00bboff\u00bb button_text_color__hover_enabled=\u00bbon\u00bb button_text_color__hover=\u00bb#ffffff\u00bb button_one_text_color__hover_enabled=\u00bboff\u00bb button_two_text_color__hover_enabled=\u00bboff\u00bb button_border_width__hover_enabled=\u00bboff\u00bb button_one_border_width__hover_enabled=\u00bboff\u00bb button_two_border_width__hover_enabled=\u00bboff\u00bb button_border_color__hover_enabled=\u00bbon\u00bb button_border_color__hover=\u00bb#e2242e\u00bb button_one_border_color__hover_enabled=\u00bboff\u00bb button_two_border_color__hover_enabled=\u00bboff\u00bb button_border_radius__hover_enabled=\u00bboff\u00bb button_one_border_radius__hover_enabled=\u00bboff\u00bb button_two_border_radius__hover_enabled=\u00bboff\u00bb button_letter_spacing__hover_enabled=\u00bboff\u00bb button_one_letter_spacing__hover_enabled=\u00bboff\u00bb button_two_letter_spacing__hover_enabled=\u00bboff\u00bb button_bg_color__hover_enabled=\u00bbon\u00bb button_bg_color__hover=\u00bb#e2242e\u00bb button_one_bg_color__hover_enabled=\u00bboff\u00bb button_two_bg_color__hover_enabled=\u00bboff\u00bb][\/et_pb_button][\/et_pb_column][\/et_pb_row][\/et_pb_section]<\/p>\n","protected":false},"excerpt":{"rendered":"<p>Buceo &#8211; Excursiones de buceo \u00danase a nosotros en uno de nuestros pr\u00f3ximos viajes de buceo&#8230;\u00bfSue\u00f1a con bucear en el hermoso y c\u00e1lido mar? \u00bfPulpos? \u00bfMorenas? \u00bfLangosta?Entonces reserve su viaje con Scuba Moraira hoy y descubra lo que las legendarias aguas del Mediterr\u00e1neo tienen que ofrecer.En Scuba Moraira tenemos salidas de buceo casi todos los [&hellip;]<\/p>\n","protected":false},"author":3,"featured_media":0,"parent":0,"menu_order":0,"comment_status":"closed","ping_status":"closed","template":"","meta":{"_et_pb_use_builder":"on","_et_pb_old_content":"","_et_gb_content_width":"","footnotes":""},"class_list":["post-175","page","type-page","status-publish","hentry"],"yoast_head":"<!-- This site is optimized with the Yoast SEO plugin v27.3 - https:\/\/yoast.com\/product\/yoast-seo-wordpress\/ -->\n<title>Dive Trips &#8226; Scuba Moraira<\/title>\n<meta name=\"robots\" content=\"index, follow, max-snippet:-1, max-image-preview:large, max-video-preview:-1\" \/>\n<link rel=\"canonical\" href=\"https:\/\/scubamoraira.com\/es\/dive-trips\/\" \/>\n<meta property=\"og:locale\" content=\"es_ES\" \/>\n<meta property=\"og:type\" content=\"article\" \/>\n<meta property=\"og:title\" content=\"Dive Trips &#8226; Scuba Moraira\" \/>\n<meta property=\"og:description\" content=\"Buceo - Excursiones de buceo \u00danase a nosotros en uno de nuestros pr\u00f3ximos viajes de buceo...\u00bfSue\u00f1a con bucear en el hermoso y c\u00e1lido mar? \u00bfPulpos? \u00bfMorenas? \u00bfLangosta?Entonces reserve su viaje con Scuba Moraira hoy y descubra lo que las legendarias aguas del Mediterr\u00e1neo tienen que ofrecer.En Scuba Moraira tenemos salidas de buceo casi todos los [&hellip;]\" \/>\n<meta property=\"og:url\" content=\"https:\/\/scubamoraira.com\/es\/dive-trips\/\" \/>\n<meta property=\"og:site_name\" content=\"Scuba Moraira\" \/>\n<meta property=\"article:modified_time\" content=\"2026-04-04T10:52:06+00:00\" \/>\n<meta name=\"twitter:card\" content=\"summary_large_image\" \/>\n<meta name=\"twitter:label1\" content=\"Tiempo de lectura\" \/>\n\t<meta name=\"twitter:data1\" content=\"3 minutos\" \/>\n<script type=\"application\/ld+json\" class=\"yoast-schema-graph\">{\"@context\":\"https:\\\/\\\/schema.org\",\"@graph\":[{\"@type\":\"WebPage\",\"@id\":\"https:\\\/\\\/scubamoraira.com\\\/es\\\/dive-trips\\\/\",\"url\":\"https:\\\/\\\/scubamoraira.com\\\/es\\\/dive-trips\\\/\",\"name\":\"Dive Trips &#8226; Scuba Moraira\",\"isPartOf\":{\"@id\":\"https:\\\/\\\/scubamoraira.com\\\/es\\\/#website\"},\"datePublished\":\"2018-01-10T09:48:54+00:00\",\"dateModified\":\"2026-04-04T10:52:06+00:00\",\"breadcrumb\":{\"@id\":\"https:\\\/\\\/scubamoraira.com\\\/es\\\/dive-trips\\\/#breadcrumb\"},\"inLanguage\":\"es\",\"potentialAction\":[{\"@type\":\"ReadAction\",\"target\":[\"https:\\\/\\\/scubamoraira.com\\\/es\\\/dive-trips\\\/\"]}]},{\"@type\":\"BreadcrumbList\",\"@id\":\"https:\\\/\\\/scubamoraira.com\\\/es\\\/dive-trips\\\/#breadcrumb\",\"itemListElement\":[{\"@type\":\"ListItem\",\"position\":1,\"name\":\"Portada\",\"item\":\"https:\\\/\\\/scubamoraira.com\\\/es\\\/\"},{\"@type\":\"ListItem\",\"position\":2,\"name\":\"Dive Trips\"}]},{\"@type\":\"WebSite\",\"@id\":\"https:\\\/\\\/scubamoraira.com\\\/es\\\/#website\",\"url\":\"https:\\\/\\\/scubamoraira.com\\\/es\\\/\",\"name\":\"Scuba Moraira\",\"description\":\"\",\"potentialAction\":[{\"@type\":\"SearchAction\",\"target\":{\"@type\":\"EntryPoint\",\"urlTemplate\":\"https:\\\/\\\/scubamoraira.com\\\/es\\\/?s={search_term_string}\"},\"query-input\":{\"@type\":\"PropertyValueSpecification\",\"valueRequired\":true,\"valueName\":\"search_term_string\"}}],\"inLanguage\":\"es\"}]}<\/script>\n<!-- \/ Yoast SEO plugin. -->","yoast_head_json":{"title":"Dive Trips &#8226; Scuba Moraira","robots":{"index":"index","follow":"follow","max-snippet":"max-snippet:-1","max-image-preview":"max-image-preview:large","max-video-preview":"max-video-preview:-1"},"canonical":"https:\/\/scubamoraira.com\/es\/dive-trips\/","og_locale":"es_ES","og_type":"article","og_title":"Dive Trips &#8226; Scuba Moraira","og_description":"Buceo - Excursiones de buceo \u00danase a nosotros en uno de nuestros pr\u00f3ximos viajes de buceo...\u00bfSue\u00f1a con bucear en el hermoso y c\u00e1lido mar? \u00bfPulpos? \u00bfMorenas? \u00bfLangosta?Entonces reserve su viaje con Scuba Moraira hoy y descubra lo que las legendarias aguas del Mediterr\u00e1neo tienen que ofrecer.En Scuba Moraira tenemos salidas de buceo casi todos los [&hellip;]","og_url":"https:\/\/scubamoraira.com\/es\/dive-trips\/","og_site_name":"Scuba Moraira","article_modified_time":"2026-04-04T10:52:06+00:00","twitter_card":"summary_large_image","twitter_misc":{"Tiempo de lectura":"3 minutos"},"schema":{"@context":"https:\/\/schema.org","@graph":[{"@type":"WebPage","@id":"https:\/\/scubamoraira.com\/es\/dive-trips\/","url":"https:\/\/scubamoraira.com\/es\/dive-trips\/","name":"Dive Trips &#8226; Scuba Moraira","isPartOf":{"@id":"https:\/\/scubamoraira.com\/es\/#website"},"datePublished":"2018-01-10T09:48:54+00:00","dateModified":"2026-04-04T10:52:06+00:00","breadcrumb":{"@id":"https:\/\/scubamoraira.com\/es\/dive-trips\/#breadcrumb"},"inLanguage":"es","potentialAction":[{"@type":"ReadAction","target":["https:\/\/scubamoraira.com\/es\/dive-trips\/"]}]},{"@type":"BreadcrumbList","@id":"https:\/\/scubamoraira.com\/es\/dive-trips\/#breadcrumb","itemListElement":[{"@type":"ListItem","position":1,"name":"Portada","item":"https:\/\/scubamoraira.com\/es\/"},{"@type":"ListItem","position":2,"name":"Dive Trips"}]},{"@type":"WebSite","@id":"https:\/\/scubamoraira.com\/es\/#website","url":"https:\/\/scubamoraira.com\/es\/","name":"Scuba Moraira","description":"","potentialAction":[{"@type":"SearchAction","target":{"@type":"EntryPoint","urlTemplate":"https:\/\/scubamoraira.com\/es\/?s={search_term_string}"},"query-input":{"@type":"PropertyValueSpecification","valueRequired":true,"valueName":"search_term_string"}}],"inLanguage":"es"}]}},"_links":{"self":[{"href":"https:\/\/scubamoraira.com\/es\/wp-json\/wp\/v2\/pages\/175","targetHints":{"allow":["GET"]}}],"collection":[{"href":"https:\/\/scubamoraira.com\/es\/wp-json\/wp\/v2\/pages"}],"about":[{"href":"https:\/\/scubamoraira.com\/es\/wp-json\/wp\/v2\/types\/page"}],"author":[{"embeddable":true,"href":"https:\/\/scubamoraira.com\/es\/wp-json\/wp\/v2\/users\/3"}],"replies":[{"embeddable":true,"href":"https:\/\/scubamoraira.com\/es\/wp-json\/wp\/v2\/comments?post=175"}],"version-history":[{"count":11,"href":"https:\/\/scubamoraira.com\/es\/wp-json\/wp\/v2\/pages\/175\/revisions"}],"predecessor-version":[{"id":3043,"href":"https:\/\/scubamoraira.com\/es\/wp-json\/wp\/v2\/pages\/175\/revisions\/3043"}],"wp:attachment":[{"href":"https:\/\/scubamoraira.com\/es\/wp-json\/wp\/v2\/media?parent=175"}],"curies":[{"name":"wp","href":"https:\/\/api.w.org\/{rel}","templated":true}]}}