{"id":466,"date":"2018-03-08T12:50:40","date_gmt":"2018-03-08T12:50:40","guid":{"rendered":"https:\/\/scubamoraira.com\/?page_id=466"},"modified":"2026-03-20T14:11:52","modified_gmt":"2026-03-20T14:11:52","slug":"ssi-open-water-diver-e-learning-course","status":"publish","type":"page","link":"https:\/\/scubamoraira.com\/de\/ssi-open-water-diver-e-learning-course\/","title":{"rendered":"SSI Open Water Diver Course"},"content":{"rendered":"<p>[et_pb_section fb_built=\u00bb1&#8243; fullwidth=\u00bbon\u00bb _builder_version=\u00bb4.16&#8243; background_color=\u00bb#e2242e\u00bb global_colors_info=\u00bb{}\u00bb][et_pb_fullwidth_header title=\u00bbOpen Water Diver Kurs\u00bb _builder_version=\u00bb4.21.0&#8243; title_font=\u00bbStardos Stencil||||||||\u00bb background_color=\u00bbrgba(255, 255, 255, 0)\u00bb animation_style=\u00bbbounce\u00bb title_text_shadow_style=\u00bbpreset1&#8243; title_text_shadow_color=\u00bb#000000&#8243; global_colors_info=\u00bb{}\u00bb button_one_text_size__hover_enabled=\u00bboff\u00bb button_two_text_size__hover_enabled=\u00bboff\u00bb button_one_text_color__hover_enabled=\u00bboff\u00bb button_two_text_color__hover_enabled=\u00bboff\u00bb button_one_border_width__hover_enabled=\u00bboff\u00bb button_two_border_width__hover_enabled=\u00bboff\u00bb button_one_border_color__hover_enabled=\u00bboff\u00bb button_two_border_color__hover_enabled=\u00bboff\u00bb button_one_border_radius__hover_enabled=\u00bboff\u00bb button_two_border_radius__hover_enabled=\u00bboff\u00bb button_one_letter_spacing__hover_enabled=\u00bboff\u00bb button_two_letter_spacing__hover_enabled=\u00bboff\u00bb button_one_bg_color__hover_enabled=\u00bboff\u00bb button_two_bg_color__hover_enabled=\u00bboff\u00bb][\/et_pb_fullwidth_header][\/et_pb_section][et_pb_section fb_built=\u00bb1&#8243; _builder_version=\u00bb4.16&#8243; background_color=\u00bb#f2f2f2&#8243; global_colors_info=\u00bb{}\u00bb][et_pb_row column_structure=\u00bb1_3,1_3,1_3&#8243; _builder_version=\u00bb4.16&#8243; background_size=\u00bbinitial\u00bb background_position=\u00bbtop_left\u00bb background_repeat=\u00bbrepeat\u00bb module_alignment=\u00bbcenter\u00bb custom_padding=\u00bb|0px||||\u00bb global_colors_info=\u00bb{}\u00bb][et_pb_column type=\u00bb1_3&#8243; _builder_version=\u00bb4.16&#8243; _module_preset=\u00bbdefault\u00bb global_colors_info=\u00bb{}\u00bb][et_pb_image src=\u00bbhttps:\/\/scubamoraira.com\/de\/wp-content\/uploads\/Open-Water-Diver.jpg\u00bb title_text=\u00bbOpen Water Diver\u00bb _builder_version=\u00bb4.21.0&#8243; _module_preset=\u00bbdefault\u00bb animation_style=\u00bbbounce\u00bb border_radii=\u00bbon|16px|16px|16px|16px\u00bb box_shadow_style=\u00bbpreset1&#8243; box_shadow_color=\u00bb#000000&#8243; global_colors_info=\u00bb{}\u00bb][\/et_pb_image][\/et_pb_column][et_pb_column type=\u00bb1_3&#8243; _builder_version=\u00bb4.16&#8243; custom_padding=\u00bb|||\u00bb global_colors_info=\u00bb{}\u00bb custom_padding__hover=\u00bb|||\u00bb][et_pb_text _builder_version=\u00bb4.24.0&#8243; header_text_color=\u00bb#2f3a8f\u00bb animation_style=\u00bbzoom\u00bb global_colors_info=\u00bb{}\u00bb]<\/p>\n<h3>Wenn Sie schon immer mal tauchen lernen, neue Abenteuer erleben oder einfach nur die wunderbare Welt unter den Wellen sehen wollten, dann ist dies der richtige Zeitpunkt, um damit zu beginnen. Der Open Water Diver Kurs ist der weltweit beliebteste Tauchkurs und hat Millionen von Menschen in den abenteuerlichen Lebensstil des Tauchens eingef\u00fchrt.<\/h3>\n<p>[\/et_pb_text][\/et_pb_column][et_pb_column type=\u00bb1_3&#8243; _builder_version=\u00bb4.16&#8243; custom_padding=\u00bb|||\u00bb global_colors_info=\u00bb{}\u00bb custom_padding__hover=\u00bb|||\u00bb][et_pb_blurb title=\u00bbVoraussetzungen\u00bb use_icon=\u00bbon\u00bb font_icon=\u00bb&#x52;||divi||400&#8243; icon_color=\u00bb#FFFFFF\u00bb image_icon_width=\u00bb40px\u00bb _builder_version=\u00bb4.24.0&#8243; header_level=\u00bbh2&#8243; header_text_align=\u00bbcenter\u00bb header_text_color=\u00bb#ffffff\u00bb background_color=\u00bb#599ecd\u00bb text_orientation=\u00bbcenter\u00bb background_layout=\u00bbdark\u00bb custom_margin=\u00bb0px||||false|false\u00bb animation_style=\u00bbbounce\u00bb border_radii=\u00bbon|16px|16px|16px|16px\u00bb box_shadow_style=\u00bbpreset1&#8243; box_shadow_color=\u00bb#000000&#8243; icon_font_size=\u00bb40px\u00bb global_colors_info=\u00bb{}\u00bb]<\/p>\n<p style=\"padding-left: 40px;\"><span style=\"color: #ffffff;\">Medizinische Bescheinigung nicht \u00e4lter als 12 Monate<\/span><\/p>\n<p><span style=\"color: #ffffff;\">MINDESTALTER: 12 Jahre<\/span><\/p>\n<p>Um sich f\u00fcr den SSI Open Diver Kurs anzumelden, m\u00fcssen Sie:<br \/><span style=\"color: #ffffff;\">\u2022 15 Jahre oder \u00e4lter sein (12 Jahre f\u00fcr den Junior Open Water).<\/span><\/p>\n<p>[\/et_pb_blurb][\/et_pb_column][\/et_pb_row][\/et_pb_section][et_pb_section fb_built=\u00bb1&#8243; _builder_version=\u00bb4.16&#8243; global_colors_info=\u00bb{}\u00bb][et_pb_row _builder_version=\u00bb4.16&#8243; border_radii=\u00bbon|10px|10px|10px|10px\u00bb border_color_all=\u00bb#f2f2f2&#8243; global_colors_info=\u00bb{}\u00bb][et_pb_column type=\u00bb4_4&#8243; _builder_version=\u00bb4.16&#8243; custom_padding=\u00bb|||\u00bb global_colors_info=\u00bb{}\u00bb custom_padding__hover=\u00bb|||\u00bb][et_pb_tabs active_tab_background_color=\u00bb#2f3a8f\u00bb inactive_tab_background_color=\u00bb#939393&#8243; _builder_version=\u00bb4.27.4&#8243; tab_text_color=\u00bb#2f3a8f\u00bb animation_style=\u00bbzoom\u00bb hover_enabled=\u00bb0&#8243; global_colors_info=\u00bb{}\u00bb sticky_enabled=\u00bb0&#8243;][et_pb_tab title=\u00bbWas bedeutet es?\u00bb _builder_version=\u00bb4.24.0&#8243; body_text_align=\u00bbjustify\u00bb tab_text_color=\u00bb#ffffff\u00bb tab_font_size=\u00bb18&#8243; tab_font_size_tablet=\u00bb18&#8243; tab_font_size_phone=\u00bb18&#8243; global_colors_info=\u00bb{}\u00bb]<\/p>\n<p>Der SSI Open Water Diver Kurs vermittelt den Teil des Wissens, den Sie ben\u00f6tigen. Die verbleibenden F\u00e4higkeiten entwickeln Sie, indem Sie tats\u00e4chlich mit einem SSI Tauchlehrer im Scuba Moraira Dive Centre tauchen.<\/p>\n<p>[\/et_pb_tab][et_pb_tab title=\u00bbWie l\u00e4uft es ab?\u00bb _builder_version=\u00bb4.24.0&#8243; body_text_align=\u00bbjustify\u00bb tab_text_color=\u00bb#ffffff\u00bb tab_font_size=\u00bb18&#8243; tab_font_size_tablet=\u00bb18&#8243; tab_font_size_phone=\u00bb18&#8243; global_colors_info=\u00bb{}\u00bb]<\/p>\n<p>Nach dem Herunterladen der MySSI-App m\u00fcssen Sie sich f\u00fcr den Open Water Course anmelden und erhalten dann das digitale Lernmaterial mit interaktiven Pr\u00e4sentationen, die Videos, Audios, Grafiken und Lekt\u00fcre enthalten. Kurze Quizfragen erm\u00f6glichen es Ihnen, Ihren Fortschritt zu messen und alles zu \u00fcberpr\u00fcfen und zu korrigieren, was Sie vielleicht verpasst haben. So k\u00f6nnen Sie das Programm effizient und in Ihrem eigenen Tempo absolvieren.<\/p>\n<p>[\/et_pb_tab][et_pb_tab title=\u00bbWie k\u00f6nnen Sie jetzt anfangen zu lernen?\u00bb _builder_version=\u00bb4.24.0&#8243; body_text_align=\u00bbjustify\u00bb tab_text_color=\u00bb#ffffff\u00bb tab_font_size=\u00bb18&#8243; tab_font_size_tablet=\u00bb18&#8243; tab_font_size_phone=\u00bb18&#8243; global_colors_info=\u00bb{}\u00bb]<\/p>\n<p>Melden Sie sich f\u00fcr den SSI Open Water Diver Online an und Sie k\u00f6nnen sofort mit dem Lernen beginnen. Der Open Water Diver Online vermittelt Ihnen die Hintergrundinformationen, die Sie ben\u00f6tigen, um sicher zu tauchen, und erm\u00f6glicht es Ihnen, durch ein interaktives computerbasiertes Programm in Ihrem eigenen Tempo zu lernen. Beginnen Sie jetzt!<\/p>\n<p>Kontaktieren Sie das Scuba Moraira Dive Center, um sich f\u00fcr den Online-Kurs anzumelden.<\/p>\n<p>Ihr SSI Tauchlehrer wird mit Ihnen einen Termin vereinbaren, um Ihre Fortschritte zu \u00fcberpr\u00fcfen und sicherzustellen, dass Sie wichtige Informationen zum Tauchen verstehen.<\/p>\n<p>[\/et_pb_tab][et_pb_tab title=\u00bbPreis &#038; Dauer\u00bb _builder_version=\u00bb4.27.4&#8243; body_text_align=\u00bbjustify\u00bb tab_text_color=\u00bb#ffffff\u00bb tab_font_size=\u00bb18&#8243; hover_enabled=\u00bb0&#8243; tab_font_size_tablet=\u00bb18&#8243; tab_font_size_phone=\u00bb18&#8243; global_colors_info=\u00bb{}\u00bb sticky_enabled=\u00bb0&#8243;]<\/p>\n<p>\u20ac475 \/ 3 Tage<\/p>\n<p>[\/et_pb_tab][\/et_pb_tabs][\/et_pb_column][\/et_pb_row][\/et_pb_section][et_pb_section fb_built=\u00bb1&#8243; _builder_version=\u00bb4.16&#8243; background_image=\u00bbhttps:\/\/scubamoraira.com\/wp-content\/uploads\/cta_scuba.jpg\u00bb global_colors_info=\u00bb{}\u00bb][et_pb_row column_structure=\u00bb1_3,2_3&#8243; _builder_version=\u00bb4.16&#8243; background_size=\u00bbinitial\u00bb background_position=\u00bbtop_left\u00bb background_repeat=\u00bbrepeat\u00bb global_colors_info=\u00bb{}\u00bb][et_pb_column type=\u00bb1_3&#8243; _builder_version=\u00bb4.16&#8243; custom_padding=\u00bb|||\u00bb global_colors_info=\u00bb{}\u00bb custom_padding__hover=\u00bb|||\u00bb][\/et_pb_column][et_pb_column type=\u00bb2_3&#8243; _builder_version=\u00bb4.16&#8243; custom_padding=\u00bb|||\u00bb global_colors_info=\u00bb{}\u00bb custom_padding__hover=\u00bb|||\u00bb][et_pb_text _builder_version=\u00bb4.24.0&#8243; text_font_size=\u00bb18px\u00bb header_font=\u00bbHandlee||||||||\u00bb header_font_size=\u00bb35px\u00bb background_layout=\u00bbdark\u00bb animation_style=\u00bbslide\u00bb animation_direction=\u00bbtop\u00bb global_colors_info=\u00bb{}\u00bb]<\/p>\n<h1 class=\"blue\">Ihr n\u00e4chstes Abenteuer!<\/h1>\n<p>Setzen Sie sich mit SCUBA MORAIRA in Verbindung, um die beste Studienoption f\u00fcr Sie zu finden!<\/p>\n<p>[\/et_pb_text][et_pb_button button_url=\u00bbhttps:\/\/scubamoraira.com\/de\/courses\/%20&#8243; button_text=\u00bbMehr Kurse!\u00bb button_alignment=\u00bbleft\u00bb _builder_version=\u00bb4.24.0&#8243; custom_button=\u00bbon\u00bb button_text_size=\u00bb18&#8243; button_text_color=\u00bb#ffffff\u00bb button_bg_color=\u00bb#2f3a8f\u00bb button_border_width=\u00bb1&#8243; button_border_color=\u00bb#2f3a8f\u00bb button_icon=\u00bb&#x4e;||divi||400&#8243; button_icon_color=\u00bb#ffffff\u00bb button_text_color_hover=\u00bb#ffffff\u00bb button_border_color_hover=\u00bb#e2242e\u00bb button_bg_color_hover=\u00bb#e2242e\u00bb global_colors_info=\u00bb{}\u00bb button_text_size__hover_enabled=\u00bboff\u00bb button_one_text_size__hover_enabled=\u00bboff\u00bb button_two_text_size__hover_enabled=\u00bboff\u00bb button_text_color__hover_enabled=\u00bbon\u00bb button_text_color__hover=\u00bb#ffffff\u00bb button_one_text_color__hover_enabled=\u00bboff\u00bb button_two_text_color__hover_enabled=\u00bboff\u00bb button_border_width__hover_enabled=\u00bboff\u00bb button_one_border_width__hover_enabled=\u00bboff\u00bb button_two_border_width__hover_enabled=\u00bboff\u00bb button_border_color__hover_enabled=\u00bbon\u00bb button_border_color__hover=\u00bb#e2242e\u00bb button_one_border_color__hover_enabled=\u00bboff\u00bb button_two_border_color__hover_enabled=\u00bboff\u00bb button_border_radius__hover_enabled=\u00bboff\u00bb button_one_border_radius__hover_enabled=\u00bboff\u00bb button_two_border_radius__hover_enabled=\u00bboff\u00bb button_letter_spacing__hover_enabled=\u00bboff\u00bb button_one_letter_spacing__hover_enabled=\u00bboff\u00bb button_two_letter_spacing__hover_enabled=\u00bboff\u00bb button_bg_color__hover_enabled=\u00bbon\u00bb button_bg_color__hover=\u00bb#e2242e\u00bb button_one_bg_color__hover_enabled=\u00bboff\u00bb button_two_bg_color__hover_enabled=\u00bboff\u00bb][\/et_pb_button][\/et_pb_column][\/et_pb_row][\/et_pb_section]<\/p>\n","protected":false},"excerpt":{"rendered":"<p>Wenn Sie schon immer mal tauchen lernen, neue Abenteuer erleben oder einfach nur die wunderbare Welt unter den Wellen sehen wollten, dann ist dies der richtige Zeitpunkt, um damit zu beginnen. Der Open Water Diver Kurs ist der weltweit beliebteste Tauchkurs und hat Millionen von Menschen in den abenteuerlichen Lebensstil des Tauchens eingef\u00fchrt.Medizinische Bescheinigung nicht [&hellip;]<\/p>\n","protected":false},"author":3,"featured_media":0,"parent":0,"menu_order":0,"comment_status":"closed","ping_status":"closed","template":"","meta":{"_et_pb_use_builder":"on","_et_pb_old_content":"","_et_gb_content_width":"","footnotes":""},"class_list":["post-466","page","type-page","status-publish","hentry"],"yoast_head":"<!-- This site is optimized with the Yoast SEO plugin v27.3 - https:\/\/yoast.com\/product\/yoast-seo-wordpress\/ -->\n<title>SSI Open Water Diver Course &#8226; Scuba Moraira<\/title>\n<meta name=\"robots\" content=\"index, follow, max-snippet:-1, max-image-preview:large, max-video-preview:-1\" \/>\n<link rel=\"canonical\" href=\"https:\/\/scubamoraira.com\/de\/ssi-open-water-diver-e-learning-course\/\" \/>\n<meta property=\"og:locale\" content=\"es_ES\" \/>\n<meta property=\"og:type\" content=\"article\" \/>\n<meta property=\"og:title\" content=\"SSI Open Water Diver Course &#8226; Scuba Moraira\" \/>\n<meta property=\"og:description\" content=\"Wenn Sie schon immer mal tauchen lernen, neue Abenteuer erleben oder einfach nur die wunderbare Welt unter den Wellen sehen wollten, dann ist dies der richtige Zeitpunkt, um damit zu beginnen. Der Open Water Diver Kurs ist der weltweit beliebteste Tauchkurs und hat Millionen von Menschen in den abenteuerlichen Lebensstil des Tauchens eingef\u00fchrt.Medizinische Bescheinigung nicht [&hellip;]\" \/>\n<meta property=\"og:url\" content=\"https:\/\/scubamoraira.com\/de\/ssi-open-water-diver-e-learning-course\/\" \/>\n<meta property=\"og:site_name\" content=\"Scuba Moraira\" \/>\n<meta property=\"article:modified_time\" content=\"2026-03-20T14:11:52+00:00\" \/>\n<meta name=\"twitter:card\" content=\"summary_large_image\" \/>\n<meta name=\"twitter:label1\" content=\"Tiempo de lectura\" \/>\n\t<meta name=\"twitter:data1\" content=\"4 minutos\" \/>\n<script type=\"application\/ld+json\" class=\"yoast-schema-graph\">{\"@context\":\"https:\\\/\\\/schema.org\",\"@graph\":[{\"@type\":\"WebPage\",\"@id\":\"https:\\\/\\\/scubamoraira.com\\\/de\\\/ssi-open-water-diver-e-learning-course\\\/\",\"url\":\"https:\\\/\\\/scubamoraira.com\\\/de\\\/ssi-open-water-diver-e-learning-course\\\/\",\"name\":\"SSI Open Water Diver Course &#8226; Scuba Moraira\",\"isPartOf\":{\"@id\":\"https:\\\/\\\/scubamoraira.com\\\/de\\\/#website\"},\"datePublished\":\"2018-03-08T12:50:40+00:00\",\"dateModified\":\"2026-03-20T14:11:52+00:00\",\"breadcrumb\":{\"@id\":\"https:\\\/\\\/scubamoraira.com\\\/de\\\/ssi-open-water-diver-e-learning-course\\\/#breadcrumb\"},\"inLanguage\":\"es\",\"potentialAction\":[{\"@type\":\"ReadAction\",\"target\":[\"https:\\\/\\\/scubamoraira.com\\\/de\\\/ssi-open-water-diver-e-learning-course\\\/\"]}]},{\"@type\":\"BreadcrumbList\",\"@id\":\"https:\\\/\\\/scubamoraira.com\\\/de\\\/ssi-open-water-diver-e-learning-course\\\/#breadcrumb\",\"itemListElement\":[{\"@type\":\"ListItem\",\"position\":1,\"name\":\"Portada\",\"item\":\"https:\\\/\\\/scubamoraira.com\\\/de\\\/\"},{\"@type\":\"ListItem\",\"position\":2,\"name\":\"SSI Open Water Diver Course\"}]},{\"@type\":\"WebSite\",\"@id\":\"https:\\\/\\\/scubamoraira.com\\\/de\\\/#website\",\"url\":\"https:\\\/\\\/scubamoraira.com\\\/de\\\/\",\"name\":\"Scuba Moraira\",\"description\":\"\",\"potentialAction\":[{\"@type\":\"SearchAction\",\"target\":{\"@type\":\"EntryPoint\",\"urlTemplate\":\"https:\\\/\\\/scubamoraira.com\\\/de\\\/?s={search_term_string}\"},\"query-input\":{\"@type\":\"PropertyValueSpecification\",\"valueRequired\":true,\"valueName\":\"search_term_string\"}}],\"inLanguage\":\"es\"}]}<\/script>\n<!-- \/ Yoast SEO plugin. -->","yoast_head_json":{"title":"SSI Open Water Diver Course &#8226; Scuba Moraira","robots":{"index":"index","follow":"follow","max-snippet":"max-snippet:-1","max-image-preview":"max-image-preview:large","max-video-preview":"max-video-preview:-1"},"canonical":"https:\/\/scubamoraira.com\/de\/ssi-open-water-diver-e-learning-course\/","og_locale":"es_ES","og_type":"article","og_title":"SSI Open Water Diver Course &#8226; Scuba Moraira","og_description":"Wenn Sie schon immer mal tauchen lernen, neue Abenteuer erleben oder einfach nur die wunderbare Welt unter den Wellen sehen wollten, dann ist dies der richtige Zeitpunkt, um damit zu beginnen. Der Open Water Diver Kurs ist der weltweit beliebteste Tauchkurs und hat Millionen von Menschen in den abenteuerlichen Lebensstil des Tauchens eingef\u00fchrt.Medizinische Bescheinigung nicht [&hellip;]","og_url":"https:\/\/scubamoraira.com\/de\/ssi-open-water-diver-e-learning-course\/","og_site_name":"Scuba Moraira","article_modified_time":"2026-03-20T14:11:52+00:00","twitter_card":"summary_large_image","twitter_misc":{"Tiempo de lectura":"4 minutos"},"schema":{"@context":"https:\/\/schema.org","@graph":[{"@type":"WebPage","@id":"https:\/\/scubamoraira.com\/de\/ssi-open-water-diver-e-learning-course\/","url":"https:\/\/scubamoraira.com\/de\/ssi-open-water-diver-e-learning-course\/","name":"SSI Open Water Diver Course &#8226; Scuba Moraira","isPartOf":{"@id":"https:\/\/scubamoraira.com\/de\/#website"},"datePublished":"2018-03-08T12:50:40+00:00","dateModified":"2026-03-20T14:11:52+00:00","breadcrumb":{"@id":"https:\/\/scubamoraira.com\/de\/ssi-open-water-diver-e-learning-course\/#breadcrumb"},"inLanguage":"es","potentialAction":[{"@type":"ReadAction","target":["https:\/\/scubamoraira.com\/de\/ssi-open-water-diver-e-learning-course\/"]}]},{"@type":"BreadcrumbList","@id":"https:\/\/scubamoraira.com\/de\/ssi-open-water-diver-e-learning-course\/#breadcrumb","itemListElement":[{"@type":"ListItem","position":1,"name":"Portada","item":"https:\/\/scubamoraira.com\/de\/"},{"@type":"ListItem","position":2,"name":"SSI Open Water Diver Course"}]},{"@type":"WebSite","@id":"https:\/\/scubamoraira.com\/de\/#website","url":"https:\/\/scubamoraira.com\/de\/","name":"Scuba Moraira","description":"","potentialAction":[{"@type":"SearchAction","target":{"@type":"EntryPoint","urlTemplate":"https:\/\/scubamoraira.com\/de\/?s={search_term_string}"},"query-input":{"@type":"PropertyValueSpecification","valueRequired":true,"valueName":"search_term_string"}}],"inLanguage":"es"}]}},"_links":{"self":[{"href":"https:\/\/scubamoraira.com\/de\/wp-json\/wp\/v2\/pages\/466","targetHints":{"allow":["GET"]}}],"collection":[{"href":"https:\/\/scubamoraira.com\/de\/wp-json\/wp\/v2\/pages"}],"about":[{"href":"https:\/\/scubamoraira.com\/de\/wp-json\/wp\/v2\/types\/page"}],"author":[{"embeddable":true,"href":"https:\/\/scubamoraira.com\/de\/wp-json\/wp\/v2\/users\/3"}],"replies":[{"embeddable":true,"href":"https:\/\/scubamoraira.com\/de\/wp-json\/wp\/v2\/comments?post=466"}],"version-history":[{"count":31,"href":"https:\/\/scubamoraira.com\/de\/wp-json\/wp\/v2\/pages\/466\/revisions"}],"predecessor-version":[{"id":2916,"href":"https:\/\/scubamoraira.com\/de\/wp-json\/wp\/v2\/pages\/466\/revisions\/2916"}],"wp:attachment":[{"href":"https:\/\/scubamoraira.com\/de\/wp-json\/wp\/v2\/media?parent=466"}],"curies":[{"name":"wp","href":"https:\/\/api.w.org\/{rel}","templated":true}]}}