{"id":458,"date":"2018-03-08T12:31:36","date_gmt":"2018-03-08T12:31:36","guid":{"rendered":"https:\/\/scubamoraira.com\/?page_id=458"},"modified":"2026-03-20T14:00:52","modified_gmt":"2026-03-20T14:00:52","slug":"ssi-advanced-adventurer-diver","status":"publish","type":"page","link":"https:\/\/scubamoraira.com\/de\/ssi-advanced-adventurer-diver\/","title":{"rendered":"SSI Advanced Adventurer Diver"},"content":{"rendered":"<p>[et_pb_section fb_built=\u00bb1&#8243; fullwidth=\u00bbon\u00bb _builder_version=\u00bb4.16&#8243; background_color=\u00bb#e2242e\u00bb global_colors_info=\u00bb{}\u00bb][et_pb_fullwidth_header title=\u00bbAdvanced Adventurer Diver \u00bb _builder_version=\u00bb4.21.0&#8243; title_font=\u00bbStardos Stencil|700||on|||||\u00bb background_color=\u00bbrgba(255, 255, 255, 0)\u00bb animation_style=\u00bbbounce\u00bb title_text_shadow_style=\u00bbpreset5&#8243; title_text_shadow_color=\u00bb#000000&#8243; text_shadow_style=\u00bbpreset4&#8243; global_colors_info=\u00bb{}\u00bb button_one_text_size__hover_enabled=\u00bboff\u00bb button_two_text_size__hover_enabled=\u00bboff\u00bb button_one_text_color__hover_enabled=\u00bboff\u00bb button_two_text_color__hover_enabled=\u00bboff\u00bb button_one_border_width__hover_enabled=\u00bboff\u00bb button_two_border_width__hover_enabled=\u00bboff\u00bb button_one_border_color__hover_enabled=\u00bboff\u00bb button_two_border_color__hover_enabled=\u00bboff\u00bb button_one_border_radius__hover_enabled=\u00bboff\u00bb button_two_border_radius__hover_enabled=\u00bboff\u00bb button_one_letter_spacing__hover_enabled=\u00bboff\u00bb button_two_letter_spacing__hover_enabled=\u00bboff\u00bb button_one_bg_color__hover_enabled=\u00bboff\u00bb button_two_bg_color__hover_enabled=\u00bboff\u00bb][\/et_pb_fullwidth_header][\/et_pb_section][et_pb_section fb_built=\u00bb1&#8243; _builder_version=\u00bb4.16&#8243; background_color=\u00bb#f2f2f2&#8243; global_colors_info=\u00bb{}\u00bb][et_pb_row _builder_version=\u00bb4.21.0&#8243; _module_preset=\u00bbdefault\u00bb animation_style=\u00bbslide\u00bb global_colors_info=\u00bb{}\u00bb][et_pb_column type=\u00bb4_4&#8243; _builder_version=\u00bb4.16&#8243; _module_preset=\u00bbdefault\u00bb global_colors_info=\u00bb{}\u00bb][et_pb_image src=\u00bbhttps:\/\/scubamoraira.com\/de\/wp-content\/uploads\/Advanced-Adventurer-e1622892011906.jpg\u00bb title_text=\u00bbAdvanced Adventurer\u00bb _builder_version=\u00bb4.21.0&#8243; _module_preset=\u00bbdefault\u00bb animation_style=\u00bbbounce\u00bb border_radii=\u00bbon|16px|16px|16px|16px\u00bb box_shadow_style=\u00bbpreset1&#8243; box_shadow_color=\u00bb#000000&#8243; global_colors_info=\u00bb{}\u00bb][\/et_pb_image][et_pb_text _builder_version=\u00bb4.24.0&#8243; text_font=\u00bbStardos Stencil||||||||\u00bb header_font=\u00bb||||||||\u00bb header_text_color=\u00bb#2f3a8f\u00bb header_font_size=\u00bb20px\u00bb animation_style=\u00bbbounce\u00bb global_colors_info=\u00bb{}\u00bb]<\/p>\n<h3>Erforschen Sie weiter die Ozeane, verl\u00e4ngern Sie Ihre Tauchzeiten, reduzieren Sie Ihren Luftverbrauch und vieles mehr mit dem SSI Advanced Adventurer Programm. Probieren Sie 5 verschiedene Tauchspezialisierungen aus, ohne sich f\u00fcr ein komplettes Tauchprogramm zu verpflichten und entdecken Sie das Tauchen, das Sie lieben. Dies ist der beste Weg, um Ihre Ausbildung fortzusetzen und ein selbstbewusster, sicherer und komfortabler fortgeschrittener Taucher zu werden.<\/h3>\n<h3>Mit diesem Programm k\u00f6nnen Sie eine Vielzahl von Spezialisierungen ausprobieren, bevor Sie sich zu einem vollst\u00e4ndigen Spezialisierungsprogramm verpflichten. Es ist eine gro\u00dfartige M\u00f6glichkeit zu erfahren, worum es bei der Ausbildung zum fortgeschrittenen Taucher geht und wie wertvoll sie f\u00fcr deine Tauchabenteuer sein kann.<\/h3>\n<div class=\"text\">\n<h3>W\u00e4hrend des Advanced Adventurer Programms werden Sie 5 verschiedene\u00a0Spezialisierungen ausprobieren. Nach einem ausf\u00fchrlichen Briefing mit Ihrem SSI Tauchlehrer werden Sie pro Spezialgebiet einen Tauchgang im Freiwasser absolvieren.<\/h3>\n<h3>Mit diesem Schnuppertauchprogramm in einem Spezialgebiet haben Sie v\u00f6llige Freiheit, dieses zu erkunden. Sie k\u00f6nnen die vollst\u00e4ndigen Specialty-Programme jederzeit in der Zukunft absolvieren und Ihre Advanced Adventurer-Ausbildung darauf anrechnen lassen.<\/h3>\n<\/div>\n<h3>Sie verfeinern Ihre F\u00e4higkeiten durch f\u00fcnf Abenteuertauchg\u00e4nge, die Sie in folgende Bereiche einf\u00fchren:<br \/>\u2022 Unterwasser Navigation<br \/>\u2022 Tieftauchen (\u00fcblicherweise zwischen 18 und 30 Meter)<br \/>\u2022 Eine Einf\u00fchrung in drei weitere Abenteuertauchg\u00e4nge Ihrer Wahl<\/h3>\n<p>[\/et_pb_text][et_pb_blurb title=\u00bbVoraussetzungen\u00bb use_icon=\u00bbon\u00bb font_icon=\u00bb&#x52;||divi||400&#8243; icon_color=\u00bb#FFFFFF\u00bb image_icon_width=\u00bb40px\u00bb _builder_version=\u00bb4.24.0&#8243; header_level=\u00bbh2&#8243; header_text_align=\u00bbcenter\u00bb header_text_color=\u00bb#ffffff\u00bb background_color=\u00bb#599ecd\u00bb background_layout=\u00bbdark\u00bb animation_style=\u00bbbounce\u00bb border_radii=\u00bbon|16px|16px|16px|16px\u00bb box_shadow_style=\u00bbpreset1&#8243; box_shadow_color=\u00bb#000000&#8243; icon_font_size=\u00bb40px\u00bb global_colors_info=\u00bb{}\u00bb]<\/p>\n<p>&nbsp;<\/p>\n<p style=\"padding-left: 80px;\">Medizinische Bescheinigung nicht \u00e4lter als 12 Monate<\/p>\n<p style=\"padding-left: 80px;\">MINDESTALTER: 12 Jahre<\/p>\n<p style=\"padding-left: 80px;\">Um diesen Kurs zu buchen m\u00fcssen sie:<br \/>\u2022 SSI Open Water Diver sein (oder eine gleichwertige Zertifizierung einer anderen, anerkannten Tauchvereinigung besitzen)<br \/>\u2022 15 Jahre alt sein (12 Jahre f\u00fcr den Junior Advanced Adventurer)<\/p>\n<p>&nbsp;<\/p>\n<p>&nbsp;<\/p>\n<p>[\/et_pb_blurb][\/et_pb_column][\/et_pb_row][\/et_pb_section][et_pb_section fb_built=\u00bb1&#8243; _builder_version=\u00bb4.16&#8243; background_color=\u00bbRGBA(0,0,0,0)\u00bb background_enable_image=\u00bboff\u00bb background_size=\u00bbcontain\u00bb global_colors_info=\u00bb{}\u00bb][et_pb_row _builder_version=\u00bb4.16&#8243; _module_preset=\u00bbdefault\u00bb background_color=\u00bbRGBA(0,0,0,0)\u00bb global_colors_info=\u00bb{}\u00bb][et_pb_column type=\u00bb4_4&#8243; _builder_version=\u00bb4.16&#8243; _module_preset=\u00bbdefault\u00bb global_colors_info=\u00bb{}\u00bb][et_pb_tabs active_tab_background_color=\u00bb#2f3a8f\u00bb inactive_tab_background_color=\u00bb#939393&#8243; _builder_version=\u00bb4.27.4&#8243; tab_text_color=\u00bb#2f3a8f\u00bb animation_style=\u00bbbounce\u00bb hover_enabled=\u00bb0&#8243; global_colors_info=\u00bb{}\u00bb sticky_enabled=\u00bb0&#8243;][et_pb_tab title=\u00bbDer spassige Teil: Ihre Wahl\u00bb _builder_version=\u00bb4.24.0&#8243; body_font=\u00bbStardos Stencil||||||||\u00bb body_text_align=\u00bbjustify\u00bb tab_font=\u00bbStardos Stencil||||||||\u00bb tab_text_color=\u00bb#ffffff\u00bb tab_font_size=\u00bb18&#8243; tab_font_size_tablet=\u00bb18&#8243; tab_font_size_phone=\u00bb18&#8243; global_colors_info=\u00bb{}\u00bb]<\/p>\n<p><span style=\"color: #333333;\"><span style=\"font-family: 'Gill Sans MT', sans-serif;\"><span style=\"font-size: medium;\">Ein Grund, warum Sie den SSI Advanced Adventurer Kurs lieben werden, ist, dass Sie und Ihr Tauchlehrer aus 15 Arten von Abenteuertauchg\u00e4ngen w\u00e4hlen k\u00f6nnen, um Ihren Kurs abzuschlie\u00dfen. Sie k\u00f6nnen sich in digitaler Unterwasserfotografie, Nachttauchen, Suchen und Bergen und vielem mehr versuchen.<\/span><\/span><\/span><\/p>\n<p>[\/et_pb_tab][et_pb_tab title=\u00bbWas Sie lernen\u00bb _builder_version=\u00bb4.24.0&#8243; body_text_align=\u00bbjustify\u00bb tab_text_color=\u00bb#ffffff\u00bb tab_font_size=\u00bb18&#8243; tab_font_size_tablet=\u00bb18&#8243; tab_font_size_phone=\u00bb18&#8243; global_colors_info=\u00bb{}\u00bb]<\/p>\n<p>Das Wissen und die F\u00e4higkeiten, die Sie im SSI Advanced Adventurer Diver Kurs erlangen, variieren je nach Interesse und den Abenteuern, die Sie erleben, aber sie beinhalten:<br \/>\u2022 Praktischer Aspekt des Tieftauchens<br \/>\u2022 Physiologische Auswirkungen beim Tieftauchen<br \/>\u2022 Verschiedene Methoden den Unterwasseerkompass zu nutzen<br \/>\u2022 Wie man mit Hilfe von Kick-Cycles, visuellen Orientierungspunkten und Zeit navigiert<br \/>\u2022 Wie man seinen Tauchcomputer besser nutze<br \/>\u2022 Und noch viel, viel mehr, je nachdem, welche Abenteuertauchg\u00e4nge Sie w\u00e4hlen<\/p>\n<p>[\/et_pb_tab][et_pb_tab title=\u00bbDie von Ihnen verwendete Tauchausr\u00fcstung\u00bb _builder_version=\u00bb4.24.0&#8243; body_text_align=\u00bbjustify\u00bb tab_text_color=\u00bb#ffffff\u00bb tab_font_size=\u00bb18&#8243; tab_font_size_tablet=\u00bb18&#8243; tab_font_size_phone=\u00bb18&#8243; global_colors_info=\u00bb{}\u00bb]<\/p>\n<p>Sie verwenden die gesamte grundlegende Tauchausr\u00fcstung, einschlie\u00dflich Ihres Unterwasserkompasses. Je nachdem, welche drei Abenteuertauchg\u00e4nge Sie w\u00e4hlen, werden Sie auch in die Unterwasserfotografie-Ausr\u00fcstung, eine Tauchlampe, Hebekissen, eine Tauchflagge\/Schwimmk\u00f6rper oder andere Spezialausr\u00fcstung eingef\u00fchrt.<\/p>\n<p>[\/et_pb_tab][et_pb_tab title=\u00bbDie ben\u00f6tigten Lernmaterialien\u00bb _builder_version=\u00bb4.24.0&#8243; body_text_align=\u00bbjustify\u00bb tab_text_color=\u00bb#ffffff\u00bb tab_font_size=\u00bb18&#8243; tab_font_size_tablet=\u00bb18&#8243; tab_font_size_phone=\u00bb18&#8243; global_colors_info=\u00bb{}\u00bb]<\/p>\n<p>Sie erhalten Ihr Lernmaterial \u00fcber SCUBA MORAIRA. Das aktuelle Online-Lernmaterial ist leicht zug\u00e4nglich und dient als Leitfaden zur Verbesserung Ihrer Tauchfertigkeiten und zur Vorbereitung auf neue Erfahrungen und Abenteuer.<br \/>Wenden Sie sich an SCUBA MORAIRA, um Ihr gesamtes Lernmaterial und Ihre Ausr\u00fcstung zu erhalten.<\/p>\n<p>[\/et_pb_tab][et_pb_tab title=\u00bbPreis &#038; Dauer\u00bb _builder_version=\u00bb4.27.4&#8243; body_text_align=\u00bbjustify\u00bb tab_text_color=\u00bb#ffffff\u00bb tab_font_size=\u00bb18&#8243; hover_enabled=\u00bb0&#8243; tab_font_size_tablet=\u00bb18&#8243; tab_font_size_phone=\u00bb18&#8243; global_colors_info=\u00bb{}\u00bb sticky_enabled=\u00bb0&#8243;]<\/p>\n<p><strong>\u20ac495 \/ 3 bis 5 Tage<\/strong><\/p>\n<p>[\/et_pb_tab][\/et_pb_tabs][\/et_pb_column][\/et_pb_row][\/et_pb_section][et_pb_section fb_built=\u00bb1&#8243; _builder_version=\u00bb4.21.0&#8243; background_image=\u00bbhttps:\/\/scubamoraira.com\/wp-content\/uploads\/cta_scuba.jpg\u00bb animation_style=\u00bbbounce\u00bb global_colors_info=\u00bb{}\u00bb][et_pb_row column_structure=\u00bb1_3,2_3&#8243; _builder_version=\u00bb4.16&#8243; background_size=\u00bbinitial\u00bb background_position=\u00bbtop_left\u00bb background_repeat=\u00bbrepeat\u00bb global_colors_info=\u00bb{}\u00bb][et_pb_column type=\u00bb1_3&#8243; _builder_version=\u00bb4.16&#8243; custom_padding=\u00bb|||\u00bb global_colors_info=\u00bb{}\u00bb custom_padding__hover=\u00bb|||\u00bb][\/et_pb_column][et_pb_column type=\u00bb2_3&#8243; _builder_version=\u00bb4.16&#8243; custom_padding=\u00bb|||\u00bb global_colors_info=\u00bb{}\u00bb custom_padding__hover=\u00bb|||\u00bb][et_pb_text _builder_version=\u00bb4.24.0&#8243; text_font_size=\u00bb18px\u00bb header_font=\u00bbStardos Stencil||||||||\u00bb header_font_size=\u00bb35px\u00bb background_layout=\u00bbdark\u00bb animation_style=\u00bbslide\u00bb animation_direction=\u00bbtop\u00bb global_colors_info=\u00bb{}\u00bb]<\/p>\n<h1 class=\"blue\">Ihr n\u00e4chstes Abenteuer!<\/h1>\n<p>Nachdem Sie ein Spezialgebiet im Advanced Adventurer Diver Kurs ausprobiert haben, werden Sie wahrscheinlich den Specialty Kurs machen wollen, um mehr zu lernen.<br \/>Weitere Informationen zu diesem oder anderen SSI-Kursen erhalten Sie in einem Gespr\u00e4ch mit einem Mitglied des SCUBA MORAIRA Teams.<\/p>\n<p>[\/et_pb_text][et_pb_button button_url=\u00bbhttps:\/\/scubamoraira.com\/de\/courses\/%20&#8243; button_text=\u00bbMehr Kurse!\u00bb button_alignment=\u00bbleft\u00bb _builder_version=\u00bb4.24.0&#8243; custom_button=\u00bbon\u00bb button_text_size=\u00bb18&#8243; button_text_color=\u00bb#ffffff\u00bb button_bg_color=\u00bb#2f3a8f\u00bb button_border_width=\u00bb1&#8243; button_border_color=\u00bb#2f3a8f\u00bb button_icon=\u00bb&#x4e;||divi||400&#8243; button_icon_color=\u00bb#ffffff\u00bb button_text_color_hover=\u00bb#ffffff\u00bb button_border_color_hover=\u00bb#e2242e\u00bb button_bg_color_hover=\u00bb#e2242e\u00bb global_colors_info=\u00bb{}\u00bb button_text_size__hover_enabled=\u00bboff\u00bb button_one_text_size__hover_enabled=\u00bboff\u00bb button_two_text_size__hover_enabled=\u00bboff\u00bb button_text_color__hover_enabled=\u00bbon\u00bb button_text_color__hover=\u00bb#ffffff\u00bb button_one_text_color__hover_enabled=\u00bboff\u00bb button_two_text_color__hover_enabled=\u00bboff\u00bb button_border_width__hover_enabled=\u00bboff\u00bb button_one_border_width__hover_enabled=\u00bboff\u00bb button_two_border_width__hover_enabled=\u00bboff\u00bb button_border_color__hover_enabled=\u00bbon\u00bb button_border_color__hover=\u00bb#e2242e\u00bb button_one_border_color__hover_enabled=\u00bboff\u00bb button_two_border_color__hover_enabled=\u00bboff\u00bb button_border_radius__hover_enabled=\u00bboff\u00bb button_one_border_radius__hover_enabled=\u00bboff\u00bb button_two_border_radius__hover_enabled=\u00bboff\u00bb button_letter_spacing__hover_enabled=\u00bboff\u00bb button_one_letter_spacing__hover_enabled=\u00bboff\u00bb button_two_letter_spacing__hover_enabled=\u00bboff\u00bb button_bg_color__hover_enabled=\u00bbon\u00bb button_bg_color__hover=\u00bb#e2242e\u00bb button_one_bg_color__hover_enabled=\u00bboff\u00bb button_two_bg_color__hover_enabled=\u00bboff\u00bb][\/et_pb_button][\/et_pb_column][\/et_pb_row][\/et_pb_section]<\/p>\n","protected":false},"excerpt":{"rendered":"<p>Erforschen Sie weiter die Ozeane, verl\u00e4ngern Sie Ihre Tauchzeiten, reduzieren Sie Ihren Luftverbrauch und vieles mehr mit dem SSI Advanced Adventurer Programm. Probieren Sie 5 verschiedene Tauchspezialisierungen aus, ohne sich f\u00fcr ein komplettes Tauchprogramm zu verpflichten und entdecken Sie das Tauchen, das Sie lieben. Dies ist der beste Weg, um Ihre Ausbildung fortzusetzen und ein [&hellip;]<\/p>\n","protected":false},"author":3,"featured_media":0,"parent":0,"menu_order":0,"comment_status":"closed","ping_status":"closed","template":"","meta":{"_et_pb_use_builder":"on","_et_pb_old_content":"","_et_gb_content_width":"","footnotes":""},"class_list":["post-458","page","type-page","status-publish","hentry"],"yoast_head":"<!-- This site is optimized with the Yoast SEO plugin v27.3 - https:\/\/yoast.com\/product\/yoast-seo-wordpress\/ -->\n<title>SSI Advanced Adventurer Diver &#8226; Scuba Moraira<\/title>\n<meta name=\"robots\" content=\"index, follow, max-snippet:-1, max-image-preview:large, max-video-preview:-1\" \/>\n<link rel=\"canonical\" href=\"https:\/\/scubamoraira.com\/de\/ssi-advanced-adventurer-diver\/\" \/>\n<meta property=\"og:locale\" content=\"es_ES\" \/>\n<meta property=\"og:type\" content=\"article\" \/>\n<meta property=\"og:title\" content=\"SSI Advanced Adventurer Diver &#8226; Scuba Moraira\" \/>\n<meta property=\"og:description\" content=\"Erforschen Sie weiter die Ozeane, verl\u00e4ngern Sie Ihre Tauchzeiten, reduzieren Sie Ihren Luftverbrauch und vieles mehr mit dem SSI Advanced Adventurer Programm. Probieren Sie 5 verschiedene Tauchspezialisierungen aus, ohne sich f\u00fcr ein komplettes Tauchprogramm zu verpflichten und entdecken Sie das Tauchen, das Sie lieben. Dies ist der beste Weg, um Ihre Ausbildung fortzusetzen und ein [&hellip;]\" \/>\n<meta property=\"og:url\" content=\"https:\/\/scubamoraira.com\/de\/ssi-advanced-adventurer-diver\/\" \/>\n<meta property=\"og:site_name\" content=\"Scuba Moraira\" \/>\n<meta property=\"article:modified_time\" content=\"2026-03-20T14:00:52+00:00\" \/>\n<meta name=\"twitter:card\" content=\"summary_large_image\" \/>\n<meta name=\"twitter:label1\" content=\"Tiempo de lectura\" \/>\n\t<meta name=\"twitter:data1\" content=\"3 minutos\" \/>\n<script type=\"application\/ld+json\" class=\"yoast-schema-graph\">{\"@context\":\"https:\\\/\\\/schema.org\",\"@graph\":[{\"@type\":\"WebPage\",\"@id\":\"https:\\\/\\\/scubamoraira.com\\\/de\\\/ssi-advanced-adventurer-diver\\\/\",\"url\":\"https:\\\/\\\/scubamoraira.com\\\/de\\\/ssi-advanced-adventurer-diver\\\/\",\"name\":\"SSI Advanced Adventurer Diver &#8226; Scuba Moraira\",\"isPartOf\":{\"@id\":\"https:\\\/\\\/scubamoraira.com\\\/de\\\/#website\"},\"datePublished\":\"2018-03-08T12:31:36+00:00\",\"dateModified\":\"2026-03-20T14:00:52+00:00\",\"breadcrumb\":{\"@id\":\"https:\\\/\\\/scubamoraira.com\\\/de\\\/ssi-advanced-adventurer-diver\\\/#breadcrumb\"},\"inLanguage\":\"es\",\"potentialAction\":[{\"@type\":\"ReadAction\",\"target\":[\"https:\\\/\\\/scubamoraira.com\\\/de\\\/ssi-advanced-adventurer-diver\\\/\"]}]},{\"@type\":\"BreadcrumbList\",\"@id\":\"https:\\\/\\\/scubamoraira.com\\\/de\\\/ssi-advanced-adventurer-diver\\\/#breadcrumb\",\"itemListElement\":[{\"@type\":\"ListItem\",\"position\":1,\"name\":\"Portada\",\"item\":\"https:\\\/\\\/scubamoraira.com\\\/de\\\/\"},{\"@type\":\"ListItem\",\"position\":2,\"name\":\"SSI Advanced Adventurer Diver\"}]},{\"@type\":\"WebSite\",\"@id\":\"https:\\\/\\\/scubamoraira.com\\\/de\\\/#website\",\"url\":\"https:\\\/\\\/scubamoraira.com\\\/de\\\/\",\"name\":\"Scuba Moraira\",\"description\":\"\",\"potentialAction\":[{\"@type\":\"SearchAction\",\"target\":{\"@type\":\"EntryPoint\",\"urlTemplate\":\"https:\\\/\\\/scubamoraira.com\\\/de\\\/?s={search_term_string}\"},\"query-input\":{\"@type\":\"PropertyValueSpecification\",\"valueRequired\":true,\"valueName\":\"search_term_string\"}}],\"inLanguage\":\"es\"}]}<\/script>\n<!-- \/ Yoast SEO plugin. -->","yoast_head_json":{"title":"SSI Advanced Adventurer Diver &#8226; Scuba Moraira","robots":{"index":"index","follow":"follow","max-snippet":"max-snippet:-1","max-image-preview":"max-image-preview:large","max-video-preview":"max-video-preview:-1"},"canonical":"https:\/\/scubamoraira.com\/de\/ssi-advanced-adventurer-diver\/","og_locale":"es_ES","og_type":"article","og_title":"SSI Advanced Adventurer Diver &#8226; Scuba Moraira","og_description":"Erforschen Sie weiter die Ozeane, verl\u00e4ngern Sie Ihre Tauchzeiten, reduzieren Sie Ihren Luftverbrauch und vieles mehr mit dem SSI Advanced Adventurer Programm. Probieren Sie 5 verschiedene Tauchspezialisierungen aus, ohne sich f\u00fcr ein komplettes Tauchprogramm zu verpflichten und entdecken Sie das Tauchen, das Sie lieben. Dies ist der beste Weg, um Ihre Ausbildung fortzusetzen und ein [&hellip;]","og_url":"https:\/\/scubamoraira.com\/de\/ssi-advanced-adventurer-diver\/","og_site_name":"Scuba Moraira","article_modified_time":"2026-03-20T14:00:52+00:00","twitter_card":"summary_large_image","twitter_misc":{"Tiempo de lectura":"3 minutos"},"schema":{"@context":"https:\/\/schema.org","@graph":[{"@type":"WebPage","@id":"https:\/\/scubamoraira.com\/de\/ssi-advanced-adventurer-diver\/","url":"https:\/\/scubamoraira.com\/de\/ssi-advanced-adventurer-diver\/","name":"SSI Advanced Adventurer Diver &#8226; Scuba Moraira","isPartOf":{"@id":"https:\/\/scubamoraira.com\/de\/#website"},"datePublished":"2018-03-08T12:31:36+00:00","dateModified":"2026-03-20T14:00:52+00:00","breadcrumb":{"@id":"https:\/\/scubamoraira.com\/de\/ssi-advanced-adventurer-diver\/#breadcrumb"},"inLanguage":"es","potentialAction":[{"@type":"ReadAction","target":["https:\/\/scubamoraira.com\/de\/ssi-advanced-adventurer-diver\/"]}]},{"@type":"BreadcrumbList","@id":"https:\/\/scubamoraira.com\/de\/ssi-advanced-adventurer-diver\/#breadcrumb","itemListElement":[{"@type":"ListItem","position":1,"name":"Portada","item":"https:\/\/scubamoraira.com\/de\/"},{"@type":"ListItem","position":2,"name":"SSI Advanced Adventurer Diver"}]},{"@type":"WebSite","@id":"https:\/\/scubamoraira.com\/de\/#website","url":"https:\/\/scubamoraira.com\/de\/","name":"Scuba Moraira","description":"","potentialAction":[{"@type":"SearchAction","target":{"@type":"EntryPoint","urlTemplate":"https:\/\/scubamoraira.com\/de\/?s={search_term_string}"},"query-input":{"@type":"PropertyValueSpecification","valueRequired":true,"valueName":"search_term_string"}}],"inLanguage":"es"}]}},"_links":{"self":[{"href":"https:\/\/scubamoraira.com\/de\/wp-json\/wp\/v2\/pages\/458","targetHints":{"allow":["GET"]}}],"collection":[{"href":"https:\/\/scubamoraira.com\/de\/wp-json\/wp\/v2\/pages"}],"about":[{"href":"https:\/\/scubamoraira.com\/de\/wp-json\/wp\/v2\/types\/page"}],"author":[{"embeddable":true,"href":"https:\/\/scubamoraira.com\/de\/wp-json\/wp\/v2\/users\/3"}],"replies":[{"embeddable":true,"href":"https:\/\/scubamoraira.com\/de\/wp-json\/wp\/v2\/comments?post=458"}],"version-history":[{"count":49,"href":"https:\/\/scubamoraira.com\/de\/wp-json\/wp\/v2\/pages\/458\/revisions"}],"predecessor-version":[{"id":2893,"href":"https:\/\/scubamoraira.com\/de\/wp-json\/wp\/v2\/pages\/458\/revisions\/2893"}],"wp:attachment":[{"href":"https:\/\/scubamoraira.com\/de\/wp-json\/wp\/v2\/media?parent=458"}],"curies":[{"name":"wp","href":"https:\/\/api.w.org\/{rel}","templated":true}]}}