{"id":455,"date":"2018-03-08T12:22:20","date_gmt":"2018-03-08T12:22:20","guid":{"rendered":"https:\/\/scubamoraira.com\/?page_id=455"},"modified":"2026-03-20T14:12:43","modified_gmt":"2026-03-20T14:12:43","slug":"padi-peak-performance-buoyancy-speciality-course","status":"publish","type":"page","link":"https:\/\/scubamoraira.com\/de\/padi-peak-performance-buoyancy-speciality-course\/","title":{"rendered":"SSI Perfect Buoyancy Speciality Course"},"content":{"rendered":"<p>[et_pb_section fb_built=\u00bb1&#8243; fullwidth=\u00bbon\u00bb _builder_version=\u00bb4.16&#8243; background_color=\u00bb#e2242e\u00bb animation_style=\u00bbslide\u00bb global_colors_info=\u00bb{}\u00bb][et_pb_fullwidth_header title=\u00bbSSI Perfect Buoyancy Kurs\u00bb _builder_version=\u00bb4.21.0&#8243; title_font=\u00bbStardos Stencil||||||||\u00bb background_color=\u00bbrgba(255, 255, 255, 0)\u00bb animation_style=\u00bbbounce\u00bb title_text_shadow_style=\u00bbpreset1&#8243; title_text_shadow_color=\u00bb#000000&#8243; global_colors_info=\u00bb{}\u00bb button_one_text_size__hover_enabled=\u00bboff\u00bb button_two_text_size__hover_enabled=\u00bboff\u00bb button_one_text_color__hover_enabled=\u00bboff\u00bb button_two_text_color__hover_enabled=\u00bboff\u00bb button_one_border_width__hover_enabled=\u00bboff\u00bb button_two_border_width__hover_enabled=\u00bboff\u00bb button_one_border_color__hover_enabled=\u00bboff\u00bb button_two_border_color__hover_enabled=\u00bboff\u00bb button_one_border_radius__hover_enabled=\u00bboff\u00bb button_two_border_radius__hover_enabled=\u00bboff\u00bb button_one_letter_spacing__hover_enabled=\u00bboff\u00bb button_two_letter_spacing__hover_enabled=\u00bboff\u00bb button_one_bg_color__hover_enabled=\u00bboff\u00bb button_two_bg_color__hover_enabled=\u00bboff\u00bb][\/et_pb_fullwidth_header][\/et_pb_section][et_pb_section fb_built=\u00bb1&#8243; _builder_version=\u00bb4.16&#8243; background_color=\u00bb#f2f2f2&#8243; animation_style=\u00bbslide\u00bb global_colors_info=\u00bb{}\u00bb][et_pb_row column_structure=\u00bb1_2,1_2&#8243; _builder_version=\u00bb4.16&#8243; background_size=\u00bbinitial\u00bb background_position=\u00bbtop_left\u00bb background_repeat=\u00bbrepeat\u00bb global_colors_info=\u00bb{}\u00bb][et_pb_column type=\u00bb1_2&#8243; _builder_version=\u00bb4.16&#8243; _module_preset=\u00bbdefault\u00bb global_colors_info=\u00bb{}\u00bb][et_pb_image src=\u00bbhttps:\/\/scubamoraira.com\/de\/wp-content\/uploads\/Presentation-Perfect-Buoyancy.jpg\u00bb title_text=\u00bbPresentation-Perfect Buoyancy\u00bb _builder_version=\u00bb4.21.0&#8243; _module_preset=\u00bbdefault\u00bb animation_style=\u00bbbounce\u00bb border_radii=\u00bbon|16px|16px|16px|16px\u00bb box_shadow_style=\u00bbpreset1&#8243; box_shadow_color=\u00bb#000000&#8243; global_colors_info=\u00bb{}\u00bb][\/et_pb_image][\/et_pb_column][et_pb_column type=\u00bb1_2&#8243; _builder_version=\u00bb4.16&#8243; custom_padding=\u00bb|||\u00bb global_colors_info=\u00bb{}\u00bb custom_padding__hover=\u00bb|||\u00bb][et_pb_text _builder_version=\u00bb4.24.0&#8243; header_text_color=\u00bb#2f3a8f\u00bb animation_style=\u00bbzoom\u00bb global_colors_info=\u00bb{}\u00bb]<\/p>\n<h3>Was ist neutraler Auftrieb? Taucher m\u00f6chten einen neutralen Auftrieb haben, also weder sinken noch aufschweben. Das kann eine knifflige Sache sein. Taucher, die die h\u00f6chsten Leistungsstufen der Tarierung beherrschen, zeichnen sich aus. Du hast sie schon unter Wasser gesehen. Sie gleiten m\u00fchelos, verbrauchen weniger Luft und steigen auf, sinken ab oder schweben, fast wie von Geisterhand. Sie interagieren sanft mit dem Wasserleben und beeintr\u00e4chtigen ihre Umgebung nur minimal. Der Perfect Buoyancy-Kurs ist sehr empfehlenswert, da er die Grundfertigkeiten, die du als Open Water Diver gelernt hast, verfeinert und auf die n\u00e4chste Stufe hebt.<\/h3>\n<p>[\/et_pb_text][\/et_pb_column][\/et_pb_row][\/et_pb_section][et_pb_section fb_built=\u00bb1&#8243; _builder_version=\u00bb4.16&#8243; animation_style=\u00bbslide\u00bb global_colors_info=\u00bb{}\u00bb][et_pb_row column_structure=\u00bb3_4,1_4&#8243; _builder_version=\u00bb4.16&#8243; border_radii=\u00bbon|10px|10px|10px|10px\u00bb border_color_all=\u00bb#f2f2f2&#8243; global_colors_info=\u00bb{}\u00bb][et_pb_column type=\u00bb3_4&#8243; _builder_version=\u00bb4.16&#8243; custom_padding=\u00bb|||\u00bb global_colors_info=\u00bb{}\u00bb custom_padding__hover=\u00bb|||\u00bb][et_pb_tabs active_tab_background_color=\u00bb#2f3a8f\u00bb inactive_tab_background_color=\u00bb#939393&#8243; _builder_version=\u00bb4.27.4&#8243; tab_text_color=\u00bb#2f3a8f\u00bb animation_style=\u00bbzoom\u00bb hover_enabled=\u00bb0&#8243; global_colors_info=\u00bb{}\u00bb sticky_enabled=\u00bb0&#8243;][et_pb_tab title=\u00bbDer spa\u00dfige Teil\u00bb _builder_version=\u00bb4.24.0&#8243; body_text_align=\u00bbjustify\u00bb tab_text_color=\u00bb#ffffff\u00bb tab_font_size=\u00bb18&#8243; tab_font_size_tablet=\u00bb18&#8243; tab_font_size_phone=\u00bb18&#8243; global_colors_info=\u00bb{}\u00bb]<\/p>\n<p>Der spa\u00dfige Teil dieses Kurses besteht darin, Ihre Tauchfertigkeiten aufzupolieren, die Sie vielleicht nicht f\u00fcr m\u00f6glich gehalten haben.<\/p>\n<p>[\/et_pb_tab][et_pb_tab title=\u00bbWas Sie Lernen\u00bb _builder_version=\u00bb4.24.0&#8243; body_text_align=\u00bbjustify\u00bb tab_text_color=\u00bb#ffffff\u00bb tab_font_size=\u00bb18&#8243; tab_font_size_tablet=\u00bb18&#8243; tab_font_size_phone=\u00bb18&#8243; global_colors_info=\u00bb{}\u00bb]<\/p>\n<p>\u2022 Wie man seine Tauchausr\u00fcstung so trimmt, dass man im Wasser perfekt ausbalanciert ist<br \/>\u2022 Nuancen bei der Bestimmung des Gewichts, damit Sie weder zu leicht noch zu schwer sind<br \/>\u2022 Wie man stromlinienf\u00f6rmig unterwegs ist, um Luft zu sparen und sich geschmeidig durch das Wasser zu bewegen<br \/>\u2022 Wie man m\u00fchelos sowohl in vertikaler als auch in horizontaler Position schwebt<\/p>\n<p>F\u00fcr alle Lernmaterialien und Ausr\u00fcstungen wenden Sie sich an SCUBA MORAIRA.<\/p>\n<p>[\/et_pb_tab][et_pb_tab title=\u00bbPreis &#038; Dauer\u00bb _builder_version=\u00bb4.27.4&#8243; body_text_align=\u00bbjustify\u00bb tab_text_color=\u00bb#ffffff\u00bb tab_font_size=\u00bb18&#8243; hover_enabled=\u00bb0&#8243; tab_font_size_tablet=\u00bb18&#8243; tab_font_size_phone=\u00bb18&#8243; global_colors_info=\u00bb{}\u00bb sticky_enabled=\u00bb0&#8243;]<\/p>\n<p>\u20ac235 \/ 1 bis 2 Days \/ 2 Tauchg\u00e4nge<\/p>\n<p>[\/et_pb_tab][\/et_pb_tabs][\/et_pb_column][et_pb_column type=\u00bb1_4&#8243; _builder_version=\u00bb4.16&#8243; background_color=\u00bb#599ecd\u00bb custom_padding=\u00bb30px|30px|30px|30px\u00bb global_colors_info=\u00bb{}\u00bb custom_padding__hover=\u00bb|||\u00bb][et_pb_blurb title=\u00bbVoraussetzungen\u00bb use_icon=\u00bbon\u00bb font_icon=\u00bb&#x52;||divi||400&#8243; icon_color=\u00bb#ffffff\u00bb image_icon_width=\u00bb40px\u00bb _builder_version=\u00bb4.24.0&#8243; header_level=\u00bbh2&#8243; header_text_align=\u00bbcenter\u00bb header_text_color=\u00bb#ffffff\u00bb background_layout=\u00bbdark\u00bb icon_font_size=\u00bb40px\u00bb global_colors_info=\u00bb{}\u00bb]<\/p>\n<p>Medizinische Bescheinigung nicht \u00e4lter als 12 Monate<\/p>\n<p>SSI Junior oder Open Water Diver oder \u00c4quivalent<\/p>\n<p>MINDESTALTER: 12 Jahre<\/p>\n<p>[\/et_pb_blurb][\/et_pb_column][\/et_pb_row][\/et_pb_section][et_pb_section fb_built=\u00bb1&#8243; _builder_version=\u00bb4.16&#8243; background_image=\u00bbhttps:\/\/scubamoraira.com\/wp-content\/uploads\/cta_scuba.jpg\u00bb animation_style=\u00bbslide\u00bb global_colors_info=\u00bb{}\u00bb][et_pb_row column_structure=\u00bb1_3,2_3&#8243; _builder_version=\u00bb4.16&#8243; background_size=\u00bbinitial\u00bb background_position=\u00bbtop_left\u00bb background_repeat=\u00bbrepeat\u00bb global_colors_info=\u00bb{}\u00bb][et_pb_column type=\u00bb1_3&#8243; _builder_version=\u00bb4.16&#8243; custom_padding=\u00bb|||\u00bb global_colors_info=\u00bb{}\u00bb custom_padding__hover=\u00bb|||\u00bb][\/et_pb_column][et_pb_column type=\u00bb2_3&#8243; _builder_version=\u00bb4.16&#8243; custom_padding=\u00bb|||\u00bb global_colors_info=\u00bb{}\u00bb custom_padding__hover=\u00bb|||\u00bb][et_pb_text _builder_version=\u00bb4.24.0&#8243; text_font_size=\u00bb18px\u00bb header_font=\u00bbStardos Stencil||||||||\u00bb header_font_size=\u00bb35px\u00bb background_layout=\u00bbdark\u00bb animation_style=\u00bbslide\u00bb animation_direction=\u00bbtop\u00bb global_colors_info=\u00bb{}\u00bb]<\/p>\n<h1 class=\"blue\">Ihr n\u00e4chstes Abenteuer!<\/h1>\n<p>Ein Teil der Beherrschung der Tarierung ist das Erlernen des effektiven Einsatzes der BCD und des Gewichtssystems sowie die Beibehaltung der Str\u00f6mungsrichtung. Dies macht den SSI-Navigationskurs zu einer nat\u00fcrlichen Erg\u00e4nzung, da du mehr \u00fcber Multi Tasking unter Wasser lernst, w\u00e4hrend du deine Tauchposition beibeh\u00e4ltst.<\/p>\n<p>F\u00fcr weitere Informationen \u00fcber diesen oder andere SSI-Kurse wenden Sie sich bitte an eines der Mitglieder des SCUBA MORAIRA Teams.<\/p>\n<p>[\/et_pb_text][et_pb_button button_url=\u00bbhttps:\/\/scubamoraira.com\/de\/courses\/%20&#8243; button_text=\u00bbMehr Kurse!\u00bb button_alignment=\u00bbleft\u00bb _builder_version=\u00bb4.24.0&#8243; custom_button=\u00bbon\u00bb button_text_size=\u00bb18&#8243; button_text_color=\u00bb#ffffff\u00bb button_bg_color=\u00bb#2f3a8f\u00bb button_border_width=\u00bb1&#8243; button_border_color=\u00bb#2f3a8f\u00bb button_icon=\u00bb&#x4e;||divi||400&#8243; button_icon_color=\u00bb#ffffff\u00bb button_text_color_hover=\u00bb#ffffff\u00bb button_border_color_hover=\u00bb#e2242e\u00bb button_bg_color_hover=\u00bb#e2242e\u00bb global_colors_info=\u00bb{}\u00bb button_text_size__hover_enabled=\u00bboff\u00bb button_one_text_size__hover_enabled=\u00bboff\u00bb button_two_text_size__hover_enabled=\u00bboff\u00bb button_text_color__hover_enabled=\u00bbon\u00bb button_text_color__hover=\u00bb#ffffff\u00bb button_one_text_color__hover_enabled=\u00bboff\u00bb button_two_text_color__hover_enabled=\u00bboff\u00bb button_border_width__hover_enabled=\u00bboff\u00bb button_one_border_width__hover_enabled=\u00bboff\u00bb button_two_border_width__hover_enabled=\u00bboff\u00bb button_border_color__hover_enabled=\u00bbon\u00bb button_border_color__hover=\u00bb#e2242e\u00bb button_one_border_color__hover_enabled=\u00bboff\u00bb button_two_border_color__hover_enabled=\u00bboff\u00bb button_border_radius__hover_enabled=\u00bboff\u00bb button_one_border_radius__hover_enabled=\u00bboff\u00bb button_two_border_radius__hover_enabled=\u00bboff\u00bb button_letter_spacing__hover_enabled=\u00bboff\u00bb button_one_letter_spacing__hover_enabled=\u00bboff\u00bb button_two_letter_spacing__hover_enabled=\u00bboff\u00bb button_bg_color__hover_enabled=\u00bbon\u00bb button_bg_color__hover=\u00bb#e2242e\u00bb button_one_bg_color__hover_enabled=\u00bboff\u00bb button_two_bg_color__hover_enabled=\u00bboff\u00bb][\/et_pb_button][\/et_pb_column][\/et_pb_row][\/et_pb_section]<\/p>\n","protected":false},"excerpt":{"rendered":"<p>Was ist neutraler Auftrieb? Taucher m\u00f6chten einen neutralen Auftrieb haben, also weder sinken noch aufschweben. Das kann eine knifflige Sache sein. Taucher, die die h\u00f6chsten Leistungsstufen der Tarierung beherrschen, zeichnen sich aus. Du hast sie schon unter Wasser gesehen. Sie gleiten m\u00fchelos, verbrauchen weniger Luft und steigen auf, sinken ab oder schweben, fast wie von [&hellip;]<\/p>\n","protected":false},"author":3,"featured_media":0,"parent":0,"menu_order":0,"comment_status":"closed","ping_status":"closed","template":"","meta":{"_et_pb_use_builder":"on","_et_pb_old_content":"","_et_gb_content_width":"","footnotes":""},"class_list":["post-455","page","type-page","status-publish","hentry"],"yoast_head":"<!-- This site is optimized with the Yoast SEO plugin v27.3 - https:\/\/yoast.com\/product\/yoast-seo-wordpress\/ -->\n<title>SSI Perfect Buoyancy Speciality Course &#8226; Scuba Moraira<\/title>\n<meta name=\"robots\" content=\"index, follow, max-snippet:-1, max-image-preview:large, max-video-preview:-1\" \/>\n<link rel=\"canonical\" href=\"https:\/\/scubamoraira.com\/de\/padi-peak-performance-buoyancy-speciality-course\/\" \/>\n<meta property=\"og:locale\" content=\"es_ES\" \/>\n<meta property=\"og:type\" content=\"article\" \/>\n<meta property=\"og:title\" content=\"SSI Perfect Buoyancy Speciality Course &#8226; Scuba Moraira\" \/>\n<meta property=\"og:description\" content=\"Was ist neutraler Auftrieb? Taucher m\u00f6chten einen neutralen Auftrieb haben, also weder sinken noch aufschweben. Das kann eine knifflige Sache sein. Taucher, die die h\u00f6chsten Leistungsstufen der Tarierung beherrschen, zeichnen sich aus. Du hast sie schon unter Wasser gesehen. Sie gleiten m\u00fchelos, verbrauchen weniger Luft und steigen auf, sinken ab oder schweben, fast wie von [&hellip;]\" \/>\n<meta property=\"og:url\" content=\"https:\/\/scubamoraira.com\/de\/padi-peak-performance-buoyancy-speciality-course\/\" \/>\n<meta property=\"og:site_name\" content=\"Scuba Moraira\" \/>\n<meta property=\"article:modified_time\" content=\"2026-03-20T14:12:43+00:00\" \/>\n<meta name=\"twitter:card\" content=\"summary_large_image\" \/>\n<meta name=\"twitter:label1\" content=\"Tiempo de lectura\" \/>\n\t<meta name=\"twitter:data1\" content=\"2 minutos\" \/>\n<script type=\"application\/ld+json\" class=\"yoast-schema-graph\">{\"@context\":\"https:\\\/\\\/schema.org\",\"@graph\":[{\"@type\":\"WebPage\",\"@id\":\"https:\\\/\\\/scubamoraira.com\\\/de\\\/padi-peak-performance-buoyancy-speciality-course\\\/\",\"url\":\"https:\\\/\\\/scubamoraira.com\\\/de\\\/padi-peak-performance-buoyancy-speciality-course\\\/\",\"name\":\"SSI Perfect Buoyancy Speciality Course &#8226; Scuba Moraira\",\"isPartOf\":{\"@id\":\"https:\\\/\\\/scubamoraira.com\\\/de\\\/#website\"},\"datePublished\":\"2018-03-08T12:22:20+00:00\",\"dateModified\":\"2026-03-20T14:12:43+00:00\",\"breadcrumb\":{\"@id\":\"https:\\\/\\\/scubamoraira.com\\\/de\\\/padi-peak-performance-buoyancy-speciality-course\\\/#breadcrumb\"},\"inLanguage\":\"es\",\"potentialAction\":[{\"@type\":\"ReadAction\",\"target\":[\"https:\\\/\\\/scubamoraira.com\\\/de\\\/padi-peak-performance-buoyancy-speciality-course\\\/\"]}]},{\"@type\":\"BreadcrumbList\",\"@id\":\"https:\\\/\\\/scubamoraira.com\\\/de\\\/padi-peak-performance-buoyancy-speciality-course\\\/#breadcrumb\",\"itemListElement\":[{\"@type\":\"ListItem\",\"position\":1,\"name\":\"Portada\",\"item\":\"https:\\\/\\\/scubamoraira.com\\\/de\\\/\"},{\"@type\":\"ListItem\",\"position\":2,\"name\":\"SSI Perfect Buoyancy Speciality Course\"}]},{\"@type\":\"WebSite\",\"@id\":\"https:\\\/\\\/scubamoraira.com\\\/de\\\/#website\",\"url\":\"https:\\\/\\\/scubamoraira.com\\\/de\\\/\",\"name\":\"Scuba Moraira\",\"description\":\"\",\"potentialAction\":[{\"@type\":\"SearchAction\",\"target\":{\"@type\":\"EntryPoint\",\"urlTemplate\":\"https:\\\/\\\/scubamoraira.com\\\/de\\\/?s={search_term_string}\"},\"query-input\":{\"@type\":\"PropertyValueSpecification\",\"valueRequired\":true,\"valueName\":\"search_term_string\"}}],\"inLanguage\":\"es\"}]}<\/script>\n<!-- \/ Yoast SEO plugin. -->","yoast_head_json":{"title":"SSI Perfect Buoyancy Speciality Course &#8226; Scuba Moraira","robots":{"index":"index","follow":"follow","max-snippet":"max-snippet:-1","max-image-preview":"max-image-preview:large","max-video-preview":"max-video-preview:-1"},"canonical":"https:\/\/scubamoraira.com\/de\/padi-peak-performance-buoyancy-speciality-course\/","og_locale":"es_ES","og_type":"article","og_title":"SSI Perfect Buoyancy Speciality Course &#8226; Scuba Moraira","og_description":"Was ist neutraler Auftrieb? Taucher m\u00f6chten einen neutralen Auftrieb haben, also weder sinken noch aufschweben. Das kann eine knifflige Sache sein. Taucher, die die h\u00f6chsten Leistungsstufen der Tarierung beherrschen, zeichnen sich aus. Du hast sie schon unter Wasser gesehen. Sie gleiten m\u00fchelos, verbrauchen weniger Luft und steigen auf, sinken ab oder schweben, fast wie von [&hellip;]","og_url":"https:\/\/scubamoraira.com\/de\/padi-peak-performance-buoyancy-speciality-course\/","og_site_name":"Scuba Moraira","article_modified_time":"2026-03-20T14:12:43+00:00","twitter_card":"summary_large_image","twitter_misc":{"Tiempo de lectura":"2 minutos"},"schema":{"@context":"https:\/\/schema.org","@graph":[{"@type":"WebPage","@id":"https:\/\/scubamoraira.com\/de\/padi-peak-performance-buoyancy-speciality-course\/","url":"https:\/\/scubamoraira.com\/de\/padi-peak-performance-buoyancy-speciality-course\/","name":"SSI Perfect Buoyancy Speciality Course &#8226; Scuba Moraira","isPartOf":{"@id":"https:\/\/scubamoraira.com\/de\/#website"},"datePublished":"2018-03-08T12:22:20+00:00","dateModified":"2026-03-20T14:12:43+00:00","breadcrumb":{"@id":"https:\/\/scubamoraira.com\/de\/padi-peak-performance-buoyancy-speciality-course\/#breadcrumb"},"inLanguage":"es","potentialAction":[{"@type":"ReadAction","target":["https:\/\/scubamoraira.com\/de\/padi-peak-performance-buoyancy-speciality-course\/"]}]},{"@type":"BreadcrumbList","@id":"https:\/\/scubamoraira.com\/de\/padi-peak-performance-buoyancy-speciality-course\/#breadcrumb","itemListElement":[{"@type":"ListItem","position":1,"name":"Portada","item":"https:\/\/scubamoraira.com\/de\/"},{"@type":"ListItem","position":2,"name":"SSI Perfect Buoyancy Speciality Course"}]},{"@type":"WebSite","@id":"https:\/\/scubamoraira.com\/de\/#website","url":"https:\/\/scubamoraira.com\/de\/","name":"Scuba Moraira","description":"","potentialAction":[{"@type":"SearchAction","target":{"@type":"EntryPoint","urlTemplate":"https:\/\/scubamoraira.com\/de\/?s={search_term_string}"},"query-input":{"@type":"PropertyValueSpecification","valueRequired":true,"valueName":"search_term_string"}}],"inLanguage":"es"}]}},"_links":{"self":[{"href":"https:\/\/scubamoraira.com\/de\/wp-json\/wp\/v2\/pages\/455","targetHints":{"allow":["GET"]}}],"collection":[{"href":"https:\/\/scubamoraira.com\/de\/wp-json\/wp\/v2\/pages"}],"about":[{"href":"https:\/\/scubamoraira.com\/de\/wp-json\/wp\/v2\/types\/page"}],"author":[{"embeddable":true,"href":"https:\/\/scubamoraira.com\/de\/wp-json\/wp\/v2\/users\/3"}],"replies":[{"embeddable":true,"href":"https:\/\/scubamoraira.com\/de\/wp-json\/wp\/v2\/comments?post=455"}],"version-history":[{"count":19,"href":"https:\/\/scubamoraira.com\/de\/wp-json\/wp\/v2\/pages\/455\/revisions"}],"predecessor-version":[{"id":2918,"href":"https:\/\/scubamoraira.com\/de\/wp-json\/wp\/v2\/pages\/455\/revisions\/2918"}],"wp:attachment":[{"href":"https:\/\/scubamoraira.com\/de\/wp-json\/wp\/v2\/media?parent=455"}],"curies":[{"name":"wp","href":"https:\/\/api.w.org\/{rel}","templated":true}]}}