{"id":437,"date":"2018-03-08T09:54:39","date_gmt":"2018-03-08T09:54:39","guid":{"rendered":"https:\/\/scubamoraira.com\/?page_id=437"},"modified":"2026-03-20T14:08:42","modified_gmt":"2026-03-20T14:08:42","slug":"self-reliant-diver-speciality-course","status":"publish","type":"page","link":"https:\/\/scubamoraira.com\/de\/self-reliant-diver-speciality-course\/","title":{"rendered":"SSI Independent Diver Speciality Course"},"content":{"rendered":"<p>[et_pb_section fb_built=\u00bb1&#8243; fullwidth=\u00bbon\u00bb _builder_version=\u00bb4.16&#8243; background_color=\u00bb#e2242e\u00bb global_colors_info=\u00bb{}\u00bb][et_pb_fullwidth_header title=\u00bbSSI Independent Diving Kurs\u00bb _builder_version=\u00bb4.21.0&#8243; title_font=\u00bbStardos Stencil||||||||\u00bb background_color=\u00bbrgba(255, 255, 255, 0)\u00bb title_text_shadow_style=\u00bbpreset1&#8243; title_text_shadow_color=\u00bb#000000&#8243; global_colors_info=\u00bb{}\u00bb button_one_text_size__hover_enabled=\u00bboff\u00bb button_two_text_size__hover_enabled=\u00bboff\u00bb button_one_text_color__hover_enabled=\u00bboff\u00bb button_two_text_color__hover_enabled=\u00bboff\u00bb button_one_border_width__hover_enabled=\u00bboff\u00bb button_two_border_width__hover_enabled=\u00bboff\u00bb button_one_border_color__hover_enabled=\u00bboff\u00bb button_two_border_color__hover_enabled=\u00bboff\u00bb button_one_border_radius__hover_enabled=\u00bboff\u00bb button_two_border_radius__hover_enabled=\u00bboff\u00bb button_one_letter_spacing__hover_enabled=\u00bboff\u00bb button_two_letter_spacing__hover_enabled=\u00bboff\u00bb button_one_bg_color__hover_enabled=\u00bboff\u00bb button_two_bg_color__hover_enabled=\u00bboff\u00bb][\/et_pb_fullwidth_header][\/et_pb_section][et_pb_section fb_built=\u00bb1&#8243; _builder_version=\u00bb4.16&#8243; background_color=\u00bb#f2f2f2&#8243; global_colors_info=\u00bb{}\u00bb][et_pb_row column_structure=\u00bb1_2,1_2&#8243; _builder_version=\u00bb4.21.0&#8243; background_size=\u00bbinitial\u00bb background_position=\u00bbtop_left\u00bb background_repeat=\u00bbrepeat\u00bb global_colors_info=\u00bb{}\u00bb][et_pb_column type=\u00bb1_2&#8243; _builder_version=\u00bb4.16&#8243; custom_padding=\u00bb|||\u00bb global_colors_info=\u00bb{}\u00bb custom_padding__hover=\u00bb|||\u00bb][et_pb_text _builder_version=\u00bb4.24.0&#8243; header_text_color=\u00bb#2f3a8f\u00bb animation_style=\u00bbzoom\u00bb global_colors_info=\u00bb{}\u00bb]<\/p>\n<h3>Der Spezialkurs f\u00fcr unabh\u00e4ngige Taucher zielt darauf ab, die Rolle des Buddy-Systems und seinen Beitrag zur Sicherheit des Tauchers zu erkennen und zu akzeptieren und gleichzeitig Eigenst\u00e4ndigkeit und Unabh\u00e4ngigkeit beim Tauchen zu entwickeln. Unabh\u00e4ngiges Tauchen hilft erfahrenen Tauchsch\u00fclern, die F\u00e4higkeiten, das Wissen und die Techniken zu entwickeln, die notwendig sind, um sich zuerst auf sich selbst zu verlassen, unabh\u00e4ngig davon, ob sie mit einem Partner tauchen oder nicht.<\/h3>\n<p>[\/et_pb_text][et_pb_image src=\u00bbhttps:\/\/scubamoraira.com\/de\/wp-content\/uploads\/Presentation-Independent-Diving.jpg\u00bb title_text=\u00bbPresentation-Independent Diving\u00bb _builder_version=\u00bb4.21.0&#8243; _module_preset=\u00bbdefault\u00bb border_radii=\u00bbon|16px|16px|16px|16px\u00bb box_shadow_style=\u00bbpreset1&#8243; box_shadow_color=\u00bb#000000&#8243; global_colors_info=\u00bb{}\u00bb][\/et_pb_image][\/et_pb_column][et_pb_column type=\u00bb1_2&#8243; _builder_version=\u00bb4.16&#8243; custom_padding=\u00bb|||\u00bb global_colors_info=\u00bb{}\u00bb custom_padding__hover=\u00bb|||\u00bb][\/et_pb_column][\/et_pb_row][\/et_pb_section][et_pb_section fb_built=\u00bb1&#8243; _builder_version=\u00bb4.16&#8243; global_colors_info=\u00bb{}\u00bb][et_pb_row column_structure=\u00bb3_4,1_4&#8243; _builder_version=\u00bb4.16&#8243; border_radii=\u00bbon|10px|10px|10px|10px\u00bb border_color_all=\u00bb#f2f2f2&#8243; global_colors_info=\u00bb{}\u00bb][et_pb_column type=\u00bb3_4&#8243; _builder_version=\u00bb4.16&#8243; custom_padding=\u00bb|||\u00bb global_colors_info=\u00bb{}\u00bb custom_padding__hover=\u00bb|||\u00bb][et_pb_tabs active_tab_background_color=\u00bb#2f3a8f\u00bb inactive_tab_background_color=\u00bb#939393&#8243; _builder_version=\u00bb4.27.4&#8243; tab_text_color=\u00bb#2f3a8f\u00bb animation_style=\u00bbzoom\u00bb hover_enabled=\u00bb0&#8243; global_colors_info=\u00bb{}\u00bb sticky_enabled=\u00bb0&#8243;][et_pb_tab title=\u00bbIndependent diving Angebote\u00bb _builder_version=\u00bb4.24.0&#8243; body_text_align=\u00bbjustify\u00bb tab_text_color=\u00bb#ffffff\u00bb tab_font_size=\u00bb18&#8243; tab_font_size_tablet=\u00bb18&#8243; tab_font_size_phone=\u00bb18&#8243; global_colors_info=\u00bb{}\u00bb]<\/p>\n<p>\u2022 Entwicklung der F\u00e4higkeit, Tauchg\u00e4nge ohne einen Partner zu planen und durchzuf\u00fchren, wenn dies gew\u00fcnscht oder notwendig ist<br \/>\u2022 Sch\u00e4rfung der F\u00e4higkeiten zur Selbstst\u00e4ndigkeit beim Tauchen, um den Taucher zu einem st\u00e4rkeren Partner in einem Tauchpaar oder -team zu machen<br \/>\u2022 Der Wert und die Anwendung des Buddy-Systems<br \/>\u2022 Die Philosophie und die Motivation f\u00fcr das Tauchen ohne Partner<br \/>\u2022 Potenzielle Risiken beim Alleintauchen und wie man mit diesen Risiken umgeht<br \/>\u2022 Der Wert der Redundanz von Ger\u00e4ten und die erforderlichen Ersatzger\u00e4te<br \/>\u2022 Tauchgangsplanung und Gasmanagement<\/p>\n<p>[\/et_pb_tab][et_pb_tab title=\u00bbWas Sie Lernen\u00bb _builder_version=\u00bb4.24.0&#8243; body_text_align=\u00bbjustify\u00bb tab_text_color=\u00bb#ffffff\u00bb tab_font_size=\u00bb18&#8243; tab_font_size_tablet=\u00bb18&#8243; tab_font_size_phone=\u00bb18&#8243; global_colors_info=\u00bb{}\u00bb]<\/p>\n<p>W\u00e4hrend der 4 Tauchg\u00e4nge lernen Sie nicht nur die vielen Vorteile des Tauchens mit einer unabh\u00e4ngigen Konfiguration kennen, sondern auch, wie man<br \/>\u2022 einen Tauchplan f\u00fcr einen Tauchgang ohne Partner erstellt<br \/>\u2022 die F\u00e4higkeit zur Tauchgangsplanung unter Ber\u00fccksichtigung der \u00f6rtlichen Umweltbedingungen demonstriert<br \/>\u2022 die Oberfl\u00e4chenluftverbrauchsrate (SAC) anhand der Gasverbrauchsdaten aus einem Tauchgang ermittelt<br \/>\u2022 den Gasverbrauch f\u00fcr eine bestimmte Tiefe und Zeit errechnet<br \/>\u2022 auf eine redundante Luftversorgung umschaltet<br \/>\u2022 ein Hebekissens oder DSMB unter Wasser einsetzt<br \/>\u2022 zu einem vorher festgelegten Ort zu navigieren und innerhalb von 15 Metern zum Ausgangspunkt zur\u00fcck zukommen, indem Sie nat\u00fcrliche Referenzen verwenden.<\/p>\n<p>[\/et_pb_tab][et_pb_tab title=\u00bbPreis &#038; Dauer\u00bb _builder_version=\u00bb4.27.4&#8243; body_text_align=\u00bbjustify\u00bb tab_text_color=\u00bb#ffffff\u00bb tab_font_size=\u00bb18&#8243; hover_enabled=\u00bb0&#8243; tab_font_size_tablet=\u00bb18&#8243; tab_font_size_phone=\u00bb18&#8243; global_colors_info=\u00bb{}\u00bb sticky_enabled=\u00bb0&#8243;]<\/p>\n<p>\u20ac495 \/ 2 bis 3 Tage &#8211; 4 Tauchg\u00e4nge<\/p>\n<p>[\/et_pb_tab][\/et_pb_tabs][\/et_pb_column][et_pb_column type=\u00bb1_4&#8243; _builder_version=\u00bb4.16&#8243; background_color=\u00bb#599ecd\u00bb custom_padding=\u00bb30px|30px|30px|30px\u00bb global_colors_info=\u00bb{}\u00bb custom_padding__hover=\u00bb|||\u00bb][et_pb_blurb title=\u00bbVoraussetzungen\u00bb use_icon=\u00bbon\u00bb font_icon=\u00bb&#x52;||divi||400&#8243; icon_color=\u00bb#ffffff\u00bb image_icon_width=\u00bb40px\u00bb _builder_version=\u00bb4.24.0&#8243; header_level=\u00bbh2&#8243; header_text_align=\u00bbcenter\u00bb header_text_color=\u00bb#ffffff\u00bb background_layout=\u00bbdark\u00bb icon_font_size=\u00bb40px\u00bb use_circle=\u00bboff\u00bb use_circle_border=\u00bboff\u00bb global_colors_info=\u00bb{}\u00bb]<\/p>\n<p>Zertifiziert sein als Tieftaucher, Navigationstaucher, Nachttaucher und Taucher mit eingeschr\u00e4nkter Sicht sowie Stress- und Rettungstaucher oder gleichwertig von einem beliebigen Verband.<\/p>\n<p>Minimum von 75 best\u00e4tigten Tauchg\u00e4ngen<\/p>\n<p>Medizinische Bescheinigung nicht \u00e4lter als 12 Monate<\/p>\n<p>MINDESTALTER: 18 Jahre<\/p>\n<p>[\/et_pb_blurb][\/et_pb_column][\/et_pb_row][\/et_pb_section][et_pb_section fb_built=\u00bb1&#8243; _builder_version=\u00bb4.16&#8243; background_image=\u00bbhttps:\/\/scubamoraira.com\/wp-content\/uploads\/cta_scuba.jpg\u00bb global_colors_info=\u00bb{}\u00bb][et_pb_row column_structure=\u00bb1_3,2_3&#8243; _builder_version=\u00bb4.16&#8243; background_size=\u00bbinitial\u00bb background_position=\u00bbtop_left\u00bb background_repeat=\u00bbrepeat\u00bb global_colors_info=\u00bb{}\u00bb][et_pb_column type=\u00bb1_3&#8243; _builder_version=\u00bb4.16&#8243; custom_padding=\u00bb|||\u00bb global_colors_info=\u00bb{}\u00bb custom_padding__hover=\u00bb|||\u00bb][\/et_pb_column][et_pb_column type=\u00bb2_3&#8243; _builder_version=\u00bb4.16&#8243; custom_padding=\u00bb|||\u00bb global_colors_info=\u00bb{}\u00bb custom_padding__hover=\u00bb|||\u00bb][et_pb_text _builder_version=\u00bb4.24.0&#8243; text_font_size=\u00bb18px\u00bb header_font=\u00bbStardos Stencil||||||||\u00bb header_font_size=\u00bb35px\u00bb background_layout=\u00bbdark\u00bb animation_style=\u00bbslide\u00bb animation_direction=\u00bbtop\u00bb global_colors_info=\u00bb{}\u00bb]<\/p>\n<h1 class=\"blue\">Ihr n\u00e4chstes Abenteuer!<\/h1>\n<p>Sie k\u00f6nnen das selbst\u00e4ndige Tauchen leicht mit dem Sidemount Diver Specialty kombinieren. Kontaktieren Sie SCUBA MORAIRA und melden Sie sich noch heute an!<\/p>\n<p>[\/et_pb_text][et_pb_button button_url=\u00bbhttps:\/\/scubamoraira.com\/de\/courses\/%20&#8243; button_text=\u00bbMehr Kurse!\u00bb button_alignment=\u00bbleft\u00bb _builder_version=\u00bb4.24.0&#8243; custom_button=\u00bbon\u00bb button_text_size=\u00bb18&#8243; button_text_color=\u00bb#ffffff\u00bb button_bg_color=\u00bb#2f3a8f\u00bb button_border_width=\u00bb1&#8243; button_border_color=\u00bb#2f3a8f\u00bb button_icon=\u00bb&#x4e;||divi||400&#8243; button_icon_color=\u00bb#ffffff\u00bb button_text_color_hover=\u00bb#ffffff\u00bb button_border_color_hover=\u00bb#e2242e\u00bb button_bg_color_hover=\u00bb#e2242e\u00bb global_colors_info=\u00bb{}\u00bb button_text_size__hover_enabled=\u00bboff\u00bb button_one_text_size__hover_enabled=\u00bboff\u00bb button_two_text_size__hover_enabled=\u00bboff\u00bb button_text_color__hover_enabled=\u00bbon\u00bb button_text_color__hover=\u00bb#ffffff\u00bb button_one_text_color__hover_enabled=\u00bboff\u00bb button_two_text_color__hover_enabled=\u00bboff\u00bb button_border_width__hover_enabled=\u00bboff\u00bb button_one_border_width__hover_enabled=\u00bboff\u00bb button_two_border_width__hover_enabled=\u00bboff\u00bb button_border_color__hover_enabled=\u00bbon\u00bb button_border_color__hover=\u00bb#e2242e\u00bb button_one_border_color__hover_enabled=\u00bboff\u00bb button_two_border_color__hover_enabled=\u00bboff\u00bb button_border_radius__hover_enabled=\u00bboff\u00bb button_one_border_radius__hover_enabled=\u00bboff\u00bb button_two_border_radius__hover_enabled=\u00bboff\u00bb button_letter_spacing__hover_enabled=\u00bboff\u00bb button_one_letter_spacing__hover_enabled=\u00bboff\u00bb button_two_letter_spacing__hover_enabled=\u00bboff\u00bb button_bg_color__hover_enabled=\u00bbon\u00bb button_bg_color__hover=\u00bb#e2242e\u00bb button_one_bg_color__hover_enabled=\u00bboff\u00bb button_two_bg_color__hover_enabled=\u00bboff\u00bb][\/et_pb_button][\/et_pb_column][\/et_pb_row][\/et_pb_section]<\/p>\n","protected":false},"excerpt":{"rendered":"<p>Der Spezialkurs f\u00fcr unabh\u00e4ngige Taucher zielt darauf ab, die Rolle des Buddy-Systems und seinen Beitrag zur Sicherheit des Tauchers zu erkennen und zu akzeptieren und gleichzeitig Eigenst\u00e4ndigkeit und Unabh\u00e4ngigkeit beim Tauchen zu entwickeln. Unabh\u00e4ngiges Tauchen hilft erfahrenen Tauchsch\u00fclern, die F\u00e4higkeiten, das Wissen und die Techniken zu entwickeln, die notwendig sind, um sich zuerst auf sich [&hellip;]<\/p>\n","protected":false},"author":3,"featured_media":0,"parent":0,"menu_order":0,"comment_status":"closed","ping_status":"closed","template":"","meta":{"_et_pb_use_builder":"on","_et_pb_old_content":"","_et_gb_content_width":"","footnotes":""},"class_list":["post-437","page","type-page","status-publish","hentry"],"yoast_head":"<!-- This site is optimized with the Yoast SEO plugin v27.3 - https:\/\/yoast.com\/product\/yoast-seo-wordpress\/ -->\n<title>SSI Independent Diver Speciality Course &#8226; Scuba Moraira<\/title>\n<meta name=\"robots\" content=\"index, follow, max-snippet:-1, max-image-preview:large, max-video-preview:-1\" \/>\n<link rel=\"canonical\" href=\"https:\/\/scubamoraira.com\/de\/self-reliant-diver-speciality-course\/\" \/>\n<meta property=\"og:locale\" content=\"es_ES\" \/>\n<meta property=\"og:type\" content=\"article\" \/>\n<meta property=\"og:title\" content=\"SSI Independent Diver Speciality Course &#8226; Scuba Moraira\" \/>\n<meta property=\"og:description\" content=\"Der Spezialkurs f\u00fcr unabh\u00e4ngige Taucher zielt darauf ab, die Rolle des Buddy-Systems und seinen Beitrag zur Sicherheit des Tauchers zu erkennen und zu akzeptieren und gleichzeitig Eigenst\u00e4ndigkeit und Unabh\u00e4ngigkeit beim Tauchen zu entwickeln. Unabh\u00e4ngiges Tauchen hilft erfahrenen Tauchsch\u00fclern, die F\u00e4higkeiten, das Wissen und die Techniken zu entwickeln, die notwendig sind, um sich zuerst auf sich [&hellip;]\" \/>\n<meta property=\"og:url\" content=\"https:\/\/scubamoraira.com\/de\/self-reliant-diver-speciality-course\/\" \/>\n<meta property=\"og:site_name\" content=\"Scuba Moraira\" \/>\n<meta property=\"article:modified_time\" content=\"2026-03-20T14:08:42+00:00\" \/>\n<meta name=\"twitter:card\" content=\"summary_large_image\" \/>\n<meta name=\"twitter:label1\" content=\"Tiempo de lectura\" \/>\n\t<meta name=\"twitter:data1\" content=\"2 minutos\" \/>\n<script type=\"application\/ld+json\" class=\"yoast-schema-graph\">{\"@context\":\"https:\\\/\\\/schema.org\",\"@graph\":[{\"@type\":\"WebPage\",\"@id\":\"https:\\\/\\\/scubamoraira.com\\\/de\\\/self-reliant-diver-speciality-course\\\/\",\"url\":\"https:\\\/\\\/scubamoraira.com\\\/de\\\/self-reliant-diver-speciality-course\\\/\",\"name\":\"SSI Independent Diver Speciality Course &#8226; Scuba Moraira\",\"isPartOf\":{\"@id\":\"https:\\\/\\\/scubamoraira.com\\\/de\\\/#website\"},\"datePublished\":\"2018-03-08T09:54:39+00:00\",\"dateModified\":\"2026-03-20T14:08:42+00:00\",\"breadcrumb\":{\"@id\":\"https:\\\/\\\/scubamoraira.com\\\/de\\\/self-reliant-diver-speciality-course\\\/#breadcrumb\"},\"inLanguage\":\"es\",\"potentialAction\":[{\"@type\":\"ReadAction\",\"target\":[\"https:\\\/\\\/scubamoraira.com\\\/de\\\/self-reliant-diver-speciality-course\\\/\"]}]},{\"@type\":\"BreadcrumbList\",\"@id\":\"https:\\\/\\\/scubamoraira.com\\\/de\\\/self-reliant-diver-speciality-course\\\/#breadcrumb\",\"itemListElement\":[{\"@type\":\"ListItem\",\"position\":1,\"name\":\"Portada\",\"item\":\"https:\\\/\\\/scubamoraira.com\\\/de\\\/\"},{\"@type\":\"ListItem\",\"position\":2,\"name\":\"SSI Independent Diver Speciality Course\"}]},{\"@type\":\"WebSite\",\"@id\":\"https:\\\/\\\/scubamoraira.com\\\/de\\\/#website\",\"url\":\"https:\\\/\\\/scubamoraira.com\\\/de\\\/\",\"name\":\"Scuba Moraira\",\"description\":\"\",\"potentialAction\":[{\"@type\":\"SearchAction\",\"target\":{\"@type\":\"EntryPoint\",\"urlTemplate\":\"https:\\\/\\\/scubamoraira.com\\\/de\\\/?s={search_term_string}\"},\"query-input\":{\"@type\":\"PropertyValueSpecification\",\"valueRequired\":true,\"valueName\":\"search_term_string\"}}],\"inLanguage\":\"es\"}]}<\/script>\n<!-- \/ Yoast SEO plugin. -->","yoast_head_json":{"title":"SSI Independent Diver Speciality Course &#8226; Scuba Moraira","robots":{"index":"index","follow":"follow","max-snippet":"max-snippet:-1","max-image-preview":"max-image-preview:large","max-video-preview":"max-video-preview:-1"},"canonical":"https:\/\/scubamoraira.com\/de\/self-reliant-diver-speciality-course\/","og_locale":"es_ES","og_type":"article","og_title":"SSI Independent Diver Speciality Course &#8226; Scuba Moraira","og_description":"Der Spezialkurs f\u00fcr unabh\u00e4ngige Taucher zielt darauf ab, die Rolle des Buddy-Systems und seinen Beitrag zur Sicherheit des Tauchers zu erkennen und zu akzeptieren und gleichzeitig Eigenst\u00e4ndigkeit und Unabh\u00e4ngigkeit beim Tauchen zu entwickeln. Unabh\u00e4ngiges Tauchen hilft erfahrenen Tauchsch\u00fclern, die F\u00e4higkeiten, das Wissen und die Techniken zu entwickeln, die notwendig sind, um sich zuerst auf sich [&hellip;]","og_url":"https:\/\/scubamoraira.com\/de\/self-reliant-diver-speciality-course\/","og_site_name":"Scuba Moraira","article_modified_time":"2026-03-20T14:08:42+00:00","twitter_card":"summary_large_image","twitter_misc":{"Tiempo de lectura":"2 minutos"},"schema":{"@context":"https:\/\/schema.org","@graph":[{"@type":"WebPage","@id":"https:\/\/scubamoraira.com\/de\/self-reliant-diver-speciality-course\/","url":"https:\/\/scubamoraira.com\/de\/self-reliant-diver-speciality-course\/","name":"SSI Independent Diver Speciality Course &#8226; Scuba Moraira","isPartOf":{"@id":"https:\/\/scubamoraira.com\/de\/#website"},"datePublished":"2018-03-08T09:54:39+00:00","dateModified":"2026-03-20T14:08:42+00:00","breadcrumb":{"@id":"https:\/\/scubamoraira.com\/de\/self-reliant-diver-speciality-course\/#breadcrumb"},"inLanguage":"es","potentialAction":[{"@type":"ReadAction","target":["https:\/\/scubamoraira.com\/de\/self-reliant-diver-speciality-course\/"]}]},{"@type":"BreadcrumbList","@id":"https:\/\/scubamoraira.com\/de\/self-reliant-diver-speciality-course\/#breadcrumb","itemListElement":[{"@type":"ListItem","position":1,"name":"Portada","item":"https:\/\/scubamoraira.com\/de\/"},{"@type":"ListItem","position":2,"name":"SSI Independent Diver Speciality Course"}]},{"@type":"WebSite","@id":"https:\/\/scubamoraira.com\/de\/#website","url":"https:\/\/scubamoraira.com\/de\/","name":"Scuba Moraira","description":"","potentialAction":[{"@type":"SearchAction","target":{"@type":"EntryPoint","urlTemplate":"https:\/\/scubamoraira.com\/de\/?s={search_term_string}"},"query-input":{"@type":"PropertyValueSpecification","valueRequired":true,"valueName":"search_term_string"}}],"inLanguage":"es"}]}},"_links":{"self":[{"href":"https:\/\/scubamoraira.com\/de\/wp-json\/wp\/v2\/pages\/437","targetHints":{"allow":["GET"]}}],"collection":[{"href":"https:\/\/scubamoraira.com\/de\/wp-json\/wp\/v2\/pages"}],"about":[{"href":"https:\/\/scubamoraira.com\/de\/wp-json\/wp\/v2\/types\/page"}],"author":[{"embeddable":true,"href":"https:\/\/scubamoraira.com\/de\/wp-json\/wp\/v2\/users\/3"}],"replies":[{"embeddable":true,"href":"https:\/\/scubamoraira.com\/de\/wp-json\/wp\/v2\/comments?post=437"}],"version-history":[{"count":17,"href":"https:\/\/scubamoraira.com\/de\/wp-json\/wp\/v2\/pages\/437\/revisions"}],"predecessor-version":[{"id":2910,"href":"https:\/\/scubamoraira.com\/de\/wp-json\/wp\/v2\/pages\/437\/revisions\/2910"}],"wp:attachment":[{"href":"https:\/\/scubamoraira.com\/de\/wp-json\/wp\/v2\/media?parent=437"}],"curies":[{"name":"wp","href":"https:\/\/api.w.org\/{rel}","templated":true}]}}