{"id":416,"date":"2018-03-08T09:21:12","date_gmt":"2018-03-08T09:21:12","guid":{"rendered":"https:\/\/scubamoraira.com\/?page_id=416"},"modified":"2026-03-20T14:07:06","modified_gmt":"2026-03-20T14:07:06","slug":"padi-enriched-air-diver-speciality","status":"publish","type":"page","link":"https:\/\/scubamoraira.com\/de\/padi-enriched-air-diver-speciality\/","title":{"rendered":"SSI Enriched Air Diver Speciality"},"content":{"rendered":"<p>[et_pb_section fb_built=\u00bb1&#8243; fullwidth=\u00bbon\u00bb _builder_version=\u00bb4.16&#8243; background_color=\u00bb#e2242e\u00bb global_colors_info=\u00bb{}\u00bb][et_pb_fullwidth_header title=\u00bbEnriched Air Nitrox (ISO 11107) Kurs\u00bb _builder_version=\u00bb4.21.0&#8243; title_font=\u00bbStardos Stencil||||||||\u00bb background_color=\u00bbrgba(255, 255, 255, 0)\u00bb title_text_shadow_style=\u00bbpreset1&#8243; title_text_shadow_color=\u00bb#000000&#8243; global_colors_info=\u00bb{}\u00bb button_one_text_size__hover_enabled=\u00bboff\u00bb button_two_text_size__hover_enabled=\u00bboff\u00bb button_one_text_color__hover_enabled=\u00bboff\u00bb button_two_text_color__hover_enabled=\u00bboff\u00bb button_one_border_width__hover_enabled=\u00bboff\u00bb button_two_border_width__hover_enabled=\u00bboff\u00bb button_one_border_color__hover_enabled=\u00bboff\u00bb button_two_border_color__hover_enabled=\u00bboff\u00bb button_one_border_radius__hover_enabled=\u00bboff\u00bb button_two_border_radius__hover_enabled=\u00bboff\u00bb button_one_letter_spacing__hover_enabled=\u00bboff\u00bb button_two_letter_spacing__hover_enabled=\u00bboff\u00bb button_one_bg_color__hover_enabled=\u00bboff\u00bb button_two_bg_color__hover_enabled=\u00bboff\u00bb][\/et_pb_fullwidth_header][\/et_pb_section][et_pb_section fb_built=\u00bb1&#8243; _builder_version=\u00bb4.16&#8243; background_color=\u00bb#f2f2f2&#8243; global_colors_info=\u00bb{}\u00bb][et_pb_row column_structure=\u00bb1_3,1_3,1_3&#8243; _builder_version=\u00bb4.16&#8243; background_size=\u00bbinitial\u00bb background_position=\u00bbtop_left\u00bb background_repeat=\u00bbrepeat\u00bb animation_style=\u00bbslide\u00bb global_colors_info=\u00bb{}\u00bb][et_pb_column type=\u00bb1_3&#8243; _builder_version=\u00bb4.16&#8243; _module_preset=\u00bbdefault\u00bb global_colors_info=\u00bb{}\u00bb][et_pb_image src=\u00bbhttps:\/\/scubamoraira.com\/de\/wp-content\/uploads\/Presentation-Enriched-Air-Nitrox-1.jpg\u00bb title_text=\u00bbPresentation-Enriched Air Nitrox\u00bb _builder_version=\u00bb4.21.0&#8243; _module_preset=\u00bbdefault\u00bb border_radii=\u00bbon|16px|16px|16px|16px\u00bb box_shadow_style=\u00bbpreset1&#8243; box_shadow_spread=\u00bb15px\u00bb global_colors_info=\u00bb{}\u00bb][\/et_pb_image][\/et_pb_column][et_pb_column type=\u00bb1_3&#8243; _builder_version=\u00bb4.16&#8243; custom_padding=\u00bb|||\u00bb global_colors_info=\u00bb{}\u00bb custom_padding__hover=\u00bb|||\u00bb][et_pb_text _builder_version=\u00bb4.24.0&#8243; header_text_color=\u00bb#2f3a8f\u00bb animation_style=\u00bbzoom\u00bb global_colors_info=\u00bb{}\u00bb]<\/p>\n<h3>Der SSI Enriched Air Nitrox Diver Kurs ist der beliebteste Spezialkurs von SSI, und es ist leicht zu erkennen, warum. Das Tauchen mit Enriched Air Nitrox gibt Ihnen mehr Zeit f\u00fcr Tauchg\u00e4nge ohne Dekompression. Das bedeutet mehr Zeit unter Wasser, besonders bei Wiederholungstauchg\u00e4ngen.<\/h3>\n<p>[\/et_pb_text][\/et_pb_column][et_pb_column type=\u00bb1_3&#8243; _builder_version=\u00bb4.16&#8243; _module_preset=\u00bbdefault\u00bb global_colors_info=\u00bb{}\u00bb][et_pb_image src=\u00bbhttps:\/\/scubamoraira.com\/de\/wp-content\/uploads\/VooDooGas_14x10cm-1-pdf.jpg\u00bb title_text=\u00bbVooDooGas_14x10cm\u00bb _builder_version=\u00bb4.21.0&#8243; _module_preset=\u00bbdefault\u00bb border_radii=\u00bbon|16px|16px|16px|16px\u00bb box_shadow_style=\u00bbpreset1&#8243; box_shadow_color=\u00bb#000000&#8243; global_colors_info=\u00bb{}\u00bb][\/et_pb_image][\/et_pb_column][\/et_pb_row][\/et_pb_section][et_pb_section fb_built=\u00bb1&#8243; _builder_version=\u00bb4.16&#8243; global_colors_info=\u00bb{}\u00bb][et_pb_row column_structure=\u00bb3_4,1_4&#8243; _builder_version=\u00bb4.16&#8243; animation_style=\u00bbslide\u00bb border_radii=\u00bbon|10px|10px|10px|10px\u00bb border_color_all=\u00bb#f2f2f2&#8243; global_colors_info=\u00bb{}\u00bb][et_pb_column type=\u00bb3_4&#8243; _builder_version=\u00bb4.16&#8243; custom_padding=\u00bb|||\u00bb global_colors_info=\u00bb{}\u00bb custom_padding__hover=\u00bb|||\u00bb][et_pb_tabs active_tab_background_color=\u00bb#2f3a8f\u00bb inactive_tab_background_color=\u00bb#939393&#8243; _builder_version=\u00bb4.27.4&#8243; tab_text_color=\u00bb#2f3a8f\u00bb animation_style=\u00bbzoom\u00bb hover_enabled=\u00bb0&#8243; global_colors_info=\u00bb{}\u00bb sticky_enabled=\u00bb0&#8243;][et_pb_tab title=\u00bbDer spa\u00dfige Teil\u00bb _builder_version=\u00bb4.24.0&#8243; body_text_align=\u00bbjustify\u00bb tab_text_color=\u00bb#ffffff\u00bb tab_font_size=\u00bb18&#8243; tab_font_size_tablet=\u00bb18&#8243; tab_font_size_phone=\u00bb18&#8243; global_colors_info=\u00bb{}\u00bb]<\/p>\n<p>In der Regel kann man l\u00e4nger tauchen und nach einer k\u00fcrzeren Oberfl\u00e4chenpause wieder auftauchen. Kein Wunder, dass viele Taucher dies als ihre erste Spezialit\u00e4t w\u00e4hlen.<\/p>\n<p>[\/et_pb_tab][et_pb_tab title=\u00bbWas Sie lernen\u00bb _builder_version=\u00bb4.24.0&#8243; body_text_align=\u00bbjustify\u00bb tab_text_color=\u00bb#ffffff\u00bb tab_font_size=\u00bb18&#8243; tab_font_size_tablet=\u00bb18&#8243; tab_font_size_phone=\u00bb18&#8243; global_colors_info=\u00bb{}\u00bb]<\/p>\n<ul>\n<li><span style=\"color: #333333;\"><span style=\"font-family: 'Gill Sans MT', sans-serif;\"><span style=\"font-size: medium;\">Techniken zur Verl\u00e4ngerung der Tauchzeit durch die Verwendung von Nitrox mit angereicherter Luft bis zu 40 % Sauerstoff<\/span><\/span><\/span><\/li>\n<li><span style=\"color: #333333;\"><span style=\"font-family: 'Gill Sans MT', sans-serif;\"><span style=\"font-size: medium;\">\u00dcberlegungen zur Ausr\u00fcstung f\u00fcr das Tauchen mit angereicherter Luft<\/span><\/span><\/span><\/li>\n<li><span style=\"color: #333333;\"><span style=\"font-family: 'Gill Sans MT', sans-serif;\"><span style=\"font-size: medium;\">\u00dcberlegungen zum Tauchen mit angereicherter Luft, einschlie\u00dflich des Umgangs mit Sauerstoff, wie man erkennt, was sich in der Tauchflasche befindet und wie man den Tauchcomputer einstellt<\/span><\/span><\/span><\/li>\n<\/ul>\n<p><span style=\"color: #333333;\"><span style=\"font-family: 'Gill Sans MT', sans-serif;\"><span style=\"font-size: medium;\">F\u00fcr den Kauf von Lehrmaterial und Ausr\u00fcstung wenden Sie sich bitte an SCUBA MORAIRA.<\/span><\/span><\/span><\/p>\n<p>[\/et_pb_tab][et_pb_tab title=\u00bbPreis &#038; Dauer\u00bb _builder_version=\u00bb4.27.4&#8243; body_font=\u00bbStardos Stencil||||||||\u00bb body_text_align=\u00bbjustify\u00bb tab_text_color=\u00bb#ffffff\u00bb tab_font_size=\u00bb18&#8243; hover_enabled=\u00bb0&#8243; tab_font_size_tablet=\u00bb18&#8243; tab_font_size_phone=\u00bb18&#8243; global_colors_info=\u00bb{}\u00bb sticky_enabled=\u00bb0&#8243;]<\/p>\n<p>\u20ac255 \/ 1 bis 2 Tage\/ 2 Tauchg\u00e4nge<\/p>\n<p>[\/et_pb_tab][\/et_pb_tabs][\/et_pb_column][et_pb_column type=\u00bb1_4&#8243; _builder_version=\u00bb4.16&#8243; background_color=\u00bb#599ecd\u00bb custom_padding=\u00bb30px|30px|30px|30px\u00bb global_colors_info=\u00bb{}\u00bb custom_padding__hover=\u00bb|||\u00bb][et_pb_blurb title=\u00bbVoraussetzungen\u00bb use_icon=\u00bbon\u00bb font_icon=\u00bb&#x52;||divi||400&#8243; icon_color=\u00bb#ffffff\u00bb image_icon_width=\u00bb40px\u00bb _builder_version=\u00bb4.24.0&#8243; header_level=\u00bbh2&#8243; header_text_align=\u00bbcenter\u00bb header_text_color=\u00bb#ffffff\u00bb background_layout=\u00bbdark\u00bb icon_font_size=\u00bb40px\u00bb global_colors_info=\u00bb{}\u00bb]<\/p>\n<p>Medizinische Bescheinigung nicht \u00e4lter als 12 Monate<\/p>\n<p>SSI Open Water Diver oder \u00c4quivalent<\/p>\n<p>MINDESTALTER: 15 Jahre<\/p>\n<p>[\/et_pb_blurb][\/et_pb_column][\/et_pb_row][\/et_pb_section][et_pb_section fb_built=\u00bb1&#8243; _builder_version=\u00bb4.16&#8243; background_image=\u00bbhttps:\/\/scubamoraira.com\/wp-content\/uploads\/cta_scuba.jpg\u00bb animation_style=\u00bbslide\u00bb global_colors_info=\u00bb{}\u00bb][et_pb_row column_structure=\u00bb1_3,2_3&#8243; _builder_version=\u00bb4.16&#8243; background_size=\u00bbinitial\u00bb background_position=\u00bbtop_left\u00bb background_repeat=\u00bbrepeat\u00bb global_colors_info=\u00bb{}\u00bb][et_pb_column type=\u00bb1_3&#8243; _builder_version=\u00bb4.16&#8243; custom_padding=\u00bb|||\u00bb global_colors_info=\u00bb{}\u00bb custom_padding__hover=\u00bb|||\u00bb][\/et_pb_column][et_pb_column type=\u00bb2_3&#8243; _builder_version=\u00bb4.16&#8243; custom_padding=\u00bb|||\u00bb global_colors_info=\u00bb{}\u00bb custom_padding__hover=\u00bb|||\u00bb][et_pb_text _builder_version=\u00bb4.24.0&#8243; text_font_size=\u00bb18px\u00bb header_font=\u00bbStardos Stencil||||||||\u00bb header_font_size=\u00bb35px\u00bb background_layout=\u00bbdark\u00bb animation_style=\u00bbslide\u00bb animation_direction=\u00bbtop\u00bb global_colors_info=\u00bb{}\u00bb]<\/p>\n<h1 class=\"blue\">Ihr n\u00e4chstes Abenteuer!<\/h1>\n<p>Das Tauchen mit angereichertem Nitrox ist f\u00fcr alle Arten des Tauchens von Vorteil, aber es passt besonders gut zu diesen Spezialgebieten:<br \/>\u2022 SSI Wrack-Tauchkurs &#8211; Beliebte Wracks liegen in der Regel tiefer, so dass Nitrox mit angereicherter Luft Ihre Erkundungszeit maximiert<br \/>\u2022 SSI Tieftaucherkurs &#8211; Je tiefer Sie tauchen, desto k\u00fcrzer ist Ihre Nullzeit &#8211; aber angereichertes Luftnitrox erh\u00f6ht diese, so dass Sie mehr Zeit in der Tiefe verbringen<br \/>\u2022 Angereichertes Nitrox reduziert die Menge an Reststickstoff, die Sie ansammeln, wodurch Wiederholungstauchg\u00e4nge l\u00e4nger werden d\u00fcrfen<br \/>\u2022 Der SSI Dekompressionstauchkurs erlaubt Ihnen bis zu 15 Minuten Dekompression in der Konfiguration des Sporttauchens mit einer Stufenflasche und bis zu 40% Nitrox<\/p>\n<p>[\/et_pb_text][et_pb_button button_url=\u00bbhttps:\/\/scubamoraira.com\/de\/courses\/%20&#8243; button_text=\u00bbMehr Kurse!\u00bb button_alignment=\u00bbleft\u00bb _builder_version=\u00bb4.24.0&#8243; custom_button=\u00bbon\u00bb button_text_size=\u00bb18&#8243; button_text_color=\u00bb#ffffff\u00bb button_bg_color=\u00bb#2f3a8f\u00bb button_border_width=\u00bb1&#8243; button_border_color=\u00bb#2f3a8f\u00bb button_icon=\u00bb&#x4e;||divi||400&#8243; button_icon_color=\u00bb#ffffff\u00bb button_text_color_hover=\u00bb#ffffff\u00bb button_border_color_hover=\u00bb#e2242e\u00bb button_bg_color_hover=\u00bb#e2242e\u00bb global_colors_info=\u00bb{}\u00bb button_text_size__hover_enabled=\u00bboff\u00bb button_one_text_size__hover_enabled=\u00bboff\u00bb button_two_text_size__hover_enabled=\u00bboff\u00bb button_text_color__hover_enabled=\u00bbon\u00bb button_text_color__hover=\u00bb#ffffff\u00bb button_one_text_color__hover_enabled=\u00bboff\u00bb button_two_text_color__hover_enabled=\u00bboff\u00bb button_border_width__hover_enabled=\u00bboff\u00bb button_one_border_width__hover_enabled=\u00bboff\u00bb button_two_border_width__hover_enabled=\u00bboff\u00bb button_border_color__hover_enabled=\u00bbon\u00bb button_border_color__hover=\u00bb#e2242e\u00bb button_one_border_color__hover_enabled=\u00bboff\u00bb button_two_border_color__hover_enabled=\u00bboff\u00bb button_border_radius__hover_enabled=\u00bboff\u00bb button_one_border_radius__hover_enabled=\u00bboff\u00bb button_two_border_radius__hover_enabled=\u00bboff\u00bb button_letter_spacing__hover_enabled=\u00bboff\u00bb button_one_letter_spacing__hover_enabled=\u00bboff\u00bb button_two_letter_spacing__hover_enabled=\u00bboff\u00bb button_bg_color__hover_enabled=\u00bbon\u00bb button_bg_color__hover=\u00bb#e2242e\u00bb button_one_bg_color__hover_enabled=\u00bboff\u00bb button_two_bg_color__hover_enabled=\u00bboff\u00bb][\/et_pb_button][\/et_pb_column][\/et_pb_row][\/et_pb_section]<\/p>\n","protected":false},"excerpt":{"rendered":"<p>Der SSI Enriched Air Nitrox Diver Kurs ist der beliebteste Spezialkurs von SSI, und es ist leicht zu erkennen, warum. Das Tauchen mit Enriched Air Nitrox gibt Ihnen mehr Zeit f\u00fcr Tauchg\u00e4nge ohne Dekompression. Das bedeutet mehr Zeit unter Wasser, besonders bei Wiederholungstauchg\u00e4ngen.In der Regel kann man l\u00e4nger tauchen und nach einer k\u00fcrzeren Oberfl\u00e4chenpause wieder [&hellip;]<\/p>\n","protected":false},"author":3,"featured_media":0,"parent":0,"menu_order":0,"comment_status":"closed","ping_status":"closed","template":"","meta":{"_et_pb_use_builder":"on","_et_pb_old_content":"","_et_gb_content_width":"","footnotes":""},"class_list":["post-416","page","type-page","status-publish","hentry"],"yoast_head":"<!-- This site is optimized with the Yoast SEO plugin v27.3 - https:\/\/yoast.com\/product\/yoast-seo-wordpress\/ -->\n<title>SSI Enriched Air Diver Speciality &#8226; Scuba Moraira<\/title>\n<meta name=\"robots\" content=\"index, follow, max-snippet:-1, max-image-preview:large, max-video-preview:-1\" \/>\n<link rel=\"canonical\" href=\"https:\/\/scubamoraira.com\/de\/padi-enriched-air-diver-speciality\/\" \/>\n<meta property=\"og:locale\" content=\"es_ES\" \/>\n<meta property=\"og:type\" content=\"article\" \/>\n<meta property=\"og:title\" content=\"SSI Enriched Air Diver Speciality &#8226; Scuba Moraira\" \/>\n<meta property=\"og:description\" content=\"Der SSI Enriched Air Nitrox Diver Kurs ist der beliebteste Spezialkurs von SSI, und es ist leicht zu erkennen, warum. Das Tauchen mit Enriched Air Nitrox gibt Ihnen mehr Zeit f\u00fcr Tauchg\u00e4nge ohne Dekompression. Das bedeutet mehr Zeit unter Wasser, besonders bei Wiederholungstauchg\u00e4ngen.In der Regel kann man l\u00e4nger tauchen und nach einer k\u00fcrzeren Oberfl\u00e4chenpause wieder [&hellip;]\" \/>\n<meta property=\"og:url\" content=\"https:\/\/scubamoraira.com\/de\/padi-enriched-air-diver-speciality\/\" \/>\n<meta property=\"og:site_name\" content=\"Scuba Moraira\" \/>\n<meta property=\"article:modified_time\" content=\"2026-03-20T14:07:06+00:00\" \/>\n<meta name=\"twitter:card\" content=\"summary_large_image\" \/>\n<meta name=\"twitter:label1\" content=\"Tiempo de lectura\" \/>\n\t<meta name=\"twitter:data1\" content=\"2 minutos\" \/>\n<script type=\"application\/ld+json\" class=\"yoast-schema-graph\">{\"@context\":\"https:\\\/\\\/schema.org\",\"@graph\":[{\"@type\":\"WebPage\",\"@id\":\"https:\\\/\\\/scubamoraira.com\\\/de\\\/padi-enriched-air-diver-speciality\\\/\",\"url\":\"https:\\\/\\\/scubamoraira.com\\\/de\\\/padi-enriched-air-diver-speciality\\\/\",\"name\":\"SSI Enriched Air Diver Speciality &#8226; Scuba Moraira\",\"isPartOf\":{\"@id\":\"https:\\\/\\\/scubamoraira.com\\\/de\\\/#website\"},\"datePublished\":\"2018-03-08T09:21:12+00:00\",\"dateModified\":\"2026-03-20T14:07:06+00:00\",\"breadcrumb\":{\"@id\":\"https:\\\/\\\/scubamoraira.com\\\/de\\\/padi-enriched-air-diver-speciality\\\/#breadcrumb\"},\"inLanguage\":\"es\",\"potentialAction\":[{\"@type\":\"ReadAction\",\"target\":[\"https:\\\/\\\/scubamoraira.com\\\/de\\\/padi-enriched-air-diver-speciality\\\/\"]}]},{\"@type\":\"BreadcrumbList\",\"@id\":\"https:\\\/\\\/scubamoraira.com\\\/de\\\/padi-enriched-air-diver-speciality\\\/#breadcrumb\",\"itemListElement\":[{\"@type\":\"ListItem\",\"position\":1,\"name\":\"Portada\",\"item\":\"https:\\\/\\\/scubamoraira.com\\\/de\\\/\"},{\"@type\":\"ListItem\",\"position\":2,\"name\":\"SSI Enriched Air Diver Speciality\"}]},{\"@type\":\"WebSite\",\"@id\":\"https:\\\/\\\/scubamoraira.com\\\/de\\\/#website\",\"url\":\"https:\\\/\\\/scubamoraira.com\\\/de\\\/\",\"name\":\"Scuba Moraira\",\"description\":\"\",\"potentialAction\":[{\"@type\":\"SearchAction\",\"target\":{\"@type\":\"EntryPoint\",\"urlTemplate\":\"https:\\\/\\\/scubamoraira.com\\\/de\\\/?s={search_term_string}\"},\"query-input\":{\"@type\":\"PropertyValueSpecification\",\"valueRequired\":true,\"valueName\":\"search_term_string\"}}],\"inLanguage\":\"es\"}]}<\/script>\n<!-- \/ Yoast SEO plugin. -->","yoast_head_json":{"title":"SSI Enriched Air Diver Speciality &#8226; Scuba Moraira","robots":{"index":"index","follow":"follow","max-snippet":"max-snippet:-1","max-image-preview":"max-image-preview:large","max-video-preview":"max-video-preview:-1"},"canonical":"https:\/\/scubamoraira.com\/de\/padi-enriched-air-diver-speciality\/","og_locale":"es_ES","og_type":"article","og_title":"SSI Enriched Air Diver Speciality &#8226; Scuba Moraira","og_description":"Der SSI Enriched Air Nitrox Diver Kurs ist der beliebteste Spezialkurs von SSI, und es ist leicht zu erkennen, warum. Das Tauchen mit Enriched Air Nitrox gibt Ihnen mehr Zeit f\u00fcr Tauchg\u00e4nge ohne Dekompression. Das bedeutet mehr Zeit unter Wasser, besonders bei Wiederholungstauchg\u00e4ngen.In der Regel kann man l\u00e4nger tauchen und nach einer k\u00fcrzeren Oberfl\u00e4chenpause wieder [&hellip;]","og_url":"https:\/\/scubamoraira.com\/de\/padi-enriched-air-diver-speciality\/","og_site_name":"Scuba Moraira","article_modified_time":"2026-03-20T14:07:06+00:00","twitter_card":"summary_large_image","twitter_misc":{"Tiempo de lectura":"2 minutos"},"schema":{"@context":"https:\/\/schema.org","@graph":[{"@type":"WebPage","@id":"https:\/\/scubamoraira.com\/de\/padi-enriched-air-diver-speciality\/","url":"https:\/\/scubamoraira.com\/de\/padi-enriched-air-diver-speciality\/","name":"SSI Enriched Air Diver Speciality &#8226; Scuba Moraira","isPartOf":{"@id":"https:\/\/scubamoraira.com\/de\/#website"},"datePublished":"2018-03-08T09:21:12+00:00","dateModified":"2026-03-20T14:07:06+00:00","breadcrumb":{"@id":"https:\/\/scubamoraira.com\/de\/padi-enriched-air-diver-speciality\/#breadcrumb"},"inLanguage":"es","potentialAction":[{"@type":"ReadAction","target":["https:\/\/scubamoraira.com\/de\/padi-enriched-air-diver-speciality\/"]}]},{"@type":"BreadcrumbList","@id":"https:\/\/scubamoraira.com\/de\/padi-enriched-air-diver-speciality\/#breadcrumb","itemListElement":[{"@type":"ListItem","position":1,"name":"Portada","item":"https:\/\/scubamoraira.com\/de\/"},{"@type":"ListItem","position":2,"name":"SSI Enriched Air Diver Speciality"}]},{"@type":"WebSite","@id":"https:\/\/scubamoraira.com\/de\/#website","url":"https:\/\/scubamoraira.com\/de\/","name":"Scuba Moraira","description":"","potentialAction":[{"@type":"SearchAction","target":{"@type":"EntryPoint","urlTemplate":"https:\/\/scubamoraira.com\/de\/?s={search_term_string}"},"query-input":{"@type":"PropertyValueSpecification","valueRequired":true,"valueName":"search_term_string"}}],"inLanguage":"es"}]}},"_links":{"self":[{"href":"https:\/\/scubamoraira.com\/de\/wp-json\/wp\/v2\/pages\/416","targetHints":{"allow":["GET"]}}],"collection":[{"href":"https:\/\/scubamoraira.com\/de\/wp-json\/wp\/v2\/pages"}],"about":[{"href":"https:\/\/scubamoraira.com\/de\/wp-json\/wp\/v2\/types\/page"}],"author":[{"embeddable":true,"href":"https:\/\/scubamoraira.com\/de\/wp-json\/wp\/v2\/users\/3"}],"replies":[{"embeddable":true,"href":"https:\/\/scubamoraira.com\/de\/wp-json\/wp\/v2\/comments?post=416"}],"version-history":[{"count":20,"href":"https:\/\/scubamoraira.com\/de\/wp-json\/wp\/v2\/pages\/416\/revisions"}],"predecessor-version":[{"id":2906,"href":"https:\/\/scubamoraira.com\/de\/wp-json\/wp\/v2\/pages\/416\/revisions\/2906"}],"wp:attachment":[{"href":"https:\/\/scubamoraira.com\/de\/wp-json\/wp\/v2\/media?parent=416"}],"curies":[{"name":"wp","href":"https:\/\/api.w.org\/{rel}","templated":true}]}}