{"id":337,"date":"2018-01-30T12:42:07","date_gmt":"2018-01-30T12:42:07","guid":{"rendered":"https:\/\/scubamoraira.com\/?page_id=337"},"modified":"2024-02-06T14:44:59","modified_gmt":"2024-02-06T14:44:59","slug":"moraira","status":"publish","type":"page","link":"https:\/\/scubamoraira.com\/de\/moraira\/","title":{"rendered":"Moraira"},"content":{"rendered":"<p>[et_pb_section fb_built=\u00bb1&#8243; _builder_version=\u00bb4.16&#8243; background_image=\u00bbhttps:\/\/scubamoraira.com\/wp-content\/uploads\/moraira_beach.jpg\u00bb global_colors_info=\u00bb{}\u00bb][et_pb_row _builder_version=\u00bb4.16&#8243; background_color=\u00bbrgba(47,58,143,0.5)\u00bb custom_padding=\u00bb|50px||50px\u00bb animation_style=\u00bbzoom\u00bb border_radii=\u00bbon|16px|16px|16px|16px\u00bb border_width_all=\u00bb1px\u00bb border_color_all=\u00bbrgba(47,58,143,0.5)\u00bb global_colors_info=\u00bb{}\u00bb][et_pb_column type=\u00bb4_4&#8243; _builder_version=\u00bb4.16&#8243; custom_padding=\u00bb|||\u00bb global_colors_info=\u00bb{}\u00bb custom_padding__hover=\u00bb|||\u00bb][et_pb_text _builder_version=\u00bb4.24.0&#8243; header_text_color=\u00bb#ffffff\u00bb background_layout=\u00bbdark\u00bb animation_style=\u00bbzoom\u00bb hover_enabled=\u00bb0&#8243; global_colors_info=\u00bb{}\u00bb sticky_enabled=\u00bb0&#8243;]<\/p>\n<h1>Moraira\u00b4s\u00a0 traumhafte Str\u00e4nde<\/h1>\n<p>Die 8 km langen Str\u00e4nde, die von der Europ\u00e4ischen Union mit der Blauen Flagge ausgezeichnet und mit dem Zertifikat f\u00fcr Qualit\u00e4tssysteme ISO 9001 und Umweltmanagement ISO 140001 versehen wurden, zeichnen sich durch ihre Sauberkeit, die un\u00fcbertroffene Wasserqualit\u00e4t und das vielf\u00e4ltige und bequeme Angebot an Dienstleistungen und Aktivit\u00e4ten aus.<\/p>\n<p>[\/et_pb_text][\/et_pb_column][\/et_pb_row][\/et_pb_section][et_pb_section fb_built=\u00bb1&#8243; _builder_version=\u00bb4.16&#8243; global_colors_info=\u00bb{}\u00bb][et_pb_row column_structure=\u00bb1_3,1_3,1_3&#8243; _builder_version=\u00bb4.16&#8243; animation_style=\u00bbzoom\u00bb border_radii=\u00bbon|10px|10px|10px|10px\u00bb border_color_all=\u00bb#f2f2f2&#8243; global_colors_info=\u00bb{}\u00bb][et_pb_column type=\u00bb1_3&#8243; _builder_version=\u00bb4.16&#8243; background_color=\u00bb#f2f2f2&#8243; custom_padding=\u00bb30px|30px|30px|30px\u00bb global_colors_info=\u00bb{}\u00bb custom_padding__hover=\u00bb|||\u00bb][et_pb_text _builder_version=\u00bb4.16&#8243; header_text_color=\u00bb#2f3a8f\u00bb global_colors_info=\u00bb{}\u00bb]<\/p>\n<h1>El Portet<\/h1>\n<p>[\/et_pb_text][et_pb_divider show_divider=\u00bboff\u00bb _builder_version=\u00bb4.16&#8243; max_width=\u00bb20%\u00bb height=\u00bb10px\u00bb custom_margin=\u00bb-10px|||\u00bb global_colors_info=\u00bb{}\u00bb][\/et_pb_divider][et_pb_image src=\u00bbhttps:\/\/scubamoraira.com\/wp-content\/uploads\/El-Portet-Beach.jpg\u00bb align_tablet=\u00bbcenter\u00bb align_phone=\u00bb\u00bb align_last_edited=\u00bbon|desktop\u00bb _builder_version=\u00bb4.16&#8243; animation_style=\u00bbslide\u00bb animation_direction=\u00bbtop\u00bb always_center_on_mobile=\u00bbon\u00bb global_colors_info=\u00bb{}\u00bb][\/et_pb_image][et_pb_text _builder_version=\u00bb4.24.0&#8243; header_text_align=\u00bbjustify\u00bb header_font_size=\u00bb16px\u00bb header_line_height=\u00bb1.3em\u00bb text_orientation=\u00bbjustified\u00bb hover_enabled=\u00bb0&#8243; global_colors_info=\u00bb{}\u00bb sticky_enabled=\u00bb0&#8243;]<\/p>\n<h1>Die Halbinsel Cap d&#8217;Or bewacht die Bucht und den Strand von Portet mit seinem feinen Sand und dem kristallklaren Wasser. Der kleine, muschelf\u00f6rmige Strand ist ein idealer Ort f\u00fcr ein ruhiges Bad oder f\u00fcr eine Erkundungstour unter Wasser. Einrichtungen im Sommer: Rettungsschwimmer, W\u00e4chter, Fu\u00dfduschen, WC, Strandpromenade, Parkplatz, Restaurants.<\/h1>\n<p>[\/et_pb_text][\/et_pb_column][et_pb_column type=\u00bb1_3&#8243; _builder_version=\u00bb4.16&#8243; background_color=\u00bb#f2f2f2&#8243; custom_padding=\u00bb30px|30px|30px|30px\u00bb global_colors_info=\u00bb{}\u00bb custom_padding__hover=\u00bb|||\u00bb][et_pb_text _builder_version=\u00bb4.16&#8243; header_text_color=\u00bb#2f3a8f\u00bb global_colors_info=\u00bb{}\u00bb]<\/p>\n<h1>Portixol Cove<\/h1>\n<p>[\/et_pb_text][et_pb_divider show_divider=\u00bboff\u00bb _builder_version=\u00bb4.16&#8243; max_width=\u00bb20%\u00bb height=\u00bb10px\u00bb custom_margin=\u00bb-10px|||\u00bb global_colors_info=\u00bb{}\u00bb][\/et_pb_divider][et_pb_image src=\u00bbhttps:\/\/scubamoraira.com\/wp-content\/uploads\/Portichol-Cove.jpg\u00bb align_tablet=\u00bbcenter\u00bb align_phone=\u00bb\u00bb align_last_edited=\u00bbon|desktop\u00bb _builder_version=\u00bb4.16&#8243; animation_style=\u00bbslide\u00bb animation_direction=\u00bbtop\u00bb always_center_on_mobile=\u00bbon\u00bb global_colors_info=\u00bb{}\u00bb][\/et_pb_image][et_pb_text _builder_version=\u00bb4.24.0&#8243; header_text_align=\u00bbjustify\u00bb header_font_size=\u00bb16px\u00bb header_line_height=\u00bb1.3em\u00bb text_orientation=\u00bbjustified\u00bb hover_enabled=\u00bb0&#8243; global_colors_info=\u00bb{}\u00bb sticky_enabled=\u00bb0&#8243;]<\/p>\n<h1>Auf dem Weg von Moraira zum Strand von El Portet und in der N\u00e4he des Eingangs zum Club Na\u00fatico sto\u00dfen wir auf die abgelegene Bucht von Portixol, die sich hervorragend zum Tauchen und Angeln eignet.<\/h1>\n<p>[\/et_pb_text][\/et_pb_column][et_pb_column type=\u00bb1_3&#8243; _builder_version=\u00bb4.16&#8243; background_color=\u00bb#f2f2f2&#8243; custom_padding=\u00bb30px|30px|30px|30px\u00bb global_colors_info=\u00bb{}\u00bb custom_padding__hover=\u00bb|||\u00bb][et_pb_text _builder_version=\u00bb4.16&#8243; header_text_color=\u00bb#2f3a8f\u00bb global_colors_info=\u00bb{}\u00bb]<\/p>\n<h1>L\u2019Ampolla<\/h1>\n<p>[\/et_pb_text][et_pb_divider show_divider=\u00bboff\u00bb _builder_version=\u00bb4.16&#8243; max_width=\u00bb20%\u00bb height=\u00bb10px\u00bb custom_margin=\u00bb-10px|||\u00bb global_colors_info=\u00bb{}\u00bb][\/et_pb_divider][et_pb_image src=\u00bbhttps:\/\/scubamoraira.com\/wp-content\/uploads\/Lampola-Beach.jpg\u00bb align_tablet=\u00bbcenter\u00bb align_phone=\u00bb\u00bb align_last_edited=\u00bbon|desktop\u00bb _builder_version=\u00bb4.16&#8243; animation_style=\u00bbslide\u00bb animation_direction=\u00bbtop\u00bb always_center_on_mobile=\u00bbon\u00bb global_colors_info=\u00bb{}\u00bb][\/et_pb_image][et_pb_text _builder_version=\u00bb4.24.0&#8243; header_text_align=\u00bbjustify\u00bb header_font_size=\u00bb16px\u00bb header_line_height=\u00bb1.3em\u00bb text_orientation=\u00bbjustified\u00bb hover_enabled=\u00bb0&#8243; global_colors_info=\u00bb{}\u00bb sticky_enabled=\u00bb0&#8243;]<\/p>\n<h1>Am Fu\u00dfe des Castillo befindet sich l&#8217;Ampolla, der belebteste, st\u00e4dtische und gr\u00f6\u00dfte der goldenen feinen Sandstr\u00e4nde der Stadt. Einrichtungen im Sommer: Rettungsschwimmer, W\u00e4chter, Fu\u00dfduschen, WC, Strandpromenaden, Liegest\u00fchle und Sonnenschirme, Tretboote, Restaurant und Kinderspielplatz. Zug\u00e4nglicher Strand: spezielle Einrichtungen f\u00fcr Besucher mit eingeschr\u00e4nkter Bewegungsfreiheit: Amphibienst\u00fchle, spezielle Stege bis zum Wasser, Umkleider\u00e4ume, Toiletten&#8230;<\/h1>\n<p>[\/et_pb_text][\/et_pb_column][\/et_pb_row][et_pb_row column_structure=\u00bb1_3,1_3,1_3&#8243; _builder_version=\u00bb4.16&#8243; animation_style=\u00bbzoom\u00bb border_radii=\u00bbon|10px|10px|10px|10px\u00bb border_color_all=\u00bb#f2f2f2&#8243; global_colors_info=\u00bb{}\u00bb][et_pb_column type=\u00bb1_3&#8243; _builder_version=\u00bb4.16&#8243; background_color=\u00bb#f2f2f2&#8243; custom_padding=\u00bb30px|30px|30px|30px\u00bb global_colors_info=\u00bb{}\u00bb custom_padding__hover=\u00bb|||\u00bb][et_pb_text _builder_version=\u00bb4.24.0&#8243; header_text_color=\u00bb#2f3a8f\u00bb hover_enabled=\u00bb0&#8243; global_colors_info=\u00bb{}\u00bb sticky_enabled=\u00bb0&#8243;]<\/p>\n<h1>Platgetes Str\u00e4nde<\/h1>\n<p>[\/et_pb_text][et_pb_divider show_divider=\u00bboff\u00bb _builder_version=\u00bb4.16&#8243; max_width=\u00bb20%\u00bb height=\u00bb10px\u00bb custom_margin=\u00bb-10px|||\u00bb global_colors_info=\u00bb{}\u00bb][\/et_pb_divider][et_pb_image src=\u00bbhttps:\/\/scubamoraira.com\/wp-content\/uploads\/Platgetes-Beach.jpg\u00bb align_tablet=\u00bbcenter\u00bb align_phone=\u00bb\u00bb align_last_edited=\u00bbon|desktop\u00bb _builder_version=\u00bb4.16&#8243; animation_style=\u00bbslide\u00bb animation_direction=\u00bbtop\u00bb always_center_on_mobile=\u00bbon\u00bb global_colors_info=\u00bb{}\u00bb][\/et_pb_image][et_pb_text _builder_version=\u00bb4.24.0&#8243; header_text_align=\u00bbjustify\u00bb header_font_size=\u00bb16px\u00bb header_line_height=\u00bb1.3em\u00bb text_orientation=\u00bbjustified\u00bb hover_enabled=\u00bb0&#8243; global_colors_info=\u00bb{}\u00bb sticky_enabled=\u00bb0&#8243;]<\/p>\n<h1>Zwei kleine Buchten mit kristallklarem Wasser, die sandige und felsige Bereiche mit einer attraktiven Aussichtspromenade mit G\u00e4rten und Parkplatz kombinieren. Einrichtungen im Sommer: Rettungsschwimmer, W\u00e4chter, Fu\u00dfduschen, WC, Stege, Promenadenaussichtspunkt.<\/h1>\n<p>[\/et_pb_text][\/et_pb_column][et_pb_column type=\u00bb1_3&#8243; _builder_version=\u00bb4.16&#8243; background_color=\u00bb#f2f2f2&#8243; custom_padding=\u00bb30px|30px|30px|30px\u00bb global_colors_info=\u00bb{}\u00bb custom_padding__hover=\u00bb|||\u00bb][et_pb_text _builder_version=\u00bb4.24.0&#8243; header_text_color=\u00bb#2f3a8f\u00bb hover_enabled=\u00bb0&#8243; global_colors_info=\u00bb{}\u00bb sticky_enabled=\u00bb0&#8243;]<\/p>\n<h1>L\u2019Andrago Bucht<\/h1>\n<p>[\/et_pb_text][et_pb_divider show_divider=\u00bboff\u00bb _builder_version=\u00bb4.16&#8243; max_width=\u00bb20%\u00bb height=\u00bb10px\u00bb custom_margin=\u00bb-10px|||\u00bb global_colors_info=\u00bb{}\u00bb][\/et_pb_divider][et_pb_image src=\u00bbhttps:\/\/scubamoraira.com\/wp-content\/uploads\/Andrago-Beach.jpg\u00bb align_tablet=\u00bbcenter\u00bb align_phone=\u00bb\u00bb align_last_edited=\u00bbon|desktop\u00bb _builder_version=\u00bb4.16&#8243; animation_style=\u00bbslide\u00bb animation_direction=\u00bbtop\u00bb always_center_on_mobile=\u00bbon\u00bb global_colors_info=\u00bb{}\u00bb][\/et_pb_image][et_pb_text _builder_version=\u00bb4.24.0&#8243; header_text_align=\u00bbjustify\u00bb header_font_size=\u00bb16px\u00bb header_line_height=\u00bb1.3em\u00bb text_orientation=\u00bbjustified\u00bb hover_enabled=\u00bb0&#8243; global_colors_info=\u00bb{}\u00bb sticky_enabled=\u00bb0&#8243;]<\/p>\n<h1>Die Felsen und die Tiefe des kristallklaren Wassers sind ideal zum Tauchen und Fischen. Ein attraktiver Aussichtspunkt beherrscht die Bucht und bietet einen der meistfotografierten Ausblicke auf die K\u00fcste. Serviceleistungen im Sommer: Rettungsschwimmer, Aussichtspunkt.<\/h1>\n<p>[\/et_pb_text][\/et_pb_column][et_pb_column type=\u00bb1_3&#8243; _builder_version=\u00bb4.16&#8243; background_color=\u00bb#f2f2f2&#8243; custom_padding=\u00bb30px|30px|30px|30px\u00bb global_colors_info=\u00bb{}\u00bb custom_padding__hover=\u00bb|||\u00bb][et_pb_text _builder_version=\u00bb4.24.0&#8243; header_text_color=\u00bb#2f3a8f\u00bb hover_enabled=\u00bb0&#8243; global_colors_info=\u00bb{}\u00bb sticky_enabled=\u00bb0&#8243;]<\/p>\n<h1>Cap Blanc Bucht<\/h1>\n<p>[\/et_pb_text][et_pb_divider show_divider=\u00bboff\u00bb _builder_version=\u00bb4.16&#8243; max_width=\u00bb20%\u00bb height=\u00bb10px\u00bb custom_margin=\u00bb-10px|||\u00bb global_colors_info=\u00bb{}\u00bb][\/et_pb_divider][et_pb_image src=\u00bbhttps:\/\/scubamoraira.com\/wp-content\/uploads\/Cap-Blanc-Cove.jpg\u00bb align_tablet=\u00bbcenter\u00bb align_phone=\u00bb\u00bb align_last_edited=\u00bbon|desktop\u00bb _builder_version=\u00bb4.16&#8243; animation_style=\u00bbslide\u00bb animation_direction=\u00bbtop\u00bb always_center_on_mobile=\u00bbon\u00bb global_colors_info=\u00bb{}\u00bb][\/et_pb_image][et_pb_text _builder_version=\u00bb4.24.0&#8243; header_text_align=\u00bbjustify\u00bb header_font_size=\u00bb16px\u00bb header_line_height=\u00bb1.3em\u00bb text_orientation=\u00bbjustified\u00bb hover_enabled=\u00bb0&#8243; global_colors_info=\u00bb{}\u00bb sticky_enabled=\u00bb0&#8243;]<\/p>\n<h1>Seine Ruhe und Sch\u00f6nheit bieten unschlagbare Vorteile f\u00fcr Taucher und Angler, aber auch f\u00fcr Sonnenanbeter und Badeg\u00e4ste. Das manchmal raue Wasser hebt die Sch\u00f6nheit der Felsen hervor, die durch die Bewegung des Wassers st\u00e4ndig poliert werden.<\/h1>\n<p>[\/et_pb_text][\/et_pb_column][\/et_pb_row][\/et_pb_section]<\/p>\n","protected":false},"excerpt":{"rendered":"<p>Moraira\u00b4s\u00a0 traumhafte Str\u00e4nde Die 8 km langen Str\u00e4nde, die von der Europ\u00e4ischen Union mit der Blauen Flagge ausgezeichnet und mit dem Zertifikat f\u00fcr Qualit\u00e4tssysteme ISO 9001 und Umweltmanagement ISO 140001 versehen wurden, zeichnen sich durch ihre Sauberkeit, die un\u00fcbertroffene Wasserqualit\u00e4t und das vielf\u00e4ltige und bequeme Angebot an Dienstleistungen und Aktivit\u00e4ten aus.El Portet Die Halbinsel Cap [&hellip;]<\/p>\n","protected":false},"author":3,"featured_media":0,"parent":0,"menu_order":0,"comment_status":"closed","ping_status":"closed","template":"","meta":{"_et_pb_use_builder":"on","_et_pb_old_content":"","_et_gb_content_width":"","footnotes":""},"class_list":["post-337","page","type-page","status-publish","hentry"],"yoast_head":"<!-- This site is optimized with the Yoast SEO plugin v27.4 - https:\/\/yoast.com\/product\/yoast-seo-wordpress\/ -->\n<title>Moraira &#8226; Scuba Moraira<\/title>\n<meta name=\"robots\" content=\"index, follow, max-snippet:-1, max-image-preview:large, max-video-preview:-1\" \/>\n<link rel=\"canonical\" href=\"https:\/\/scubamoraira.com\/de\/moraira\/\" \/>\n<meta property=\"og:locale\" content=\"es_ES\" \/>\n<meta property=\"og:type\" content=\"article\" \/>\n<meta property=\"og:title\" content=\"Moraira &#8226; Scuba Moraira\" \/>\n<meta property=\"og:description\" content=\"Moraira\u00b4s\u00a0 traumhafte Str\u00e4nde Die 8 km langen Str\u00e4nde, die von der Europ\u00e4ischen Union mit der Blauen Flagge ausgezeichnet und mit dem Zertifikat f\u00fcr Qualit\u00e4tssysteme ISO 9001 und Umweltmanagement ISO 140001 versehen wurden, zeichnen sich durch ihre Sauberkeit, die un\u00fcbertroffene Wasserqualit\u00e4t und das vielf\u00e4ltige und bequeme Angebot an Dienstleistungen und Aktivit\u00e4ten aus.El Portet Die Halbinsel Cap [&hellip;]\" \/>\n<meta property=\"og:url\" content=\"https:\/\/scubamoraira.com\/de\/moraira\/\" \/>\n<meta property=\"og:site_name\" content=\"Scuba Moraira\" \/>\n<meta property=\"article:modified_time\" content=\"2024-02-06T14:44:59+00:00\" \/>\n<meta name=\"twitter:card\" content=\"summary_large_image\" \/>\n<meta name=\"twitter:label1\" content=\"Tiempo de lectura\" \/>\n\t<meta name=\"twitter:data1\" content=\"3 minutos\" \/>\n<script type=\"application\/ld+json\" class=\"yoast-schema-graph\">{\"@context\":\"https:\\\/\\\/schema.org\",\"@graph\":[{\"@type\":\"WebPage\",\"@id\":\"https:\\\/\\\/scubamoraira.com\\\/de\\\/moraira\\\/\",\"url\":\"https:\\\/\\\/scubamoraira.com\\\/de\\\/moraira\\\/\",\"name\":\"Moraira &#8226; Scuba Moraira\",\"isPartOf\":{\"@id\":\"https:\\\/\\\/scubamoraira.com\\\/de\\\/#website\"},\"datePublished\":\"2018-01-30T12:42:07+00:00\",\"dateModified\":\"2024-02-06T14:44:59+00:00\",\"breadcrumb\":{\"@id\":\"https:\\\/\\\/scubamoraira.com\\\/de\\\/moraira\\\/#breadcrumb\"},\"inLanguage\":\"es\",\"potentialAction\":[{\"@type\":\"ReadAction\",\"target\":[\"https:\\\/\\\/scubamoraira.com\\\/de\\\/moraira\\\/\"]}]},{\"@type\":\"BreadcrumbList\",\"@id\":\"https:\\\/\\\/scubamoraira.com\\\/de\\\/moraira\\\/#breadcrumb\",\"itemListElement\":[{\"@type\":\"ListItem\",\"position\":1,\"name\":\"Portada\",\"item\":\"https:\\\/\\\/scubamoraira.com\\\/de\\\/\"},{\"@type\":\"ListItem\",\"position\":2,\"name\":\"Moraira\"}]},{\"@type\":\"WebSite\",\"@id\":\"https:\\\/\\\/scubamoraira.com\\\/de\\\/#website\",\"url\":\"https:\\\/\\\/scubamoraira.com\\\/de\\\/\",\"name\":\"Scuba Moraira\",\"description\":\"\",\"potentialAction\":[{\"@type\":\"SearchAction\",\"target\":{\"@type\":\"EntryPoint\",\"urlTemplate\":\"https:\\\/\\\/scubamoraira.com\\\/de\\\/?s={search_term_string}\"},\"query-input\":{\"@type\":\"PropertyValueSpecification\",\"valueRequired\":true,\"valueName\":\"search_term_string\"}}],\"inLanguage\":\"es\"}]}<\/script>\n<!-- \/ Yoast SEO plugin. -->","yoast_head_json":{"title":"Moraira &#8226; Scuba Moraira","robots":{"index":"index","follow":"follow","max-snippet":"max-snippet:-1","max-image-preview":"max-image-preview:large","max-video-preview":"max-video-preview:-1"},"canonical":"https:\/\/scubamoraira.com\/de\/moraira\/","og_locale":"es_ES","og_type":"article","og_title":"Moraira &#8226; Scuba Moraira","og_description":"Moraira\u00b4s\u00a0 traumhafte Str\u00e4nde Die 8 km langen Str\u00e4nde, die von der Europ\u00e4ischen Union mit der Blauen Flagge ausgezeichnet und mit dem Zertifikat f\u00fcr Qualit\u00e4tssysteme ISO 9001 und Umweltmanagement ISO 140001 versehen wurden, zeichnen sich durch ihre Sauberkeit, die un\u00fcbertroffene Wasserqualit\u00e4t und das vielf\u00e4ltige und bequeme Angebot an Dienstleistungen und Aktivit\u00e4ten aus.El Portet Die Halbinsel Cap [&hellip;]","og_url":"https:\/\/scubamoraira.com\/de\/moraira\/","og_site_name":"Scuba Moraira","article_modified_time":"2024-02-06T14:44:59+00:00","twitter_card":"summary_large_image","twitter_misc":{"Tiempo de lectura":"3 minutos"},"schema":{"@context":"https:\/\/schema.org","@graph":[{"@type":"WebPage","@id":"https:\/\/scubamoraira.com\/de\/moraira\/","url":"https:\/\/scubamoraira.com\/de\/moraira\/","name":"Moraira &#8226; Scuba Moraira","isPartOf":{"@id":"https:\/\/scubamoraira.com\/de\/#website"},"datePublished":"2018-01-30T12:42:07+00:00","dateModified":"2024-02-06T14:44:59+00:00","breadcrumb":{"@id":"https:\/\/scubamoraira.com\/de\/moraira\/#breadcrumb"},"inLanguage":"es","potentialAction":[{"@type":"ReadAction","target":["https:\/\/scubamoraira.com\/de\/moraira\/"]}]},{"@type":"BreadcrumbList","@id":"https:\/\/scubamoraira.com\/de\/moraira\/#breadcrumb","itemListElement":[{"@type":"ListItem","position":1,"name":"Portada","item":"https:\/\/scubamoraira.com\/de\/"},{"@type":"ListItem","position":2,"name":"Moraira"}]},{"@type":"WebSite","@id":"https:\/\/scubamoraira.com\/de\/#website","url":"https:\/\/scubamoraira.com\/de\/","name":"Scuba Moraira","description":"","potentialAction":[{"@type":"SearchAction","target":{"@type":"EntryPoint","urlTemplate":"https:\/\/scubamoraira.com\/de\/?s={search_term_string}"},"query-input":{"@type":"PropertyValueSpecification","valueRequired":true,"valueName":"search_term_string"}}],"inLanguage":"es"}]}},"_links":{"self":[{"href":"https:\/\/scubamoraira.com\/de\/wp-json\/wp\/v2\/pages\/337","targetHints":{"allow":["GET"]}}],"collection":[{"href":"https:\/\/scubamoraira.com\/de\/wp-json\/wp\/v2\/pages"}],"about":[{"href":"https:\/\/scubamoraira.com\/de\/wp-json\/wp\/v2\/types\/page"}],"author":[{"embeddable":true,"href":"https:\/\/scubamoraira.com\/de\/wp-json\/wp\/v2\/users\/3"}],"replies":[{"embeddable":true,"href":"https:\/\/scubamoraira.com\/de\/wp-json\/wp\/v2\/comments?post=337"}],"version-history":[{"count":6,"href":"https:\/\/scubamoraira.com\/de\/wp-json\/wp\/v2\/pages\/337\/revisions"}],"predecessor-version":[{"id":2489,"href":"https:\/\/scubamoraira.com\/de\/wp-json\/wp\/v2\/pages\/337\/revisions\/2489"}],"wp:attachment":[{"href":"https:\/\/scubamoraira.com\/de\/wp-json\/wp\/v2\/media?parent=337"}],"curies":[{"name":"wp","href":"https:\/\/api.w.org\/{rel}","templated":true}]}}