{"id":2342,"date":"2024-01-26T10:10:11","date_gmt":"2024-01-26T10:10:11","guid":{"rendered":"https:\/\/scubamoraira.com\/de\/?page_id=2342"},"modified":"2026-03-20T14:02:04","modified_gmt":"2026-03-20T14:02:04","slug":"ssi-assistant-instructor-iso24802-1-course","status":"publish","type":"page","link":"https:\/\/scubamoraira.com\/de\/ssi-assistant-instructor-iso24802-1-course\/","title":{"rendered":"SSI Assistant Instructor (ISO24802-1) Course"},"content":{"rendered":"<p>[et_pb_section fb_built=\u00bb1&#8243; fullwidth=\u00bbon\u00bb _builder_version=\u00bb4.16&#8243; background_color=\u00bb#e2242e\u00bb global_colors_info=\u00bb{}\u00bb][et_pb_fullwidth_header title=\u00bbSSI Assistant Instructor (ISO24802-1) Kurs\u00bb _builder_version=\u00bb4.24.0&#8243; title_font=\u00bbStardos Stencil||||||||\u00bb background_color=\u00bbrgba(255, 255, 255, 0)\u00bb animation_style=\u00bbbounce\u00bb title_text_shadow_style=\u00bbpreset1&#8243; title_text_shadow_color=\u00bb#000000&#8243; global_colors_info=\u00bb{}\u00bb button_one_text_size__hover_enabled=\u00bboff\u00bb button_two_text_size__hover_enabled=\u00bboff\u00bb button_one_text_color__hover_enabled=\u00bboff\u00bb button_two_text_color__hover_enabled=\u00bboff\u00bb button_one_border_width__hover_enabled=\u00bboff\u00bb button_two_border_width__hover_enabled=\u00bboff\u00bb button_one_border_color__hover_enabled=\u00bboff\u00bb button_two_border_color__hover_enabled=\u00bboff\u00bb button_one_border_radius__hover_enabled=\u00bboff\u00bb button_two_border_radius__hover_enabled=\u00bboff\u00bb button_one_letter_spacing__hover_enabled=\u00bboff\u00bb button_two_letter_spacing__hover_enabled=\u00bboff\u00bb button_one_bg_color__hover_enabled=\u00bboff\u00bb button_two_bg_color__hover_enabled=\u00bboff\u00bb][\/et_pb_fullwidth_header][\/et_pb_section][et_pb_section fb_built=\u00bb1&#8243; _builder_version=\u00bb4.16&#8243; background_color=\u00bb#f2f2f2&#8243; custom_padding=\u00bb90px||90px|||\u00bb global_colors_info=\u00bb{}\u00bb][et_pb_row column_structure=\u00bb1_3,1_3,1_3&#8243; _builder_version=\u00bb4.16&#8243; background_size=\u00bbinitial\u00bb background_position=\u00bbtop_left\u00bb background_repeat=\u00bbrepeat\u00bb module_alignment=\u00bbcenter\u00bb custom_margin=\u00bb1px|auto||auto||\u00bb custom_padding=\u00bb|0px||||\u00bb global_colors_info=\u00bb{}\u00bb][et_pb_column type=\u00bb1_3&#8243; _builder_version=\u00bb4.16&#8243; _module_preset=\u00bbdefault\u00bb global_colors_info=\u00bb{}\u00bb][et_pb_image src=\u00bbhttps:\/\/scubamoraira.com\/de\/wp-content\/uploads\/Presentation-Assistant-Instructor.jpg\u00bb title_text=\u00bbPresentation-Assistant Instructor\u00bb _builder_version=\u00bb4.21.0&#8243; _module_preset=\u00bbdefault\u00bb animation_style=\u00bbbounce\u00bb border_radii=\u00bbon|16px|16px|16px|16px\u00bb box_shadow_style=\u00bbpreset1&#8243; box_shadow_color=\u00bb#000000&#8243; global_colors_info=\u00bb{}\u00bb][\/et_pb_image][\/et_pb_column][et_pb_column type=\u00bb1_3&#8243; _builder_version=\u00bb4.16&#8243; custom_padding=\u00bb|||\u00bb global_colors_info=\u00bb{}\u00bb custom_padding__hover=\u00bb|||\u00bb][et_pb_text _builder_version=\u00bb4.24.0&#8243; header_text_color=\u00bb#2f3a8f\u00bb animation_style=\u00bbzoom\u00bb global_colors_info=\u00bb{}\u00bb]<\/p>\n<h3>In der Sporttauchbranche gibt es eine gro\u00dfe Nachfrage nach leidenschaftlichen Tauchern, die ihre Liebe zum Sport und zur Unterwasserwelt mit anderen teilen k\u00f6nnen. SSI Assistant Instructoren und SSI Open Water Instructoren sind das R\u00fcckgrat der Tauchindustrie. Sie lehren neue Taucher, die Unterwasserwelt sicher zu erkunden und unterrichten Weiterbildungsprogramme, die lebenslange, begeisterte Taucher hervorbringen. Dieses Programm wird dich zu einem gut vorbereiteten, vielseitigen und vermarktungsf\u00e4higen SSi Professional machen, der in der Lage ist, sowohl Einsteigern als auch erfahrenen Tauchern eine qualitativ hochwertige Ausbildung zu bieten. Es soll Spa\u00df machen und eine Herausforderung sein, bei der du neue Fertigkeiten und Kenntnisse erlernst, die deine F\u00e4higkeiten als SSI-Profi verbessern werden. Es wird von Ihnen erwartet, dass Sie Fragen stellen und eine aktive Rolle in diesem Prozess \u00fcbernehmen.<\/h3>\n<p>[\/et_pb_text][\/et_pb_column][et_pb_column type=\u00bb1_3&#8243; _builder_version=\u00bb4.16&#8243; custom_padding=\u00bb|||\u00bb global_colors_info=\u00bb{}\u00bb custom_padding__hover=\u00bb|||\u00bb][et_pb_blurb title=\u00bbVoraussetzungen\u00bb use_icon=\u00bbon\u00bb font_icon=\u00bb&#x52;||divi||400&#8243; icon_color=\u00bb#FFFFFF\u00bb image_icon_width=\u00bb40px\u00bb _builder_version=\u00bb4.24.0&#8243; header_level=\u00bbh2&#8243; header_text_align=\u00bbcenter\u00bb header_text_color=\u00bb#ffffff\u00bb background_color=\u00bb#599ecd\u00bb text_orientation=\u00bbcenter\u00bb background_layout=\u00bbdark\u00bb custom_margin=\u00bb0px||||false|false\u00bb animation_style=\u00bbzoom\u00bb border_radii=\u00bbon|16px|16px|16px|16px\u00bb box_shadow_style=\u00bbpreset1&#8243; box_shadow_color=\u00bb#000000&#8243; icon_font_size=\u00bb40px\u00bb global_colors_info=\u00bb{}\u00bb]<\/p>\n<p style=\"padding-left: 40px; text-align: center;\"><span style=\"color: #ffffff;\"><\/span><span style=\"color: #ffffff;\">18 Jahre alt<\/span><\/p>\n<p style=\"padding-left: 40px; text-align: center;\"><span style=\"color: #ffffff;\">SSI Divemaster oder vergleichbar<\/span><span style=\"color: #ffffff;\"><\/span><\/p>\n<p style=\"padding-left: 40px; text-align: center;\"><span style=\"color: #ffffff;\">min. 75 best\u00e4tigte Tauchg\u00e4nge<\/span><\/p>\n<p style=\"padding-left: 40px; text-align: center;\"><span style=\"color: #ffffff;\"><\/span><\/p>\n<p><span style=\"color: #ffffff;\"><\/span><\/p>\n<p>[\/et_pb_blurb][\/et_pb_column][\/et_pb_row][\/et_pb_section][et_pb_section fb_built=\u00bb1&#8243; _builder_version=\u00bb4.16&#8243; global_colors_info=\u00bb{}\u00bb][et_pb_row _builder_version=\u00bb4.16&#8243; border_radii=\u00bbon|10px|10px|10px|10px\u00bb border_color_all=\u00bb#f2f2f2&#8243; global_colors_info=\u00bb{}\u00bb][et_pb_column type=\u00bb4_4&#8243; _builder_version=\u00bb4.16&#8243; custom_padding=\u00bb|||\u00bb global_colors_info=\u00bb{}\u00bb custom_padding__hover=\u00bb|||\u00bb][et_pb_tabs active_tab_background_color=\u00bb#2f3a8f\u00bb inactive_tab_background_color=\u00bb#939393&#8243; _builder_version=\u00bb4.27.4&#8243; tab_text_color=\u00bb#2f3a8f\u00bb animation_style=\u00bbzoom\u00bb hover_enabled=\u00bb0&#8243; global_colors_info=\u00bb{}\u00bb sticky_enabled=\u00bb0&#8243;][et_pb_tab title=\u00bbWie es abl\u00e4uft?\u00bb _builder_version=\u00bb4.24.0&#8243; body_text_align=\u00bbjustify\u00bb tab_text_color=\u00bb#ffffff\u00bb tab_font_size=\u00bb18&#8243; tab_font_size_tablet=\u00bb18&#8243; tab_font_size_phone=\u00bb18&#8243; global_colors_info=\u00bb{}\u00bb]<\/p>\n<p>Nachdem Sie die MySSI App heruntergeladen haben, m\u00fcssen Sie sich f\u00fcr den SSI Assistant Instructor Kurs anmelden. Dann erhalten Sie das digitale Lernmaterial mit interaktiven Pr\u00e4sentationen, die Videos, Audio, Grafiken und Lekt\u00fcre beinhalten. Kurze Quizfragen erm\u00f6glichen es Ihnen, Ihren Fortschritt zu messen und alles zu \u00fcberpr\u00fcfen und zu korrigieren, was Sie vielleicht verpasst haben. So k\u00f6nnen Sie das Programm effizient und in Ihrem eigenen Tempo durchlaufen.<\/p>\n<p>[\/et_pb_tab][et_pb_tab title=\u00bbVorteile\u00bb _builder_version=\u00bb4.24.0&#8243; _module_preset=\u00bbdefault\u00bb body_text_color=\u00bb#FFFFFF\u00bb tab_text_color=\u00bb#FFFFFF\u00bb tab_font_size=\u00bb18px\u00bb global_colors_info=\u00bb{}\u00bb]<\/p>\n<p>Nach Bestehen dieses Kurses k\u00f6nnen Sie:<\/p>\n<ul>\n<li>zertifizierte Taucher auf Sporttauchg\u00e4ngen f\u00fchren<\/li>\n<li>unterrichten, beaufsichtigen und Anerkennungs- oder Zertifizierungskarten f\u00fcr Try Scuba, Scuba Skills Update und die Perfect Buoyancy Speciality ausstellen<\/li>\n<li>unterrichten, beaufsichtigen und Anerkennungskarten f\u00fcr den SSI-Schnorcheltaucherkurs ausstellen<\/li>\n<li>bei Tauchg\u00e4ngen der Freiwasserausbildung assistieren, wenn Sie nicht mehr als 2 Sch\u00fcler gleichzeitig auf Ausflugstauchg\u00e4nge mitnehmen<\/li>\n<li>sich als Ausbildungsspezialist f\u00fcr alle SSI-\u00d6kologie-Programme qualifizieren<\/li>\n<li>sich zu einem SSI-Instruktorenkurs anmelden<\/li>\n<\/ul>\n<p>[\/et_pb_tab][\/et_pb_tabs][\/et_pb_column][\/et_pb_row][\/et_pb_section][et_pb_section fb_built=\u00bb1&#8243; _builder_version=\u00bb4.16&#8243; background_image=\u00bbhttps:\/\/scubamoraira.com\/wp-content\/uploads\/cta_scuba.jpg\u00bb global_colors_info=\u00bb{}\u00bb][et_pb_row column_structure=\u00bb1_3,2_3&#8243; _builder_version=\u00bb4.16&#8243; background_size=\u00bbinitial\u00bb background_position=\u00bbtop_left\u00bb background_repeat=\u00bbrepeat\u00bb global_colors_info=\u00bb{}\u00bb][et_pb_column type=\u00bb1_3&#8243; _builder_version=\u00bb4.16&#8243; custom_padding=\u00bb|||\u00bb global_colors_info=\u00bb{}\u00bb custom_padding__hover=\u00bb|||\u00bb][\/et_pb_column][et_pb_column type=\u00bb2_3&#8243; _builder_version=\u00bb4.16&#8243; custom_padding=\u00bb|||\u00bb global_colors_info=\u00bb{}\u00bb custom_padding__hover=\u00bb|||\u00bb][et_pb_text _builder_version=\u00bb4.24.0&#8243; text_font_size=\u00bb18px\u00bb header_font=\u00bbStardos Stencil||||||||\u00bb header_font_size=\u00bb35px\u00bb background_layout=\u00bbdark\u00bb animation_style=\u00bbslide\u00bb animation_direction=\u00bbtop\u00bb global_colors_info=\u00bb{}\u00bb]<\/p>\n<h1 class=\"blue\">Ihr n\u00e4chstes Abenteuer!<\/h1>\n<p>Der SSI Assistant Instructor Kurs kann mit allen Spezialisierungen des Sporttauchens und den SSI Instructor Ausbildungskursen kombiniert werden!<\/p>\n<p>[\/et_pb_text][et_pb_button button_url=\u00bbhttps:\/\/scubamoraira.com\/de\/courses\/%20&#8243; button_text=\u00bbMehr Kurse!\u00bb button_alignment=\u00bbleft\u00bb _builder_version=\u00bb4.24.0&#8243; custom_button=\u00bbon\u00bb button_text_size=\u00bb18&#8243; button_text_color=\u00bb#ffffff\u00bb button_bg_color=\u00bb#2f3a8f\u00bb button_border_width=\u00bb1&#8243; button_border_color=\u00bb#2f3a8f\u00bb button_icon=\u00bb&#x4e;||divi||400&#8243; button_icon_color=\u00bb#ffffff\u00bb button_text_color_hover=\u00bb#ffffff\u00bb button_border_color_hover=\u00bb#e2242e\u00bb button_bg_color_hover=\u00bb#e2242e\u00bb global_colors_info=\u00bb{}\u00bb button_text_size__hover_enabled=\u00bboff\u00bb button_one_text_size__hover_enabled=\u00bboff\u00bb button_two_text_size__hover_enabled=\u00bboff\u00bb button_text_color__hover_enabled=\u00bbon\u00bb button_text_color__hover=\u00bb#ffffff\u00bb button_one_text_color__hover_enabled=\u00bboff\u00bb button_two_text_color__hover_enabled=\u00bboff\u00bb button_border_width__hover_enabled=\u00bboff\u00bb button_one_border_width__hover_enabled=\u00bboff\u00bb button_two_border_width__hover_enabled=\u00bboff\u00bb button_border_color__hover_enabled=\u00bbon\u00bb button_border_color__hover=\u00bb#e2242e\u00bb button_one_border_color__hover_enabled=\u00bboff\u00bb button_two_border_color__hover_enabled=\u00bboff\u00bb button_border_radius__hover_enabled=\u00bboff\u00bb button_one_border_radius__hover_enabled=\u00bboff\u00bb button_two_border_radius__hover_enabled=\u00bboff\u00bb button_letter_spacing__hover_enabled=\u00bboff\u00bb button_one_letter_spacing__hover_enabled=\u00bboff\u00bb button_two_letter_spacing__hover_enabled=\u00bboff\u00bb button_bg_color__hover_enabled=\u00bbon\u00bb button_bg_color__hover=\u00bb#e2242e\u00bb button_one_bg_color__hover_enabled=\u00bboff\u00bb button_two_bg_color__hover_enabled=\u00bboff\u00bb][\/et_pb_button][\/et_pb_column][\/et_pb_row][\/et_pb_section]<\/p>\n","protected":false},"excerpt":{"rendered":"<p>In der Sporttauchbranche gibt es eine gro\u00dfe Nachfrage nach leidenschaftlichen Tauchern, die ihre Liebe zum Sport und zur Unterwasserwelt mit anderen teilen k\u00f6nnen. SSI Assistant Instructoren und SSI Open Water Instructoren sind das R\u00fcckgrat der Tauchindustrie. Sie lehren neue Taucher, die Unterwasserwelt sicher zu erkunden und unterrichten Weiterbildungsprogramme, die lebenslange, begeisterte Taucher hervorbringen. Dieses Programm [&hellip;]<\/p>\n","protected":false},"author":2,"featured_media":0,"parent":0,"menu_order":0,"comment_status":"closed","ping_status":"closed","template":"","meta":{"_et_pb_use_builder":"on","_et_pb_old_content":"","_et_gb_content_width":"","footnotes":""},"class_list":["post-2342","page","type-page","status-publish","hentry"],"yoast_head":"<!-- This site is optimized with the Yoast SEO plugin v27.5 - https:\/\/yoast.com\/product\/yoast-seo-wordpress\/ -->\n<title>SSI Assistant Instructor (ISO24802-1) Course &#8226; Scuba Moraira<\/title>\n<meta name=\"robots\" content=\"index, follow, max-snippet:-1, max-image-preview:large, max-video-preview:-1\" \/>\n<link rel=\"canonical\" href=\"https:\/\/scubamoraira.com\/de\/ssi-assistant-instructor-iso24802-1-course\/\" \/>\n<meta property=\"og:locale\" content=\"es_ES\" \/>\n<meta property=\"og:type\" content=\"article\" \/>\n<meta property=\"og:title\" content=\"SSI Assistant Instructor (ISO24802-1) Course &#8226; Scuba Moraira\" \/>\n<meta property=\"og:description\" content=\"In der Sporttauchbranche gibt es eine gro\u00dfe Nachfrage nach leidenschaftlichen Tauchern, die ihre Liebe zum Sport und zur Unterwasserwelt mit anderen teilen k\u00f6nnen. SSI Assistant Instructoren und SSI Open Water Instructoren sind das R\u00fcckgrat der Tauchindustrie. Sie lehren neue Taucher, die Unterwasserwelt sicher zu erkunden und unterrichten Weiterbildungsprogramme, die lebenslange, begeisterte Taucher hervorbringen. Dieses Programm [&hellip;]\" \/>\n<meta property=\"og:url\" content=\"https:\/\/scubamoraira.com\/de\/ssi-assistant-instructor-iso24802-1-course\/\" \/>\n<meta property=\"og:site_name\" content=\"Scuba Moraira\" \/>\n<meta property=\"article:modified_time\" content=\"2026-03-20T14:02:04+00:00\" \/>\n<meta name=\"twitter:card\" content=\"summary_large_image\" \/>\n<meta name=\"twitter:label1\" content=\"Tiempo de lectura\" \/>\n\t<meta name=\"twitter:data1\" content=\"2 minutos\" \/>\n<script type=\"application\/ld+json\" class=\"yoast-schema-graph\">{\"@context\":\"https:\\\/\\\/schema.org\",\"@graph\":[{\"@type\":\"WebPage\",\"@id\":\"https:\\\/\\\/scubamoraira.com\\\/de\\\/ssi-assistant-instructor-iso24802-1-course\\\/\",\"url\":\"https:\\\/\\\/scubamoraira.com\\\/de\\\/ssi-assistant-instructor-iso24802-1-course\\\/\",\"name\":\"SSI Assistant Instructor (ISO24802-1) Course &#8226; Scuba Moraira\",\"isPartOf\":{\"@id\":\"https:\\\/\\\/scubamoraira.com\\\/de\\\/#website\"},\"datePublished\":\"2024-01-26T10:10:11+00:00\",\"dateModified\":\"2026-03-20T14:02:04+00:00\",\"breadcrumb\":{\"@id\":\"https:\\\/\\\/scubamoraira.com\\\/de\\\/ssi-assistant-instructor-iso24802-1-course\\\/#breadcrumb\"},\"inLanguage\":\"es\",\"potentialAction\":[{\"@type\":\"ReadAction\",\"target\":[\"https:\\\/\\\/scubamoraira.com\\\/de\\\/ssi-assistant-instructor-iso24802-1-course\\\/\"]}]},{\"@type\":\"BreadcrumbList\",\"@id\":\"https:\\\/\\\/scubamoraira.com\\\/de\\\/ssi-assistant-instructor-iso24802-1-course\\\/#breadcrumb\",\"itemListElement\":[{\"@type\":\"ListItem\",\"position\":1,\"name\":\"Portada\",\"item\":\"https:\\\/\\\/scubamoraira.com\\\/de\\\/\"},{\"@type\":\"ListItem\",\"position\":2,\"name\":\"SSI Assistant Instructor (ISO24802-1) Course\"}]},{\"@type\":\"WebSite\",\"@id\":\"https:\\\/\\\/scubamoraira.com\\\/de\\\/#website\",\"url\":\"https:\\\/\\\/scubamoraira.com\\\/de\\\/\",\"name\":\"Scuba Moraira\",\"description\":\"\",\"potentialAction\":[{\"@type\":\"SearchAction\",\"target\":{\"@type\":\"EntryPoint\",\"urlTemplate\":\"https:\\\/\\\/scubamoraira.com\\\/de\\\/?s={search_term_string}\"},\"query-input\":{\"@type\":\"PropertyValueSpecification\",\"valueRequired\":true,\"valueName\":\"search_term_string\"}}],\"inLanguage\":\"es\"}]}<\/script>\n<!-- \/ Yoast SEO plugin. -->","yoast_head_json":{"title":"SSI Assistant Instructor (ISO24802-1) Course &#8226; Scuba Moraira","robots":{"index":"index","follow":"follow","max-snippet":"max-snippet:-1","max-image-preview":"max-image-preview:large","max-video-preview":"max-video-preview:-1"},"canonical":"https:\/\/scubamoraira.com\/de\/ssi-assistant-instructor-iso24802-1-course\/","og_locale":"es_ES","og_type":"article","og_title":"SSI Assistant Instructor (ISO24802-1) Course &#8226; Scuba Moraira","og_description":"In der Sporttauchbranche gibt es eine gro\u00dfe Nachfrage nach leidenschaftlichen Tauchern, die ihre Liebe zum Sport und zur Unterwasserwelt mit anderen teilen k\u00f6nnen. SSI Assistant Instructoren und SSI Open Water Instructoren sind das R\u00fcckgrat der Tauchindustrie. Sie lehren neue Taucher, die Unterwasserwelt sicher zu erkunden und unterrichten Weiterbildungsprogramme, die lebenslange, begeisterte Taucher hervorbringen. Dieses Programm [&hellip;]","og_url":"https:\/\/scubamoraira.com\/de\/ssi-assistant-instructor-iso24802-1-course\/","og_site_name":"Scuba Moraira","article_modified_time":"2026-03-20T14:02:04+00:00","twitter_card":"summary_large_image","twitter_misc":{"Tiempo de lectura":"2 minutos"},"schema":{"@context":"https:\/\/schema.org","@graph":[{"@type":"WebPage","@id":"https:\/\/scubamoraira.com\/de\/ssi-assistant-instructor-iso24802-1-course\/","url":"https:\/\/scubamoraira.com\/de\/ssi-assistant-instructor-iso24802-1-course\/","name":"SSI Assistant Instructor (ISO24802-1) Course &#8226; Scuba Moraira","isPartOf":{"@id":"https:\/\/scubamoraira.com\/de\/#website"},"datePublished":"2024-01-26T10:10:11+00:00","dateModified":"2026-03-20T14:02:04+00:00","breadcrumb":{"@id":"https:\/\/scubamoraira.com\/de\/ssi-assistant-instructor-iso24802-1-course\/#breadcrumb"},"inLanguage":"es","potentialAction":[{"@type":"ReadAction","target":["https:\/\/scubamoraira.com\/de\/ssi-assistant-instructor-iso24802-1-course\/"]}]},{"@type":"BreadcrumbList","@id":"https:\/\/scubamoraira.com\/de\/ssi-assistant-instructor-iso24802-1-course\/#breadcrumb","itemListElement":[{"@type":"ListItem","position":1,"name":"Portada","item":"https:\/\/scubamoraira.com\/de\/"},{"@type":"ListItem","position":2,"name":"SSI Assistant Instructor (ISO24802-1) Course"}]},{"@type":"WebSite","@id":"https:\/\/scubamoraira.com\/de\/#website","url":"https:\/\/scubamoraira.com\/de\/","name":"Scuba Moraira","description":"","potentialAction":[{"@type":"SearchAction","target":{"@type":"EntryPoint","urlTemplate":"https:\/\/scubamoraira.com\/de\/?s={search_term_string}"},"query-input":{"@type":"PropertyValueSpecification","valueRequired":true,"valueName":"search_term_string"}}],"inLanguage":"es"}]}},"_links":{"self":[{"href":"https:\/\/scubamoraira.com\/de\/wp-json\/wp\/v2\/pages\/2342","targetHints":{"allow":["GET"]}}],"collection":[{"href":"https:\/\/scubamoraira.com\/de\/wp-json\/wp\/v2\/pages"}],"about":[{"href":"https:\/\/scubamoraira.com\/de\/wp-json\/wp\/v2\/types\/page"}],"author":[{"embeddable":true,"href":"https:\/\/scubamoraira.com\/de\/wp-json\/wp\/v2\/users\/2"}],"replies":[{"embeddable":true,"href":"https:\/\/scubamoraira.com\/de\/wp-json\/wp\/v2\/comments?post=2342"}],"version-history":[{"count":9,"href":"https:\/\/scubamoraira.com\/de\/wp-json\/wp\/v2\/pages\/2342\/revisions"}],"predecessor-version":[{"id":2896,"href":"https:\/\/scubamoraira.com\/de\/wp-json\/wp\/v2\/pages\/2342\/revisions\/2896"}],"wp:attachment":[{"href":"https:\/\/scubamoraira.com\/de\/wp-json\/wp\/v2\/media?parent=2342"}],"curies":[{"name":"wp","href":"https:\/\/api.w.org\/{rel}","templated":true}]}}