{"id":2283,"date":"2024-01-22T11:44:49","date_gmt":"2024-01-22T11:44:49","guid":{"rendered":"https:\/\/scubamoraira.com\/de\/?page_id=2283"},"modified":"2026-03-20T14:24:34","modified_gmt":"2026-03-20T14:24:34","slug":"ssi-xr-sidemount-course","status":"publish","type":"page","link":"https:\/\/scubamoraira.com\/de\/ssi-xr-sidemount-course\/","title":{"rendered":"SSI XR Sidemount Course"},"content":{"rendered":"<p>[et_pb_section fb_built=\u00bb1&#8243; fullwidth=\u00bbon\u00bb _builder_version=\u00bb4.16&#8243; background_color=\u00bb#e2242e\u00bb global_colors_info=\u00bb{}\u00bb][et_pb_fullwidth_header title=\u00bbSSI XR Sidemount Diving Kurs\u00bb _builder_version=\u00bb4.21.0&#8243; title_font=\u00bbStardos Stencil||||||||\u00bb background_color=\u00bbrgba(255, 255, 255, 0)\u00bb animation_style=\u00bbbounce\u00bb title_text_shadow_style=\u00bbpreset1&#8243; title_text_shadow_color=\u00bb#000000&#8243; global_colors_info=\u00bb{}\u00bb button_one_text_size__hover_enabled=\u00bboff\u00bb button_two_text_size__hover_enabled=\u00bboff\u00bb button_one_text_color__hover_enabled=\u00bboff\u00bb button_two_text_color__hover_enabled=\u00bboff\u00bb button_one_border_width__hover_enabled=\u00bboff\u00bb button_two_border_width__hover_enabled=\u00bboff\u00bb button_one_border_color__hover_enabled=\u00bboff\u00bb button_two_border_color__hover_enabled=\u00bboff\u00bb button_one_border_radius__hover_enabled=\u00bboff\u00bb button_two_border_radius__hover_enabled=\u00bboff\u00bb button_one_letter_spacing__hover_enabled=\u00bboff\u00bb button_two_letter_spacing__hover_enabled=\u00bboff\u00bb button_one_bg_color__hover_enabled=\u00bboff\u00bb button_two_bg_color__hover_enabled=\u00bboff\u00bb][\/et_pb_fullwidth_header][\/et_pb_section][et_pb_section fb_built=\u00bb1&#8243; _builder_version=\u00bb4.16&#8243; background_color=\u00bb#f2f2f2&#8243; custom_padding=\u00bb90px|||||\u00bb global_colors_info=\u00bb{}\u00bb][et_pb_row column_structure=\u00bb1_3,1_3,1_3&#8243; _builder_version=\u00bb4.16&#8243; background_size=\u00bbinitial\u00bb background_position=\u00bbtop_left\u00bb background_repeat=\u00bbrepeat\u00bb module_alignment=\u00bbcenter\u00bb custom_margin=\u00bb1px|auto||auto||\u00bb custom_padding=\u00bb|0px||||\u00bb global_colors_info=\u00bb{}\u00bb][et_pb_column type=\u00bb1_3&#8243; _builder_version=\u00bb4.16&#8243; _module_preset=\u00bbdefault\u00bb global_colors_info=\u00bb{}\u00bb][et_pb_image src=\u00bbhttps:\/\/scubamoraira.com\/de\/wp-content\/uploads\/Presentation-Extended-Range-Sidemount.jpg\u00bb title_text=\u00bbPresentation-Extended Range Sidemount\u00bb _builder_version=\u00bb4.21.0&#8243; _module_preset=\u00bbdefault\u00bb animation_style=\u00bbbounce\u00bb border_radii=\u00bbon|16px|16px|16px|16px\u00bb box_shadow_style=\u00bbpreset1&#8243; box_shadow_color=\u00bb#000000&#8243; global_colors_info=\u00bb{}\u00bb][\/et_pb_image][\/et_pb_column][et_pb_column type=\u00bb1_3&#8243; _builder_version=\u00bb4.16&#8243; custom_padding=\u00bb|||\u00bb global_colors_info=\u00bb{}\u00bb custom_padding__hover=\u00bb|||\u00bb][et_pb_text _builder_version=\u00bb4.24.0&#8243; header_text_color=\u00bb#2f3a8f\u00bb animation_style=\u00bbzoom\u00bb global_colors_info=\u00bb{}\u00bb]<\/p>\n<h3>Die Grenze zwischen Sporttauchen und technischem Tauchen ist manchmal schwer zu ziehen. Ein Taucher, der an einer Korallenwand in klarem, warmem Wasser abtaucht, wird kein Warnschild auf 40 Metern finden. Genauso wie Freizeittaucher die Grenze zum \u00a8Tech\u00a8 \u00fcberschritten haben, ist es oft der Fall, dass technische Tauchbedingungen innerhalb der Grenzen des Freizeittauchens existieren. Ein Tauchgang auf 36 Meter an einem bauf\u00e4lligen Wrack bei schlechter Sicht, kaltem Wasser und starker Str\u00f6mung stellt sicherlich die klassische Definition eines Sporttauchgangs auf die Probe!<br \/>Die SSI XR-Programme wurden entwickelt, um zwei verschiedene Ziele zu erreichen. Erstens sollen sie allen Tauchern das Wissen, die Fertigkeiten, die Vertrautheit mit der Ausr\u00fcstung und die Erfahrung vermitteln, um das Risiko zu minimieren, das Selbstvertrauen zu st\u00e4rken und mehr Spa\u00df in anspruchsvollen XR Bedingungen zu haben. Zweitens bieten sie eine solide Grundlage f\u00fcr diejenigen Taucher, die an einer fortgeschrittenen technischen Ausbildung teilnehmen und ihren Aktionsradius unter Wasser weiter ausbauen m\u00f6chten.<\/h3>\n<p>[\/et_pb_text][\/et_pb_column][et_pb_column type=\u00bb1_3&#8243; _builder_version=\u00bb4.16&#8243; custom_padding=\u00bb|||\u00bb global_colors_info=\u00bb{}\u00bb custom_padding__hover=\u00bb|||\u00bb][et_pb_blurb title=\u00bbVoraussetzungen\u00bb use_icon=\u00bbon\u00bb font_icon=\u00bb&#x52;||divi||400&#8243; icon_color=\u00bb#FFFFFF\u00bb image_icon_width=\u00bb40px\u00bb _builder_version=\u00bb4.24.0&#8243; header_level=\u00bbh2&#8243; header_text_align=\u00bbcenter\u00bb header_text_color=\u00bb#ffffff\u00bb background_color=\u00bb#599ecd\u00bb text_orientation=\u00bbcenter\u00bb background_layout=\u00bbdark\u00bb custom_margin=\u00bb0px||||false|false\u00bb animation_style=\u00bbzoom\u00bb border_radii=\u00bbon|16px|16px|16px|16px\u00bb box_shadow_style=\u00bbpreset1&#8243; box_shadow_color=\u00bb#000000&#8243; icon_font_size=\u00bb40px\u00bb global_colors_info=\u00bb{}\u00bb]<\/p>\n<p style=\"padding-left: 40px; text-align: center;\"><span style=\"color: #ffffff;\">18 Jahre alt<\/span><\/p>\n<p style=\"padding-left: 40px; text-align: center;\"><span style=\"color: #ffffff;\">SSI Open Water Diver oder \u00c4quivalent ISO24801-2<\/span><span style=\"color: #ffffff;\"><\/span><\/p>\n<p style=\"padding-left: 40px; text-align: center;\"><span style=\"color: #ffffff;\"><\/span><\/p>\n<p><span style=\"color: #ffffff;\"><\/span><\/p>\n<p>[\/et_pb_blurb][\/et_pb_column][\/et_pb_row][\/et_pb_section][et_pb_section fb_built=\u00bb1&#8243; _builder_version=\u00bb4.16&#8243; global_colors_info=\u00bb{}\u00bb][et_pb_row _builder_version=\u00bb4.16&#8243; border_radii=\u00bbon|10px|10px|10px|10px\u00bb border_color_all=\u00bb#f2f2f2&#8243; global_colors_info=\u00bb{}\u00bb][et_pb_column type=\u00bb4_4&#8243; _builder_version=\u00bb4.16&#8243; custom_padding=\u00bb|||\u00bb global_colors_info=\u00bb{}\u00bb custom_padding__hover=\u00bb|||\u00bb][et_pb_tabs active_tab_background_color=\u00bb#2f3a8f\u00bb inactive_tab_background_color=\u00bb#939393&#8243; _builder_version=\u00bb4.27.4&#8243; tab_text_color=\u00bb#2f3a8f\u00bb animation_style=\u00bbzoom\u00bb global_colors_info=\u00bb{}\u00bb][et_pb_tab title=\u00bbWie l\u00e4uft es ab?\u00bb _builder_version=\u00bb4.24.0&#8243; body_text_align=\u00bbjustify\u00bb tab_text_color=\u00bb#ffffff\u00bb tab_font_size=\u00bb18&#8243; tab_font_size_tablet=\u00bb18&#8243; tab_font_size_phone=\u00bb18&#8243; global_colors_info=\u00bb{}\u00bb]<\/p>\n<p>Nachdem Sie die MySSI-App heruntergeladen haben, m\u00fcssen Sie sich f\u00fcr den XR Sidemount-Kurs anmelden. Dann erhalten Sie das digitale Lernmaterial mit interaktiven Pr\u00e4sentationen, die Videos, Audio, Grafiken und Lekt\u00fcre enthalten. Kurze Tests erm\u00f6glichen es Ihnen, Ihre Fortschritte zu messen und alles zu \u00fcberpr\u00fcfen und zu korrigieren, was Sie vielleicht verpasst haben. So k\u00f6nnen Sie das Programm effizient und in Ihrem eigenen Tempo durcharbeiten.<\/p>\n<p>[\/et_pb_tab][et_pb_tab title=\u00bbVorteile\u00bb _builder_version=\u00bb4.24.0&#8243; _module_preset=\u00bbdefault\u00bb body_text_color=\u00bb#FFFFFF\u00bb tab_text_color=\u00bb#FFFFFF\u00bb tab_font_size=\u00bb18px\u00bb global_colors_info=\u00bb{}\u00bb]<\/p>\n<p>Nach diesem Kurs sind Sie in der Lage:<\/p>\n<ul>\n<li>Selbstst\u00e4ndiges Planen und Durchf\u00fchren von Sidemount-Tauchg\u00e4ngen<\/li>\n<li>In einem XR Sidemount Total Diving System<\/li>\n<li>Bis zu einer Maximaltiefe von 40 Metern<\/li>\n<li>Mit einem gleich oder h\u00f6her qualifizierten Tauchpartner<\/li>\n<\/ul>\n<p>[\/et_pb_tab][et_pb_tab title=\u00bbPreis &#038; Dauer\u00bb _builder_version=\u00bb4.27.4&#8243; body_text_align=\u00bbjustify\u00bb tab_text_color=\u00bb#ffffff\u00bb tab_font_size=\u00bb18&#8243; tab_font_size_tablet=\u00bb18&#8243; tab_font_size_phone=\u00bb18&#8243; global_colors_info=\u00bb{}\u00bb]<\/p>\n<p>\u20ac795 \/ 5 Tauchg\u00e4nge<\/p>\n<p>[\/et_pb_tab][\/et_pb_tabs][\/et_pb_column][\/et_pb_row][\/et_pb_section][et_pb_section fb_built=\u00bb1&#8243; _builder_version=\u00bb4.16&#8243; background_image=\u00bbhttps:\/\/scubamoraira.com\/wp-content\/uploads\/cta_scuba.jpg\u00bb global_colors_info=\u00bb{}\u00bb][et_pb_row column_structure=\u00bb1_3,2_3&#8243; _builder_version=\u00bb4.16&#8243; background_size=\u00bbinitial\u00bb background_position=\u00bbtop_left\u00bb background_repeat=\u00bbrepeat\u00bb global_colors_info=\u00bb{}\u00bb][et_pb_column type=\u00bb1_3&#8243; _builder_version=\u00bb4.16&#8243; custom_padding=\u00bb|||\u00bb global_colors_info=\u00bb{}\u00bb custom_padding__hover=\u00bb|||\u00bb][\/et_pb_column][et_pb_column type=\u00bb2_3&#8243; _builder_version=\u00bb4.16&#8243; custom_padding=\u00bb|||\u00bb global_colors_info=\u00bb{}\u00bb custom_padding__hover=\u00bb|||\u00bb][et_pb_text _builder_version=\u00bb4.24.0&#8243; text_font_size=\u00bb18px\u00bb header_font=\u00bbStardos Stencil||||||||\u00bb header_font_size=\u00bb35px\u00bb background_layout=\u00bbdark\u00bb animation_style=\u00bbslide\u00bb animation_direction=\u00bbtop\u00bb global_colors_info=\u00bb{}\u00bb]<\/p>\n<h1 class=\"blue\">Ihr n\u00e4chstes Abenteuer!<\/h1>\n<p>Der XR Sidemount Tauchkurs kann mit jedem der XR Kurse kombiniert werden!<\/p>\n<p>[\/et_pb_text][et_pb_button button_url=\u00bbhttps:\/\/scubamoraira.com\/de\/courses\/%20&#8243; button_text=\u00bbMehr Kurse!\u00bb button_alignment=\u00bbleft\u00bb _builder_version=\u00bb4.24.0&#8243; custom_button=\u00bbon\u00bb button_text_size=\u00bb18&#8243; button_text_color=\u00bb#ffffff\u00bb button_bg_color=\u00bb#2f3a8f\u00bb button_border_width=\u00bb1&#8243; button_border_color=\u00bb#2f3a8f\u00bb button_icon=\u00bb&#x4e;||divi||400&#8243; button_icon_color=\u00bb#ffffff\u00bb button_text_color_hover=\u00bb#ffffff\u00bb button_border_color_hover=\u00bb#e2242e\u00bb button_bg_color_hover=\u00bb#e2242e\u00bb global_colors_info=\u00bb{}\u00bb button_text_size__hover_enabled=\u00bboff\u00bb button_one_text_size__hover_enabled=\u00bboff\u00bb button_two_text_size__hover_enabled=\u00bboff\u00bb button_text_color__hover_enabled=\u00bbon\u00bb button_text_color__hover=\u00bb#ffffff\u00bb button_one_text_color__hover_enabled=\u00bboff\u00bb button_two_text_color__hover_enabled=\u00bboff\u00bb button_border_width__hover_enabled=\u00bboff\u00bb button_one_border_width__hover_enabled=\u00bboff\u00bb button_two_border_width__hover_enabled=\u00bboff\u00bb button_border_color__hover_enabled=\u00bbon\u00bb button_border_color__hover=\u00bb#e2242e\u00bb button_one_border_color__hover_enabled=\u00bboff\u00bb button_two_border_color__hover_enabled=\u00bboff\u00bb button_border_radius__hover_enabled=\u00bboff\u00bb button_one_border_radius__hover_enabled=\u00bboff\u00bb button_two_border_radius__hover_enabled=\u00bboff\u00bb button_letter_spacing__hover_enabled=\u00bboff\u00bb button_one_letter_spacing__hover_enabled=\u00bboff\u00bb button_two_letter_spacing__hover_enabled=\u00bboff\u00bb button_bg_color__hover_enabled=\u00bbon\u00bb button_bg_color__hover=\u00bb#e2242e\u00bb button_one_bg_color__hover_enabled=\u00bboff\u00bb button_two_bg_color__hover_enabled=\u00bboff\u00bb][\/et_pb_button][\/et_pb_column][\/et_pb_row][\/et_pb_section]<\/p>\n","protected":false},"excerpt":{"rendered":"<p>Die Grenze zwischen Sporttauchen und technischem Tauchen ist manchmal schwer zu ziehen. Ein Taucher, der an einer Korallenwand in klarem, warmem Wasser abtaucht, wird kein Warnschild auf 40 Metern finden. Genauso wie Freizeittaucher die Grenze zum \u00a8Tech\u00a8 \u00fcberschritten haben, ist es oft der Fall, dass technische Tauchbedingungen innerhalb der Grenzen des Freizeittauchens existieren. Ein Tauchgang [&hellip;]<\/p>\n","protected":false},"author":2,"featured_media":0,"parent":0,"menu_order":0,"comment_status":"closed","ping_status":"closed","template":"","meta":{"_et_pb_use_builder":"on","_et_pb_old_content":"","_et_gb_content_width":"","footnotes":""},"class_list":["post-2283","page","type-page","status-publish","hentry"],"yoast_head":"<!-- This site is optimized with the Yoast SEO plugin v27.3 - https:\/\/yoast.com\/product\/yoast-seo-wordpress\/ -->\n<title>SSI XR Sidemount Course &#8226; Scuba Moraira<\/title>\n<meta name=\"robots\" content=\"index, follow, max-snippet:-1, max-image-preview:large, max-video-preview:-1\" \/>\n<link rel=\"canonical\" href=\"https:\/\/scubamoraira.com\/de\/ssi-xr-sidemount-course\/\" \/>\n<meta property=\"og:locale\" content=\"es_ES\" \/>\n<meta property=\"og:type\" content=\"article\" \/>\n<meta property=\"og:title\" content=\"SSI XR Sidemount Course &#8226; Scuba Moraira\" \/>\n<meta property=\"og:description\" content=\"Die Grenze zwischen Sporttauchen und technischem Tauchen ist manchmal schwer zu ziehen. Ein Taucher, der an einer Korallenwand in klarem, warmem Wasser abtaucht, wird kein Warnschild auf 40 Metern finden. Genauso wie Freizeittaucher die Grenze zum \u00a8Tech\u00a8 \u00fcberschritten haben, ist es oft der Fall, dass technische Tauchbedingungen innerhalb der Grenzen des Freizeittauchens existieren. Ein Tauchgang [&hellip;]\" \/>\n<meta property=\"og:url\" content=\"https:\/\/scubamoraira.com\/de\/ssi-xr-sidemount-course\/\" \/>\n<meta property=\"og:site_name\" content=\"Scuba Moraira\" \/>\n<meta property=\"article:modified_time\" content=\"2026-03-20T14:24:34+00:00\" \/>\n<meta name=\"twitter:card\" content=\"summary_large_image\" \/>\n<meta name=\"twitter:label1\" content=\"Tiempo de lectura\" \/>\n\t<meta name=\"twitter:data1\" content=\"2 minutos\" \/>\n<script type=\"application\/ld+json\" class=\"yoast-schema-graph\">{\"@context\":\"https:\\\/\\\/schema.org\",\"@graph\":[{\"@type\":\"WebPage\",\"@id\":\"https:\\\/\\\/scubamoraira.com\\\/de\\\/ssi-xr-sidemount-course\\\/\",\"url\":\"https:\\\/\\\/scubamoraira.com\\\/de\\\/ssi-xr-sidemount-course\\\/\",\"name\":\"SSI XR Sidemount Course &#8226; Scuba Moraira\",\"isPartOf\":{\"@id\":\"https:\\\/\\\/scubamoraira.com\\\/de\\\/#website\"},\"datePublished\":\"2024-01-22T11:44:49+00:00\",\"dateModified\":\"2026-03-20T14:24:34+00:00\",\"breadcrumb\":{\"@id\":\"https:\\\/\\\/scubamoraira.com\\\/de\\\/ssi-xr-sidemount-course\\\/#breadcrumb\"},\"inLanguage\":\"es\",\"potentialAction\":[{\"@type\":\"ReadAction\",\"target\":[\"https:\\\/\\\/scubamoraira.com\\\/de\\\/ssi-xr-sidemount-course\\\/\"]}]},{\"@type\":\"BreadcrumbList\",\"@id\":\"https:\\\/\\\/scubamoraira.com\\\/de\\\/ssi-xr-sidemount-course\\\/#breadcrumb\",\"itemListElement\":[{\"@type\":\"ListItem\",\"position\":1,\"name\":\"Portada\",\"item\":\"https:\\\/\\\/scubamoraira.com\\\/de\\\/\"},{\"@type\":\"ListItem\",\"position\":2,\"name\":\"SSI XR Sidemount Course\"}]},{\"@type\":\"WebSite\",\"@id\":\"https:\\\/\\\/scubamoraira.com\\\/de\\\/#website\",\"url\":\"https:\\\/\\\/scubamoraira.com\\\/de\\\/\",\"name\":\"Scuba Moraira\",\"description\":\"\",\"potentialAction\":[{\"@type\":\"SearchAction\",\"target\":{\"@type\":\"EntryPoint\",\"urlTemplate\":\"https:\\\/\\\/scubamoraira.com\\\/de\\\/?s={search_term_string}\"},\"query-input\":{\"@type\":\"PropertyValueSpecification\",\"valueRequired\":true,\"valueName\":\"search_term_string\"}}],\"inLanguage\":\"es\"}]}<\/script>\n<!-- \/ Yoast SEO plugin. -->","yoast_head_json":{"title":"SSI XR Sidemount Course &#8226; Scuba Moraira","robots":{"index":"index","follow":"follow","max-snippet":"max-snippet:-1","max-image-preview":"max-image-preview:large","max-video-preview":"max-video-preview:-1"},"canonical":"https:\/\/scubamoraira.com\/de\/ssi-xr-sidemount-course\/","og_locale":"es_ES","og_type":"article","og_title":"SSI XR Sidemount Course &#8226; Scuba Moraira","og_description":"Die Grenze zwischen Sporttauchen und technischem Tauchen ist manchmal schwer zu ziehen. Ein Taucher, der an einer Korallenwand in klarem, warmem Wasser abtaucht, wird kein Warnschild auf 40 Metern finden. Genauso wie Freizeittaucher die Grenze zum \u00a8Tech\u00a8 \u00fcberschritten haben, ist es oft der Fall, dass technische Tauchbedingungen innerhalb der Grenzen des Freizeittauchens existieren. Ein Tauchgang [&hellip;]","og_url":"https:\/\/scubamoraira.com\/de\/ssi-xr-sidemount-course\/","og_site_name":"Scuba Moraira","article_modified_time":"2026-03-20T14:24:34+00:00","twitter_card":"summary_large_image","twitter_misc":{"Tiempo de lectura":"2 minutos"},"schema":{"@context":"https:\/\/schema.org","@graph":[{"@type":"WebPage","@id":"https:\/\/scubamoraira.com\/de\/ssi-xr-sidemount-course\/","url":"https:\/\/scubamoraira.com\/de\/ssi-xr-sidemount-course\/","name":"SSI XR Sidemount Course &#8226; Scuba Moraira","isPartOf":{"@id":"https:\/\/scubamoraira.com\/de\/#website"},"datePublished":"2024-01-22T11:44:49+00:00","dateModified":"2026-03-20T14:24:34+00:00","breadcrumb":{"@id":"https:\/\/scubamoraira.com\/de\/ssi-xr-sidemount-course\/#breadcrumb"},"inLanguage":"es","potentialAction":[{"@type":"ReadAction","target":["https:\/\/scubamoraira.com\/de\/ssi-xr-sidemount-course\/"]}]},{"@type":"BreadcrumbList","@id":"https:\/\/scubamoraira.com\/de\/ssi-xr-sidemount-course\/#breadcrumb","itemListElement":[{"@type":"ListItem","position":1,"name":"Portada","item":"https:\/\/scubamoraira.com\/de\/"},{"@type":"ListItem","position":2,"name":"SSI XR Sidemount Course"}]},{"@type":"WebSite","@id":"https:\/\/scubamoraira.com\/de\/#website","url":"https:\/\/scubamoraira.com\/de\/","name":"Scuba Moraira","description":"","potentialAction":[{"@type":"SearchAction","target":{"@type":"EntryPoint","urlTemplate":"https:\/\/scubamoraira.com\/de\/?s={search_term_string}"},"query-input":{"@type":"PropertyValueSpecification","valueRequired":true,"valueName":"search_term_string"}}],"inLanguage":"es"}]}},"_links":{"self":[{"href":"https:\/\/scubamoraira.com\/de\/wp-json\/wp\/v2\/pages\/2283","targetHints":{"allow":["GET"]}}],"collection":[{"href":"https:\/\/scubamoraira.com\/de\/wp-json\/wp\/v2\/pages"}],"about":[{"href":"https:\/\/scubamoraira.com\/de\/wp-json\/wp\/v2\/types\/page"}],"author":[{"embeddable":true,"href":"https:\/\/scubamoraira.com\/de\/wp-json\/wp\/v2\/users\/2"}],"replies":[{"embeddable":true,"href":"https:\/\/scubamoraira.com\/de\/wp-json\/wp\/v2\/comments?post=2283"}],"version-history":[{"count":11,"href":"https:\/\/scubamoraira.com\/de\/wp-json\/wp\/v2\/pages\/2283\/revisions"}],"predecessor-version":[{"id":2939,"href":"https:\/\/scubamoraira.com\/de\/wp-json\/wp\/v2\/pages\/2283\/revisions\/2939"}],"wp:attachment":[{"href":"https:\/\/scubamoraira.com\/de\/wp-json\/wp\/v2\/media?parent=2283"}],"curies":[{"name":"wp","href":"https:\/\/api.w.org\/{rel}","templated":true}]}}